{"id":34909,"date":"2025-12-09T15:51:07","date_gmt":"2025-12-09T07:51:07","guid":{"rendered":"https:\/\/ulpmat.com\/product\/rubidiumchlorid\/"},"modified":"2025-12-09T15:51:07","modified_gmt":"2025-12-09T07:51:07","slug":"rubidiumchlorid","status":"publish","type":"product","link":"https:\/\/ulpmat.com\/de\/produkt\/rubidiumchlorid\/","title":{"rendered":"Rubidiumchlorid"},"content":{"rendered":"<h2><span style=\"font-size: 14pt;\">Rubidiumchlorid-Pulver \u2013 \u00dcbersicht<\/span><\/h2>\n<p><span style=\"color: #0000ff;\"><a style=\"color: #0000ff;\" href=\"https:\/\/ulpmat.com\/de\/search\/?type=name&#038;keyword=Rubidium+chloride\">Rubidiumchlorid<\/a><\/span><br \/>\nist ein hochreines anorganisches Rubidiumsalz mit der chemischen Formel RbCl\u2082, das als wei\u00dfes kristallines Pulver vorliegt. Dieses Produkt ist in Wasser gut l\u00f6slich, hat einen Schmelzpunkt von etwa 717 \u00b0C und weist stabile chemische Eigenschaften auf. Es dient als einer der grundlegendsten und am h\u00e4ufigsten verwendeten Rohstoffe f\u00fcr die Gewinnung von Rubidiumionen und spielt eine entscheidende Rolle in Bereichen wie der Biochemie, der spektroskopischen Analyse und der Synthese neuer Materialien.<\/p>\n<p>Wir bieten Rubidiumchloridpulver mit einer Reinheit von bis zu 99,9 % in verschiedenen Verpackungsspezifikationen an. F\u00fcr Produktkataloge, detaillierte technische Parameter oder individuelle Anfragen <span style=\"color: #0000ff;\"><a style=\"color: #0000ff;\" href=\"https:\/\/ulpmat.com\/de\/kontakt-us\/\">kontaktieren Sie uns<\/a><\/span><br \/>\nbitte<span style=\"color: #0000ff;\"><a style=\"color: #0000ff;\" href=\"https:\/\/ulpmat.com\/de\/kontakt-us\/\">.<\/a><\/span><\/p>\n<h2><span style=\"font-size: 14pt;\">Produkt-Highlights<\/span><\/h2>\n<p>Ultrahohe Reinheit<br \/>\nAusgezeichnete Wasserl\u00f6slichkeit<br \/>\nStrenge Qualit\u00e4tskontrolle<br \/>\nStabile chemische Eigenschaften<br \/>\nProfessionelle feuchtigkeitsbest\u00e4ndige Verpackung<\/p>\n<h2><span style=\"font-size: 14pt;\">Anwendungen von Rubidiumchloridpulver<\/span><\/h2>\n<p>Biomedizinische Forschung: Verwendung als Kaliumkanalhemmer oder Rubidium-Ionen-Tracer in zellphysiologischen Studien.<br \/>\nSpektralanalyse-Standards: Dient als Standardsubstanz oder Ionisationspuffer in der Atomabsorptions- oder Emissionsspektroskopie.<br \/>\nKatalysatorherstellung: Dient als Vorl\u00e4ufer f\u00fcr die Synthese von Katalysatoren, die f\u00fcr bestimmte organische Reaktionen oder Polymerisationsprozesse ben\u00f6tigt werden.<br \/>\nEinkristall- und Materialwachstum: Wird als Ausgangsmaterial f\u00fcr das Z\u00fcchten optischer Kristalle oder die Herstellung anderer funktioneller Rubidiumverbindungen verwendet.<\/p>\n<h2><span style=\"color: #0000ff;\"><a style=\"color: #0000ff;\" href=\"https:\/\/ulpmat.com\/de\/unternehmen\/faqs\/\"><span style=\"font-size: 14pt;\">H\u00e4ufig gestellte Fragen<\/span><\/a><\/span><\/h2>\n<p>F1: Wie hoch ist die typische Reinheit von Rubidiumchloridpulver?<br \/>\nA1: Wir liefern standardm\u00e4\u00dfig Rubidiumchloridpulver mit einer Reinheit von mindestens 99,9 %. F\u00fcr Kunden mit besonderen Anforderungen sind auch kundenspezifische Reinheitsoptionen erh\u00e4ltlich.<\/p>\n<p>F2: Wie sollte das Produkt gelagert werden? Welche Sicherheitsvorkehrungen sollten getroffen werden?<br \/>\nA2: Dieses Produkt nimmt leicht Feuchtigkeit auf und muss in einem verschlossenen Beh\u00e4lter an einem trockenen, k\u00fchlen Ort gelagert werden. Vermeiden Sie das Einatmen von Staub w\u00e4hrend der Handhabung; Schutzausr\u00fcstung wird empfohlen. Detaillierte Sicherheitsinformationen finden Sie im beiliegenden Sicherheitsdatenblatt (MSDS).<\/p>\n<p>F3: Wie ist die L\u00f6slichkeit von Rubidiumchlorid in Wasser?<br \/>\nA3: Rubidiumchlorid ist in Wasser gut l\u00f6slich, wobei die L\u00f6slichkeit mit steigender Temperatur deutlich zunimmt. Beispielsweise l\u00f6st sich bei 0 \u00b0C etwa 91 g pro 100 ml Wasser und bei 100 \u00b0C bis zu 147 g pro 100 ml.<\/p>\n<p>F4: Wie hoch ist die Mindestbestellmenge? Bieten Sie Muster an?<br \/>\nA4: Wir unterst\u00fctzen Kleinauftr\u00e4ge f\u00fcr Forschungs- und Entwicklungszwecke (ab 1 Gramm) und k\u00f6nnen potenziellen Kunden Muster zum Testen und Bewerten zur Verf\u00fcgung stellen. Bitte wenden Sie sich f\u00fcr spezifische Richtlinien an unsere Vertriebsmitarbeiter.<\/p>\n<h2><span style=\"font-size: 14pt;\">Bericht<\/span><\/h2>\n<p>Jede Charge wird geliefert mit:<br \/>\n<span style=\"color: #0000ff;\"><a style=\"color: #0000ff;\" href=\"https:\/\/ulpmat.com\/de\/dokumente\/zertifikat-der-analyse\/\"><u>Analysezertifikat (COA)<\/u><\/a><\/span><\/p>\n<p><span style=\"color: #0000ff;\"><a style=\"color: #0000ff;\" href=\"https:\/\/ulpmat.com\/de\/dokumente\/technisches-datenblatt\/\"><u>Technisches Datenblatt (TDS)<\/u><\/a><\/span><\/p>\n<p><span style=\"color: #0000ff;\"><a style=\"color: #0000ff;\" href=\"https:\/\/ulpmat.com\/de\/dokumente\/sicherheitsdatenblatt\/\"><u>Sicherheitsdatenblatt (MSDS)<\/u><\/a><\/span><br \/>\nTestberichte von Drittanbietern auf Anfrage erh\u00e4ltlich<\/p>\n<h2><span style=\"font-size: 14pt;\">Warum sollten Sie sich f\u00fcr uns entscheiden?<\/span><\/h2>\n<p>Wir sind bestrebt, Ihr zuverl\u00e4ssigster Partner f\u00fcr Rubidiumverbindungen zu sein, unterst\u00fctzt durch eine stabile Lieferung hochreiner Produkte, professionellen technischen Support und flexiblen Kundenservice.<\/p>\n","protected":false},"excerpt":{"rendered":"<p>Rubidiumchlorid-Pulver \u2013 \u00dcbersicht Rubidiumchlorid ist ein hochreines anorganisches Rubidiumsalz mit der chemischen Formel RbCl\u2082, das als wei\u00dfes kristallines Pulver vorliegt. Dieses Produkt ist in Wasser gut l\u00f6slich, hat einen Schmelzpunkt von etwa 717 \u00b0C und weist stabile chemische Eigenschaften auf. Es dient als einer der grundlegendsten und am h\u00e4ufigsten verwendeten Rohstoffe f\u00fcr die Gewinnung von [&hellip;]<\/p>\n","protected":false},"featured_media":34910,"template":"","meta":{"_acf_changed":false},"product_brand":[132],"product_cat":[318],"product_tag":[3702],"class_list":{"0":"post-34909","1":"product","2":"type-product","3":"status-publish","4":"has-post-thumbnail","6":"product_brand-ulpmat","7":"product_cat-halogenid-materialien","8":"product_tag-rubidiumchlorid-pulver","10":"first","11":"instock","12":"shipping-taxable","13":"product-type-variable"},"acf":[],"_links":{"self":[{"href":"https:\/\/ulpmat.com\/de\/wp-json\/wp\/v2\/product\/34909","targetHints":{"allow":["GET"]}}],"collection":[{"href":"https:\/\/ulpmat.com\/de\/wp-json\/wp\/v2\/product"}],"about":[{"href":"https:\/\/ulpmat.com\/de\/wp-json\/wp\/v2\/types\/product"}],"wp:featuredmedia":[{"embeddable":true,"href":"https:\/\/ulpmat.com\/de\/wp-json\/wp\/v2\/media\/34910"}],"wp:attachment":[{"href":"https:\/\/ulpmat.com\/de\/wp-json\/wp\/v2\/media?parent=34909"}],"wp:term":[{"taxonomy":"product_brand","embeddable":true,"href":"https:\/\/ulpmat.com\/de\/wp-json\/wp\/v2\/product_brand?post=34909"},{"taxonomy":"product_cat","embeddable":true,"href":"https:\/\/ulpmat.com\/de\/wp-json\/wp\/v2\/product_cat?post=34909"},{"taxonomy":"product_tag","embeddable":true,"href":"https:\/\/ulpmat.com\/de\/wp-json\/wp\/v2\/product_tag?post=34909"}],"curies":[{"name":"wp","href":"https:\/\/api.w.org\/{rel}","templated":true}]}}