{"id":34890,"date":"2025-12-09T15:51:07","date_gmt":"2025-12-09T07:51:07","guid":{"rendered":"https:\/\/ulpmat.com\/product\/rubidiumfluorid\/"},"modified":"2025-12-09T15:51:07","modified_gmt":"2025-12-09T07:51:07","slug":"rubidiumfluorid","status":"publish","type":"product","link":"https:\/\/ulpmat.com\/de\/produkt\/rubidiumfluorid\/","title":{"rendered":"Rubidiumfluorid"},"content":{"rendered":"<h2><span style=\"font-size: 14pt;\">Rubidiumfluorid-Pulver \u2013 \u00dcbersicht<\/span><\/h2>\n<p><span style=\"color: #0000ff;\"><a style=\"color: #0000ff;\" href=\"https:\/\/ulpmat.com\/de\/search\/?type=name&#038;keyword=Rubidium+fluoride\">Rubidiumfluorid<\/a><\/span><br \/>\nist ein wichtiges hochreines anorganisches Rubidiumsalz mit der chemischen Formel RbF, das typischerweise als wei\u00dfe Kristalle oder Pulver auftritt. Es zeichnet sich durch einen hohen Schmelzpunkt (ca. 775 \u00b0C), eine hohe Wasserl\u00f6slichkeit und stabile chemische Eigenschaften aus. Als effizienter Vorl\u00e4ufer f\u00fcr die Einf\u00fchrung von Fluorid- und Rubidiumionen findet es breite Anwendung in den Bereichen neue Energien, fortschrittliche Materialien und hochwertige Forschung und Entwicklung.<\/p>\n<p>Wir bieten Rubidiumfluoridpulver mit einer Reinheit von 99,9 % an und unterst\u00fctzen flexible Verpackungsoptionen. Um Muster anzufordern, <span style=\"color: #0000ff;\"><a style=\"color: #0000ff;\" href=\"https:\/\/ulpmat.com\/de\/kontakt-us\/\">kontaktieren Sie uns<\/a><\/span><br \/>\nbitte<span style=\"color: #0000ff;\"><a style=\"color: #0000ff;\" href=\"https:\/\/ulpmat.com\/de\/kontakt-us\/\">.<\/a><\/span><\/p>\n<h2><span style=\"font-size: 14pt;\">Produkt-Highlights<\/span><\/h2>\n<p>Mehrere Reinheitsspezifikationen verf\u00fcgbar<br \/>\nHoher Schmelzpunkt, stabile Eigenschaften<br \/>\nEinzigartige hohe Wasserl\u00f6slichkeit<br \/>\nStrenge Qualit\u00e4tskontrolle, konsistente Chargen<br \/>\nProfessionelle feuchtigkeitsgesch\u00fctzte versiegelte Verpackung<\/p>\n<h2><span style=\"font-size: 14pt;\">Anwendungen von Rubidiumfluoridpulver<\/span><\/h2>\n<p>Perowskit-Solarzellen: Als Vorl\u00e4uferadditiv passiviert es effektiv Defekte, verbessert die Filmqualit\u00e4t und erh\u00f6ht die photovoltaische Umwandlungseffizienz und die langfristige Betriebsstabilit\u00e4t des Ger\u00e4ts erheblich.<br \/>\nLithium-Metall-Batterie-Elektrolyt: Als Elektrolytadditiv nutzt es die elektrostatische Abschirmwirkung von Rubidiumionen, um das Wachstum von Lithiumdendriten wirksam zu unterdr\u00fccken und so die Batteriesicherheit und Lebensdauer erheblich zu verbessern.<br \/>\nSpezialoptisches Glas\/Keramik: Wird als Dotierstoff oder Flussmittel f\u00fcr funktionale Glas- und Keramikmaterialien verwendet, die bestimmte Brechungsindizes, Dispersionseigenschaften oder Leitf\u00e4higkeiten erfordern.<br \/>\nOrganische Synthesekatalysatoren: Dient als effiziente Fluorquelle oder Basiskatalysator, der an spezifischen Fluorierungsreaktionen beteiligt ist oder organische Syntheseprozesse wie die Bildung von Kohlenstoff-Kohlenstoff-Bindungen erleichtert.<\/p>\n<h2><span style=\"color: #0000ff;\"><a style=\"color: #0000ff;\" href=\"https:\/\/ulpmat.com\/de\/unternehmen\/faqs\/\"><span style=\"font-size: 14pt;\">H\u00e4ufig gestellte Fragen<\/span><\/a><\/span><\/h2>\n<p>F1: Welche Verpackung wird f\u00fcr den Versand verwendet? Ist sie f\u00fcr den internationalen Versand geeignet?<br \/>\nA1: Wir verwenden feuchtigkeitsbest\u00e4ndige, versiegelte Aluminiumfolienbeutel oder Glasflaschen als Innenverpackung, die in stabilen Au\u00dfenkartons verpackt sind, die den Standardvorschriften f\u00fcr den Transport von Chemikalien entsprechen. F\u00fcr internationale Sendungen stellen wir vollst\u00e4ndige Konformit\u00e4tsdokumente (z. B. MSDS) zur Verf\u00fcgung, um einen sicheren und reibungslosen Transport zu gew\u00e4hrleisten.<\/p>\n<p>F2: Welche besonderen Vorteile bietet Rubidiumfluorid im Vergleich zu anderen Rubidiumhalogeniden (z. B. Rubidiumchlorid, Rubidiumbromid) in Anwendungen?<br \/>\nA2: Seine einzigartigen Vorteile beruhen in erster Linie auf der hohen Elektronegativit\u00e4t und dem kleinen Ionenradius des Fluoridions (F\u207b). In Batterieanwendungen stabilisiert es die Grenzfl\u00e4chen wirksamer. In optischen Materialien ver\u00e4ndert die Einf\u00fchrung von Fluor die optischen Eigenschaften erheblich. Dar\u00fcber hinaus weist es in der Regel eine h\u00f6here Wasserl\u00f6slichkeit auf, was die L\u00f6sungsverarbeitung erleichtert.<\/p>\n<p>F3: Wie funktioniert Rubidiumfluorid in Perowskit-Solarzellen?<br \/>\nA3: Seine Hauptfunktion beruht auf der synergistischen Wechselwirkung zwischen Rubidiumionen (Rb\u207a) und Fluoridionen (F\u207b): Rb\u207a kann sich in das Kristallgitter einlagern und so die Kristallstruktur stabilisieren; F\u207b passiviert effektiv Defekte und unkoordinierte Bleionen innerhalb des Films. Zusammen unterdr\u00fccken sie die nicht strahlende Rekombination und die Ionenmigration und verbessern so die Zellleistung.<\/p>\n<p>F4: Welche besonderen Vorsichtsma\u00dfnahmen sollten bei der Handhabung von Rubidiumfluorid f\u00fcr Reaktionen getroffen werden?<br \/>\nA4: Besondere Aufmerksamkeit muss seiner Hygroskopizit\u00e4t und potenziellen Korrosivit\u00e4t gewidmet werden. Die Handhabung sollte in einer trockenen Umgebung erfolgen, wobei der Kontakt mit starken S\u00e4uren zu vermeiden ist, um die Bildung von hochgiftigem und korrosivem Fluorwasserstoffgas (HF) zu verhindern. Es muss pers\u00f6nliche Schutzausr\u00fcstung getragen werden, und das Sicherheitsdatenblatt (MSDS) sollte sorgf\u00e4ltig gelesen werden.<\/p>\n<h2><span style=\"font-size: 14pt;\">Bericht<\/span><\/h2>\n<p>Jede Charge wird geliefert mit:<br \/>\n<span style=\"color: #0000ff;\"><a style=\"color: #0000ff;\" href=\"https:\/\/ulpmat.com\/de\/dokumente\/zertifikat-der-analyse\/\"><u>Analysezertifikat (COA)<\/u><\/a><\/span><\/p>\n<p><span style=\"color: #0000ff;\"><a style=\"color: #0000ff;\" href=\"https:\/\/ulpmat.com\/de\/dokumente\/technisches-datenblatt\/\"><u>Technisches Datenblatt (TDS)<\/u><\/a><\/span><\/p>\n<p><span style=\"color: #0000ff;\"><a style=\"color: #0000ff;\" href=\"https:\/\/ulpmat.com\/de\/dokumente\/sicherheitsdatenblatt\/\"><u>Sicherheitsdatenblatt (MSDS)<\/u><\/a><\/span><br \/>\nPr\u00fcfberichte von Drittanbietern sind auf Anfrage erh\u00e4ltlich<\/p>\n<h2><span style=\"font-size: 14pt;\">Warum sollten Sie sich f\u00fcr uns entscheiden?<\/span><\/h2>\n<p>Mit unserem tiefgreifenden Verst\u00e4ndnis f\u00fcr modernste Technologieanwendungen, unserem stabilen und zuverl\u00e4ssigen Portfolio an hochreinen Produkten und unseren professionellen, ma\u00dfgeschneiderten Serviceleistungen sind wir Ihr idealer Partner f\u00fcr Rubidiumverbindungen zur Erforschung neuer Energien und Materialien.<\/p>\n","protected":false},"excerpt":{"rendered":"<p>Rubidiumfluorid-Pulver \u2013 \u00dcbersicht Rubidiumfluorid ist ein wichtiges hochreines anorganisches Rubidiumsalz mit der chemischen Formel RbF, das typischerweise als wei\u00dfe Kristalle oder Pulver auftritt. Es zeichnet sich durch einen hohen Schmelzpunkt (ca. 775 \u00b0C), eine hohe Wasserl\u00f6slichkeit und stabile chemische Eigenschaften aus. Als effizienter Vorl\u00e4ufer f\u00fcr die Einf\u00fchrung von Fluorid- und Rubidiumionen findet es breite Anwendung [&hellip;]<\/p>\n","protected":false},"featured_media":34891,"template":"","meta":{"_acf_changed":false},"product_brand":[132],"product_cat":[318],"product_tag":[3696],"class_list":{"0":"post-34890","1":"product","2":"type-product","3":"status-publish","4":"has-post-thumbnail","6":"product_brand-ulpmat","7":"product_cat-halogenid-materialien","8":"product_tag-rubidiumfluorid-pulver","10":"first","11":"instock","12":"shipping-taxable","13":"product-type-variable"},"acf":[],"_links":{"self":[{"href":"https:\/\/ulpmat.com\/de\/wp-json\/wp\/v2\/product\/34890","targetHints":{"allow":["GET"]}}],"collection":[{"href":"https:\/\/ulpmat.com\/de\/wp-json\/wp\/v2\/product"}],"about":[{"href":"https:\/\/ulpmat.com\/de\/wp-json\/wp\/v2\/types\/product"}],"wp:featuredmedia":[{"embeddable":true,"href":"https:\/\/ulpmat.com\/de\/wp-json\/wp\/v2\/media\/34891"}],"wp:attachment":[{"href":"https:\/\/ulpmat.com\/de\/wp-json\/wp\/v2\/media?parent=34890"}],"wp:term":[{"taxonomy":"product_brand","embeddable":true,"href":"https:\/\/ulpmat.com\/de\/wp-json\/wp\/v2\/product_brand?post=34890"},{"taxonomy":"product_cat","embeddable":true,"href":"https:\/\/ulpmat.com\/de\/wp-json\/wp\/v2\/product_cat?post=34890"},{"taxonomy":"product_tag","embeddable":true,"href":"https:\/\/ulpmat.com\/de\/wp-json\/wp\/v2\/product_tag?post=34890"}],"curies":[{"name":"wp","href":"https:\/\/api.w.org\/{rel}","templated":true}]}}