{"id":34824,"date":"2025-12-09T15:51:08","date_gmt":"2025-12-09T07:51:08","guid":{"rendered":"https:\/\/ulpmat.com\/product\/selen-metall-2\/"},"modified":"2025-12-09T15:51:08","modified_gmt":"2025-12-09T07:51:08","slug":"selen-metall-2","status":"publish","type":"product","link":"https:\/\/ulpmat.com\/de\/produkt\/selen-metall-2\/","title":{"rendered":"Selen-Metall"},"content":{"rendered":"<h2><span style=\"font-size: 14pt;\">Selenmetallst\u00e4be \u00dcbersicht<\/span><\/h2>\n<p><a href=\"https:\/\/ulpmat.com\/de\/search\/?type=name&#038;keyword=Selenium+metal\"><span style=\"color: #0000ff;\">Selenmetallst\u00e4be<\/span><\/a><br \/>\nsind feste stabf\u00f6rmige Materialien aus hochreinem Selen, die typischerweise als graue hexagonale Kristalle mit metallischem Glanz auftreten. Sie besitzen einzigartige optoelektronische Eigenschaften, darunter Photoleitf\u00e4higkeit, hohe thermoelektrische Effekte und Gleichrichtereigenschaften, was sie zu einem wichtigen Grundmaterial f\u00fcr die Herstellung von Halbleiterbauelementen, die D\u00fcnnschichtabscheidung und spezielle optische Anwendungen macht.<\/p>\n<p>Wir bieten hochreine Selenst\u00e4be in verschiedenen Durchmessern und L\u00e4ngen an und unterst\u00fctzen sowohl Bestellungen in Standardgr\u00f6\u00dfen als auch kundenspezifische Bearbeitungen. <span style=\"color: #0000ff;\"><a style=\"color: #0000ff;\" href=\"https:\/\/ulpmat.com\/de\/search\/?type=name&#038;keyword=Selenium+metal\">Kontaktieren Sie uns<\/a><\/span><br \/>\nf\u00fcr eine detaillierte Spezifikationsliste.<\/p>\n<h2><span style=\"font-size: 14pt;\">Produkt-Highlights<\/span><\/h2>\n<p>Hochreine Form<br \/>\nHervorragende optoelektronische Leistung<br \/>\nHohe Verdampfungseffizienz<br \/>\nGut definierte Kristallstruktur<br \/>\nAnpassbare Abmessungen<\/p>\n<h2><span style=\"font-size: 14pt;\">Anwendungen von Selen-Metallst\u00e4ben<\/span><\/h2>\n<p>Vakuum-Thermische-Verdampfung-Beschichtung: Dient als Verdampfungsquelle f\u00fcr die Abscheidung von Selen- oder Selenid-Funktionsschichten auf Substraten.<br \/>\n<span style=\"color: #0000ff;\"><a style=\"color: #0000ff;\" href=\"https:\/\/ulpmat.com\/de\/anwendung\/halbleiter-materialien\/\">Halbleiter-<\/a><\/span><br \/>\nund Gleichrichterbauelemente: Wird als Grundmaterial bei der Herstellung fr\u00fcher Selen-Gleichrichter, Fotowiderst\u00e4nde und anderer spezieller Halbleiterbauelemente verwendet.<br \/>\nInfrarot-optische Materialien: Wird bei der Herstellung von optischen Komponenten wie Fenstern und Linsen verwendet, die bestimmte Infrarotwellenl\u00e4ngen durchlassen.<br \/>\nThermoelektrische Umwandlungsmaterialien: Nutzung des thermoelektrischen Effekts zur Herstellung thermoelektrischer Stromerzeugungsger\u00e4te, die W\u00e4rmeenergie direkt in elektrische Energie umwandeln.<\/p>\n<h2><span style=\"color: #0000ff;\"><a style=\"color: #0000ff;\" href=\"https:\/\/ulpmat.com\/de\/unternehmen\/faqs\/\"><span style=\"font-size: 14pt;\">H\u00e4ufig gestellte Fragen<\/span><\/a><\/span><\/h2>\n<p>F1: Was sind die Hauptunterschiede in der Anwendung zwischen Selenst\u00e4ben und Selengranulat?<br \/>\nA1: Die Hauptunterschiede liegen in den Verwendungsmethoden und Reinheitsformen. Selenst\u00e4be sind feste Sch\u00fcttg\u00fcter, die sich in der Regel durch eine extrem hohe Reinheit und dichte Strukturen auszeichnen. Sie werden haupts\u00e4chlich f\u00fcr die Vakuumverdampfung (als Verdampfungsquellenst\u00e4be) verwendet oder direkt zu optischen\/elektrischen Komponenten verarbeitet. Selengranulat ist jedoch bequemer zu wiegen und zu mischen und wird h\u00e4ufig als Legierungszusatz, in der chemischen Synthese oder zur Herstellung von Schl\u00e4mmen verwendet.<\/p>\n<p>F2: Welche Vorsichtsma\u00dfnahmen sind bei der Verwendung von Selenst\u00e4ben f\u00fcr die Vakuumverdampfung zu beachten?<br \/>\nA2: Zwei wichtige Punkte sind zu beachten: Erstens die Vorbehandlung der Oberfl\u00e4che \u2013 reinigen Sie die Staboberfl\u00e4che vor der Verdampfung, um Oxide zu entfernen. Zweitens die pr\u00e4zise Steuerung der Verdampfungsparameter \u2013 Selen hat eine relativ niedrige Verdampfungstemperatur (ca. 350 \u00b0C). Regulieren Sie den Strom und den Vakuumgrad sorgf\u00e4ltig, um ein Sputtern oder eine Zersetzung zu verhindern und die Filmqualit\u00e4t sicherzustellen.<\/p>\n<p>F3: Welche besonderen Sicherheitsanforderungen gelten f\u00fcr die Lagerung und Handhabung von Selenst\u00e4ben?<br \/>\nA3: Obwohl Selenst\u00e4be in ihrer Form stabil sind, sind Selen selbst und sein Dampf giftig. Lagern Sie sie versiegelt, lichtgesch\u00fctzt und trocken. Die Handhabung (insbesondere das Schneiden, Schleifen oder Erhitzen zur Verdampfung) muss in gut bel\u00fcfteten Bereichen oder unter lokalen Absaugsystemen erfolgen, um das Einatmen von Staub oder Dampf zu vermeiden. Tragen Sie pers\u00f6nliche Schutzausr\u00fcstung.<\/p>\n<p>F4: K\u00f6nnen Selenst\u00e4be entsprechend unseren Ger\u00e4teanforderungen auf bestimmte Abmessungen oder Reinheitsgrade zugeschnitten werden?<br \/>\nA4: Eine individuelle Anpassung ist m\u00f6glich. Wir k\u00f6nnen Selenst\u00e4be entsprechend den Abmessungen der Tiegel Ihrer Beschichtungsger\u00e4te oder den Spezifikationen Ihres Ger\u00e4tedesigns auf verschiedene Durchmesser, L\u00e4ngen und Reinheitsgrade (z. B. 6N ultrahochrein) zuschneiden. Bitte geben Sie detaillierte technische Anforderungen f\u00fcr die Bewertung und die Verarbeitungsl\u00f6sungen an.<\/p>\n<h2><span style=\"font-size: 14pt;\">Bericht<\/span><\/h2>\n<p>Jede Charge wird mit folgenden Unterlagen geliefert:<br \/>\n<span style=\"color: #0000ff;\"><a style=\"color: #0000ff;\" href=\"https:\/\/ulpmat.com\/de\/dokumente\/zertifikat-der-analyse\/\"><u>Analysezertifikat (COA)<\/u><\/a><\/span><\/p>\n<p><span style=\"color: #0000ff;\"><a style=\"color: #0000ff;\" href=\"https:\/\/ulpmat.com\/de\/dokumente\/technisches-datenblatt\/\"><u>Technisches Datenblatt (TDS)<\/u><\/a><\/span><\/p>\n<p><span style=\"color: #0000ff;\"><a style=\"color: #0000ff;\" href=\"https:\/\/ulpmat.com\/de\/dokumente\/sicherheitsdatenblatt\/\"><u>Sicherheitsdatenblatt (MSDS)<\/u><\/a><\/span><br \/>\nPr\u00fcfberichte von Drittanbietern sind auf Anfrage erh\u00e4ltlich<\/p>\n<h2><span style=\"font-size: 14pt;\">Warum sollten Sie sich f\u00fcr uns entscheiden?<\/span><\/h2>\n<p>Mit unserer umfassenden Expertise im Bereich hochreiner Elementmaterialien liefern wir Selenst\u00e4be mit pr\u00e4zisen Spezifikationen und stabiler Leistung. Dank unserer professionellen kundenspezifischen Verarbeitungsm\u00f6glichkeiten sind wir ein zuverl\u00e4ssiger Materialpartner f\u00fcr Ihre gesamten Forschungs-, Entwicklungs- und Produktionsprozesse.<\/p>\n","protected":false},"excerpt":{"rendered":"<p>Selenmetallst\u00e4be \u00dcbersicht Selenmetallst\u00e4be sind feste stabf\u00f6rmige Materialien aus hochreinem Selen, die typischerweise als graue hexagonale Kristalle mit metallischem Glanz auftreten. Sie besitzen einzigartige optoelektronische Eigenschaften, darunter Photoleitf\u00e4higkeit, hohe thermoelektrische Effekte und Gleichrichtereigenschaften, was sie zu einem wichtigen Grundmaterial f\u00fcr die Herstellung von Halbleiterbauelementen, die D\u00fcnnschichtabscheidung und spezielle optische Anwendungen macht. Wir bieten hochreine Selenst\u00e4be in [&hellip;]<\/p>\n","protected":false},"featured_media":34825,"template":"","meta":{"_acf_changed":false},"product_brand":[132],"product_cat":[397],"product_tag":[3678],"class_list":{"0":"post-34824","1":"product","2":"type-product","3":"status-publish","4":"has-post-thumbnail","6":"product_brand-ulpmat","7":"product_cat-andere-materialien","8":"product_tag-selen-metall-stab","10":"first","11":"instock","12":"shipping-taxable","13":"product-type-variable"},"acf":[],"_links":{"self":[{"href":"https:\/\/ulpmat.com\/de\/wp-json\/wp\/v2\/product\/34824","targetHints":{"allow":["GET"]}}],"collection":[{"href":"https:\/\/ulpmat.com\/de\/wp-json\/wp\/v2\/product"}],"about":[{"href":"https:\/\/ulpmat.com\/de\/wp-json\/wp\/v2\/types\/product"}],"wp:featuredmedia":[{"embeddable":true,"href":"https:\/\/ulpmat.com\/de\/wp-json\/wp\/v2\/media\/34825"}],"wp:attachment":[{"href":"https:\/\/ulpmat.com\/de\/wp-json\/wp\/v2\/media?parent=34824"}],"wp:term":[{"taxonomy":"product_brand","embeddable":true,"href":"https:\/\/ulpmat.com\/de\/wp-json\/wp\/v2\/product_brand?post=34824"},{"taxonomy":"product_cat","embeddable":true,"href":"https:\/\/ulpmat.com\/de\/wp-json\/wp\/v2\/product_cat?post=34824"},{"taxonomy":"product_tag","embeddable":true,"href":"https:\/\/ulpmat.com\/de\/wp-json\/wp\/v2\/product_tag?post=34824"}],"curies":[{"name":"wp","href":"https:\/\/api.w.org\/{rel}","templated":true}]}}