{"id":34670,"date":"2025-12-09T15:51:10","date_gmt":"2025-12-09T07:51:10","guid":{"rendered":"https:\/\/ulpmat.com\/product\/germanium-metall-3\/"},"modified":"2025-12-09T15:51:10","modified_gmt":"2025-12-09T07:51:10","slug":"germanium-metall-3","status":"publish","type":"product","link":"https:\/\/ulpmat.com\/de\/produkt\/germanium-metall-3\/","title":{"rendered":"Germanium-Metall"},"content":{"rendered":"<h2><span style=\"font-size: 14pt;\">\u00dcbersicht<\/span><\/h2>\n<p>\u00fcber<\/p>\n<h2><span style=\"font-size: 14pt;\"> Germanium-Metallpulver<\/span><\/h2>\n<p><span style=\"color: #0000ff;\"><a style=\"color: #0000ff;\" href=\"https:\/\/ulpmat.com\/de\/search\/?type=name&#038;keyword=Germanium+metal\">Germanium-Metallpulver<\/a><\/span><br \/>\nist ein hochreines, quasi-metallisches Element mit dem chemischen Symbol Ge, das silbergrau oder blaugrau erscheint. Es besitzt einzigartige <span style=\"color: #0000ff;\"><a style=\"color: #0000ff;\" href=\"https:\/\/ulpmat.com\/de\/anwendung\/halbleiter-materialien\/\">Halbleitere<\/a><\/span><br \/>\nig<span style=\"color: #0000ff;\"><a style=\"color: #0000ff;\" href=\"https:\/\/ulpmat.com\/de\/anwendung\/halbleiter-materialien\/\">enschaften<\/a><\/span><br \/>\n, weist eine hohe Transparenz gegen\u00fcber Infrarotlicht auf und zeichnet sich durch stabile chemische Eigenschaften aus, wodurch es als \u201estrategisch wichtiger Werkstoff\u201c anerkannt ist. Als seltenes, dispergiertes Metall ist Germaniumpulver aufgrund seiner hohen spezifischen Oberfl\u00e4che und Reaktivit\u00e4t ein unverzichtbarer hochwertiger Rohstoff f\u00fcr die Herstellung fortschrittlicher Funktionsmaterialien und -ger\u00e4te.<\/p>\n<p>Wir bieten Germanium-Metallpulver in verschiedenen Qualit\u00e4ten und Partikelgr\u00f6\u00dfen mit flexiblen Verpackungsoptionen an. F\u00fcr ma\u00dfgeschneiderte L\u00f6sungen <span style=\"color: #0000ff;\"><a style=\"color: #0000ff;\" href=\"https:\/\/ulpmat.com\/de\/kontakt-us\/\">wenden Sie sich<\/a><\/span><br \/>\nbitte <span style=\"color: #0000ff;\"><a style=\"color: #0000ff;\" href=\"https:\/\/ulpmat.com\/de\/kontakt-us\/\">an<\/a><\/span><br \/>\nunser Vertriebs- und Supportteam.<\/p>\n<h2><span style=\"font-size: 14pt;\">Produkt-Highlights<\/span><\/h2>\n<p>Optionen mit ultrahoher Reinheit<br \/>\nKontrollierte Partikelgr\u00f6\u00dfe und Morphologie<br \/>\nHervorragende Halbleiter- und Infraroteigenschaften<br \/>\nHohe chemische Reinheit mit minimalen Verunreinigungen<br \/>\nProfessionelle oxidationsbest\u00e4ndige versiegelte Verpackung<\/p>\n<h2><span style=\"font-size: 14pt;\">Anwendungen von Germaniummetallpulver<\/span><\/h2>\n<p>Infrarotoptik und -detektion: Schl\u00fcsselwerkstoff f\u00fcr die Herstellung von Infrarot-W\u00e4rmebildlinsen, Fenstern und hochempfindlichen Infrarotdetektoren.<br \/>\n<span style=\"color: #0000ff;\"><a style=\"color: #0000ff;\" href=\"https:\/\/ulpmat.com\/de\/anwendung\/halbleiter-materialien\/\">Halbleiter<\/a><\/span><br \/>\nund elektronische Ger\u00e4te: Verwendung als Substratmaterial oder Additiv in Hochfrequenztransistoren, Sensoren und speziellen Halbleiterbauelementen.<br \/>\nLithium-Ionen-Batterieanoden: Hochleistungsf\u00e4higes Anodenmaterial f\u00fcr die Entwicklung von Lithium-Ionen-Batterien und Mikrobatterien der n\u00e4chsten Generation.<br \/>\nGlasfaserkommunikation: Wird als Faserdotierungsmittel und bei der Herstellung von optischen Verst\u00e4rkern verwendet, um die Qualit\u00e4t optischer Signale \u00fcber gro\u00dfe Entfernungen zu verbessern.<\/p>\n<h2><span style=\"color: #0000ff;\"><a style=\"color: #0000ff;\" href=\"https:\/\/ulpmat.com\/de\/unternehmen\/faqs\/\"><span style=\"font-size: 14pt;\">H\u00e4ufig gestellte Fragen<\/span><\/a><\/span><\/h2>\n<p>F1: Was bedeuten \u201e4N\u201d und \u201e6N\u201d bei Germaniumpulver? Wie soll ich mich entscheiden?<br \/>\nA1: \u201eN\u201d steht f\u00fcr die Anzahl der \u201e9\u201den in der Reinheit. 4N bedeutet 99,99 %, w\u00e4hrend 6N f\u00fcr 99,9999 % steht. 5N (99,999 %) wird h\u00e4ufig in der Infrarotoptik und Katalyse verwendet; f\u00fcr Halbleiterbauelemente oder High-End-Detektoren ist eine h\u00f6here Reinheit erforderlich.<\/p>\n<p>F2: Was sind die Hauptunterschiede zwischen Germaniumpulver und Siliziumpulver?<br \/>\nA2: Germaniumpulver bietet eine h\u00f6here Elektronenbeweglichkeit und Transparenz f\u00fcr Infrarotlicht und eignet sich daher ideal f\u00fcr hochwertige Infrarot- und Detektionsanwendungen. Siliziumpulver ist kosteng\u00fcnstiger und verf\u00fcgt \u00fcber ausgereiftere Verarbeitungstechniken, sodass es als Hauptmaterial f\u00fcr gro\u00dffl\u00e4chige integrierte Schaltkreise dient.<\/p>\n<p>F3: Was sind die Hauptanwendungsbereiche f\u00fcr Germaniumpulver?<br \/>\nA3: Die drei Kernanwendungen sind: Infrarot-Optiksysteme (z. B. W\u00e4rmebildkameras), Glasfaserkommunikation (als Dotierstoff) und als Substrate f\u00fcr hocheffiziente Solarzellen.<\/p>\n<p>F4: Warum ist Germaniumpulver relativ teuer?<br \/>\nA4: Daf\u00fcr gibt es drei Gr\u00fcnde: 1. Schwierige Gewinnung \u2013 Germanium ist ein \u201everstreutes Metall\u201d, das haupts\u00e4chlich in Spurenmengen aus Zinkerzen oder Kohle-Nebenprodukten gewonnen wird; 2. Herausforderungen bei der Reinigung: Um eine Reinheit in Halbleiterqualit\u00e4t zu erreichen, sind extrem hohe Reinheitsstandards erforderlich; 3. Strategische Bedeutung: Es handelt sich um ein kritisches Material.<\/p>\n<h2><span style=\"font-size: 14pt;\">Bericht<\/span><\/h2>\n<p>Jede Charge wird geliefert mit:<br \/>\n<span style=\"color: #0000ff;\"><a style=\"color: #0000ff;\" href=\"https:\/\/ulpmat.com\/de\/dokumente\/zertifikat-der-analyse\/\"><u>Analysezertifikat (COA)<\/u><\/a><\/span><\/p>\n<p><span style=\"color: #0000ff;\"><a style=\"color: #0000ff;\" href=\"https:\/\/ulpmat.com\/de\/dokumente\/technisches-datenblatt\/\"><u>Technisches Datenblatt (TDS)<\/u><\/a><\/span><\/p>\n<p><span style=\"color: #0000ff;\"><a style=\"color: #0000ff;\" href=\"https:\/\/ulpmat.com\/de\/dokumente\/sicherheitsdatenblatt\/\"><u>Sicherheitsdatenblatt (MSDS)<\/u><\/a><\/span><br \/>\nTestberichte von Drittanbietern sind auf Anfrage erh\u00e4ltlich<\/p>\n<h2><span style=\"font-size: 14pt;\">Warum sollten Sie sich f\u00fcr uns entscheiden?<\/span><\/h2>\n<p>Mit unserer umfassenden Expertise im Bereich strategischer Schl\u00fcsselmaterialien bieten wir hochreines Germaniumpulver mit pr\u00e4zisen Spezifikationen und zuverl\u00e4ssiger Leistung. Wir sind bestrebt, Ihnen w\u00e4hrend des gesamten Prozesses \u2013 von der Forschung und Entwicklung bis zur Massenproduktion \u2013 als vertrauensw\u00fcrdiger Partner zur Seite zu stehen.<\/p>\n","protected":false},"excerpt":{"rendered":"<p>\u00dcbersicht \u00fcber Germanium-Metallpulver Germanium-Metallpulver ist ein hochreines, quasi-metallisches Element mit dem chemischen Symbol Ge, das silbergrau oder blaugrau erscheint. Es besitzt einzigartige Halbleitere igenschaften , weist eine hohe Transparenz gegen\u00fcber Infrarotlicht auf und zeichnet sich durch stabile chemische Eigenschaften aus, wodurch es als \u201estrategisch wichtiger Werkstoff\u201c anerkannt ist. Als seltenes, dispergiertes Metall ist Germaniumpulver aufgrund [&hellip;]<\/p>\n","protected":false},"featured_media":34671,"template":"","meta":{"_acf_changed":false},"product_brand":[132],"product_cat":[280],"product_tag":[3642],"class_list":{"0":"post-34670","1":"product","2":"type-product","3":"status-publish","4":"has-post-thumbnail","6":"product_brand-ulpmat","7":"product_cat-reine-metalle-legierungen","8":"product_tag-germanium-metall-pulver","10":"first","11":"instock","12":"shipping-taxable","13":"product-type-variable"},"acf":[],"_links":{"self":[{"href":"https:\/\/ulpmat.com\/de\/wp-json\/wp\/v2\/product\/34670","targetHints":{"allow":["GET"]}}],"collection":[{"href":"https:\/\/ulpmat.com\/de\/wp-json\/wp\/v2\/product"}],"about":[{"href":"https:\/\/ulpmat.com\/de\/wp-json\/wp\/v2\/types\/product"}],"wp:featuredmedia":[{"embeddable":true,"href":"https:\/\/ulpmat.com\/de\/wp-json\/wp\/v2\/media\/34671"}],"wp:attachment":[{"href":"https:\/\/ulpmat.com\/de\/wp-json\/wp\/v2\/media?parent=34670"}],"wp:term":[{"taxonomy":"product_brand","embeddable":true,"href":"https:\/\/ulpmat.com\/de\/wp-json\/wp\/v2\/product_brand?post=34670"},{"taxonomy":"product_cat","embeddable":true,"href":"https:\/\/ulpmat.com\/de\/wp-json\/wp\/v2\/product_cat?post=34670"},{"taxonomy":"product_tag","embeddable":true,"href":"https:\/\/ulpmat.com\/de\/wp-json\/wp\/v2\/product_tag?post=34670"}],"curies":[{"name":"wp","href":"https:\/\/api.w.org\/{rel}","templated":true}]}}