{"id":34126,"date":"2025-12-09T15:51:15","date_gmt":"2025-12-09T07:51:15","guid":{"rendered":"https:\/\/ulpmat.com\/product\/gallium-eisen-oxid-gfo\/"},"modified":"2025-12-09T15:51:15","modified_gmt":"2025-12-09T07:51:15","slug":"gallium-eisen-oxid-gfo","status":"publish","type":"product","link":"https:\/\/ulpmat.com\/de\/produkt\/gallium-eisen-oxid-gfo\/","title":{"rendered":"Gallium-Eisen-Oxid (GFO)"},"content":{"rendered":"<h2><span style=\"font-size: 14pt;\">\u00dcbersicht \u00fcber Sputtertargets aus Gallium-Eisenoxid<\/span><\/h2>\n<p><span style=\"color: #0000ff;\"><a style=\"color: #0000ff;\" href=\"https:\/\/ulpmat.com\/de\/search\/?type=name&#038;keyword=Gallium+Iron+Oxide\">Gallium-Eisenoxid<\/a><\/span><br \/>\nist ein multiferroisches funktionelles Keramikmaterial mit einzigartigen magnetoelektrischen Kopplungseigenschaften, bei denen seine magnetischen Eigenschaften durch elektrische Felder und seine elektrischen Eigenschaften durch Magnetfelder gesteuert werden k\u00f6nnen. Dieses Targetmaterial wird haupts\u00e4chlich in Magnetron-Sputterprozessen zur Abscheidung hochwertiger GaFeO\u2083-D\u00fcnnschichten verwendet. Solche Schichten haben ein erhebliches Anwendungspotenzial in multifunktionalen Sensoren der n\u00e4chsten Generation, nichtfl\u00fcchtigen Speichern und spintronischen Bauelementen.<\/p>\n<p>Wir bieten hochreine, hochdichte Ferrit-Gallium-Keramik-Sputtertargets in mehreren Standardgr\u00f6\u00dfen mit Anpassungsoptionen an. <span style=\"color: #0000ff;\"><a style=\"color: #0000ff;\" href=\"https:\/\/ulpmat.com\/de\/kontakt-us\/\">Kontaktieren Sie uns<\/a><\/span><br \/>\nf\u00fcr ma\u00dfgeschneiderte L\u00f6sungen.<\/p>\n<h2><span style=\"font-size: 14pt;\">Produkt-Highlights<\/span><\/h2>\n<p>Hohe Reinheit<br \/>\nPr\u00e4zise st\u00f6chiometrische Verh\u00e4ltnisse<br \/>\nHohe Dichte bei geringer Porosit\u00e4t<br \/>\nHervorragende Mikrostruktur-Homogenit\u00e4t<br \/>\nProfessionelle Backing-Plate<span style=\"color: #0000ff;\"><a style=\"color: #0000ff;\" href=\"https:\/\/ulpmat.com\/de\/service\/ziel-bindung\/\">-Bonding<\/a><\/span><br \/>\n-Dienstleistungen<\/p>\n<h2><span style=\"font-size: 14pt;\">Anwendungen von Galliumferrit<\/span><span style=\"font-size: 14pt;\">-Sputter<\/span><span style=\"font-size: 14pt;\">-Targets<\/span><\/h2>\n<p>Fortschrittliche Sensoren: Nutzung des magnetoelektrischen Kopplungseffekts zur Herstellung hochempfindlicher Magnet- oder Elektrifeldsensoren.<br \/>\nInformationsspeicherung: Verwendung bei der Entwicklung neuartiger mehrphasiger nichtfl\u00fcchtiger Speicher und spintronischer Logikbauelemente.<br \/>\nIntegrierte <span style=\"color: #0000ff;\"><a style=\"color: #0000ff;\" href=\"https:\/\/ulpmat.com\/de\/anwendung\/materialien-fuer-die-optik\/\">optische<\/a><\/span><br \/>\nund Mikrowellenbauelemente: Abgeschiedene optische Wellenleiterfilme f\u00fcr die optische Kommunikation und abstimmbare Mikrowellenbauelemente.<br \/>\nPionierforschung: Dient als wichtiges D\u00fcnnschichtmaterial f\u00fcr Grundlagen- und Anwendungsstudien in der ferroelektrischen Physik und bei Hetero\u00fcbergangsbauelementen.<\/p>\n<h2><span style=\"color: #0000ff;\"><a style=\"color: #0000ff;\" href=\"https:\/\/ulpmat.com\/de\/unternehmen\/faqs\/\"><span style=\"font-size: 14pt;\">H\u00e4ufig gestellte Fragen<\/span><\/a><\/span><\/h2>\n<p>F1: Was sind die wesentlichen Vorteile von GaFeO3-Targets?<br \/>\nA1: Ihr Hauptvorteil liegt in der Ferroelektrizit\u00e4t und der magnetoelektrischen Kopplung, die eine doppelte Regelung und Umwandlung von elektrischen und magnetischen Signalen erm\u00f6glichen.<\/p>\n<p>F2: Welche Reinheitsanforderungen gelten f\u00fcr dieses Keramik-Target?<br \/>\nA2: Eine hohe Reinheit ist unerl\u00e4sslich. Die Filmleistung ist empfindlich gegen\u00fcber Verunreinigungen; wir bieten Produkte mit einer Reinheit von \u00fcber 99,9 %, um die Leistung zu gew\u00e4hrleisten.<\/p>\n<p>F3: Wie sollte das Target gelagert und gepflegt werden?<br \/>\nA3: In einem versiegelten, feuchtigkeitsbest\u00e4ndigen Beh\u00e4lter in einer trockenen Umgebung lagern. Aufgrund seiner Spr\u00f6digkeit vorsichtig handhaben, um Risse durch St\u00f6\u00dfe zu vermeiden.<\/p>\n<p>F4: Ist vor der Verwendung ein Vorsputtern erforderlich?<br \/>\nA4: Ja. Durch das Vorsputtern wird die Target-Oberfl\u00e4che gereinigt und potenzielle Oxide oder Verunreinigungen werden entfernt, um eine reine Filmzusammensetzung und eine stabile Abscheidung zu gew\u00e4hrleisten.<\/p>\n<h2><span style=\"font-size: 14pt;\">Bericht<\/span><\/h2>\n<p>Jede Charge wird mit folgenden Unterlagen geliefert:<br \/>\n<span style=\"color: #0000ff;\"><a style=\"color: #0000ff;\" href=\"https:\/\/ulpmat.com\/de\/dokumente\/zertifikat-der-analyse\/\"><u>Analysezertifikat (COA)<\/u><\/a><\/span><\/p>\n<p><span style=\"color: #0000ff;\"><a style=\"color: #0000ff;\" href=\"https:\/\/ulpmat.com\/de\/dokumente\/technisches-datenblatt\/\"><u>Technisches Datenblatt (TDS)<\/u><\/a><\/span><\/p>\n<p><span style=\"color: #0000ff;\"><a style=\"color: #0000ff;\" href=\"https:\/\/ulpmat.com\/de\/dokumente\/sicherheitsdatenblatt\/\"><u>Sicherheitsdatenblatt (MSDS)<\/u><\/a><\/span><br \/>\nTestberichte von Drittanbietern sind auf Anfrage erh\u00e4ltlich<\/p>\n<h2><span style=\"font-size: 14pt;\">. Warum sollten Sie sich f\u00fcr uns entscheiden?<\/span><\/h2>\n<p>Wir sind auf die Lieferung von hochleistungsf\u00e4higen Spezialkeramik-Targets spezialisiert und bieten Ihnen fachkundige <span style=\"color: #0000ff;\"><a style=\"color: #0000ff;\" href=\"https:\/\/ulpmat.com\/de\/service\/technische-unterstuetzung\/\">technische Unterst\u00fctzung<\/a><\/span><br \/>\n, um Ihren Erfolg in der Forschung und Entwicklung von hochmodernen Funktionsfilmen sicherzustellen.<\/p>\n","protected":false},"excerpt":{"rendered":"<p>\u00dcbersicht \u00fcber Sputtertargets aus Gallium-Eisenoxid Gallium-Eisenoxid ist ein multiferroisches funktionelles Keramikmaterial mit einzigartigen magnetoelektrischen Kopplungseigenschaften, bei denen seine magnetischen Eigenschaften durch elektrische Felder und seine elektrischen Eigenschaften durch Magnetfelder gesteuert werden k\u00f6nnen. Dieses Targetmaterial wird haupts\u00e4chlich in Magnetron-Sputterprozessen zur Abscheidung hochwertiger GaFeO\u2083-D\u00fcnnschichten verwendet. Solche Schichten haben ein erhebliches Anwendungspotenzial in multifunktionalen Sensoren der n\u00e4chsten Generation, [&hellip;]<\/p>\n","protected":false},"featured_media":34127,"template":"","meta":{"_acf_changed":false},"product_brand":[132],"product_cat":[451],"product_tag":[3558],"class_list":{"0":"post-34126","1":"product","2":"type-product","3":"status-publish","4":"has-post-thumbnail","6":"product_brand-ulpmat","7":"product_cat-keramisches-sputtering-target","8":"product_tag-gallium-eisen-oxid-gfo-sputtering-target","10":"first","11":"instock","12":"shipping-taxable","13":"product-type-variable"},"acf":[],"_links":{"self":[{"href":"https:\/\/ulpmat.com\/de\/wp-json\/wp\/v2\/product\/34126","targetHints":{"allow":["GET"]}}],"collection":[{"href":"https:\/\/ulpmat.com\/de\/wp-json\/wp\/v2\/product"}],"about":[{"href":"https:\/\/ulpmat.com\/de\/wp-json\/wp\/v2\/types\/product"}],"wp:featuredmedia":[{"embeddable":true,"href":"https:\/\/ulpmat.com\/de\/wp-json\/wp\/v2\/media\/34127"}],"wp:attachment":[{"href":"https:\/\/ulpmat.com\/de\/wp-json\/wp\/v2\/media?parent=34126"}],"wp:term":[{"taxonomy":"product_brand","embeddable":true,"href":"https:\/\/ulpmat.com\/de\/wp-json\/wp\/v2\/product_brand?post=34126"},{"taxonomy":"product_cat","embeddable":true,"href":"https:\/\/ulpmat.com\/de\/wp-json\/wp\/v2\/product_cat?post=34126"},{"taxonomy":"product_tag","embeddable":true,"href":"https:\/\/ulpmat.com\/de\/wp-json\/wp\/v2\/product_tag?post=34126"}],"curies":[{"name":"wp","href":"https:\/\/api.w.org\/{rel}","templated":true}]}}