{"id":34113,"date":"2025-12-09T15:51:16","date_gmt":"2025-12-09T07:51:16","guid":{"rendered":"https:\/\/ulpmat.com\/product\/galliumnitrid-4\/"},"modified":"2025-12-09T15:51:16","modified_gmt":"2025-12-09T07:51:16","slug":"galliumnitrid-4","status":"publish","type":"product","link":"https:\/\/ulpmat.com\/de\/produkt\/galliumnitrid-4\/","title":{"rendered":"Galliumnitrid"},"content":{"rendered":"<h2><span style=\"font-size: 14pt;\">\u00dcbersicht \u00fcber Galliumnitrid-Granulat<\/span><\/h2>\n<p><span style=\"color: #0000ff;\"><a style=\"color: #0000ff;\" href=\"https:\/\/ulpmat.com\/de\/search\/?type=name&#038;keyword=Gallium+nitride\">Galliumnitrid<\/a><\/span><br \/>\nist ein Halbleitermaterial der dritten Generation mit gro\u00dfer Bandl\u00fccke und der chemischen Formel GaN. Unter normalen Bedingungen liegt es als grau-schwarze kristalline Partikel vor und zeichnet sich durch eine gro\u00dfe direkte Bandl\u00fccke von etwa 3,4 eV, eine au\u00dfergew\u00f6hnlich hohe W\u00e4rmeleitf\u00e4higkeit, Elektronens\u00e4ttigungsdriftgeschwindigkeit und Durchbruchfeldst\u00e4rke aus. Als grundlegendes Kernmaterial f\u00fcr die Herstellung hocheffizienter optoelektronischer Bauelemente, Hochfrequenz-\/Hochleistungs-HF-Komponenten und Leistungselektroniksysteme der n\u00e4chsten Generation gilt es als \u201eGrundstein\u201c f\u00fcr die Informationskommunikation, Energieumwandlung und intelligente Beleuchtung der Zukunft.<\/p>\n<p>Wir bieten hochwertiges Galliumnitrid-Granulat in verschiedenen Reinheitsgraden, Partikelgr\u00f6\u00dfen und Leitf\u00e4higkeitstypen an. <span style=\"color: #0000ff;\"><a style=\"color: #0000ff;\" href=\"https:\/\/ulpmat.com\/de\/kontakt-us\/\">Kontaktieren Sie uns<\/a><\/span><br \/>\nf\u00fcr ma\u00dfgeschneiderte L\u00f6sungen.<\/p>\n<h2><span style=\"font-size: 14pt;\">Produkt-Highlights<\/span><\/h2>\n<p>Halbleiter mit gro\u00dfer Bandl\u00fccke (~3,4 eV)<br \/>\nUltrahohe Elektronenbeweglichkeit und S\u00e4ttigungsgeschwindigkeit<br \/>\nAusgezeichnete thermische und chemische Stabilit\u00e4t<br \/>\nHohe elektrische Durchbruchfeldst\u00e4rke<br \/>\nHohe Lumineszenzeffizienz mit direkter Bandl\u00fccke<\/p>\n<h2><span style=\"font-size: 14pt;\">Anwendungen von Galliumnitrid-Granulat<\/span><\/h2>\n<p>Optoelektronik und Halbleiterbeleuchtung: Dient als Epitaxiesubstratmaterial f\u00fcr die Herstellung von hocheffizienten blauen\/gr\u00fcnen\/wei\u00dfen LEDs, Laserdioden und UV-LED-Chips.<br \/>\nHF- und Mikrowellenkommunikation: Wird in leistungsstarken, hocheffizienten HF-Leistungsverst\u00e4rkern f\u00fcr 5G\/6G-Kommunikationsbasisstationen, Satellitenkommunikation und Radarsysteme verwendet.<br \/>\nLeistungselektronik und Schnellladung: Wird bei der Herstellung hocheffizienter, kompakter Stromumwandlungsger\u00e4te verwendet, die in neuen Energiefahrzeugen, Stromversorgungen f\u00fcr Rechenzentren und GaN-Schnellladeger\u00e4ten weit verbreitet sind.<br \/>\nHalbleiterbauelement-Substrate: Dient als Substratmaterial f\u00fcr die homogene Epitaxie zum Aufwachsen hochwertiger GaN-Epitaxieschichten f\u00fcr die Herstellung leistungsstarker elektronischer Bauelemente.<\/p>\n<h2><span style=\"color: #0000ff;\"><a style=\"color: #0000ff;\" href=\"https:\/\/ulpmat.com\/de\/unternehmen\/faqs\/\"><span style=\"font-size: 14pt;\">H\u00e4ufig gestellte Fragen<\/span><\/a><\/span><\/h2>\n<p>F1: Was sind die Hauptunterschiede zwischen GaN- und SiC-Partikeln?<br \/>\nA1: GaN bietet eine h\u00f6here Elektronenbeweglichkeit und eignet sich daher besser f\u00fcr Hochfrequenzanwendungen (z. B. 5G-HF); SiC bietet eine \u00fcberlegene W\u00e4rmeleitf\u00e4higkeit und eignet sich daher besser f\u00fcr Ultrahochspannungsanwendungen (z. B. Hauptantriebe von Elektrofahrzeugen).<\/p>\n<p>F2: Welcher Reinheitsgrad ist f\u00fcr GaN-Partikel erforderlich?<br \/>\nA2: Das h\u00e4ngt von der Anwendung ab. F\u00fcr das Epitaxie-Wachstum im High-End-Bereich ist in der Regel eine Reinheit von 5N (99,999 %) oder h\u00f6her erforderlich; f\u00fcr bestimmte Sinter- oder Additivanwendungen kann eine Reinheit von 4N (99,99 %) ausreichend sein.<\/p>\n<p>F3: Wie sollte das Produkt gelagert werden?<br \/>\nA3: In einem verschlossenen Beh\u00e4lter bei Raumtemperatur in einer trockenen Umgebung lagern. Kontakt mit korrosiven Chemikalien wie S\u00e4uren oder Laugen vermeiden, um Oxidation und Verunreinigungen zu verhindern.<\/p>\n<p>F4: Warum ist GaN-Material relativ teuer?<br \/>\nA4: Die Hauptgr\u00fcnde sind die hohe Schwierigkeit, erhebliche technische Hindernisse und der erhebliche Energieverbrauch bei der Herstellung hochwertiger Einkristalle. Dar\u00fcber hinaus ist der derzeitige industrielle Ma\u00dfstab im Vergleich zu traditionellen Materialien wie Silizium noch relativ klein.<\/p>\n<h2><span style=\"font-size: 14pt;\">Bericht<\/span><\/h2>\n<p>Jede Charge wird geliefert mit:<br \/>\n<span style=\"color: #0000ff;\"><a style=\"color: #0000ff;\" href=\"https:\/\/ulpmat.com\/de\/dokumente\/zertifikat-der-analyse\/\"><u>Analysezertifikat (COA)<\/u><\/a><\/span><\/p>\n<p><span style=\"color: #0000ff;\"><a style=\"color: #0000ff;\" href=\"https:\/\/ulpmat.com\/de\/dokumente\/technisches-datenblatt\/\"><u>Technisches Datenblatt (TDS)<\/u><\/a><\/span><\/p>\n<p><span style=\"color: #0000ff;\"><a style=\"color: #0000ff;\" href=\"https:\/\/ulpmat.com\/de\/dokumente\/sicherheitsdatenblatt\/\"><u>Sicherheitsdatenblatt (MSDS)<\/u><\/a><\/span><br \/>\nTestberichte von Drittanbietern auf Anfrage erh\u00e4ltlich<\/p>\n<h2><span style=\"font-size: 14pt;\">Warum sollten Sie sich f\u00fcr uns entscheiden?<\/span><\/h2>\n<p>Dank unserer fundierten technischen Expertise im Bereich der Halbleitermaterialien der dritten Generation bieten wir Ihnen zuverl\u00e4ssige, leistungsstarke GaN-Partikel in einer umfassenden Auswahl an Spezifikationen sowie professionelle Unterst\u00fctzung bei der technischen Auswahl.<\/p>\n","protected":false},"excerpt":{"rendered":"<p>\u00dcbersicht \u00fcber Galliumnitrid-Granulat Galliumnitrid ist ein Halbleitermaterial der dritten Generation mit gro\u00dfer Bandl\u00fccke und der chemischen Formel GaN. Unter normalen Bedingungen liegt es als grau-schwarze kristalline Partikel vor und zeichnet sich durch eine gro\u00dfe direkte Bandl\u00fccke von etwa 3,4 eV, eine au\u00dfergew\u00f6hnlich hohe W\u00e4rmeleitf\u00e4higkeit, Elektronens\u00e4ttigungsdriftgeschwindigkeit und Durchbruchfeldst\u00e4rke aus. Als grundlegendes Kernmaterial f\u00fcr die Herstellung hocheffizienter [&hellip;]<\/p>\n","protected":false},"featured_media":34087,"template":"","meta":{"_acf_changed":false},"product_brand":[132],"product_cat":[299],"product_tag":[3552],"class_list":{"0":"post-34113","1":"product","2":"type-product","3":"status-publish","4":"has-post-thumbnail","6":"product_brand-ulpmat","7":"product_cat-verdampfen-von-materialien","8":"product_tag-galliumnitrid-granulat","10":"first","11":"instock","12":"shipping-taxable","13":"product-type-variable"},"acf":[],"_links":{"self":[{"href":"https:\/\/ulpmat.com\/de\/wp-json\/wp\/v2\/product\/34113","targetHints":{"allow":["GET"]}}],"collection":[{"href":"https:\/\/ulpmat.com\/de\/wp-json\/wp\/v2\/product"}],"about":[{"href":"https:\/\/ulpmat.com\/de\/wp-json\/wp\/v2\/types\/product"}],"wp:featuredmedia":[{"embeddable":true,"href":"https:\/\/ulpmat.com\/de\/wp-json\/wp\/v2\/media\/34087"}],"wp:attachment":[{"href":"https:\/\/ulpmat.com\/de\/wp-json\/wp\/v2\/media?parent=34113"}],"wp:term":[{"taxonomy":"product_brand","embeddable":true,"href":"https:\/\/ulpmat.com\/de\/wp-json\/wp\/v2\/product_brand?post=34113"},{"taxonomy":"product_cat","embeddable":true,"href":"https:\/\/ulpmat.com\/de\/wp-json\/wp\/v2\/product_cat?post=34113"},{"taxonomy":"product_tag","embeddable":true,"href":"https:\/\/ulpmat.com\/de\/wp-json\/wp\/v2\/product_tag?post=34113"}],"curies":[{"name":"wp","href":"https:\/\/api.w.org\/{rel}","templated":true}]}}