{"id":33904,"date":"2025-12-09T15:51:20","date_gmt":"2025-12-09T07:51:20","guid":{"rendered":"https:\/\/ulpmat.com\/product\/gallium-selenid-3\/"},"modified":"2025-12-09T15:51:20","modified_gmt":"2025-12-09T07:51:20","slug":"gallium-selenid-3","status":"publish","type":"product","link":"https:\/\/ulpmat.com\/de\/produkt\/gallium-selenid-3\/","title":{"rendered":"Gallium Selenid"},"content":{"rendered":"<h2><span style=\"font-size: 14pt;\">Galliumselenid-Granulat \u2013 \u00dcbersicht<\/span><\/h2>\n<p><span style=\"color: #0000ff;\"><a style=\"color: #0000ff;\" href=\"https:\/\/ulpmat.com\/de\/search\/?type=name&#038;keyword=Gallium+selenide\">Galliumselenid<\/a><\/span><br \/>\n-Granulat ist ein III-VI-Verbindungshalbleitermaterial mit einer geschichteten Kristallstruktur. Das Produkt liegt in hochreiner Granulatform vor und hat in der Regel eine dunkelbraune Farbe oder einen metallischen Glanz. Es ist bekannt f\u00fcr seine einzigartige direkte Bandl\u00fccke (ca. 2,0\u20132,2 eV), seine au\u00dfergew\u00f6hnlichen nichtlinearen optischen Eigenschaften und seinen breiten Transparenzbereich im mittleren bis fernen Infrarotspektrum (0,65 bis 18 Mikrometer). Dieses Material dient als Kernkomponente f\u00fcr die Herstellung fortschrittlicher nichtlinearer <span style=\"color: #0000ff;\"><a style=\"color: #0000ff;\" href=\"https:\/\/ulpmat.com\/de\/anwendung\/materialien-fuer-die-optik\/\">optischer<\/a><\/span><br \/>\nGer\u00e4te, leistungsstarker Infrarot-Detektionssysteme und Terahertz-Technologien.<\/p>\n<p>Wir bieten hochwertige Galliumselenid-Granulate in verschiedenen Reinheitsgraden und w\u00e4hlbaren Partikelgr\u00f6\u00dfen an, mit professioneller kundenspezifischer Verpackung. <span style=\"color: #0000ff;\"><a style=\"color: #0000ff;\" href=\"https:\/\/ulpmat.com\/de\/kontakt-us\/\">Kontaktieren Sie uns.<\/a><\/span><\/p>\n<h2><span style=\"font-size: 14pt;\">Produkt-Highlights<\/span><\/h2>\n<p>Einzigartige geschichtete Halbleiterstruktur<br \/>\nAu\u00dfergew\u00f6hnliche nichtlineare optische Leistung<br \/>\nBreiter Transparenzbereich im mittleren bis fernen Infrarotbereich<br \/>\nDirekte Bandl\u00fccke mit starker Photolumineszenz<br \/>\nHohe chemische und thermische Stabilit\u00e4t<\/p>\n<h2><span style=\"font-size: 14pt;\">Anwendungen von Galliumselenid-Granulat<\/span><\/h2>\n<p>Optoelektronik und Detektion: Wird zur Herstellung von leistungsstarken Photodetektoren f\u00fcr den sichtbaren und infraroten Bereich mit hoher Empfindlichkeit und schneller Reaktionszeit verwendet.<br \/>\nNichtlineare optische Ger\u00e4te: Dient als Kernkristallmaterial f\u00fcr hochmoderne Anwendungen wie Terahertz-Wellenerzeugung, zweite harmonische Generation (SHG) im mittleren Infrarotbereich und optische parametrische Oszillation.<br \/>\nEnergie- und Katalysatormaterialien: Wird bei der photokatalytischen Wasserspaltung zur Wasserstofferzeugung, beim Abbau von Schadstoffen und als potenzielles Hochleistungsanodenmaterial f\u00fcr Lithium-Ionen-Batterien verwendet.<br \/>\nPionierforschung: Bietet eine ideale Plattform f\u00fcr die Erforschung zweidimensionaler Materialien, Spintronik, flexibler optoelektronischer Ger\u00e4te und neuartiger Sensoren.<\/p>\n<h2><span style=\"color: #0000ff;\"><a style=\"color: #0000ff;\" href=\"https:\/\/ulpmat.com\/de\/unternehmen\/faqs\/\"><span style=\"font-size: 14pt;\">H\u00e4ufig gestellte Fragen<\/span><\/a><\/span><\/h2>\n<p>F1: Warum sollte man GaSe gegen\u00fcber anderen Infrarotkristallen bevorzugen?<br \/>\nA1: GaSe weist einen au\u00dfergew\u00f6hnlich breiten Transparenzbereich und hohe nichtlineare optische Koeffizienten im mittleren bis fernen Infrarotspektrum auf, wodurch es sich besonders f\u00fcr die Terahertz- und Infrarot-Laserfrequenzkonversion eignet. Es dient als kosteng\u00fcnstige Alternative zu vielen teuren Kristallen.<\/p>\n<p>F2: Was sind die technischen Herausforderungen bei der Verwendung von GaSe-Materialien?<br \/>\nA2: Zu den gr\u00f6\u00dften Herausforderungen z\u00e4hlen seine weiche Textur und seine schlechten mechanischen Eigenschaften, die ein pr\u00e4zises Schneiden und Polieren erschweren. Dar\u00fcber hinaus muss auf die Langzeitstabilit\u00e4t an der Luft geachtet werden, und f\u00fcr bestimmte Anwendungen kann eine Kapselung erforderlich sein.<\/p>\n<p>F3: Ist es f\u00fcr Solarzellen geeignet?<br \/>\nA3: GaSe verf\u00fcgt \u00fcber eine geeignete Bandl\u00fccke und eine starke Lichtabsorption, was es zu einem wichtigen Forschungsmaterial f\u00fcr neuartige D\u00fcnnschicht-Solarzellen und photoelektrochemische Zellen mit vielversprechendem Anwendungspotenzial macht.<\/p>\n<p>F4: Wie sollte es gelagert und gehandhabt werden?<br \/>\nA4: Lagern Sie dieses Produkt in einem verschlossenen Beh\u00e4lter in einer trockenen, lichtgesch\u00fctzten Umgebung. Tragen Sie bei der Handhabung geeignete Schutzkleidung, um das Einatmen von Staubpartikeln zu vermeiden.<\/p>\n<h2><span style=\"font-size: 14pt;\">Bericht<\/span><\/h2>\n<p>Jede Charge wird geliefert mit:<br \/>\n<span style=\"color: #0000ff;\"><a style=\"color: #0000ff;\" href=\"https:\/\/ulpmat.com\/de\/dokumente\/zertifikat-der-analyse\/\"><u>Analysezertifikat (COA)<\/u><\/a><\/span><\/p>\n<p><span style=\"color: #0000ff;\"><a style=\"color: #0000ff;\" href=\"https:\/\/ulpmat.com\/de\/dokumente\/technisches-datenblatt\/\"><u>Technisches Datenblatt (TDS)<\/u><\/a><\/span><\/p>\n<p><span style=\"color: #0000ff;\"><a style=\"color: #0000ff;\" href=\"https:\/\/ulpmat.com\/de\/dokumente\/sicherheitsdatenblatt\/\"><u>Sicherheitsdatenblatt (MSDS)<\/u><\/a><\/span><br \/>\nTestberichte von Drittanbietern sind auf Anfrage erh\u00e4ltlich<\/p>\n<h2><span style=\"font-size: 14pt;\">Warum sollten Sie sich f\u00fcr uns entscheiden?<\/span><\/h2>\n<p>Dank unserer technischen Expertise im Bereich der Verbindungshalbleitermaterialien bieten wir hochwertige Galliumselenid-Granulate mit zuverl\u00e4ssiger Leistung und umfassenden Spezifikationen, unterst\u00fctzt durch professionelle technische Supportl\u00f6sungen.<\/p>\n","protected":false},"excerpt":{"rendered":"<p>Galliumselenid-Granulat \u2013 \u00dcbersicht Galliumselenid -Granulat ist ein III-VI-Verbindungshalbleitermaterial mit einer geschichteten Kristallstruktur. Das Produkt liegt in hochreiner Granulatform vor und hat in der Regel eine dunkelbraune Farbe oder einen metallischen Glanz. Es ist bekannt f\u00fcr seine einzigartige direkte Bandl\u00fccke (ca. 2,0\u20132,2 eV), seine au\u00dfergew\u00f6hnlichen nichtlinearen optischen Eigenschaften und seinen breiten Transparenzbereich im mittleren bis fernen [&hellip;]<\/p>\n","protected":false},"featured_media":33905,"template":"","meta":{"_acf_changed":false},"product_brand":[132],"product_cat":[299],"product_tag":[3504],"class_list":{"0":"post-33904","1":"product","2":"type-product","3":"status-publish","4":"has-post-thumbnail","6":"product_brand-ulpmat","7":"product_cat-verdampfen-von-materialien","8":"product_tag-galliumselenid-granulat","10":"first","11":"instock","12":"shipping-taxable","13":"product-type-variable"},"acf":[],"_links":{"self":[{"href":"https:\/\/ulpmat.com\/de\/wp-json\/wp\/v2\/product\/33904","targetHints":{"allow":["GET"]}}],"collection":[{"href":"https:\/\/ulpmat.com\/de\/wp-json\/wp\/v2\/product"}],"about":[{"href":"https:\/\/ulpmat.com\/de\/wp-json\/wp\/v2\/types\/product"}],"wp:featuredmedia":[{"embeddable":true,"href":"https:\/\/ulpmat.com\/de\/wp-json\/wp\/v2\/media\/33905"}],"wp:attachment":[{"href":"https:\/\/ulpmat.com\/de\/wp-json\/wp\/v2\/media?parent=33904"}],"wp:term":[{"taxonomy":"product_brand","embeddable":true,"href":"https:\/\/ulpmat.com\/de\/wp-json\/wp\/v2\/product_brand?post=33904"},{"taxonomy":"product_cat","embeddable":true,"href":"https:\/\/ulpmat.com\/de\/wp-json\/wp\/v2\/product_cat?post=33904"},{"taxonomy":"product_tag","embeddable":true,"href":"https:\/\/ulpmat.com\/de\/wp-json\/wp\/v2\/product_tag?post=33904"}],"curies":[{"name":"wp","href":"https:\/\/api.w.org\/{rel}","templated":true}]}}