{"id":33257,"date":"2025-12-12T13:26:01","date_gmt":"2025-12-12T05:26:01","guid":{"rendered":"https:\/\/ulpmat.com\/product\/zinkfluorid-2\/"},"modified":"2025-12-12T13:26:01","modified_gmt":"2025-12-12T05:26:01","slug":"zinkfluorid-2","status":"publish","type":"product","link":"https:\/\/ulpmat.com\/de\/produkt\/zinkfluorid-2\/","title":{"rendered":"Zinkfluorid"},"content":{"rendered":"<h2><span style=\"font-size: 14pt;\">\u00dcbersicht \u00fcber Zinkfluoridpulver<\/span><\/h2>\n<p><span style=\"color: #0000ff;\"><a style=\"color: #0000ff;\" href=\"https:\/\/ulpmat.com\/de\/search\/?type=name&#038;keyword=Zinc+Fluoride\">Zink<\/a><\/span><br \/>\nflu<br \/>\n<span style=\"color: #0000ff;\"><a style=\"color: #0000ff;\" href=\"https:\/\/ulpmat.com\/de\/search\/?type=name&#038;keyword=Zinc+Fluoride\">orid<\/a><\/span><br \/>\npulver ist ein hochreines Zinkfluoridpulver, das in der Elektronik, <span style=\"color: #0000ff;\"><a style=\"color: #0000ff;\" href=\"https:\/\/ulpmat.com\/de\/anwendung\/materialien-fuer-die-optik\/\">Optik<\/a>,<\/span><br \/>\nchemischen Analyse und anderen Bereichen weit verbreitet ist und sich durch hervorragende Stabilit\u00e4t und chemische Reaktivit\u00e4t auszeichnet.<\/p>\n<p>Unser ZnF2-Pulver ist hochrein und hat eine einheitliche Partikelgr\u00f6\u00dfe, wodurch es f\u00fcr verschiedene feinchemische Reaktionen geeignet ist. Bitte <span style=\"color: #0000ff;\"><a style=\"color: #0000ff;\" href=\"https:\/\/ulpmat.com\/de\/kontakt-us\/\">kontaktieren Sie uns<\/a><\/span><br \/>\nf\u00fcr weitere Informationen zu ma\u00dfgeschneiderten Dienstleistungen und Produkten.<\/p>\n<h2><span style=\"font-size: 14pt;\">Produkt-Highlights<\/span><\/h2>\n<p>Hohe Reinheit gew\u00e4hrleistet pr\u00e4zise Anwendung<br \/>\nEinheitliche Partikelgr\u00f6\u00dfe f\u00fcr einfache Aufl\u00f6sung<br \/>\nHohe Stabilit\u00e4t und Temperaturbest\u00e4ndigkeit<br \/>\nGute L\u00f6slichkeit, geeignet f\u00fcr verschiedene L\u00f6sungsmittel<br \/>\nHohe chemische Aktivit\u00e4t f\u00fcr vielf\u00e4ltige Anwendungen<br \/>\nStrenge Qualit\u00e4tspr\u00fcfungen f\u00fcr zuverl\u00e4ssige Sicherheit<br \/>\nMa\u00dfgeschneiderte Spezifikationen f\u00fcr unterschiedliche Anforderungen<br \/>\nUmfassender Kundendienst f\u00fcr schnelle Reaktion<\/p>\n<h2><span style=\"font-size: 14pt;\">Anwendungen von Zinkfluoridpulver<\/span><\/h2>\n<p>Elektronikindustrie: Weit verbreitet in der Elektronikindustrie zur Herstellung von Leiterplatten, Batterien und anderen Komponenten zur Verbesserung der Produktleistung.<br \/>\n<span style=\"color: #0000ff;\"><a style=\"color: #0000ff;\" href=\"https:\/\/ulpmat.com\/de\/anwendung\/materialien-fuer-die-optik\/\">Optik<\/a><\/span><br \/>\n: Weit verbreitet in optischen D\u00fcnnschichten, optischen Beschichtungen und Laserger\u00e4ten zur Verbesserung der optischen Leistung.<br \/>\nChemische Analyse: ZnF2-Pulver wird als Katalysator oder Reagenz in der chemischen Analyse verwendet, h\u00e4ufig in Synthesen und Reaktionen zur Verbesserung der Reaktionsleistung.<br \/>\nMetallurgische Industrie: Wird in der Metallverh\u00fcttung als Desoxidationsmittel und chemischer Reaktionspartner zur Optimierung metallurgischer Prozesse verwendet.<\/p>\n<h2><span style=\"color: #0000ff;\"><a style=\"color: #0000ff;\" href=\"https:\/\/ulpmat.com\/de\/unternehmen\/faqs\/\"><span style=\"font-size: 14pt;\">H\u00e4ufig gestellte Fragen<\/span><\/a><\/span><\/h2>\n<p>F1: Welche chemischen Eigenschaften hat ZnF2-Pulver?<br \/>\nA1: Es hat eine starke chemische Stabilit\u00e4t, ist best\u00e4ndig gegen S\u00e4uren und Laugen und weist eine gute Best\u00e4ndigkeit bei hohen Temperaturen auf.<\/p>\n<p>F2: Wie l\u00f6slich ist ZnF2-Pulver?<br \/>\nA2: Es hat eine gute L\u00f6slichkeit, l\u00f6st sich schnell in Wasser und einigen L\u00f6sungsmitteln und eignet sich f\u00fcr verschiedene industrielle und experimentelle Anwendungen.<\/p>\n<p>F3: Wie lange kann ZnF2-Pulver gelagert werden?<br \/>\nA3: Das Pulver ist 2 Jahre lang haltbar, sollte jedoch an einem trockenen, k\u00fchlen Ort gelagert werden, um Feuchtigkeit oder direkte Einwirkung feuchter Umgebungen zu vermeiden.<\/p>\n<p>F4: Was sind einige g\u00e4ngige Anwendungen von ZnF2-Pulver?<br \/>\nA4: Es wird h\u00e4ufig in elektronischen Bauteilen, optischen Beschichtungen, chemischen Reaktionskatalysatoren und metallurgischen Prozessen verwendet und findet breite Anwendung in verschiedenen Hightech-Bereichen.<\/p>\n<h2><span style=\"font-size: 14pt;\">Berichte<\/span><\/h2>\n<p>Jede Charge wird geliefert mit:<br \/>\n<span style=\"color: #0000ff;\"><a style=\"color: #0000ff;\" href=\"https:\/\/ulpmat.com\/de\/dokumente\/zertifikat-der-analyse\/\"><u>Analysezertifikat (COA)<\/u><\/a><\/span><\/p>\n<p><span style=\"color: #0000ff;\"><a style=\"color: #0000ff;\" href=\"https:\/\/ulpmat.com\/de\/dokumente\/technisches-datenblatt\/\"><u>Technisches Datenblatt (TDS)<\/u><\/a><\/span><\/p>\n<p><span style=\"color: #0000ff;\"><a style=\"color: #0000ff;\" href=\"https:\/\/ulpmat.com\/de\/dokumente\/sicherheitsdatenblatt\/\"><u>Sicherheitsdatenblatt (MSDS)<\/u><\/a><\/span><br \/>\nTestberichte von Drittanbietern sind auf Anfrage erh\u00e4ltlich<\/p>\n<h2><span style=\"font-size: 14pt;\">Warum sollten Sie sich f\u00fcr uns entscheiden?<\/span><\/h2>\n<p>Wir bieten hochreines Zinkfluoridpulver und stellen durch strenge Qualit\u00e4tskontrollen sicher, dass jede Charge internationalen Standards entspricht, wodurch wir unseren Kunden helfen, die Produktqualit\u00e4t und Anwendungsleistung zu verbessern.<\/p>\n","protected":false},"excerpt":{"rendered":"<p>\u00dcbersicht \u00fcber Zinkfluoridpulver Zink flu orid pulver ist ein hochreines Zinkfluoridpulver, das in der Elektronik, Optik, chemischen Analyse und anderen Bereichen weit verbreitet ist und sich durch hervorragende Stabilit\u00e4t und chemische Reaktivit\u00e4t auszeichnet. Unser ZnF2-Pulver ist hochrein und hat eine einheitliche Partikelgr\u00f6\u00dfe, wodurch es f\u00fcr verschiedene feinchemische Reaktionen geeignet ist. Bitte kontaktieren Sie uns f\u00fcr [&hellip;]<\/p>\n","protected":false},"featured_media":33258,"template":"","meta":{"_acf_changed":false},"product_brand":[132],"product_cat":[318],"product_tag":[3372],"class_list":{"0":"post-33257","1":"product","2":"type-product","3":"status-publish","4":"has-post-thumbnail","6":"product_brand-ulpmat","7":"product_cat-halogenid-materialien","8":"product_tag-zinkfluorid-pulver","10":"first","11":"instock","12":"shipping-taxable","13":"product-type-variable"},"acf":[],"_links":{"self":[{"href":"https:\/\/ulpmat.com\/de\/wp-json\/wp\/v2\/product\/33257","targetHints":{"allow":["GET"]}}],"collection":[{"href":"https:\/\/ulpmat.com\/de\/wp-json\/wp\/v2\/product"}],"about":[{"href":"https:\/\/ulpmat.com\/de\/wp-json\/wp\/v2\/types\/product"}],"wp:featuredmedia":[{"embeddable":true,"href":"https:\/\/ulpmat.com\/de\/wp-json\/wp\/v2\/media\/33258"}],"wp:attachment":[{"href":"https:\/\/ulpmat.com\/de\/wp-json\/wp\/v2\/media?parent=33257"}],"wp:term":[{"taxonomy":"product_brand","embeddable":true,"href":"https:\/\/ulpmat.com\/de\/wp-json\/wp\/v2\/product_brand?post=33257"},{"taxonomy":"product_cat","embeddable":true,"href":"https:\/\/ulpmat.com\/de\/wp-json\/wp\/v2\/product_cat?post=33257"},{"taxonomy":"product_tag","embeddable":true,"href":"https:\/\/ulpmat.com\/de\/wp-json\/wp\/v2\/product_tag?post=33257"}],"curies":[{"name":"wp","href":"https:\/\/api.w.org\/{rel}","templated":true}]}}