{"id":33215,"date":"2025-12-12T13:26:05","date_gmt":"2025-12-12T05:26:05","guid":{"rendered":"https:\/\/ulpmat.com\/product\/zink-gallium-legierung\/"},"modified":"2025-12-12T13:26:05","modified_gmt":"2025-12-12T05:26:05","slug":"zink-gallium-legierung","status":"publish","type":"product","link":"https:\/\/ulpmat.com\/de\/produkt\/zink-gallium-legierung\/","title":{"rendered":"Zink-Gallium-Legierung"},"content":{"rendered":"<h2><span style=\"font-size: 14pt;\">\u00dcbersicht \u00fcber Sputtertargets aus Zink-Gallium-Legierung<\/span><\/h2>\n<p>Sputtertargets aus<br \/>\n<span style=\"color: #0000ff;\"><a style=\"color: #0000ff;\" href=\"https:\/\/ulpmat.com\/de\/search\/?type=name&#038;keyword=Zinc+Gallium\">Zink-Gallium<\/a><\/span><br \/>\n-Legierung zeichnen sich durch hohe Reinheit und hervorragende Sputterleistung aus und werden h\u00e4ufig in optoelektronischen Materialien, bei der D\u00fcnnschichtabscheidung und bei der Herstellung elektronischer Bauelemente eingesetzt.<\/p>\n<p>Wir bieten hochleistungsf\u00e4hige ZnGa-Sputter-Targets an, die streng ausgew\u00e4hlt und verarbeitet werden, um sicherzustellen, dass jedes Produkt hohen Standards entspricht. <span style=\"color: #0000ff;\"><a style=\"color: #0000ff;\" href=\"https:\/\/ulpmat.com\/de\/kontakt-us\/\">Kontaktieren Sie uns<\/a><\/span><br \/>\nf\u00fcr weitere Produktinformationen und <span style=\"color: #0000ff;\"><a style=\"color: #0000ff;\" href=\"https:\/\/ulpmat.com\/de\/service\/technische-unterstuetzung\/\">technischen Support.<\/a><\/span><\/p>\n<h2><span style=\"font-size: 14pt;\">Produkt-Highlights<\/span><\/h2>\n<p>Hohe Reinheit gew\u00e4hrleistet Filmqualit\u00e4t<br \/>\nGeeignet f\u00fcr verschiedene D\u00fcnnschicht-Abscheidungstechnologien<br \/>\nHervorragende Sputterleistung und Gleichm\u00e4\u00dfigkeit<br \/>\nGleichm\u00e4\u00dfige Partikelgr\u00f6\u00dfe und stabiler Sputtereffekt<br \/>\nLangfristig stabile Lieferung und p\u00fcnktige Lieferung<br \/>\nMa\u00dfgeschneiderte Dienstleistungen f\u00fcr spezielle Anforderungen<br \/>\nStrenge Qualit\u00e4tskontrolle garantiert Leistung<br \/>\nHohe Kosteneffizienz, geeignet f\u00fcr gro\u00dftechnische Anwendungen<\/p>\n<h2><span style=\"font-size: 14pt;\">Anwendungen von Sputtertargets aus Zink-Gallium-Legierungen<\/span><\/h2>\n<p>Herstellung<br \/>\n<span style=\"color: #0000ff;\"><a style=\"color: #0000ff;\" href=\"https:\/\/ulpmat.com\/de\/anwendung\/materialien-fuer-die-optik\/\">optoelektronischer<\/a><\/span><br \/>\nMaterialien: Verwendung bei der Herstellung hocheffizienter optoelektronischer Materialien, die h\u00e4ufig bei der Produktion von Solarzellen und Displays zum Einsatz kommen.<br \/>\nD\u00fcnnschichtabscheidung: Verwendung in D\u00fcnnschichtabscheidungsprozessen zur Verbesserung der Gleichm\u00e4\u00dfigkeit und Leistung der Schicht, geeignet f\u00fcr hochpr\u00e4zise D\u00fcnnschichtanwendungen.<br \/>\nHalbleiterbauelemente: Weit verbreitet in Halbleiterbauelementen, um die elektrische Leistung und thermische Stabilit\u00e4t sicherzustellen.<br \/>\nSensorherstellung: Kann zur Herstellung verschiedener Sensoren verwendet werden, um die Empfindlichkeit und Stabilit\u00e4t zu verbessern und den Anforderungen des High-End-Marktes gerecht zu werden.<\/p>\n<h2><span style=\"color: #0000ff;\"><a style=\"color: #0000ff;\" href=\"https:\/\/ulpmat.com\/de\/unternehmen\/faqs\/\"><span style=\"font-size: 14pt;\">H\u00e4ufig gestellte Fragen<\/span><\/a><\/span><\/h2>\n<p>F1: Wie hoch ist die Reinheit unserer ZnGa-Sputter-Targets?<br \/>\nA1: Unsere Targets haben eine Reinheit von 99,99 % und erf\u00fcllen damit die hohen Anforderungen von D\u00fcnnschichtbeschichtungsanwendungen.<\/p>\n<p>F2: F\u00fcr welche D\u00fcnnschichtabscheidungstechnologien sind unsere ZnGa-Targets geeignet?<br \/>\nA2: Sie werden h\u00e4ufig beim Magnetron-Sputtern, reaktiven Sputtern und anderen D\u00fcnnschichtabscheidungstechnologien eingesetzt und bieten eine stabile D\u00fcnnschichtleistung.<\/p>\n<p>F3: Wie hoch ist die Sputter-Effizienz unserer ZnGa-Targets?<br \/>\nA3: Unsere Targets haben eine ausgezeichnete Sputter-Effizienz und bilden in kurzer Zeit gleichm\u00e4\u00dfige D\u00fcnnschichten, wodurch die Produktionseffizienz verbessert wird.<\/p>\n<p>F4: Wie stabil sind unsere ZnGa-Sputter-Targets?<br \/>\nA4: Unsere Targets haben eine ausgezeichnete Stabilit\u00e4t und behalten auch bei langfristiger Verwendung eine hohe Sputter-Effizienz bei, wodurch sie sich an verschiedene Anforderungen des Beschichtungsprozesses anpassen.<\/p>\n<h2><span style=\"font-size: 14pt;\">Berichte<\/span><\/h2>\n<p>Jede Charge wird geliefert mit:<br \/>\n<span style=\"color: #0000ff;\"><a style=\"color: #0000ff;\" href=\"https:\/\/ulpmat.com\/de\/dokumente\/zertifikat-der-analyse\/\"><u>Analysezertifikat (COA)<\/u><\/a><\/span><\/p>\n<p><span style=\"color: #0000ff;\"><a style=\"color: #0000ff;\" href=\"https:\/\/ulpmat.com\/de\/dokumente\/technisches-datenblatt\/\"><u>Technisches Datenblatt (TDS)<\/u><\/a><\/span><\/p>\n<p><span style=\"color: #0000ff;\"><a style=\"color: #0000ff;\" href=\"https:\/\/ulpmat.com\/de\/dokumente\/sicherheitsdatenblatt\/\"><u>Sicherheitsdatenblatt (MSDS)<\/u><\/a><\/span><br \/>\nTestberichte von Drittanbietern sind auf Anfrage erh\u00e4ltlich<\/p>\n<h2><span style=\"font-size: 14pt;\">Warum sollten Sie sich f\u00fcr uns entscheiden?<\/span><\/h2>\n<p>Wir sind bestrebt, hochwertige ZnGa-Sputter-Targets anzubieten, pr\u00e4zise Fertigungsprozesse einzusetzen, um den Anforderungen der Branche gerecht zu werden, und professionellen technischen Support zu bieten, um die Produktleistung und eine stabile Lieferung zu gew\u00e4hrleisten.<\/p>\n","protected":false},"excerpt":{"rendered":"<p>\u00dcbersicht \u00fcber Sputtertargets aus Zink-Gallium-Legierung Sputtertargets aus Zink-Gallium -Legierung zeichnen sich durch hohe Reinheit und hervorragende Sputterleistung aus und werden h\u00e4ufig in optoelektronischen Materialien, bei der D\u00fcnnschichtabscheidung und bei der Herstellung elektronischer Bauelemente eingesetzt. Wir bieten hochleistungsf\u00e4hige ZnGa-Sputter-Targets an, die streng ausgew\u00e4hlt und verarbeitet werden, um sicherzustellen, dass jedes Produkt hohen Standards entspricht. Kontaktieren Sie [&hellip;]<\/p>\n","protected":false},"featured_media":33216,"template":"","meta":{"_acf_changed":false},"product_brand":[132],"product_cat":[562],"product_tag":[3360],"class_list":{"0":"post-33215","1":"product","2":"type-product","3":"status-publish","4":"has-post-thumbnail","6":"product_brand-ulpmat","7":"product_cat-legierung-sputtering-target","8":"product_tag-zink-gallium-legierung-sputtering-target","10":"first","11":"instock","12":"shipping-taxable","13":"product-type-variable"},"acf":[],"_links":{"self":[{"href":"https:\/\/ulpmat.com\/de\/wp-json\/wp\/v2\/product\/33215","targetHints":{"allow":["GET"]}}],"collection":[{"href":"https:\/\/ulpmat.com\/de\/wp-json\/wp\/v2\/product"}],"about":[{"href":"https:\/\/ulpmat.com\/de\/wp-json\/wp\/v2\/types\/product"}],"wp:featuredmedia":[{"embeddable":true,"href":"https:\/\/ulpmat.com\/de\/wp-json\/wp\/v2\/media\/33216"}],"wp:attachment":[{"href":"https:\/\/ulpmat.com\/de\/wp-json\/wp\/v2\/media?parent=33215"}],"wp:term":[{"taxonomy":"product_brand","embeddable":true,"href":"https:\/\/ulpmat.com\/de\/wp-json\/wp\/v2\/product_brand?post=33215"},{"taxonomy":"product_cat","embeddable":true,"href":"https:\/\/ulpmat.com\/de\/wp-json\/wp\/v2\/product_cat?post=33215"},{"taxonomy":"product_tag","embeddable":true,"href":"https:\/\/ulpmat.com\/de\/wp-json\/wp\/v2\/product_tag?post=33215"}],"curies":[{"name":"wp","href":"https:\/\/api.w.org\/{rel}","templated":true}]}}