{"id":33036,"date":"2025-12-12T13:26:07","date_gmt":"2025-12-12T05:26:07","guid":{"rendered":"https:\/\/ulpmat.com\/product\/zinkoxid\/"},"modified":"2025-12-12T13:26:07","modified_gmt":"2025-12-12T05:26:07","slug":"zinkoxid","status":"publish","type":"product","link":"https:\/\/ulpmat.com\/de\/produkt\/zinkoxid\/","title":{"rendered":"Zinkoxid"},"content":{"rendered":"<h2><span style=\"font-size: 14pt;\">\u00dcbersicht \u00fcber Zinkoxid-Sputtertargets<\/span><\/h2>\n<p><span style=\"color: #0000ff;\"><a style=\"color: #0000ff;\" href=\"https:\/\/ulpmat.com\/de\/search\/?type=name&#038;keyword=Zinc+Oxide\">Zinkoxid<\/a><\/span><br \/>\n-Sputtertargets werden h\u00e4ufig in Hightech-Bereichen wie optoelektronischen Ger\u00e4ten, transparenten leitf\u00e4higen Folien und Solarzellen eingesetzt und weisen hervorragende elektrische und optische Eigenschaften auf.<\/p>\n<p>Wir bieten hochreine ZnO-Sputtertargets, die f\u00fcr verschiedene D\u00fcnnschichtbeschichtungsanwendungen geeignet sind und Ihnen helfen, die Leistung und Stabilit\u00e4t Ihrer Produkte zu verbessern.<span style=\"color: #0000ff;\"><a style=\"color: #0000ff;\" href=\"https:\/\/ulpmat.com\/de\/kontakt-us\/\"> Kontaktieren Sie uns<\/a><\/span><br \/>\nf\u00fcr weiteren <span style=\"color: #0000ff;\"><a style=\"color: #0000ff;\" href=\"https:\/\/ulpmat.com\/de\/service\/technische-unterstuetzung\/\">technischen Support<\/a><\/span><br \/>\nund ma\u00dfgeschneiderte Dienstleistungen.<\/p>\n<h2><span style=\"font-size: 14pt;\">Produkt-Highlights<\/span><\/h2>\n<p>Hohe Reinheit<br \/>\nHervorragende elektrische Eigenschaften<br \/>\n\u00dcberlegene optische Eigenschaften<br \/>\nGute Transparenz und Leitf\u00e4higkeit<br \/>\nStabiler Sputterbeschichtungseffekt<br \/>\nHocheffizientes D\u00fcnnschichtwachstum<br \/>\nAnpassbare Gr\u00f6\u00dfen und Formen<br \/>\nAnpassbare <span style=\"color: #0000ff;\"><a style=\"color: #0000ff;\" href=\"https:\/\/ulpmat.com\/de\/service\/ziel-bindung\/\">Verbindungen<\/a><\/span><br \/>\nund Backplanes<\/p>\n<h2><span style=\"font-size: 14pt;\">Anwendungen von Zinkoxid-Sputter-Targets<\/span><\/h2>\n<p><span style=\"color: #0000ff;\"><a style=\"color: #0000ff;\" href=\"https:\/\/ulpmat.com\/de\/anwendung\/materialien-fuer-die-optik\/\">Optoelektronik<\/a><\/span><br \/>\n: Verwendung in optoelektronischen Ger\u00e4ten zur Herstellung transparenter leitf\u00e4higer Schichten, die h\u00e4ufig in Touchscreens und optoelektronischen Ger\u00e4ten zum Einsatz kommen.<br \/>\n<span style=\"color: #0000ff;\"><a style=\"color: #0000ff;\" href=\"https:\/\/ulpmat.com\/de\/anwendung\/photovoltaische-solaranlagen\/\">Solar<\/a><\/span><br \/>\nzellen: Verwendung als transparente leitf\u00e4hige Schicht in Solarzellen, was zu einer verbesserten Zelleffizienz und -stabilit\u00e4t beitr\u00e4gt.<br \/>\nDisplays: Spielt eine entscheidende Rolle bei der Herstellung von Displays, insbesondere bei LCD- und OLED-Technologien.<br \/>\nSensoren: Verwendung in Gassensoren und Fotosensoren, wodurch deren Reaktionsgeschwindigkeit und Empfindlichkeit verbessert werden.<\/p>\n<h2><span style=\"color: #0000ff;\"><a style=\"color: #0000ff;\" href=\"https:\/\/ulpmat.com\/de\/unternehmen\/faqs\/\"><span style=\"font-size: 14pt;\">H\u00e4ufig gestellte Fragen<\/span><\/a><\/span><\/h2>\n<p>F1: In welchen Branchen werden Zinkoxid-Sputter-Targets verwendet?<br \/>\nA1: Weit verbreitet in der Optoelektronik, Solarenergie, bei Displays und Sensoren, insbesondere in transparenten leitf\u00e4higen Schichten und Solarzellen.<\/p>\n<p>F2: Welche Reinheitsanforderungen gelten f\u00fcr Zinkoxid-Sputter-Targets?<br \/>\nA2: Wir bieten Targets mit einer Reinheit von 99,95 % an, die den Anforderungen von hochwertigen elektronischen und optoelektronischen Ger\u00e4ten entsprechen.<\/p>\n<p>F3: K\u00f6nnen Gr\u00f6\u00dfe und Form von Zinkoxid-Targets individuell angepasst werden?<br \/>\nA3: Ja, wir k\u00f6nnen Gr\u00f6\u00dfe und Form der Targets entsprechend den Kundenanforderungen anpassen, um sie an die Anforderungen verschiedener Ger\u00e4te anzupassen.<\/p>\n<p>F4: Sind Zinkoxid-Targets f\u00fcr die Niedertemperaturbeschichtung geeignet?<br \/>\nA4: Ja, sie eignen sich f\u00fcr Niedertemperaturbeschichtungsprozesse, insbesondere f\u00fcr die Niedertemperatur-D\u00fcnnschichtbeschichtung, und gew\u00e4hrleisten die Qualit\u00e4t und Stabilit\u00e4t der Schicht.<\/p>\n<h2><span style=\"font-size: 14pt;\">Berichte<\/span><\/h2>\n<p>Jede Charge wird geliefert mit:<br \/>\n<span style=\"color: #0000ff;\"><a style=\"color: #0000ff;\" href=\"https:\/\/ulpmat.com\/de\/dokumente\/zertifikat-der-analyse\/\"><u>Analysezertifikat (COA)<\/u><\/a><\/span><\/p>\n<p><span style=\"color: #0000ff;\"><a style=\"color: #0000ff;\" href=\"https:\/\/ulpmat.com\/de\/dokumente\/technisches-datenblatt\/\"><u>Technisches Datenblatt (TDS)<\/u><\/a><\/span><\/p>\n<p><span style=\"color: #0000ff;\"><a style=\"color: #0000ff;\" href=\"https:\/\/ulpmat.com\/de\/dokumente\/sicherheitsdatenblatt\/\"><u>Sicherheitsdatenblatt (MSDS)<\/u><\/a><\/span><br \/>\nTestberichte von Drittanbietern auf Anfrage erh\u00e4ltlich<\/p>\n<h2><span style=\"font-size: 14pt;\">Warum sollten Sie sich f\u00fcr uns entscheiden?<\/span><\/h2>\n<p>Wir bieten hochreine, ma\u00dfgeschneiderte ZnO-Sputter-Targets sowie umfassenden technischen Support und Berichte, um zum Erfolg Ihrer Projekte beizutragen.<\/p>\n","protected":false},"excerpt":{"rendered":"<p>\u00dcbersicht \u00fcber Zinkoxid-Sputtertargets Zinkoxid -Sputtertargets werden h\u00e4ufig in Hightech-Bereichen wie optoelektronischen Ger\u00e4ten, transparenten leitf\u00e4higen Folien und Solarzellen eingesetzt und weisen hervorragende elektrische und optische Eigenschaften auf. Wir bieten hochreine ZnO-Sputtertargets, die f\u00fcr verschiedene D\u00fcnnschichtbeschichtungsanwendungen geeignet sind und Ihnen helfen, die Leistung und Stabilit\u00e4t Ihrer Produkte zu verbessern. Kontaktieren Sie uns f\u00fcr weiteren technischen Support und [&hellip;]<\/p>\n","protected":false},"featured_media":33037,"template":"","meta":{"_acf_changed":false},"product_brand":[132],"product_cat":[451,1198],"product_tag":[3330],"class_list":{"0":"post-33036","1":"product","2":"type-product","3":"status-publish","4":"has-post-thumbnail","6":"product_brand-ulpmat","7":"product_cat-keramisches-sputtering-target","8":"product_cat-transparente-leitfahige-oxide-tcos","9":"product_tag-zinkoxid-sputtering-target","11":"first","12":"instock","13":"shipping-taxable","14":"product-type-variable"},"acf":[],"_links":{"self":[{"href":"https:\/\/ulpmat.com\/de\/wp-json\/wp\/v2\/product\/33036","targetHints":{"allow":["GET"]}}],"collection":[{"href":"https:\/\/ulpmat.com\/de\/wp-json\/wp\/v2\/product"}],"about":[{"href":"https:\/\/ulpmat.com\/de\/wp-json\/wp\/v2\/types\/product"}],"wp:featuredmedia":[{"embeddable":true,"href":"https:\/\/ulpmat.com\/de\/wp-json\/wp\/v2\/media\/33037"}],"wp:attachment":[{"href":"https:\/\/ulpmat.com\/de\/wp-json\/wp\/v2\/media?parent=33036"}],"wp:term":[{"taxonomy":"product_brand","embeddable":true,"href":"https:\/\/ulpmat.com\/de\/wp-json\/wp\/v2\/product_brand?post=33036"},{"taxonomy":"product_cat","embeddable":true,"href":"https:\/\/ulpmat.com\/de\/wp-json\/wp\/v2\/product_cat?post=33036"},{"taxonomy":"product_tag","embeddable":true,"href":"https:\/\/ulpmat.com\/de\/wp-json\/wp\/v2\/product_tag?post=33036"}],"curies":[{"name":"wp","href":"https:\/\/api.w.org\/{rel}","templated":true}]}}