{"id":32554,"date":"2025-12-12T13:26:14","date_gmt":"2025-12-12T05:26:14","guid":{"rendered":"https:\/\/ulpmat.com\/product\/zink-zinn-legierung\/"},"modified":"2025-12-12T13:26:14","modified_gmt":"2025-12-12T05:26:14","slug":"zink-zinn-legierung","status":"publish","type":"product","link":"https:\/\/ulpmat.com\/de\/produkt\/zink-zinn-legierung\/","title":{"rendered":"Zink-Zinn-Legierung"},"content":{"rendered":"<h2><span style=\"font-size: 14pt;\">\u00dcbersicht \u00fcber rotierende Targets aus Zink-Zinn-Legierung<\/span><\/h2>\n<p>Rotierende Targets<br \/>\n<span style=\"color: #0000ff;\"><a style=\"color: #0000ff;\" href=\"https:\/\/ulpmat.com\/de\/search\/?type=name&#038;keyword=Zinc+Tin+Alloy\">aus Zink-Zinn-Legierung<\/a><\/span><br \/>\nsind r\u00f6hrenf\u00f6rmige Metalllegierungstargets, die durch Legieren von Zink (Zn) und Zinn (Sn) in einem bestimmten Verh\u00e4ltnis hergestellt werden. Im Vergleich zu flachen Targets bieten rotierende Targets eine gr\u00f6\u00dfere effektive Sputterfl\u00e4che und eine h\u00f6here Materialausnutzung. Sie wurden speziell f\u00fcr Magnetron-Sputterbeschichtungsanlagen entwickelt und erzielen durch ihre hohe Rotationsgeschwindigkeit eine gleichm\u00e4\u00dfige und stabile Filmabscheidung. Sie sind die ideale Wahl f\u00fcr die effiziente Herstellung von Vorl\u00e4uferfilmen aus transparentem leitf\u00e4higem Oxid (TCO), funktionalen Legierungsbeschichtungen und spezifischen Plattierungsschichten.<\/p>\n<p>Wir bieten ma\u00dfgeschneiderte Rotationstargets aus Zink-Zinn-Legierung in verschiedenen L\u00e4ngen, Durchmessern und Zn\/Sn-Atomverh\u00e4ltnissen an. <span style=\"color: #0000ff;\"><a style=\"color: #0000ff;\" href=\"https:\/\/ulpmat.com\/de\/kontakt-us\/\">Kontaktieren Sie uns<\/a><\/span><br \/>\nf\u00fcr ma\u00dfgeschneiderte Produkte.<\/p>\n<h2><span style=\"font-size: 14pt;\">Produkt-Highlights<\/span><\/h2>\n<p>Anpassbare Legierungszusammensetzungsverh\u00e4ltnisse<br \/>\nHochreine Metalllegierungen<br \/>\nHohe Materialausnutzung und Abscheidungseffizienz<br \/>\nHervorragende Filmgleichm\u00e4\u00dfigkeit<br \/>\nStandardm\u00e4\u00dfige Integration von Rohrwellen verf\u00fcgbar<\/p>\n<h2><span style=\"font-size: 14pt;\">Anwendungen von Drehzielen aus Zink-Zinn-Legierungen<\/span><\/h2>\n<p>Gro\u00dffl\u00e4chige transparente leitf\u00e4hige Filme: Erm\u00f6glicht die effiziente Abscheidung von transparenten leitf\u00e4higen Schichten aus Zink-Zinn-Oxid f\u00fcr die gro\u00dffl\u00e4chige kontinuierliche Beschichtung, die in gro\u00dfen Touchscreens und intelligenten Fenstern verwendet werden.<br \/>\nHocheffiziente energiesparende Beschichtungsanlagen: Einsatz in Produktionslinien f\u00fcr beschichtetes Glas und Funktionsglas, um gleichm\u00e4\u00dfige und stabile Legierungs- oder Oxidbeschichtungen zur Steigerung der Linieneffizienz zu erzielen.<br \/>\nLegierungsschutz- und Dekorbeschichtungen: Effiziente Abscheidung korrosionsbest\u00e4ndiger Zink-Zinn-Legierungs-Dekor- und Schutzbeschichtungen auf Metall- oder Kunststoffsubstraten.<br \/>\nFortschrittliche PV- und Display-Technologie: Wird zur Herstellung von Pufferschichten f\u00fcr Kupfer-Zink-Zinn-Schwefel-Selen-D\u00fcnnschicht-Solarzellen oder Funktionsfolien f\u00fcr Display-Panels der n\u00e4chsten Generation verwendet.<\/p>\n<h2><span style=\"color: #0000ff;\"><a style=\"color: #0000ff;\" href=\"https:\/\/ulpmat.com\/de\/unternehmen\/faqs\/\"><span style=\"font-size: 14pt;\">H\u00e4ufig gestellte Fragen<\/span><\/a><\/span><\/h2>\n<p>F1: Was sind die Hauptunterschiede zwischen rotierenden Targets und planaren Targets?<br \/>\nA1: Sie unterscheiden sich in Form, Effizienz und Lebensdauer. Rotierende Targets sind r\u00f6hrenf\u00f6rmig und bieten eine h\u00f6here Materialausnutzung, eine l\u00e4ngere Lebensdauer und eignen sich f\u00fcr gro\u00dffl\u00e4chige, kontinuierliche Beschichtungen mit hoher Geschwindigkeit. Flache Targets sind plattenf\u00f6rmig und haben eine einfachere Struktur.<\/p>\n<p>F2: Wie w\u00e4hle ich die geeignete Gr\u00f6\u00dfe und das geeignete Verh\u00e4ltnis aus?<br \/>\nA2: Dies h\u00e4ngt von Ihrer Ausr\u00fcstung und Ihrem Verfahren ab. Die Gr\u00f6\u00dfe muss mit der Drehzielpistole in Ihrer Beschichtungsmaschine \u00fcbereinstimmen. Das Zn\/Sn-Verh\u00e4ltnis muss anhand der Anforderungen an die Zielschichtleistung (z. B. Leitf\u00e4higkeit, Lichtdurchl\u00e4ssigkeit) experimentell optimiert werden.<\/p>\n<p>F3: Gibt es besondere Anforderungen an die Installation oder Verwendung?<br \/>\nA3: Bei der Installation muss die koaxiale Ausrichtung mit der Sputterpistole und eine sichere K\u00fchlwasserabdichtung gew\u00e4hrleistet sein. Der Betrieb erfordert eine stabile Rotation und eine ausreichende K\u00fchlung, um optimale Abscheidungsergebnisse und eine optimale Lebensdauer des Targets zu erzielen.<\/p>\n<p>F4: Was sind die Vorteile von Rotationstargets?<br \/>\nA4: Die Hauptvorteile sind eine hohe Materialausnutzung und eine ausgezeichnete Filmgleichm\u00e4\u00dfigkeit, wodurch sie sich besonders f\u00fcr die gro\u00dffl\u00e4chige industrielle Produktion eignen, die eine hohe Filmkonsistenz erfordert.<\/p>\n<h2><span style=\"font-size: 14pt;\">Bericht<\/span><\/h2>\n<p>Jede Charge wird geliefert mit:<br \/>\n<span style=\"color: #0000ff;\"><a style=\"color: #0000ff;\" href=\"https:\/\/ulpmat.com\/de\/dokumente\/zertifikat-der-analyse\/\"><u>Analysezertifikat (COA)<\/u><\/a><\/span><\/p>\n<p><span style=\"color: #0000ff;\"><a style=\"color: #0000ff;\" href=\"https:\/\/ulpmat.com\/de\/dokumente\/technisches-datenblatt\/\"><u>Technisches Datenblatt (TDS)<\/u><\/a><\/span><\/p>\n<p><span style=\"color: #0000ff;\"><a style=\"color: #0000ff;\" href=\"https:\/\/ulpmat.com\/de\/dokumente\/sicherheitsdatenblatt\/\"><u>Sicherheitsdatenblatt (MSDS)<\/u><\/a><\/span><br \/>\nPr\u00fcfberichte von Drittanbietern sind auf Anfrage erh\u00e4ltlich<\/p>\n<h2><span style=\"font-size: 14pt;\">Warum sollten Sie sich f\u00fcr uns entscheiden?<\/span><\/h2>\n<p>Wir bieten nicht nur hochwertige kundenspezifische Rotationsziele aus Legierungen, sondern auch umfassenden technischen Support \u2013 von der Zielauswahl und Installation bis zur Prozessoptimierung \u2013 und nutzen dabei unsere umfangreiche Erfahrung.<\/p>\n","protected":false},"excerpt":{"rendered":"<p>\u00dcbersicht \u00fcber rotierende Targets aus Zink-Zinn-Legierung Rotierende Targets aus Zink-Zinn-Legierung sind r\u00f6hrenf\u00f6rmige Metalllegierungstargets, die durch Legieren von Zink (Zn) und Zinn (Sn) in einem bestimmten Verh\u00e4ltnis hergestellt werden. Im Vergleich zu flachen Targets bieten rotierende Targets eine gr\u00f6\u00dfere effektive Sputterfl\u00e4che und eine h\u00f6here Materialausnutzung. Sie wurden speziell f\u00fcr Magnetron-Sputterbeschichtungsanlagen entwickelt und erzielen durch ihre hohe [&hellip;]<\/p>\n","protected":false},"featured_media":32555,"template":"","meta":{"_acf_changed":false},"product_brand":[132],"product_cat":[562,466],"product_tag":[3240],"class_list":{"0":"post-32554","1":"product","2":"type-product","3":"status-publish","4":"has-post-thumbnail","6":"product_brand-ulpmat","7":"product_cat-legierung-sputtering-target","8":"product_cat-rotierende-zielscheiben","9":"product_tag-zink-zinn-legierung-drehscheibe","11":"first","12":"instock","13":"shipping-taxable","14":"product-type-variable"},"acf":[],"_links":{"self":[{"href":"https:\/\/ulpmat.com\/de\/wp-json\/wp\/v2\/product\/32554","targetHints":{"allow":["GET"]}}],"collection":[{"href":"https:\/\/ulpmat.com\/de\/wp-json\/wp\/v2\/product"}],"about":[{"href":"https:\/\/ulpmat.com\/de\/wp-json\/wp\/v2\/types\/product"}],"wp:featuredmedia":[{"embeddable":true,"href":"https:\/\/ulpmat.com\/de\/wp-json\/wp\/v2\/media\/32555"}],"wp:attachment":[{"href":"https:\/\/ulpmat.com\/de\/wp-json\/wp\/v2\/media?parent=32554"}],"wp:term":[{"taxonomy":"product_brand","embeddable":true,"href":"https:\/\/ulpmat.com\/de\/wp-json\/wp\/v2\/product_brand?post=32554"},{"taxonomy":"product_cat","embeddable":true,"href":"https:\/\/ulpmat.com\/de\/wp-json\/wp\/v2\/product_cat?post=32554"},{"taxonomy":"product_tag","embeddable":true,"href":"https:\/\/ulpmat.com\/de\/wp-json\/wp\/v2\/product_tag?post=32554"}],"curies":[{"name":"wp","href":"https:\/\/api.w.org\/{rel}","templated":true}]}}