{"id":32010,"date":"2025-12-18T17:49:49","date_gmt":"2025-12-18T09:49:49","guid":{"rendered":"https:\/\/ulpmat.com\/product\/kupfer-metall\/"},"modified":"2025-12-18T17:49:49","modified_gmt":"2025-12-18T09:49:49","slug":"kupfer-metall","status":"publish","type":"product","link":"https:\/\/ulpmat.com\/de\/produkt\/kupfer-metall\/","title":{"rendered":"Kupfer Metall"},"content":{"rendered":"<h2><span style=\"font-size: 14pt;\">\u00dcbersicht \u00fcber rotierende Kupfermetalltargets<\/span><\/h2>\n<p>Rotierende Kupfermetalltargets werden in erster Linie in gro\u00dffl\u00e4chigen, lang andauernden kontinuierlichen Sputterprozessen eingesetzt und eignen sich f\u00fcr die Herstellung von leitf\u00e4higen D\u00fcnnschichten mit hoher Abscheidungseffizienz.<\/p>\n<p>Wir k\u00f6nnen die Struktur und die Parameter des rotierenden Targets entsprechend der Anlagengr\u00f6\u00dfe und den Prozessanforderungen anpassen und unterst\u00fctzen Sie bei der technischen Zusammenarbeit und der \u00dcberpr\u00fcfung von Mustern. Bitte <span style=\"color: #0000ff;\"><a style=\"color: #0000ff;\" href=\"https:\/\/ulpmat.com\/de\/kontakt-us\/\">kontaktieren Sie uns<\/a><\/span><br \/>\nf\u00fcr L\u00f6sungen.<\/p>\n<h2><span style=\"font-size: 14pt;\">Produkt-Highlights<\/span><\/h2>\n<p>Hochreines Kupfer als Rohmaterial<br \/>\nHohe Ausnutzungsrate der rotierenden Struktur<br \/>\nAusgezeichnete W\u00e4rmeleitf\u00e4higkeit<br \/>\nStabile Filmzusammensetzung<br \/>\nGeeignet f\u00fcr die industrielle Serienfertigung<br \/>\n<span style=\"color: #0000ff;\"><a style=\"color: #0000ff;\" href=\"https:\/\/ulpmat.com\/de\/kontakt-us\/\">Anpassbare<\/a><\/span><br \/>\nL\u00e4nge und Durchmesser<\/p>\n<h2><span style=\"font-size: 14pt;\">Anwendungen von Kupfer-Metall-Rotationszielen<\/span><\/h2>\n<p>Beschichtung von Flachbildschirmen: Wird zur Herstellung von leitf\u00e4higen Leitungen und Funktionsschichten verwendet und erf\u00fcllt die Anforderungen f\u00fcr eine gleichm\u00e4\u00dfige Abscheidung auf gro\u00dfformatigen Substraten.<br \/>\n<span style=\"color: #0000ff;\"><a style=\"color: #0000ff;\" href=\"https:\/\/ulpmat.com\/de\/anwendung\/halbleiter-materialien\/\">Halbleiter<\/a><\/span><br \/>\n-Verbindungsschichten: Geeignet f\u00fcr die Abscheidung von Kupfer-Metall-Verbindungsschichten, Prozesse, die eine hohe Stabilit\u00e4t und Wiederholbarkeit erfordern.<br \/>\n<span style=\"color: #0000ff;\"><a style=\"color: #0000ff;\" href=\"https:\/\/ulpmat.com\/de\/anwendung\/halbleiter-materialien\/\">Solarenergie<\/a><\/span><br \/>\nund Photovoltaik: Wird f\u00fcr die Herstellung von Elektroden- und Stromkollektorfilmen verwendet und unterst\u00fctzt den langfristigen Dauerbetrieb.<br \/>\nFunktionale Beschichtungen und industrielle Beschichtungen: Wird f\u00fcr gro\u00dffl\u00e4chige Abscheidungen f\u00fcr verschlei\u00dffeste, leitf\u00e4hige und dekorative Beschichtungen verwendet.<\/p>\n<h2><span style=\"font-size: 14pt; color: #0000ff;\">H\u00e4ufig gestellte Fragen<\/span><\/h2>\n<p>F1: Was sind die Vorteile eines rotierenden Targets gegen\u00fcber einem planaren Target?<br \/>\nA1: Rotierende Targets verbessern die Materialausnutzung erheblich und unterst\u00fctzen ein l\u00e4ngerfristig stabiles Sputtern.<\/p>\n<p>F2: Unterst\u00fctzt dieses Produkt kundenspezifische Gr\u00f6\u00dfen?<br \/>\nA2: Ja, Durchmesser, L\u00e4nge und Schnittstellenstruktur k\u00f6nnen je nach Ger\u00e4temodell angepasst werden.<\/p>\n<p>F3: F\u00fcr welche Sputteranlagen ist es geeignet?<br \/>\nA3: Wird haupts\u00e4chlich in Magnetron-Sputteranlagen verwendet, insbesondere in industriellen Rotationskathodenanlagen.<\/p>\n<p>F4: Welche Vorsichtsma\u00dfnahmen sollten beim Transport und bei der Lagerung getroffen werden?<br \/>\nA4: Verwenden Sie eine oxidationshemmende und sto\u00dffeste Verpackung. Es wird empfohlen, das Produkt in einer trockenen, versiegelten Umgebung zu lagern.<\/p>\n<h2><span style=\"font-size: 14pt;\">Berichte<\/span><\/h2>\n<p>Jede Charge wird mit folgenden Dokumenten geliefert:<br \/>\n<span style=\"color: #0000ff;\"><a style=\"color: #0000ff;\" href=\"https:\/\/ulpmat.com\/de\/dokumente\/zertifikat-der-analyse\/\"><u>Analysezertifikat (COA)<\/u><\/a><\/span><\/p>\n<p><span style=\"color: #0000ff;\"><a style=\"color: #0000ff;\" href=\"https:\/\/ulpmat.com\/de\/dokumente\/technisches-datenblatt\/\"><u>Technisches Datenblatt (TDS)<\/u><\/a><\/span><\/p>\n<p><span style=\"color: #0000ff;\"><a style=\"color: #0000ff;\" href=\"https:\/\/ulpmat.com\/de\/dokumente\/sicherheitsdatenblatt\/\"><u>Sicherheitsdatenblatt (MSDS)<\/u><\/a><\/span><br \/>\nTestberichte von Drittanbietern sind auf Anfrage erh\u00e4ltlich<\/p>\n<h2><span style=\"font-size: 14pt;\">. Warum sollten Sie sich f\u00fcr uns entscheiden?<\/span><\/h2>\n<p>Wir verf\u00fcgen \u00fcber umfangreiche Erfahrung in der Herstellung von Metalltargets und der Anpassung rotierender Targetstrukturen und bieten kontinuierliche und zuverl\u00e4ssige Unterst\u00fctzung von den Materialien \u00fcber die Verarbeitung bis hin zur Anwendungsanpassung, um unseren Kunden zu helfen, die Beschichtungseffizienz und Produktkonsistenz zu verbessern.<\/p>\n","protected":false},"excerpt":{"rendered":"<p>\u00dcbersicht \u00fcber rotierende Kupfermetalltargets Rotierende Kupfermetalltargets werden in erster Linie in gro\u00dffl\u00e4chigen, lang andauernden kontinuierlichen Sputterprozessen eingesetzt und eignen sich f\u00fcr die Herstellung von leitf\u00e4higen D\u00fcnnschichten mit hoher Abscheidungseffizienz. Wir k\u00f6nnen die Struktur und die Parameter des rotierenden Targets entsprechend der Anlagengr\u00f6\u00dfe und den Prozessanforderungen anpassen und unterst\u00fctzen Sie bei der technischen Zusammenarbeit und der [&hellip;]<\/p>\n","protected":false},"featured_media":32011,"template":"","meta":{"_acf_changed":false},"product_brand":[132],"product_cat":[278,466],"product_tag":[3156],"class_list":{"0":"post-32010","1":"product","2":"type-product","3":"status-publish","4":"has-post-thumbnail","6":"product_brand-ulpmat","7":"product_cat-metall-sputtering-target","8":"product_cat-rotierende-zielscheiben","9":"product_tag-kupfer-metall-drehscheibe","11":"first","12":"instock","13":"shipping-taxable","14":"product-type-variable"},"acf":[],"_links":{"self":[{"href":"https:\/\/ulpmat.com\/de\/wp-json\/wp\/v2\/product\/32010","targetHints":{"allow":["GET"]}}],"collection":[{"href":"https:\/\/ulpmat.com\/de\/wp-json\/wp\/v2\/product"}],"about":[{"href":"https:\/\/ulpmat.com\/de\/wp-json\/wp\/v2\/types\/product"}],"wp:featuredmedia":[{"embeddable":true,"href":"https:\/\/ulpmat.com\/de\/wp-json\/wp\/v2\/media\/32011"}],"wp:attachment":[{"href":"https:\/\/ulpmat.com\/de\/wp-json\/wp\/v2\/media?parent=32010"}],"wp:term":[{"taxonomy":"product_brand","embeddable":true,"href":"https:\/\/ulpmat.com\/de\/wp-json\/wp\/v2\/product_brand?post=32010"},{"taxonomy":"product_cat","embeddable":true,"href":"https:\/\/ulpmat.com\/de\/wp-json\/wp\/v2\/product_cat?post=32010"},{"taxonomy":"product_tag","embeddable":true,"href":"https:\/\/ulpmat.com\/de\/wp-json\/wp\/v2\/product_tag?post=32010"}],"curies":[{"name":"wp","href":"https:\/\/api.w.org\/{rel}","templated":true}]}}