{"id":31853,"date":"2025-12-18T17:49:51","date_gmt":"2025-12-18T09:49:51","guid":{"rendered":"https:\/\/ulpmat.com\/product\/kupferselenid-4\/"},"modified":"2025-12-18T17:49:51","modified_gmt":"2025-12-18T09:49:51","slug":"kupferselenid-4","status":"publish","type":"product","link":"https:\/\/ulpmat.com\/de\/produkt\/kupferselenid-4\/","title":{"rendered":"Kupferselenid"},"content":{"rendered":"<h2><span style=\"font-size: 14pt;\">\u00dcbersicht \u00fcber Kupferselenidpulver<\/span><\/h2>\n<p><span style=\"color: #0000ff;\"><a style=\"color: #0000ff;\" href=\"https:\/\/ulpmat.com\/de\/search\/?type=name&#038;keyword=Copper+selenide\">Kupferselenidpulver<\/a><\/span><br \/>\nist ein hochreines Kupferverbundmaterial, das h\u00e4ufig in optoelektronischen Materialien, Halbleiterbauelementen und Funktionsbeschichtungen verwendet wird.<\/p>\n<p>Wir bieten Kupferselenidpulver in verschiedenen Partikelgr\u00f6\u00dfen, Reinheitsgraden und Verpackungsspezifikationen an. Bitte <span style=\"color: #0000ff;\"><a style=\"color: #0000ff;\" href=\"https:\/\/ulpmat.com\/de\/kontakt-us\/\">kontaktieren Sie uns<\/a><\/span><br \/>\nf\u00fcr Muster oder ma\u00dfgeschneiderten <span style=\"color: #0000ff;\">t<a style=\"color: #0000ff;\" href=\"https:\/\/ulpmat.com\/de\/service\/technische-unterstuetzung\/\"><span style=\"color: #0000ff;\">e<\/span>chnischen Support.<\/a><\/span><\/p>\n<h2><span style=\"font-size: 14pt;\">Produkt-Highlights<\/span><\/h2>\n<p>Hohe Reinheit<br \/>\nGleichm\u00e4\u00dfige Partikelgr\u00f6\u00dfenverteilung<br \/>\nChemisch stabil<br \/>\nGeringer Gehalt an Verunreinigungen<br \/>\nEinfach zu verarbeiten und f\u00fcr D\u00fcnnschichten vorzubereiten<br \/>\nHohe Chargenkonsistenz<br \/>\nKleine Bestellmengen, reichlich Lagerbestand<\/p>\n<h2><span style=\"font-size: 14pt;\">Anwendungen von Kupferselenidpulver<\/span><\/h2>\n<p>Herstellung von photovoltaischen und optoelektronischen Materialien: Wird bei der Herstellung von Solarzellen und photoleitenden D\u00fcnnschichten verwendet und bietet eine ausgezeichnete photoelektrische Umwandlungseffizienz und Stabilit\u00e4t. Forschung und Entwicklung von Halbleiterbauelementen: Als p-Typ-Halbleitermaterial kann es bei der Erforschung neuer elektronischer Bauelemente und Funktionsmaterialien eingesetzt werden und gew\u00e4hrleistet eine stabile Bauelementleistung.<br \/>\nFunktionale Beschichtungen und industrielle Materialien: Wird zur Herstellung von leitf\u00e4higen, korrosionsbest\u00e4ndigen und speziellen funktionalen Beschichtungen verwendet und erh\u00f6ht den Mehrwert und die Lebensdauer von industriellen Materialien.<\/p>\n<h2><span style=\"color: #0000ff;\"><a style=\"color: #0000ff;\" href=\"https:\/\/ulpmat.com\/de\/unternehmen\/faqs\/\"><span style=\"font-size: 14pt;\">H\u00e4ufig gestellte Fragen<\/span><\/a><\/span><\/h2>\n<p>F1: Ist Kupferselenidpulver leicht oxidierbar oder zersetzbar?<br \/>\nA1: Das Pulver ist in Luft relativ stabil, aber l\u00e4ngere Einwirkung von hohen Temperaturen oder starkem Licht kann zu einer teilweisen Oxidation f\u00fchren. Es wird empfohlen, es in einem verschlossenen, lichtgesch\u00fctzten Beh\u00e4lter aufzubewahren.<\/p>\n<p>F2: Hat die Partikelgr\u00f6\u00dfe des Pulvers Einfluss auf die Anwendungsergebnisse?<br \/>\nA2: Die Partikelgr\u00f6\u00dfe wirkt sich direkt auf die Reaktionsgeschwindigkeit, die Gleichm\u00e4\u00dfigkeit der Schicht und die Materialeigenschaften aus. Je nach Verfahren sollte eine geeignete Partikelgr\u00f6\u00dfe ausgew\u00e4hlt werden.<\/p>\n<p>F3: Kann es f\u00fcr wissenschaftliche Forschungsexperimente in kleinen Chargen verwendet werden?<br \/>\nA3: Ja, wir k\u00f6nnen kleine Chargen oder kundenspezifische Produkte liefern, um den Anforderungen der Forschung und Entwicklung gerecht zu werden.<\/p>\n<p>F4: Kann Kupferselenidpulver mit anderen Materialien gemischt werden?<br \/>\nA4: Ja, es wird jedoch empfohlen, vor der Laminierung Tests in kleinem Ma\u00dfstab durchzuf\u00fchren, um die Stabilit\u00e4t der endg\u00fcltigen Materialeigenschaften sicherzustellen.<\/p>\n<h2><span style=\"font-size: 14pt;\">Berichte<\/span><\/h2>\n<p>Jede Charge wird mit folgenden Unterlagen geliefert:<br \/>\n<span style=\"color: #0000ff;\"><a style=\"color: #0000ff;\" href=\"https:\/\/ulpmat.com\/de\/dokumente\/zertifikat-der-analyse\/\"><u>Analysezertifikat (COA)<\/u><\/a><\/span><\/p>\n<p><span style=\"color: #0000ff;\"><a style=\"color: #0000ff;\" href=\"https:\/\/ulpmat.com\/de\/dokumente\/technisches-datenblatt\/\"><u>Technisches Datenblatt (TDS)<\/u><\/a><\/span><\/p>\n<p><span style=\"color: #0000ff;\"><a style=\"color: #0000ff;\" href=\"https:\/\/ulpmat.com\/de\/dokumente\/sicherheitsdatenblatt\/\"><u>Sicherheitsdatenblatt (MSDS)<\/u><\/a><\/span><br \/>\nTestberichte von Drittanbietern sind auf Anfrage erh\u00e4ltlich<\/p>\n<h2><span style=\"font-size: 14pt;\">. Warum sollten Sie sich f\u00fcr uns entscheiden?<\/span><\/h2>\n<p>Wir konzentrieren uns auf die <span style=\"color: #0000ff;\"><a style=\"color: #0000ff;\" href=\"https:\/\/ulpmat.com\/de\/unternehmen\/fe\/\">Forschung<\/a><\/span><br \/>\n<span style=\"color: #0000ff;\"><a style=\"color: #0000ff;\" href=\"https:\/\/ulpmat.com\/de\/unternehmen\/fe\/\">und<\/a><\/span><br \/>\n<span style=\"color: #0000ff;\"><a style=\"color: #0000ff;\" href=\"https:\/\/ulpmat.com\/de\/unternehmen\/fe\/\">Entwicklung<\/a><\/span><br \/>\nsowie die Lieferung von hochreinen anorganischen Funktionspulvern und kontrollieren streng die Rohstoffe, die Verarbeitung und die Chargenqualit\u00e4t, um die Stabilit\u00e4t und Zuverl\u00e4ssigkeit von Kupferselenidpulver in wissenschaftlichen, industriellen und optoelektronischen Anwendungen zu gew\u00e4hrleisten und unseren Kunden r\u00fcckverfolgbare, hochwertige Materiall\u00f6sungen zu bieten.<\/p>\n","protected":false},"excerpt":{"rendered":"<p>\u00dcbersicht \u00fcber Kupferselenidpulver Kupferselenidpulver ist ein hochreines Kupferverbundmaterial, das h\u00e4ufig in optoelektronischen Materialien, Halbleiterbauelementen und Funktionsbeschichtungen verwendet wird. Wir bieten Kupferselenidpulver in verschiedenen Partikelgr\u00f6\u00dfen, Reinheitsgraden und Verpackungsspezifikationen an. Bitte kontaktieren Sie uns f\u00fcr Muster oder ma\u00dfgeschneiderten technischen Support. Produkt-Highlights Hohe Reinheit Gleichm\u00e4\u00dfige Partikelgr\u00f6\u00dfenverteilung Chemisch stabil Geringer Gehalt an Verunreinigungen Einfach zu verarbeiten und f\u00fcr D\u00fcnnschichten [&hellip;]<\/p>\n","protected":false},"featured_media":31854,"template":"","meta":{"_acf_changed":false},"product_brand":[132],"product_cat":[670,1090],"product_tag":[2921],"class_list":{"0":"post-31853","1":"product","2":"type-product","3":"status-publish","4":"has-post-thumbnail","6":"product_brand-ulpmat","7":"product_cat-chalkogenid-materialien","8":"product_cat-chalkogenid-materialien-de","9":"product_tag-kupferselenid-pulver","11":"first","12":"instock","13":"shipping-taxable","14":"product-type-variable"},"acf":[],"_links":{"self":[{"href":"https:\/\/ulpmat.com\/de\/wp-json\/wp\/v2\/product\/31853","targetHints":{"allow":["GET"]}}],"collection":[{"href":"https:\/\/ulpmat.com\/de\/wp-json\/wp\/v2\/product"}],"about":[{"href":"https:\/\/ulpmat.com\/de\/wp-json\/wp\/v2\/types\/product"}],"wp:featuredmedia":[{"embeddable":true,"href":"https:\/\/ulpmat.com\/de\/wp-json\/wp\/v2\/media\/31854"}],"wp:attachment":[{"href":"https:\/\/ulpmat.com\/de\/wp-json\/wp\/v2\/media?parent=31853"}],"wp:term":[{"taxonomy":"product_brand","embeddable":true,"href":"https:\/\/ulpmat.com\/de\/wp-json\/wp\/v2\/product_brand?post=31853"},{"taxonomy":"product_cat","embeddable":true,"href":"https:\/\/ulpmat.com\/de\/wp-json\/wp\/v2\/product_cat?post=31853"},{"taxonomy":"product_tag","embeddable":true,"href":"https:\/\/ulpmat.com\/de\/wp-json\/wp\/v2\/product_tag?post=31853"}],"curies":[{"name":"wp","href":"https:\/\/api.w.org\/{rel}","templated":true}]}}