{"id":31793,"date":"2025-12-18T17:49:52","date_gmt":"2025-12-18T09:49:52","guid":{"rendered":"https:\/\/ulpmat.com\/product\/kupfer-tellurid-4\/"},"modified":"2025-12-18T17:49:52","modified_gmt":"2025-12-18T09:49:52","slug":"kupfer-tellurid-4","status":"publish","type":"product","link":"https:\/\/ulpmat.com\/de\/produkt\/kupfer-tellurid-4\/","title":{"rendered":"Kupfer-Tellurid"},"content":{"rendered":"<h2><span style=\"font-size: 14pt;\">\u00dcbersicht \u00fcber Kupfertelluridpulver<\/span><\/h2>\n<p><span style=\"color: #0000ff;\"><a style=\"color: #0000ff;\" href=\"https:\/\/ulpmat.com\/de\/search\/?type=name&#038;keyword=Copper+telluride\">Kupfertelluridpulver<\/a><\/span><br \/>\nist ein hochreines Kupferverbundmaterial, das h\u00e4ufig in optoelektronischen Ger\u00e4ten, Halbleitermaterialien und Funktionsbeschichtungen verwendet wird.<\/p>\n<p>Wir bieten Kupfertelluridpulver in verschiedenen Partikelgr\u00f6\u00dfen, Reinheitsgraden und Verpackungsspezifikationen an. Bitte <span style=\"color: #0000ff;\"><a style=\"color: #0000ff;\" href=\"https:\/\/ulpmat.com\/de\/kontakt-us\/\">kontaktieren Sie uns<\/a><\/span><br \/>\nf\u00fcr Muster oder ma\u00dfgeschneiderten<span style=\"color: #0000ff;\"><a style=\"color: #0000ff;\" href=\"https:\/\/ulpmat.com\/de\/service\/technische-unterstuetzung\/\"> technischen Support.<\/a><\/span><\/p>\n<h2><span style=\"font-size: 14pt;\">Produkt-Highlights<\/span><\/h2>\n<p>Hohe Reinheit<br \/>\nGleichm\u00e4\u00dfige Partikelgr\u00f6\u00dfenverteilung<br \/>\nChemisch stabil<br \/>\nGeringer Gehalt an Verunreinigungen<br \/>\nEinfach zu verarbeiten und f\u00fcr die Herstellung von D\u00fcnnschichten geeignet<br \/>\nHohe Chargenkonsistenz<br \/>\nKleine Bestellmengen, anpassbare Verpackung<br \/>\nGeeignet f\u00fcr Forschungs- und Industrieanwendungen<\/p>\n<h2><span style=\"font-size: 14pt;\">Anwendungen von Kupfertelluridpulver<\/span><\/h2>\n<p>Photovoltaik- und <span style=\"color: #0000ff;\"><a style=\"color: #0000ff;\" href=\"https:\/\/ulpmat.com\/de\/anwendung\/materialien-fuer-die-optik\/\">optoelektronische<\/a><\/span><br \/>\nMaterialien: Wird bei der Herstellung von Solarzellen und photoleitenden D\u00fcnnschichten verwendet, um die photoelektrische Umwandlungseffizienz und Materialstabilit\u00e4t zu verbessern. Entwicklung von<br \/>\n<span style=\"color: #0000ff;\"><\/span><br \/>\nHalbleiterbauelementen: Als funktionales Halbleitermaterialpulver kann es zur Entwicklung neuer elektronischer Bauelemente und Materialsysteme verwendet werden und gew\u00e4hrleistet eine zuverl\u00e4ssige Leistung.<br \/>\nFunktionsbeschichtungen und industrielle Materialien: Wird bei der Herstellung von leitf\u00e4higen, korrosionsbest\u00e4ndigen oder anderen speziellen Funktionsbeschichtungen verwendet, um den Mehrwert und die Lebensdauer von industriellen Materialien zu erh\u00f6hen.<br \/>\nForschung und Laborstudien: Geeignet f\u00fcr die Materialentwicklung und D\u00fcnnschichtversuche, um wiederholbare Versuchsdaten und kontrollierbare Schichteigenschaften zu gew\u00e4hrleisten.<\/p>\n<h2><span style=\"font-size: 14pt;\">H\u00e4ufig gestellte Fragen<\/span><\/h2>\n<p>F1: Ist Kupfertelluridpulver leicht oxidierbar?<br \/>\nA1: Das Pulver ist in Luft relativ stabil, es wird jedoch empfohlen, es in einer versiegelten, trockenen und lichtgesch\u00fctzten Umgebung zu lagern, um eine langfristige Stabilit\u00e4t zu gew\u00e4hrleisten.<\/p>\n<p>F2: Beeinflusst die Partikelgr\u00f6\u00dfe des Pulvers die Materialeigenschaften?<br \/>\nA2: Die Partikelgr\u00f6\u00dfe beeinflusst die Reaktionsgeschwindigkeit, die Gleichm\u00e4\u00dfigkeit der Schicht und die photoelektrischen Eigenschaften. Je nach Verfahren sollte eine geeignete Partikelgr\u00f6\u00dfe ausgew\u00e4hlt werden.<\/p>\n<p>F3: Kann es f\u00fcr Forschungsversuche in kleinen Chargen verwendet werden?<br \/>\nA3: Ja, wir k\u00f6nnen kleine Chargen oder kundenspezifische Spezifikationen anbieten, um den Anforderungen von Laboren und F&amp;E gerecht zu werden.<\/p>\n<p>F4: Kann Kupfertelluridpulver mit anderen Materialien gemischt werden?<br \/>\nA4: Ja, es wird jedoch empfohlen, zun\u00e4chst Tests in kleinem Ma\u00dfstab durchzuf\u00fchren, um die Stabilit\u00e4t des Verbundsystems sicherzustellen.<\/p>\n<h2><span style=\"font-size: 14pt;\">Berichte<\/span><\/h2>\n<p>Jede Charge wird mit folgenden<br \/>\n<span style=\"color: #0000ff;\"><a style=\"color: #0000ff;\" href=\"https:\/\/ulpmat.com\/de\/dokumente\/zertifikat-der-analyse\/\"><u>Unterlagen<\/u><\/a><\/span><br \/>\ngeliefert:<br \/>\n<span style=\"color: #0000ff;\"><a style=\"color: #0000ff;\" href=\"https:\/\/ulpmat.com\/de\/dokumente\/zertifikat-der-analyse\/\"><u>Analysezertifikat (COA)<\/u><\/a><\/span><\/p>\n<p><span style=\"color: #0000ff;\"><a style=\"color: #0000ff;\" href=\"https:\/\/ulpmat.com\/de\/dokumente\/technisches-datenblatt\/\"><u>Technisches Datenblatt (TDS)<\/u><\/a><\/span><\/p>\n<p><span style=\"color: #0000ff;\"><a style=\"color: #0000ff;\" href=\"https:\/\/ulpmat.com\/de\/dokumente\/sicherheitsdatenblatt\/\"><u>Sicherheitsdatenblatt (MSDS)<\/u><\/a><\/span><br \/>\nTestberichte von Drittanbietern sind auf Anfrage erh\u00e4ltlich<\/p>\n<h2><span style=\"font-size: 14pt;\">. Warum sollten Sie sich f\u00fcr uns entscheiden?<\/span><\/h2>\n<p>Wir konzentrieren uns auf die Forschung und Entwicklung sowie die Lieferung von hochreinen anorganischen Funktionspulvern und kontrollieren streng die Qualit\u00e4t der Rohstoffe, der Verarbeitung und der Chargen, um die Stabilit\u00e4t und Zuverl\u00e4ssigkeit von Kupfertelluridpulver in der wissenschaftlichen Forschung, in industriellen und optoelektronischen Anwendungen zu gew\u00e4hrleisten und unseren Kunden r\u00fcckverfolgbare, hochwertige Materiall\u00f6sungen anzubieten.<\/p>\n","protected":false},"excerpt":{"rendered":"<p>\u00dcbersicht \u00fcber Kupfertelluridpulver Kupfertelluridpulver ist ein hochreines Kupferverbundmaterial, das h\u00e4ufig in optoelektronischen Ger\u00e4ten, Halbleitermaterialien und Funktionsbeschichtungen verwendet wird. Wir bieten Kupfertelluridpulver in verschiedenen Partikelgr\u00f6\u00dfen, Reinheitsgraden und Verpackungsspezifikationen an. Bitte kontaktieren Sie uns f\u00fcr Muster oder ma\u00dfgeschneiderten technischen Support. Produkt-Highlights Hohe Reinheit Gleichm\u00e4\u00dfige Partikelgr\u00f6\u00dfenverteilung Chemisch stabil Geringer Gehalt an Verunreinigungen Einfach zu verarbeiten und f\u00fcr die [&hellip;]<\/p>\n","protected":false},"featured_media":31794,"template":"","meta":{"_acf_changed":false},"product_brand":[132],"product_cat":[670,1090],"product_tag":[2898],"class_list":{"0":"post-31793","1":"product","2":"type-product","3":"status-publish","4":"has-post-thumbnail","6":"product_brand-ulpmat","7":"product_cat-chalkogenid-materialien","8":"product_cat-chalkogenid-materialien-de","9":"product_tag-kupfertellurid-pulver","11":"first","12":"instock","13":"shipping-taxable","14":"product-type-variable"},"acf":[],"_links":{"self":[{"href":"https:\/\/ulpmat.com\/de\/wp-json\/wp\/v2\/product\/31793","targetHints":{"allow":["GET"]}}],"collection":[{"href":"https:\/\/ulpmat.com\/de\/wp-json\/wp\/v2\/product"}],"about":[{"href":"https:\/\/ulpmat.com\/de\/wp-json\/wp\/v2\/types\/product"}],"wp:featuredmedia":[{"embeddable":true,"href":"https:\/\/ulpmat.com\/de\/wp-json\/wp\/v2\/media\/31794"}],"wp:attachment":[{"href":"https:\/\/ulpmat.com\/de\/wp-json\/wp\/v2\/media?parent=31793"}],"wp:term":[{"taxonomy":"product_brand","embeddable":true,"href":"https:\/\/ulpmat.com\/de\/wp-json\/wp\/v2\/product_brand?post=31793"},{"taxonomy":"product_cat","embeddable":true,"href":"https:\/\/ulpmat.com\/de\/wp-json\/wp\/v2\/product_cat?post=31793"},{"taxonomy":"product_tag","embeddable":true,"href":"https:\/\/ulpmat.com\/de\/wp-json\/wp\/v2\/product_tag?post=31793"}],"curies":[{"name":"wp","href":"https:\/\/api.w.org\/{rel}","templated":true}]}}