{"id":31481,"date":"2025-12-19T16:46:44","date_gmt":"2025-12-19T08:46:44","guid":{"rendered":"https:\/\/ulpmat.com\/product\/kupfer-chrom-legierung\/"},"modified":"2025-12-19T16:46:44","modified_gmt":"2025-12-19T08:46:44","slug":"kupfer-chrom-legierung","status":"publish","type":"product","link":"https:\/\/ulpmat.com\/de\/produkt\/kupfer-chrom-legierung\/","title":{"rendered":"Kupfer-Chrom-Legierung"},"content":{"rendered":"<h2><span style=\"font-size: 14pt;\">\u00dcbersicht \u00fcber Sputtertargets aus Kupfer-Chrom-Legierungen<\/span><\/h2>\n<p>Sputtertargets<br \/>\n<span style=\"color: #0000ff;\"><a style=\"color: #0000ff;\" href=\"https:\/\/ulpmat.com\/de\/search\/?type=name&#038;keyword=Copper+chromium\">aus Kupfer-Chrom-Legierungen<\/a><\/span><br \/>\nsind Legierungstargets, die Leitf\u00e4higkeit und Hitzebest\u00e4ndigkeit in Einklang bringen und vor allem in physikalischen Gasphasenabscheidungsverfahren f\u00fcr elektronische Ger\u00e4te und funktionelle D\u00fcnnschichten verwendet werden.<\/p>\n<p>Wir bieten Sputtertargets mit unterschiedlichen Kupfer-Chrom-Verh\u00e4ltnissen und in verschiedenen Gr\u00f6\u00dfen an und unterst\u00fctzen kundenspezifische Verarbeitung und <span style=\"color: #0000ff;\"><a style=\"color: #0000ff;\" href=\"https:\/\/ulpmat.com\/de\/service\/technische-unterstuetzung\/\">technische<\/a><\/span><br \/>\nZusammenarbeit. Bitte<span style=\"color: #0000ff;\"><a style=\"color: #0000ff;\" href=\"https:\/\/ulpmat.com\/de\/kontakt-us\/\"> kontaktieren Sie uns<\/a><\/span><br \/>\nf\u00fcr detaillierte L\u00f6sungen.<\/p>\n<h2><span style=\"font-size: 14pt;\">Produkt-Highlights<\/span><\/h2>\n<p>Gleichm\u00e4\u00dfige Verteilung der Legierungszusammensetzung<br \/>\nStabile Leitf\u00e4higkeit<br \/>\nHohe Temperatur- und Sputterbest\u00e4ndigkeit<br \/>\nHohe Oberfl\u00e4chendichte des Targets<br \/>\nGute Filmhaftung<br \/>\nKompatibel mit verschiedenen Sputtersystemen<br \/>\nUnterst\u00fctzt runde, rechteckige und unregelm\u00e4\u00dfige Formen<\/p>\n<h2><span style=\"font-size: 14pt;\">Anwendungen von Kupfer-Chrom-Sputter-Targets<\/span><\/h2>\n<p>Halbleiterverbindungen und funktionelle D\u00fcnnschichten: Werden zum Aufbringen von leitf\u00e4higen oder funktionellen Metallfilmen verwendet, um die Anforderungen an Stabilit\u00e4t und Konsistenz von integrierten Schaltkreisen zu erf\u00fcllen.<br \/>\nElektrische Kontakte und verschlei\u00dffeste Beschichtungen: Wird in elektrischen Kontaktmaterialien und verschlei\u00dffesten Filmen verwendet, um Leitf\u00e4higkeit und Lebensdauer in Einklang zu bringen.<br \/>\nIndustrieller Schutz und funktionelle Beschichtungen: Geeignet f\u00fcr die Herstellung von hitzebest\u00e4ndigen, korrosionsbest\u00e4ndigen oder zusammengesetzten funktionellen D\u00fcnnschichten, die die Oberfl\u00e4cheneigenschaften von Industriekomponenten verbessern.<br \/>\nWissenschaftliche Forschung und D\u00fcnnschichtverarbeitung: Weit verbreitet in der Erforschung neuartiger Legierungsd\u00fcnnschichten und Materialeigenschaften, um die Wiederholbarkeit von Experimenten und die Kontrollierbarkeit der Schichten zu gew\u00e4hrleisten.<\/p>\n<h2><span style=\"color: #0000ff;\"><a style=\"color: #0000ff;\" href=\"https:\/\/ulpmat.com\/de\/unternehmen\/faqs\/\"><span style=\"font-size: 14pt;\">H\u00e4ufig gestellte Fragen<\/span><\/a><\/span><\/h2>\n<p>F1: Was sind die Vorteile von CuCr-Targets gegen\u00fcber reinen Kupfer-Targets?<br \/>\nA1: Durch die Zugabe von Chrom werden die Hitzebest\u00e4ndigkeit und die Migrationsbest\u00e4ndigkeit deutlich verbessert, wodurch die Schicht unter Hochtemperaturbedingungen stabiler wird.<\/p>\n<p>F2: Ist dieses Legierungs-Target f\u00fcr DC- oder RF-Sputtern geeignet?<br \/>\nA2: Aufgrund der guten Leitf\u00e4higkeit der Legierung ist DC-Sputtern in der Regel ausreichend, um stabile Abscheidungsergebnisse zu erzielen.<\/p>\n<p>F3: Beeinflusst das Kupfer-Chrom-Verh\u00e4ltnis die Filmleistung?<br \/>\nA3: Ja, unterschiedliche Komponentenverh\u00e4ltnisse beeinflussen den spezifischen Widerstand, die H\u00e4rte und die Hitzebest\u00e4ndigkeit des Films. Das geeignete Verh\u00e4ltnis sollte je nach Anwendung ausgew\u00e4hlt werden.<\/p>\n<p>F4: Muss das Target vor der Verwendung vorbehandelt werden?<br \/>\nA4: Im Allgemeinen ist keine komplexe Behandlung erforderlich; eine einfache Reinigung ist ausreichend. Bei der ersten Verwendung kann eine kurze Vorsputterzeit durchgef\u00fchrt werden, um die Targetoberfl\u00e4che zu stabilisieren.<\/p>\n<h2><span style=\"font-size: 14pt;\">Berichte<\/span><\/h2>\n<p>Jede Charge wird geliefert mit:<br \/>\n<span style=\"color: #0000ff;\"><a style=\"color: #0000ff;\" href=\"https:\/\/ulpmat.com\/de\/dokumente\/zertifikat-der-analyse\/\"><u>Analysezertifikat (COA)<\/u><\/a><\/span><\/p>\n<p><span style=\"color: #0000ff;\"><a style=\"color: #0000ff;\" href=\"https:\/\/ulpmat.com\/de\/dokumente\/technisches-datenblatt\/\"><u>Technisches Datenblatt (TDS)<\/u><\/a><\/span><\/p>\n<p><span style=\"color: #0000ff;\"><a style=\"color: #0000ff;\" href=\"https:\/\/ulpmat.com\/de\/dokumente\/sicherheitsdatenblatt\/\"><u>Sicherheitsdatenblatt (MSDS)<\/u><\/a><\/span><br \/>\nTestberichte von Drittanbietern sind auf Anfrage erh\u00e4ltlich<\/p>\n<h2><span style=\"font-size: 14pt;\">Warum uns w\u00e4hlen?<\/span><\/h2>\n<p>Wir konzentrieren uns seit langem auf die Herstellung und Qualit\u00e4tskontrolle von Sputtertargets aus Legierungen. Von der Rohstoffdosierung bis hin zu den Verdichtungsprozessen der Targets kontrollieren wir streng alle Aspekte, um sicherzustellen, dass unsere Targets aus Kupfer-Chrom-Legierungen den Anforderungen der wissenschaftlichen Forschung und industriellen Anwendungen in Bezug auf Filmkonsistenz, Stabilit\u00e4t und Chargenzuverl\u00e4ssigkeit entsprechen.<\/p>\n","protected":false},"excerpt":{"rendered":"<p>\u00dcbersicht \u00fcber Sputtertargets aus Kupfer-Chrom-Legierungen Sputtertargets aus Kupfer-Chrom-Legierungen sind Legierungstargets, die Leitf\u00e4higkeit und Hitzebest\u00e4ndigkeit in Einklang bringen und vor allem in physikalischen Gasphasenabscheidungsverfahren f\u00fcr elektronische Ger\u00e4te und funktionelle D\u00fcnnschichten verwendet werden. Wir bieten Sputtertargets mit unterschiedlichen Kupfer-Chrom-Verh\u00e4ltnissen und in verschiedenen Gr\u00f6\u00dfen an und unterst\u00fctzen kundenspezifische Verarbeitung und technische Zusammenarbeit. Bitte kontaktieren Sie uns f\u00fcr detaillierte [&hellip;]<\/p>\n","protected":false},"featured_media":31482,"template":"","meta":{"_acf_changed":false},"product_brand":[132],"product_cat":[562],"product_tag":[3072],"class_list":{"0":"post-31481","1":"product","2":"type-product","3":"status-publish","4":"has-post-thumbnail","6":"product_brand-ulpmat","7":"product_cat-legierung-sputtering-target","8":"product_tag-kupfer-chrom-legierung-sputtering-target","10":"first","11":"instock","12":"shipping-taxable","13":"product-type-variable"},"acf":[],"_links":{"self":[{"href":"https:\/\/ulpmat.com\/de\/wp-json\/wp\/v2\/product\/31481","targetHints":{"allow":["GET"]}}],"collection":[{"href":"https:\/\/ulpmat.com\/de\/wp-json\/wp\/v2\/product"}],"about":[{"href":"https:\/\/ulpmat.com\/de\/wp-json\/wp\/v2\/types\/product"}],"wp:featuredmedia":[{"embeddable":true,"href":"https:\/\/ulpmat.com\/de\/wp-json\/wp\/v2\/media\/31482"}],"wp:attachment":[{"href":"https:\/\/ulpmat.com\/de\/wp-json\/wp\/v2\/media?parent=31481"}],"wp:term":[{"taxonomy":"product_brand","embeddable":true,"href":"https:\/\/ulpmat.com\/de\/wp-json\/wp\/v2\/product_brand?post=31481"},{"taxonomy":"product_cat","embeddable":true,"href":"https:\/\/ulpmat.com\/de\/wp-json\/wp\/v2\/product_cat?post=31481"},{"taxonomy":"product_tag","embeddable":true,"href":"https:\/\/ulpmat.com\/de\/wp-json\/wp\/v2\/product_tag?post=31481"}],"curies":[{"name":"wp","href":"https:\/\/api.w.org\/{rel}","templated":true}]}}