{"id":31403,"date":"2025-12-19T16:46:45","date_gmt":"2025-12-19T08:46:45","guid":{"rendered":"https:\/\/ulpmat.com\/product\/kupfer-eisen-legierung\/"},"modified":"2025-12-19T16:46:45","modified_gmt":"2025-12-19T08:46:45","slug":"kupfer-eisen-legierung","status":"publish","type":"product","link":"https:\/\/ulpmat.com\/de\/produkt\/kupfer-eisen-legierung\/","title":{"rendered":"Kupfer-Eisen-Legierung"},"content":{"rendered":"<h2><span style=\"font-size: 14pt;\">\u00dcbersicht \u00fcber Kupfer-Eisen-Sputtertargets<\/span><\/h2>\n<p><span style=\"color: #0000ff;\"><a style=\"color: #0000ff;\" href=\"https:\/\/ulpmat.com\/de\/search\/?type=name&#038;keyword=Copper+Iron\">Kupfer-Eisen<\/a><\/span><br \/>\n-Sputtertargets sind Targets aus einer Kupfer-Eisen-Legierung, die vor allem bei D\u00fcnnschichtbeschichtungen zum Einsatz kommen, bei denen ein Gleichgewicht zwischen Leitf\u00e4higkeit und struktureller Stabilit\u00e4t erforderlich ist.<\/p>\n<p>Wir bieten CuFe-Sputtertargets in verschiedenen Zusammensetzungsverh\u00e4ltnissen und Gr\u00f6\u00dfen an und unterst\u00fctzen Sie bei der kundenspezifischen Bearbeitung und <span style=\"color: #0000ff;\"><a style=\"color: #0000ff;\" href=\"https:\/\/ulpmat.com\/de\/service\/technische-unterstuetzung\/\">technischen<\/a><\/span><br \/>\nBeratung. F\u00fcr weitere Informationen <span style=\"color: #0000ff;\"><a style=\"color: #0000ff;\" href=\"https:\/\/ulpmat.com\/de\/anwendung\/halbleiter-materialien\/\">wenden Sie sich<\/a><\/span><br \/>\nbitte <span style=\"color: #0000ff;\"><a style=\"color: #0000ff;\" href=\"https:\/\/ulpmat.com\/de\/anwendung\/halbleiter-materialien\/\">an uns<\/a><\/span><br \/>\n.<\/p>\n<h2><span style=\"font-size: 14pt;\">Produkt-Highlights<\/span><\/h2>\n<p>Stabile Kupfer-Eisen-Legierungszusammensetzung<br \/>\nHohe Targetdichte<br \/>\nGleichm\u00e4\u00dfige Mikrostruktur<br \/>\nStabiler Sputterprozess<br \/>\nGute Wiederholbarkeit der Schicht<br \/>\nAusgewogenes Verh\u00e4ltnis zwischen Leitf\u00e4higkeit und mechanischen Eigenschaften<br \/>\nKompatibel mit verschiedenen Sputteranlagen<\/p>\n<h2><span style=\"font-size: 14pt;\">Anwendungen von CuFe-Sputter-Targets<\/span><\/h2>\n<p>Herstellung von elektronischen und funktionalen D\u00fcnnschichten: CuFe-Sputter-Targets k\u00f6nnen zur Herstellung von funktionalen Metall-D\u00fcnnschichten verwendet werden, die sowohl Leitf\u00e4higkeit als auch strukturelle Unterst\u00fctzung bieten.<br \/>\n<span style=\"color: #0000ff;\"><a style=\"color: #0000ff;\" href=\"https:\/\/ulpmat.com\/de\/anwendung\/halbleiter-materialien\/\">Halbleiter-<\/a><\/span><br \/>\nund Ger\u00e4teforschung: Wird h\u00e4ufig in der Ger\u00e4teentwicklung und Materialpr\u00fcfung eingesetzt, um die elektrischen und strukturellen Eigenschaften von D\u00fcnnschichten aus Kupfer-Eisen-Legierungen zu untersuchen.<br \/>\nMagnetabh\u00e4ngige oder Verbundleistungs-D\u00fcnnschichten: D\u00fcnnschichten aus Kupfer-Eisen-Legierungen k\u00f6nnen zur Entwicklung von D\u00fcnnschichtsystemen mit zusammengesetzten physikalischen Eigenschaften verwendet werden.<br \/>\nTechnische Experimente und Prozessoptimierung: Geeignet f\u00fcr Labor- und Pilotanwendungen zur \u00dcberpr\u00fcfung der D\u00fcnnschichtabscheidungseffekte unter verschiedenen Prozessparametern.<\/p>\n<h2><span style=\"color: #0000ff;\"><a style=\"color: #0000ff;\" href=\"https:\/\/ulpmat.com\/de\/unternehmen\/faqs\/\"><span style=\"font-size: 14pt;\">H\u00e4ufig gestellte Fragen<\/span><\/a><\/span><\/h2>\n<p>F1: F\u00fcr welche Sputtermethode ist das CuFe-Sputtertarget geeignet?<br \/>\nA1: Dieses Target kann je nach Anlage und Prozessdesign f\u00fcr Gleichstrom- oder Magnetron-Sputtern verwendet werden.<\/p>\n<p>F2: Beeinflusst das Kupfer-Eisen-Verh\u00e4ltnis die Filmleistung?<br \/>\nA2: Ja, unterschiedliche Verh\u00e4ltnisse wirken sich direkt auf die Leitf\u00e4higkeit, die strukturelle Stabilit\u00e4t und die damit verbundenen physikalischen Eigenschaften des Films aus.<\/p>\n<p>F3: Wie wirkt sich die Targetsdichte auf das Sputtern aus?<br \/>\nA3: Eine h\u00f6here Dichte tr\u00e4gt zur Verbesserung der Sputterstabilit\u00e4t und zur Verringerung der Partikelbildung bei.<\/p>\n<p>F4: Muss das Target vor der Verwendung speziell behandelt werden?<br \/>\nA4: Im Allgemeinen ist keine spezielle Behandlung erforderlich, es wird jedoch empfohlen, es unter sauberen Bedingungen zu installieren, um eine Verunreinigung der Oberfl\u00e4che zu vermeiden.<\/p>\n<h2><span style=\"font-size: 14pt;\">Berichte<\/span><\/h2>\n<p>Jede Charge wird mit folgenden Dokumenten geliefert:<br \/>\n<span style=\"color: #0000ff;\"><a style=\"color: #0000ff;\" href=\"https:\/\/ulpmat.com\/de\/dokumente\/zertifikat-der-analyse\/\"><u>Analysezertifikat (COA)<\/u><\/a><\/span><\/p>\n<p><span style=\"color: #0000ff;\"><a style=\"color: #0000ff;\" href=\"https:\/\/ulpmat.com\/de\/dokumente\/technisches-datenblatt\/\"><u>Technisches Datenblatt (TDS)<\/u><\/a><\/span><\/p>\n<p><span style=\"color: #0000ff;\"><a style=\"color: #0000ff;\" href=\"https:\/\/ulpmat.com\/de\/dokumente\/sicherheitsdatenblatt\/\"><u>Sicherheitsdatenblatt (MSDS)<\/u><\/a><\/span><br \/>\nTestberichte von Drittanbietern sind auf Anfrage erh\u00e4ltlich<\/p>\n<h2><span style=\"font-size: 14pt;\">. Warum sollten Sie sich f\u00fcr uns entscheiden?<\/span><\/h2>\n<p>Wir verf\u00fcgen \u00fcber stabile Vorbereitungs- und Verarbeitungsf\u00e4higkeiten im Bereich der Legierungs-Sputter-Targets, wodurch wir die Materialzusammensetzung und die innere Struktur streng kontrollieren k\u00f6nnen und unseren Kunden CuFe-Sputter-Targets mit ausgezeichneter Chargenkonsistenz und zuverl\u00e4ssiger Sputterleistung anbieten k\u00f6nnen.<\/p>\n","protected":false},"excerpt":{"rendered":"<p>\u00dcbersicht \u00fcber Kupfer-Eisen-Sputtertargets Kupfer-Eisen -Sputtertargets sind Targets aus einer Kupfer-Eisen-Legierung, die vor allem bei D\u00fcnnschichtbeschichtungen zum Einsatz kommen, bei denen ein Gleichgewicht zwischen Leitf\u00e4higkeit und struktureller Stabilit\u00e4t erforderlich ist. Wir bieten CuFe-Sputtertargets in verschiedenen Zusammensetzungsverh\u00e4ltnissen und Gr\u00f6\u00dfen an und unterst\u00fctzen Sie bei der kundenspezifischen Bearbeitung und technischen Beratung. F\u00fcr weitere Informationen wenden Sie sich bitte [&hellip;]<\/p>\n","protected":false},"featured_media":31404,"template":"","meta":{"_acf_changed":false},"product_brand":[132],"product_cat":[562],"product_tag":[3054],"class_list":{"0":"post-31403","1":"product","2":"type-product","3":"status-publish","4":"has-post-thumbnail","6":"product_brand-ulpmat","7":"product_cat-legierung-sputtering-target","8":"product_tag-kupfer-eisen-legierung-sputtering-target","10":"first","11":"instock","12":"shipping-taxable","13":"product-type-variable"},"acf":[],"_links":{"self":[{"href":"https:\/\/ulpmat.com\/de\/wp-json\/wp\/v2\/product\/31403","targetHints":{"allow":["GET"]}}],"collection":[{"href":"https:\/\/ulpmat.com\/de\/wp-json\/wp\/v2\/product"}],"about":[{"href":"https:\/\/ulpmat.com\/de\/wp-json\/wp\/v2\/types\/product"}],"wp:featuredmedia":[{"embeddable":true,"href":"https:\/\/ulpmat.com\/de\/wp-json\/wp\/v2\/media\/31404"}],"wp:attachment":[{"href":"https:\/\/ulpmat.com\/de\/wp-json\/wp\/v2\/media?parent=31403"}],"wp:term":[{"taxonomy":"product_brand","embeddable":true,"href":"https:\/\/ulpmat.com\/de\/wp-json\/wp\/v2\/product_brand?post=31403"},{"taxonomy":"product_cat","embeddable":true,"href":"https:\/\/ulpmat.com\/de\/wp-json\/wp\/v2\/product_cat?post=31403"},{"taxonomy":"product_tag","embeddable":true,"href":"https:\/\/ulpmat.com\/de\/wp-json\/wp\/v2\/product_tag?post=31403"}],"curies":[{"name":"wp","href":"https:\/\/api.w.org\/{rel}","templated":true}]}}