{"id":31348,"date":"2025-12-19T16:46:45","date_gmt":"2025-12-19T08:46:45","guid":{"rendered":"https:\/\/ulpmat.com\/product\/kupferi-jodid-3\/"},"modified":"2025-12-19T16:46:45","modified_gmt":"2025-12-19T08:46:45","slug":"kupferi-jodid-3","status":"publish","type":"product","link":"https:\/\/ulpmat.com\/de\/produkt\/kupferi-jodid-3\/","title":{"rendered":"Kupfer(I)-Jodid"},"content":{"rendered":"<h2><span style=\"font-size: 14pt;\">\u00dcbersicht \u00fcber Kupferiodid-Granulat<\/span><\/h2>\n<p><span style=\"color: #0000ff;\"><a style=\"color: #0000ff;\" href=\"https:\/\/ulpmat.com\/de\/search\/?type=name&#038;keyword=CuI\">Kupferiodid<\/a><\/span><br \/>\n-Granulat ist ein hochreines Kupferiodid-Pulver, das h\u00e4ufig in optoelektronischen Materialien, leitf\u00e4higen D\u00fcnnschichten und chemischen Reaktionskatalysatoren verwendet wird.<\/p>\n<p>Wir bieten CuI-Granulat in verschiedenen Partikelgr\u00f6\u00dfen und Verpackungsspezifikationen an und unterst\u00fctzen Sie mit ma\u00dfgeschneiderten Lieferungen und <span style=\"color: #0000ff;\"><a style=\"color: #0000ff;\" href=\"https:\/\/ulpmat.com\/de\/kontakt-us\/\">technischer<\/a><\/span><br \/>\nBeratung. Bitte <span style=\"color: #0000ff;\"><a style=\"color: #0000ff;\" href=\"https:\/\/ulpmat.com\/de\/kontakt-us\/\">kontaktieren Sie uns<\/a><\/span><br \/>\nf\u00fcr detaillierte L\u00f6sungen.<\/p>\n<h2><span style=\"font-size: 14pt;\">Produkt-Highlights<\/span><\/h2>\n<p>Hohe Reinheit, stabiler Gehalt<br \/>\nGleichm\u00e4\u00dfige Partikelgr\u00f6\u00dfe, gute Flie\u00dff\u00e4higkeit<br \/>\nHohe chemische Stabilit\u00e4t<br \/>\nLeicht l\u00f6sbar und verarbeitbar<br \/>\nZuverl\u00e4ssige Chargenkonsistenz<br \/>\nGeeignet f\u00fcr optoelektronische und elektronische Materialien<br \/>\nGeeignet f\u00fcr industrielle und wissenschaftliche Forschungsanwendungen<\/p>\n<h2><span style=\"font-size: 14pt;\">Anwendungen von Kupferiodid-Granulat<\/span><\/h2>\n<p><span style=\"color: #0000ff;\"><a style=\"color: #0000ff;\" href=\"https:\/\/ulpmat.com\/de\/anwendung\/materialien-fuer-die-optik\/\">Optoelektronische<\/a><\/span><br \/>\nund Halbleitermaterialien: CuI-Granulat wird h\u00e4ufig zur Herstellung transparenter leitf\u00e4higer D\u00fcnnschichten und optoelektronischer aktiver Schichten verwendet, um die Effizienz von Ger\u00e4ten zu verbessern.<br \/>\nChemische Reaktionen und Katalyse: Als Katalysator oder Reaktionszwischenprodukt kann CuI-Granulat an verschiedenen organischen Synthesereaktionen teilnehmen.<br \/>\nHerstellung leitf\u00e4higer D\u00fcnnschichten: In flexiblen oder transparenten elektronischen Materialien kann CuI-Granulat zur Herstellung leitf\u00e4higer Schichten verwendet werden, um die Leitf\u00e4higkeit zu verbessern.<\/p>\n<h2><span style=\"color: #0000ff;\"><a style=\"color: #0000ff;\" href=\"https:\/\/ulpmat.com\/de\/unternehmen\/faqs\/\"><span style=\"font-size: 14pt;\">H\u00e4ufig gestellte Fragen<\/span><\/a><\/span><\/h2>\n<p>F1: Ist CuI-Granulat in der Luft stabil?<br \/>\nA1: CuI ist relativ stabil gegen\u00fcber Luft, aber eine l\u00e4ngere Einwirkung von Feuchtigkeit kann dazu f\u00fchren, dass es Feuchtigkeit aufnimmt; daher sollte es in einem verschlossenen Beh\u00e4lter aufbewahrt werden.<\/p>\n<p>F2: Hat die Partikelgr\u00f6\u00dfe Auswirkungen auf die Anwendungen?<br \/>\nA2: Ja, das hat sie. Kleinere Partikelgr\u00f6\u00dfen lassen sich leichter dispergieren und aufl\u00f6sen, w\u00e4hrend gr\u00f6\u00dfere Partikel f\u00fcr bestimmte Pulverpress- oder Schmelzverfahren geeignet sind.<\/p>\n<p>F3: Kann es f\u00fcr die D\u00fcnnschichtabscheidung verwendet werden?<br \/>\nA3: Ja, CuI kann in der L\u00f6sungsverarbeitung oder thermischen Verdampfung zur Herstellung transparenter leitf\u00e4higer Schichten verwendet werden.<\/p>\n<p>F4: Wie lauten die Lagerungsanforderungen?<br \/>\nA4: Es wird empfohlen, es in einem verschlossenen, trockenen Beh\u00e4lter zu lagern und hohe Luftfeuchtigkeit und starkes Licht zu vermeiden, um die Partikelleistung zu erhalten.<\/p>\n<h2><span style=\"font-size: 14pt;\">Berichte<\/span><\/h2>\n<p>Jede Charge wird geliefert mit:<br \/>\n<span style=\"color: #0000ff;\"><a style=\"color: #0000ff;\" href=\"https:\/\/ulpmat.com\/de\/dokumente\/zertifikat-der-analyse\/\"><u>Analysezertifikat (COA)<\/u><\/a><\/span><\/p>\n<p><span style=\"color: #0000ff;\"><a style=\"color: #0000ff;\" href=\"https:\/\/ulpmat.com\/de\/dokumente\/technisches-datenblatt\/\"><u>Technisches Datenblatt (TDS)<\/u><\/a><\/span><\/p>\n<p><span style=\"color: #0000ff;\"><a style=\"color: #0000ff;\" href=\"https:\/\/ulpmat.com\/de\/dokumente\/sicherheitsdatenblatt\/\"><u>Sicherheitsdatenblatt (MSDS)<\/u><\/a><\/span><br \/>\nTestberichte von Drittanbietern sind auf Anfrage erh\u00e4ltlich<\/p>\n<h2><span style=\"font-size: 14pt;\">Warum sollten Sie sich f\u00fcr uns entscheiden?<\/span><\/h2>\n<p>Wir konzentrieren uns auf die Herstellung und Qualit\u00e4tskontrolle von hochreinen anorganischen chemischen Partikeln und kontrollieren Rohstoffe und Prozesse streng, um eine stabile Leistung und Chargenzuverl\u00e4ssigkeit von CuI-Partikeln in der wissenschaftlichen Forschung und in industriellen Anwendungen zu gew\u00e4hrleisten.<\/p>\n","protected":false},"excerpt":{"rendered":"<p>\u00dcbersicht \u00fcber Kupferiodid-Granulat Kupferiodid -Granulat ist ein hochreines Kupferiodid-Pulver, das h\u00e4ufig in optoelektronischen Materialien, leitf\u00e4higen D\u00fcnnschichten und chemischen Reaktionskatalysatoren verwendet wird. Wir bieten CuI-Granulat in verschiedenen Partikelgr\u00f6\u00dfen und Verpackungsspezifikationen an und unterst\u00fctzen Sie mit ma\u00dfgeschneiderten Lieferungen und technischer Beratung. Bitte kontaktieren Sie uns f\u00fcr detaillierte L\u00f6sungen. Produkt-Highlights Hohe Reinheit, stabiler Gehalt Gleichm\u00e4\u00dfige Partikelgr\u00f6\u00dfe, gute Flie\u00dff\u00e4higkeit [&hellip;]<\/p>\n","protected":false},"featured_media":31349,"template":"","meta":{"_acf_changed":false},"product_brand":[132],"product_cat":[299],"product_tag":[3036],"class_list":{"0":"post-31348","1":"product","2":"type-product","3":"status-publish","4":"has-post-thumbnail","6":"product_brand-ulpmat","7":"product_cat-verdampfen-von-materialien","8":"product_tag-kupferi-jodid-granulat","10":"first","11":"instock","12":"shipping-taxable","13":"product-type-variable"},"acf":[],"_links":{"self":[{"href":"https:\/\/ulpmat.com\/de\/wp-json\/wp\/v2\/product\/31348","targetHints":{"allow":["GET"]}}],"collection":[{"href":"https:\/\/ulpmat.com\/de\/wp-json\/wp\/v2\/product"}],"about":[{"href":"https:\/\/ulpmat.com\/de\/wp-json\/wp\/v2\/types\/product"}],"wp:featuredmedia":[{"embeddable":true,"href":"https:\/\/ulpmat.com\/de\/wp-json\/wp\/v2\/media\/31349"}],"wp:attachment":[{"href":"https:\/\/ulpmat.com\/de\/wp-json\/wp\/v2\/media?parent=31348"}],"wp:term":[{"taxonomy":"product_brand","embeddable":true,"href":"https:\/\/ulpmat.com\/de\/wp-json\/wp\/v2\/product_brand?post=31348"},{"taxonomy":"product_cat","embeddable":true,"href":"https:\/\/ulpmat.com\/de\/wp-json\/wp\/v2\/product_cat?post=31348"},{"taxonomy":"product_tag","embeddable":true,"href":"https:\/\/ulpmat.com\/de\/wp-json\/wp\/v2\/product_tag?post=31348"}],"curies":[{"name":"wp","href":"https:\/\/api.w.org\/{rel}","templated":true}]}}