{"id":31174,"date":"2025-12-19T16:46:47","date_gmt":"2025-12-19T08:46:47","guid":{"rendered":"https:\/\/ulpmat.com\/product\/kupfer-indium-gallium-selenid-cigs-2\/"},"modified":"2025-12-19T16:46:47","modified_gmt":"2025-12-19T08:46:47","slug":"kupfer-indium-gallium-selenid-cigs-2","status":"publish","type":"product","link":"https:\/\/ulpmat.com\/de\/produkt\/kupfer-indium-gallium-selenid-cigs-2\/","title":{"rendered":"Kupfer-Indium-Gallium-Selenid (CIGS)"},"content":{"rendered":"<h2><span style=\"font-size: 14pt;\">\u00dcbersicht \u00fcber Kupfer-Indium-Gallium-Selenid-Pulver<\/span><\/h2>\n<p><span style=\"color: #0000ff;\"><a style=\"color: #0000ff;\" href=\"https:\/\/ulpmat.com\/de\/search\/?type=name&#038;keyword=Copper+Indium+Gallium+Selenide\">Kupfer-Indium-Gallium-Selenid<\/a><\/span><br \/>\n-Pulver ist ein hochleistungsf\u00e4higes Photovoltaik- und Halbleitermaterial, das h\u00e4ufig in D\u00fcnnschicht-Solarzellen und Fotodetektoren verwendet wird.<\/p>\n<p>Wir bieten hochreine, <span style=\"color: #0000ff;\"><a style=\"color: #0000ff;\" href=\"https:\/\/ulpmat.com\/de\/service\/personalisierung\/\">individuell anpassbare<\/a><\/span><br \/>\nPulvermaterialien. Fragen Sie nach ma\u00dfgeschneiderten L\u00f6sungen.<\/p>\n<h2><span style=\"font-size: 14pt;\">Produkt-Highlights<\/span><\/h2>\n<p>Hohe Reinheit und stabile Leistung<br \/>\nGleichm\u00e4\u00dfige und kontrollierbare Partikelgr\u00f6\u00dfenverteilung<br \/>\nHervorragende photoelektrische Umwandlungseffizienz<br \/>\nMa\u00dfgeschneiderte Formulierungen und Prozesse werden unterst\u00fctzt<\/p>\n<h2><span style=\"font-size: 14pt;\">Anwendungen von Kupfer-Indium-Gallium-Selenid-Pulver<\/span><\/h2>\n<p>D\u00fcnnschicht-Solarzellen: Als Kernmaterial der lichtabsorbierenden Schicht verbessert es effektiv die photoelektrische Umwandlungseffizienz der Zelle.<br \/>\nFotodetektoren: Wird zur Herstellung von Hochleistungsdetektoren mit schneller Reaktion und hoher Empfindlichkeit verwendet.<br \/>\nAnzeige- und Lichtemissionsbereiche: Kann als wichtiges Funktionsschichtmaterial in neuartigen Anzeigetechnologien dienen.<br \/>\nForschung und Entwicklung: Bietet hochwertige Rohstoffe f\u00fcr die Spitzenforschung im Bereich neuer Materialien und Ger\u00e4te.<\/p>\n<h2><span style=\"color: #0000ff;\"><a style=\"color: #0000ff;\" href=\"https:\/\/ulpmat.com\/de\/unternehmen\/faqs\/\"><span style=\"font-size: 14pt;\">H\u00e4ufig gestellte Fragen<\/span><\/a><\/span><\/h2>\n<p>F1: Was sind die Hauptvorteile dieses Materials?<br \/>\nA1: Seine Hauptvorteile liegen in seinem hohen Lichtabsorptionskoeffizienten und seiner einstellbaren Bandl\u00fccke, wodurch es sich ideal f\u00fcr hocheffiziente optoelektronische Ger\u00e4te eignet.<\/p>\n<p>F2: Wie wird die Stabilit\u00e4t des Materials gew\u00e4hrleistet?<br \/>\nA2: Wir gew\u00e4hrleisten eine ausgezeichnete chemische und langfristige Lagerstabilit\u00e4t unserer Produkte durch streng kontrollierte Synthese- und Verpackungsprozesse.<\/p>\n<p>F3: K\u00f6nnen Sie Materialien mit unterschiedlichen Verh\u00e4ltnissen liefern?<br \/>\nA3: Ja, wir unterst\u00fctzen kundenspezifische Verh\u00e4ltnisse von Kupfer, Indium und Gallium, um unterschiedlichen Forschungs-, Entwicklungs- und Produktionsanforderungen gerecht zu werden.<\/p>\n<p>F4: Was sind die wichtigsten Forschungsbereiche?<br \/>\nA4: Derzeit konzentriert sich die Forschung auf die Verbesserung der Photovoltaik-Effizienz, flexible elektronische Ger\u00e4te und kosteng\u00fcnstige Herstellungsverfahren.<\/p>\n<h2><span style=\"font-size: 14pt;\">Berichte<\/span><\/h2>\n<p>Jede Charge wird geliefert mit:<br \/>\n<span style=\"color: #0000ff;\"><a style=\"color: #0000ff;\" href=\"https:\/\/ulpmat.com\/de\/dokumente\/zertifikat-der-analyse\/\"><u>Analysezertifikat (COA)<\/u><\/a><\/span><\/p>\n<p><span style=\"color: #0000ff;\"><a style=\"color: #0000ff;\" href=\"https:\/\/ulpmat.com\/de\/dokumente\/technisches-datenblatt\/\"><u>Technisches Datenblatt (TDS)<\/u><\/a><\/span><\/p>\n<p><span style=\"color: #0000ff;\"><a style=\"color: #0000ff;\" href=\"https:\/\/ulpmat.com\/de\/dokumente\/sicherheitsdatenblatt\/\"><u>Sicherheitsdatenblatt (MSDS)<\/u><\/a><\/span><br \/>\nTestberichte von Drittanbietern sind auf Anfrage erh\u00e4ltlich<\/p>\n<h2><span style=\"font-size: 14pt;\">Warum sollten Sie sich f\u00fcr uns entscheiden?<\/span><\/h2>\n<p>Wir sind auf fortschrittliche elektronische Materialien spezialisiert und verf\u00fcgen \u00fcber ausgereifte Produktionstechnologien und ein strenges Qualit\u00e4tskontrollsystem. Wir sind bestrebt, unseren Kunden zuverl\u00e4ssige Produkte und professionellen technischen Support zu bieten, um gemeinsam den Erfolg ihrer Projekte voranzutreiben.<\/p>\n","protected":false},"excerpt":{"rendered":"<p>\u00dcbersicht \u00fcber Kupfer-Indium-Gallium-Selenid-Pulver Kupfer-Indium-Gallium-Selenid -Pulver ist ein hochleistungsf\u00e4higes Photovoltaik- und Halbleitermaterial, das h\u00e4ufig in D\u00fcnnschicht-Solarzellen und Fotodetektoren verwendet wird. Wir bieten hochreine, individuell anpassbare Pulvermaterialien. Fragen Sie nach ma\u00dfgeschneiderten L\u00f6sungen. Produkt-Highlights Hohe Reinheit und stabile Leistung Gleichm\u00e4\u00dfige und kontrollierbare Partikelgr\u00f6\u00dfenverteilung Hervorragende photoelektrische Umwandlungseffizienz Ma\u00dfgeschneiderte Formulierungen und Prozesse werden unterst\u00fctzt Anwendungen von Kupfer-Indium-Gallium-Selenid-Pulver D\u00fcnnschicht-Solarzellen: Als Kernmaterial [&hellip;]<\/p>\n","protected":false},"featured_media":31176,"template":"","meta":{"_acf_changed":false},"product_brand":[132],"product_cat":[670,1090],"product_tag":[2996],"class_list":{"0":"post-31174","1":"product","2":"type-product","3":"status-publish","4":"has-post-thumbnail","6":"product_brand-ulpmat","7":"product_cat-chalkogenid-materialien","8":"product_cat-chalkogenid-materialien-de","9":"product_tag-kupfer-indium-gallium-selenid-cigs-pulver","11":"first","12":"instock","13":"shipping-taxable","14":"product-type-variable"},"acf":[],"_links":{"self":[{"href":"https:\/\/ulpmat.com\/de\/wp-json\/wp\/v2\/product\/31174","targetHints":{"allow":["GET"]}}],"collection":[{"href":"https:\/\/ulpmat.com\/de\/wp-json\/wp\/v2\/product"}],"about":[{"href":"https:\/\/ulpmat.com\/de\/wp-json\/wp\/v2\/types\/product"}],"wp:featuredmedia":[{"embeddable":true,"href":"https:\/\/ulpmat.com\/de\/wp-json\/wp\/v2\/media\/31176"}],"wp:attachment":[{"href":"https:\/\/ulpmat.com\/de\/wp-json\/wp\/v2\/media?parent=31174"}],"wp:term":[{"taxonomy":"product_brand","embeddable":true,"href":"https:\/\/ulpmat.com\/de\/wp-json\/wp\/v2\/product_brand?post=31174"},{"taxonomy":"product_cat","embeddable":true,"href":"https:\/\/ulpmat.com\/de\/wp-json\/wp\/v2\/product_cat?post=31174"},{"taxonomy":"product_tag","embeddable":true,"href":"https:\/\/ulpmat.com\/de\/wp-json\/wp\/v2\/product_tag?post=31174"}],"curies":[{"name":"wp","href":"https:\/\/api.w.org\/{rel}","templated":true}]}}