{"id":31134,"date":"2025-12-19T16:46:47","date_gmt":"2025-12-19T08:46:47","guid":{"rendered":"https:\/\/ulpmat.com\/product\/kupfer-indium-gallium-selenid-cigs\/"},"modified":"2025-12-19T16:46:47","modified_gmt":"2025-12-19T08:46:47","slug":"kupfer-indium-gallium-selenid-cigs","status":"publish","type":"product","link":"https:\/\/ulpmat.com\/de\/produkt\/kupfer-indium-gallium-selenid-cigs\/","title":{"rendered":"Kupfer-Indium-Gallium-Selenid (CIGS)"},"content":{"rendered":"<h2><span style=\"font-size: 14pt;\">\u00dcbersicht \u00fcber Sputtertargets aus Kupfer-Indium-Gallium-Selenid<\/span><\/h2>\n<p>Sputtertargets aus<br \/>\n<span style=\"color: #0000ff;\"><a style=\"color: #0000ff;\" href=\"https:\/\/ulpmat.com\/de\/search\/?type=name&#038;keyword=Copper+Indium+Gallium+Selenide\">Kupfer-Indium-Gallium-Selenid<\/a><\/span><br \/>\nwerden in erster Linie zur Herstellung hochgradig gleichm\u00e4\u00dfiger D\u00fcnnschichten aus Verbindungshalbleitern verwendet, die in optoelektronischen Funktionsd\u00fcnnschichten und der damit verbundenen Materialforschung weit verbreitet sind.<\/p>\n<p>Wir k\u00f6nnen Sputtertargets mit unterschiedlichen Elementverh\u00e4ltnissen, Gr\u00f6\u00dfen und Strukturen liefern und unterst\u00fctzen <span style=\"color: #0000ff;\"><a style=\"color: #0000ff;\" href=\"https:\/\/ulpmat.com\/de\/service\/personalisierung\/\">die Anpassung<\/a><\/span><br \/>\nan Prozessanforderungen. Bitte <span style=\"color: #0000ff;\"><a style=\"color: #0000ff;\" href=\"https:\/\/ulpmat.com\/de\/kontakt-us\/\">kontaktieren Sie uns<\/a><\/span><br \/>\nf\u00fcr L\u00f6sungen.<\/p>\n<h2><span style=\"font-size: 14pt;\">Produkt-Highlights<\/span><\/h2>\n<p>Stabile Mehrkomponenten-St\u00f6chiometrie<br \/>\nHohe Targetdichte<br \/>\nGleichm\u00e4\u00dfige Sputterrate<br \/>\nGute Konsistenz der Filmzusammensetzung<br \/>\nGeeignet f\u00fcr kontinuierliche Abscheidungsprozesse<br \/>\nUnterst\u00fctzt die Entwicklung komplexer D\u00fcnnschichtstrukturen<\/p>\n<h2><span style=\"font-size: 14pt;\">Anwendungen von Sputtertargets aus Kupfer-Indium-Gallium-Selenid<\/span><\/h2>\n<p>Herstellung von D\u00fcnnschicht-<span style=\"color: #0000ff;\"><a style=\"color: #0000ff;\" href=\"https:\/\/ulpmat.com\/de\/anwendung\/photovoltaische-solaranlagen\/\">Solar<\/a><\/span><br \/>\nabsorberlagen: Dieses Target wird h\u00e4ufig zur Abscheidung von funktionalen Absorberlagen verwendet. Durch Anpassung der Zusammensetzung lassen sich Leistungsoptimierungen und Strukturverifizierungen erzielen.<br \/>\nForschung zu optoelektronischen Funktionsd\u00fcnnschichten: Durch Sputterverfahren hergestellte D\u00fcnnschichten eignen sich zum Testen wichtiger Leistungsaspekte wie Lichtabsorption und elektrische Reaktion. Erforschung von<br \/>\n<span style=\"color: #0000ff;\"><a style=\"color: #0000ff;\" href=\"https:\/\/ulpmat.com\/de\/anwendung\/halbleiter-materialien\/\">Halbleiter<\/a><\/span><br \/>\nmaterialprozessen: In Verbindungshalbleitersystemen hilft dieses Material dabei, den Einfluss von Abscheidungsparametern auf die D\u00fcnnschichtqualit\u00e4t zu untersuchen.<\/p>\n<h2><span style=\"color: #0000ff;\"><a style=\"color: #0000ff;\" href=\"https:\/\/ulpmat.com\/de\/unternehmen\/faqs\/\"><span style=\"font-size: 14pt;\">H\u00e4ufig gestellte Fragen<\/span><\/a><\/span><\/h2>\n<p>F1: Kann das Elementverh\u00e4ltnis an bestimmte Anwendungen angepasst werden?<br \/>\nA1: Ja, die Zusammensetzung des Targets kann entsprechend den Anforderungen der Ziel-D\u00fcnnschicht entworfen und hergestellt werden.<\/p>\n<p>F2: Neigt das Target w\u00e4hrend des Sputterns zu Abweichungen in der Zusammensetzung?<br \/>\nA2: Innerhalb eines angemessenen Prozessfensters bleibt die Zusammensetzung der Schicht stabil.<\/p>\n<p>F3: Ist es eher f\u00fcr DC- oder RF-Sputtern geeignet?<br \/>\nA3: Es ist mit mehreren Sputtermodi kompatibel; der spezifische Modus muss entsprechend den Ger\u00e4tebedingungen ausgew\u00e4hlt werden.<\/p>\n<p>F4: Was ist bei der Lagerung und dem Transport des Targets zu beachten?<br \/>\nA4: Um Feuchtigkeit und mechanische Ersch\u00fctterungen zu vermeiden, wird eine Vakuum- oder Inertgasverpackung empfohlen.<\/p>\n<h2><span style=\"font-size: 14pt;\">Bericht<\/span><\/h2>\n<p>Jede Charge wird mit folgenden Unterlagen geliefert:<br \/>\n<span style=\"color: #0000ff;\"><a style=\"color: #0000ff;\" href=\"https:\/\/ulpmat.com\/de\/dokumente\/zertifikat-der-analyse\/\"><u>Analysezertifikat (COA)<\/u><\/a><\/span><\/p>\n<p><span style=\"color: #0000ff;\"><a style=\"color: #0000ff;\" href=\"https:\/\/ulpmat.com\/de\/dokumente\/technisches-datenblatt\/\"><u>Technisches Datenblatt (TDS)<\/u><\/a><\/span><\/p>\n<p><span style=\"color: #0000ff;\"><a style=\"color: #0000ff;\" href=\"https:\/\/ulpmat.com\/de\/dokumente\/sicherheitsdatenblatt\/\"><u>Sicherheitsdatenblatt (MSDS)<\/u><\/a><\/span><br \/>\nTestberichte von Drittanbietern sind auf Anfrage erh\u00e4ltlich<\/p>\n<h2><span style=\"font-size: 14pt;\">. Warum sollten Sie sich f\u00fcr uns entscheiden?<\/span><\/h2>\n<p>Wir verf\u00fcgen \u00fcber umfassende Erfahrung in der Herstellung und Qualit\u00e4tskontrolle von Sputtertargets f\u00fcr Verbindungshalbleiter. Von der Zusammensetzung \u00fcber das Sintern bis hin zur Pr\u00fcfung des Endprodukts verf\u00fcgen wir \u00fcber ausgereifte Prozesse, um unseren Kunden eine stabile und zuverl\u00e4ssige Materialkonsistenz, flexible Anpassungsm\u00f6glichkeiten und eine kontinuierlich kontrollierbare Liefergarantie zu bieten und so die effiziente Weiterentwicklung wissenschaftlicher Forschungs- und Industrieprojekte zu unterst\u00fctzen.<\/p>\n","protected":false},"excerpt":{"rendered":"<p>\u00dcbersicht \u00fcber Sputtertargets aus Kupfer-Indium-Gallium-Selenid Sputtertargets aus Kupfer-Indium-Gallium-Selenid werden in erster Linie zur Herstellung hochgradig gleichm\u00e4\u00dfiger D\u00fcnnschichten aus Verbindungshalbleitern verwendet, die in optoelektronischen Funktionsd\u00fcnnschichten und der damit verbundenen Materialforschung weit verbreitet sind. Wir k\u00f6nnen Sputtertargets mit unterschiedlichen Elementverh\u00e4ltnissen, Gr\u00f6\u00dfen und Strukturen liefern und unterst\u00fctzen die Anpassung an Prozessanforderungen. Bitte kontaktieren Sie uns f\u00fcr L\u00f6sungen. Produkt-Highlights [&hellip;]<\/p>\n","protected":false},"featured_media":31135,"template":"","meta":{"_acf_changed":false},"product_brand":[],"product_cat":[451],"product_tag":[2991],"class_list":{"0":"post-31134","1":"product","2":"type-product","3":"status-publish","4":"has-post-thumbnail","6":"product_cat-keramisches-sputtering-target","7":"product_tag-kupfer-indium-gallium-selenid-cigs-sputtering-target","9":"first","10":"instock","11":"shipping-taxable","12":"product-type-variable"},"acf":[],"_links":{"self":[{"href":"https:\/\/ulpmat.com\/de\/wp-json\/wp\/v2\/product\/31134","targetHints":{"allow":["GET"]}}],"collection":[{"href":"https:\/\/ulpmat.com\/de\/wp-json\/wp\/v2\/product"}],"about":[{"href":"https:\/\/ulpmat.com\/de\/wp-json\/wp\/v2\/types\/product"}],"wp:featuredmedia":[{"embeddable":true,"href":"https:\/\/ulpmat.com\/de\/wp-json\/wp\/v2\/media\/31135"}],"wp:attachment":[{"href":"https:\/\/ulpmat.com\/de\/wp-json\/wp\/v2\/media?parent=31134"}],"wp:term":[{"taxonomy":"product_brand","embeddable":true,"href":"https:\/\/ulpmat.com\/de\/wp-json\/wp\/v2\/product_brand?post=31134"},{"taxonomy":"product_cat","embeddable":true,"href":"https:\/\/ulpmat.com\/de\/wp-json\/wp\/v2\/product_cat?post=31134"},{"taxonomy":"product_tag","embeddable":true,"href":"https:\/\/ulpmat.com\/de\/wp-json\/wp\/v2\/product_tag?post=31134"}],"curies":[{"name":"wp","href":"https:\/\/api.w.org\/{rel}","templated":true}]}}