{"id":30980,"date":"2025-12-19T16:46:49","date_gmt":"2025-12-19T08:46:49","guid":{"rendered":"https:\/\/ulpmat.com\/product\/kupferii-oxid-2\/"},"modified":"2025-12-19T16:46:49","modified_gmt":"2025-12-19T08:46:49","slug":"kupferii-oxid-2","status":"publish","type":"product","link":"https:\/\/ulpmat.com\/de\/produkt\/kupferii-oxid-2\/","title":{"rendered":"Kupfer(II)-Oxid"},"content":{"rendered":"<h2><span style=\"font-size: 14pt;\">\u00dcbersicht \u00fcber Kupferoxidpulver<\/span><\/h2>\n<p><span style=\"color: #0000ff;\"><a style=\"color: #0000ff;\" href=\"https:\/\/ulpmat.com\/de\/search\/?type=name&#038;keyword=CuO\">Kupferoxidpulver<\/a><\/span><br \/>\nist ein h\u00e4ufig verwendetes anorganisches Oxidmaterial, das in elektronischen Materialien, der Katalyseforschung und verschiedenen Bereichen der Chemie- und Materialherstellung weit verbreitet ist.<\/p>\n<p>Wir bieten Kupfer(II)-oxidpulverprodukte mit einstellbarer Partikelgr\u00f6\u00dfe und stabiler Qualit\u00e4t an, um den Anforderungen der wissenschaftlichen Forschung und industriellen Anwendungen gerecht zu werden. Bitte <span style=\"color: #0000ff;\"><a style=\"color: #0000ff;\" href=\"https:\/\/ulpmat.com\/de\/kontakt-us\/\">kontaktieren Sie uns<\/a><\/span><br \/>\nf\u00fcr detaillierte Informationen und<span style=\"color: #0000ff;\"><a style=\"color: #0000ff;\" href=\"https:\/\/ulpmat.com\/de\/service\/technische-unterstuetzung\/\"> technische Unterst\u00fctzung.<\/a><\/span><\/p>\n<h2><span style=\"font-size: 14pt;\">Produkt-Highlights<\/span><\/h2>\n<p>Stabile Reinheit<br \/>\nGute Dispergierbarkeit des Pulvers<br \/>\nModerate chemische Reaktivit\u00e4t<br \/>\nLeicht zu mischen und zu verarbeiten<br \/>\nBreites Spektrum an Prozessanpassungsf\u00e4higkeit<br \/>\nZuverl\u00e4ssige Chargenkonsistenz<\/p>\n<h2><span style=\"font-size: 14pt;\">Anwendungen von Kupferoxidpulver<\/span><\/h2>\n<p>Herstellung von<\/p>\n<h2><span style=\"font-size: 14pt;\"><\/span><\/h2>\n<p>elektronischen und funktionalen Materialien: CuO-Pulver wird h\u00e4ufig in elektronischer Keramik, funktionalen D\u00fcnnschichten und verwandten Materialsystemen verwendet und hat einen erheblichen Einfluss auf die Materialeigenschaften.<br \/>\nKatalyse und chemische Reaktionsforschung: Es kann als katalytisches Material oder Reaktionskomponente in der Forschung und Entwicklung verschiedener anorganischer und organischer Reaktionssysteme verwendet werden.<br \/>\nVorl\u00e4ufer f\u00fcr die Synthese anorganischer Materialien: In verschiedenen Materialsynthesewegen kann es als stabile Kupferquelle im Reaktionsprozess dienen.<br \/>\nWissenschaftliche Forschung und Laboranwendungen: Weit verbreitet in der Materialforschung, Leistungspr\u00fcfung und in Lehrversuchen an Universit\u00e4ten und Forschungseinrichtungen.<\/p>\n<h2><span style=\"color: #0000ff;\"><a style=\"color: #0000ff;\" href=\"https:\/\/ulpmat.com\/de\/unternehmen\/faqs\/\"><span style=\"font-size: 14pt;\">H\u00e4ufig gestellte Fragen<\/span><\/a><\/span><\/h2>\n<p>F1: Was sind die Hauptanwendungsbereiche von Kupferoxid(II)-Pulver?<br \/>\nA1: Es wird haupts\u00e4chlich in elektronischen Materialien, der Katalyseforschung, der anorganischen Synthese und der damit verbundenen Laborforschung verwendet.<\/p>\n<p>F2: Welche Vorsichtsma\u00dfnahmen sind bei der Lagerung des Pulvers zu beachten?<br \/>\nA2: Es wird empfohlen, es in einem verschlossenen Beh\u00e4lter in einer trockenen Umgebung zu lagern, um Feuchtigkeit und Verunreinigungen von au\u00dfen zu vermeiden.<\/p>\n<p>F3: Ist dieses Produkt f\u00fcr Hochtemperaturprozesse geeignet?<br \/>\nA3: Unter geeigneten Prozessbedingungen kann es in verschiedenen Experimenten und Herstellungsprozessen verwendet werden, die eine Hochtemperaturbehandlung erfordern.<\/p>\n<p>F4: K\u00f6nnen Sie Produkte mit unterschiedlichen Partikelgr\u00f6\u00dfen anbieten?<br \/>\nA4: Wir k\u00f6nnen Pulverspezifikationen mit unterschiedlichen Partikelgr\u00f6\u00dfenbereichen entsprechend den spezifischen Anwendungsanforderungen anbieten.<\/p>\n<h2><span style=\"font-size: 14pt;\">Bericht<\/span><\/h2>\n<p>Jede Charge wird geliefert mit:<br \/>\n<span style=\"color: #0000ff;\"><a style=\"color: #0000ff;\" href=\"https:\/\/ulpmat.com\/de\/dokumente\/zertifikat-der-analyse\/\"><u>Analysezertifikat (COA)<\/u><\/a><\/span><\/p>\n<p><span style=\"color: #0000ff;\"><a style=\"color: #0000ff;\" href=\"https:\/\/ulpmat.com\/de\/dokumente\/technisches-datenblatt\/\"><u>Technisches Datenblatt (TDS)<\/u><\/a><\/span><\/p>\n<p><span style=\"color: #0000ff;\"><a style=\"color: #0000ff;\" href=\"https:\/\/ulpmat.com\/de\/dokumente\/sicherheitsdatenblatt\/\"><u>Sicherheitsdatenblatt (MSDS)<\/u><\/a><\/span><br \/>\nPr\u00fcfberichte von Drittanbietern sind auf Anfrage erh\u00e4ltlich<\/p>\n<h2><span style=\"font-size: 14pt;\">Warum sollten Sie sich f\u00fcr uns entscheiden?<\/span><\/h2>\n<p>Wir verf\u00fcgen \u00fcber langj\u00e4hrige Erfahrung in der Lieferung und im Qualit\u00e4tsmanagement im Bereich anorganischer Pulvermaterialien, wobei wir uns auf Produktstabilit\u00e4t und Wiederholbarkeit konzentrieren und unseren Kunden zuverl\u00e4ssigere und leichter bewertbare Materialunterst\u00fctzungsl\u00f6sungen anbieten k\u00f6nnen.<\/p>\n","protected":false},"excerpt":{"rendered":"<p>\u00dcbersicht \u00fcber Kupferoxidpulver Kupferoxidpulver ist ein h\u00e4ufig verwendetes anorganisches Oxidmaterial, das in elektronischen Materialien, der Katalyseforschung und verschiedenen Bereichen der Chemie- und Materialherstellung weit verbreitet ist. Wir bieten Kupfer(II)-oxidpulverprodukte mit einstellbarer Partikelgr\u00f6\u00dfe und stabiler Qualit\u00e4t an, um den Anforderungen der wissenschaftlichen Forschung und industriellen Anwendungen gerecht zu werden. Bitte kontaktieren Sie uns f\u00fcr detaillierte Informationen [&hellip;]<\/p>\n","protected":false},"featured_media":30981,"template":"","meta":{"_acf_changed":false},"product_brand":[132],"product_cat":[336],"product_tag":[2951],"class_list":{"0":"post-30980","1":"product","2":"type-product","3":"status-publish","4":"has-post-thumbnail","6":"product_brand-ulpmat","7":"product_cat-oxide","8":"product_tag-kupferii-oxid-pulver","10":"first","11":"instock","12":"shipping-taxable","13":"product-type-variable"},"acf":[],"_links":{"self":[{"href":"https:\/\/ulpmat.com\/de\/wp-json\/wp\/v2\/product\/30980","targetHints":{"allow":["GET"]}}],"collection":[{"href":"https:\/\/ulpmat.com\/de\/wp-json\/wp\/v2\/product"}],"about":[{"href":"https:\/\/ulpmat.com\/de\/wp-json\/wp\/v2\/types\/product"}],"wp:featuredmedia":[{"embeddable":true,"href":"https:\/\/ulpmat.com\/de\/wp-json\/wp\/v2\/media\/30981"}],"wp:attachment":[{"href":"https:\/\/ulpmat.com\/de\/wp-json\/wp\/v2\/media?parent=30980"}],"wp:term":[{"taxonomy":"product_brand","embeddable":true,"href":"https:\/\/ulpmat.com\/de\/wp-json\/wp\/v2\/product_brand?post=30980"},{"taxonomy":"product_cat","embeddable":true,"href":"https:\/\/ulpmat.com\/de\/wp-json\/wp\/v2\/product_cat?post=30980"},{"taxonomy":"product_tag","embeddable":true,"href":"https:\/\/ulpmat.com\/de\/wp-json\/wp\/v2\/product_tag?post=30980"}],"curies":[{"name":"wp","href":"https:\/\/api.w.org\/{rel}","templated":true}]}}