{"id":30633,"date":"2025-12-19T16:46:53","date_gmt":"2025-12-19T08:46:53","guid":{"rendered":"https:\/\/ulpmat.com\/product\/kupfertitanat-kupfer-titan-oxid\/"},"modified":"2025-12-19T16:46:53","modified_gmt":"2025-12-19T08:46:53","slug":"kupfertitanat-kupfer-titan-oxid","status":"publish","type":"product","link":"https:\/\/ulpmat.com\/de\/produkt\/kupfertitanat-kupfer-titan-oxid\/","title":{"rendered":"Kupfertitanat (Kupfer-Titan-Oxid)"},"content":{"rendered":"<h2><span style=\"font-size: 14pt;\">\u00dcbersicht \u00fcber Sputtertargets aus Kupfer-Titanoxid<\/span><\/h2>\n<p>Sputtertargets aus<br \/>\n<span style=\"color: #0000ff;\"><a style=\"color: #0000ff;\" href=\"https:\/\/ulpmat.com\/de\/search\/?type=name&#038;keyword=Copper+Titanium+Oxide\">Kupfer-Titanoxid<\/a><\/span><br \/>\nsind Beschichtungsmaterialien aus Kupfer-Titanoxid-Verbindungen, die in erster Linie zur Abscheidung von Funktionsschichten mit speziellen optoelektronischen Eigenschaften verwendet werden.<\/p>\n<p>Wir produzieren Keramik-Targets mit pr\u00e4ziser Zusammensetzung und dichter Struktur.<span style=\"color: #0000ff;\"><a style=\"color: #0000ff;\" href=\"https:\/\/ulpmat.com\/de\/kontakt-us\/\"> Kontaktieren Sie uns<\/a><\/span><br \/>\nf\u00fcr detaillierte Spezifikationen und <span style=\"color: #0000ff;\"><a style=\"color: #0000ff;\" href=\"https:\/\/ulpmat.com\/de\/service\/technische-unterstuetzung\/\">technischen Support.<\/a><\/span><\/p>\n<h2><span style=\"font-size: 14pt;\">Produkt-Highlights<\/span><\/h2>\n<p>Hervorragende Filmqualit\u00e4t<br \/>\nKontrollierbare chemische Zusammensetzung<br \/>\nStabile Sputterrate<br \/>\nVerbindungs- und Substratoptionen verf\u00fcgbar<br \/>\nHohe Chargenkonsistenz<\/p>\n<h2><span style=\"font-size: 14pt;\">Anwendungen von Sputtertargets aus Kupfer-Titanoxid<\/span><\/h2>\n<p>Photovoltaik-Ger\u00e4te: Werden zur Herstellung wichtiger Funktionsschichten in Solarzellen und Fotodetektoren verwendet, um die Lichtabsorption und die Ladungstrennungseffizienz zu verbessern.<br \/>\nTransparente leitf\u00e4hige Schichten: Deponiert transparente leitf\u00e4hige Oxidschichten (TCO) f\u00fcr Touchscreens und flexible Displays und sorgt f\u00fcr ein ausgewogenes Verh\u00e4ltnis zwischen Leitf\u00e4higkeit und Transparenz.<br \/>\nKatalyse und Sensorik: Die abgeschiedenen Schichten weisen eine hohe Aktivit\u00e4t und Selektivit\u00e4t bei der Gassensorik und Umweltkatalyse auf.<br \/>\nIntelligente Glasbeschichtungen: Werden zur Herstellung intelligenter Fensterbeschichtungen mit thermochromen oder elektrochromen Eigenschaften verwendet, die eine dynamische Regulierung von Licht und W\u00e4rme erm\u00f6glichen.<\/p>\n<h2><span style=\"color: #0000ff;\"><a style=\"color: #0000ff;\" href=\"https:\/\/ulpmat.com\/de\/unternehmen\/faqs\/\"><span style=\"font-size: 14pt;\">H\u00e4ufig gestellte Fragen<\/span><\/a><\/span><\/h2>\n<p>F1: Was sind die Hauptmerkmale von Schichten, die aus Kupferoxid-Titan-Targetmaterialien gesputtert werden?<br \/>\nA1: Die Schichten zeichnen sich in der Regel durch einstellbare optische Bandl\u00fccken, ausgezeichnete chemische Stabilit\u00e4t und einzigartige elektrische oder katalytische Eigenschaften aus.<\/p>\n<p>F2: Wie lassen sich die Leitf\u00e4higkeit und der spezifische Widerstand der Schicht steuern?<br \/>\nA2: Durch die pr\u00e4zise Regulierung der Oxidationszust\u00e4nde und des Verh\u00e4ltnisses von Kupfer und Titan im Targetmaterial in Kombination mit den Parametern des Sputterprozesses (z. B. Sauerstoffpartialdruck) lassen sich ihre elektrischen Eigenschaften gezielt gestalten.<\/p>\n<p>F3: Muss dieses Target vor dem Sputtern vorbehandelt werden?<br \/>\nA3: Im Allgemeinen werden eine Oberfl\u00e4chenreinigung und ein Vorsputtern empfohlen, um Verunreinigungen zu entfernen und stabile Sputterbedingungen zu erreichen, wodurch die Filmqualit\u00e4t sichergestellt wird.<\/p>\n<p>F4: Welche Vorteile bietet es gegen\u00fcber reinen Titanoxid- oder Kupferoxid-Targets?<br \/>\nA4: Der Vorteil liegt in der Zugabe von Kupfer, das die Bandstruktur von Titanoxid effektiv moduliert und so reichhaltigere optoelektronische und katalytische Eigenschaften f\u00fcr vielseitigere Anwendungen erm\u00f6glicht.<\/p>\n<h2><span style=\"font-size: 14pt;\">Bericht<\/span><\/h2>\n<p>Jede Charge wird geliefert mit:<br \/>\n<span style=\"color: #0000ff;\"><a style=\"color: #0000ff;\" href=\"https:\/\/ulpmat.com\/de\/dokumente\/zertifikat-der-analyse\/\"><u>Analysezertifikat (COA)<\/u><\/a><\/span><\/p>\n<p><span style=\"color: #0000ff;\"><a style=\"color: #0000ff;\" href=\"https:\/\/ulpmat.com\/de\/dokumente\/technisches-datenblatt\/\"><u>Technisches Datenblatt (TDS)<\/u><\/a><\/span><\/p>\n<p><span style=\"color: #0000ff;\"><a style=\"color: #0000ff;\" href=\"https:\/\/ulpmat.com\/de\/dokumente\/sicherheitsdatenblatt\/\"><u>Sicherheitsdatenblatt (MSDS)<\/u><\/a><\/span><br \/>\nPr\u00fcfberichte von Drittanbietern auf Anfrage erh\u00e4ltlich<\/p>\n<h2><span style=\"font-size: 14pt;\">Warum uns w\u00e4hlen?<\/span><\/h2>\n<p>Wir sind auf die kundenspezifische Herstellung fortschrittlicher Keramik-Targets spezialisiert und nutzen strenge Materialwissenschaften und Prozesskontrollen, um sicherzustellen, dass die Produktleistung genau den Anforderungen in Forschung, Entwicklung und Fertigung entspricht. Wir sind nicht nur ein Lieferant, sondern Ihr Partner bei der technologischen Erforschung und unterst\u00fctzen Ihre D\u00fcnnschichttechnologie-Anwendungen mit zuverl\u00e4ssigen Produkten und Expertenwissen.<\/p>\n","protected":false},"excerpt":{"rendered":"<p>\u00dcbersicht \u00fcber Sputtertargets aus Kupfer-Titanoxid Sputtertargets aus Kupfer-Titanoxid sind Beschichtungsmaterialien aus Kupfer-Titanoxid-Verbindungen, die in erster Linie zur Abscheidung von Funktionsschichten mit speziellen optoelektronischen Eigenschaften verwendet werden. Wir produzieren Keramik-Targets mit pr\u00e4ziser Zusammensetzung und dichter Struktur. Kontaktieren Sie uns f\u00fcr detaillierte Spezifikationen und technischen Support. Produkt-Highlights Hervorragende Filmqualit\u00e4t Kontrollierbare chemische Zusammensetzung Stabile Sputterrate Verbindungs- und Substratoptionen [&hellip;]<\/p>\n","protected":false},"featured_media":30634,"template":"","meta":{"_acf_changed":false},"product_brand":[132],"product_cat":[451],"product_tag":[2873],"class_list":{"0":"post-30633","1":"product","2":"type-product","3":"status-publish","4":"has-post-thumbnail","6":"product_brand-ulpmat","7":"product_cat-keramisches-sputtering-target","8":"product_tag-kupfer-titanat-kupfer-titan-oxid-sputtering-target","10":"first","11":"instock","12":"shipping-taxable","13":"product-type-variable"},"acf":[],"_links":{"self":[{"href":"https:\/\/ulpmat.com\/de\/wp-json\/wp\/v2\/product\/30633","targetHints":{"allow":["GET"]}}],"collection":[{"href":"https:\/\/ulpmat.com\/de\/wp-json\/wp\/v2\/product"}],"about":[{"href":"https:\/\/ulpmat.com\/de\/wp-json\/wp\/v2\/types\/product"}],"wp:featuredmedia":[{"embeddable":true,"href":"https:\/\/ulpmat.com\/de\/wp-json\/wp\/v2\/media\/30634"}],"wp:attachment":[{"href":"https:\/\/ulpmat.com\/de\/wp-json\/wp\/v2\/media?parent=30633"}],"wp:term":[{"taxonomy":"product_brand","embeddable":true,"href":"https:\/\/ulpmat.com\/de\/wp-json\/wp\/v2\/product_brand?post=30633"},{"taxonomy":"product_cat","embeddable":true,"href":"https:\/\/ulpmat.com\/de\/wp-json\/wp\/v2\/product_cat?post=30633"},{"taxonomy":"product_tag","embeddable":true,"href":"https:\/\/ulpmat.com\/de\/wp-json\/wp\/v2\/product_tag?post=30633"}],"curies":[{"name":"wp","href":"https:\/\/api.w.org\/{rel}","templated":true}]}}