{"id":30376,"date":"2025-12-25T09:33:49","date_gmt":"2025-12-25T01:33:49","guid":{"rendered":"https:\/\/ulpmat.com\/product\/nickel-metall-3\/"},"modified":"2025-12-25T09:33:49","modified_gmt":"2025-12-25T01:33:49","slug":"nickel-metall-3","status":"publish","type":"product","link":"https:\/\/ulpmat.com\/de\/produkt\/nickel-metall-3\/","title":{"rendered":"Nickel-Metall"},"content":{"rendered":"<h2><span style=\"font-size: 14pt;\">Nickel-Metallfolie \u2013 \u00dcbersicht<\/span><\/h2>\n<p><span style=\"color: #0000ff;\"><a style=\"color: #0000ff;\" href=\"https:\/\/ulpmat.com\/de\/search\/?type=name&#038;keyword=Nickel+meta\">Nicke<\/a>l<\/span><br \/>\n-Metal<br \/>\n<span style=\"color: #0000ff;\">l<\/span><br \/>\nfolie ist ein ultrad\u00fcnnes metallisches Material, das durch Pr\u00e4zisionswalzen aus hochreinem Nickel hergestellt wird. Es wird h\u00e4ufig in elektronischen Ger\u00e4ten, funktionalen Strukturschichten sowie in der Materialforschung und -entwicklung verwendet.<\/p>\n<p>Wir bieten Nickel-Metallfolie in verschiedenen St\u00e4rken, Toleranzen und Oberfl\u00e4chenausf\u00fchrungen an und unterst\u00fctzen <span style=\"color: #0000ff;\"><a style=\"color: #0000ff;\" href=\"https:\/\/ulpmat.com\/de\/service\/service-nach-dem-verkauf\/\">Sie<\/a><\/span><br \/>\n<span style=\"color: #0000ff;\"><a style=\"color: #0000ff;\" href=\"https:\/\/ulpmat.com\/de\/service\/service-nach-dem-verkauf\/\">bei<\/a><\/span><br \/>\nder individuellen Zuschnitt und der Anpassung an Ihre Anwendung. Bitte<span style=\"color: #0000ff;\"><a style=\"color: #0000ff;\" href=\"https:\/\/ulpmat.com\/de\/kontakt-us\/\"> kontaktieren Sie uns<\/a><\/span><br \/>\nf\u00fcr <span style=\"color: #0000ff;\"><a style=\"color: #0000ff;\" href=\"https:\/\/ulpmat.com\/de\/service\/technische-unterstuetzung\/\">technische<\/a><\/span><br \/>\nInformationen und Angebote.<\/p>\n<h2><span style=\"font-size: 14pt;\">Produkt-Highlights<\/span><\/h2>\n<p>Gute Gleichm\u00e4\u00dfigkeit der Dicke<br \/>\nAusgezeichnete Duktilit\u00e4t<br \/>\nHohe Oberfl\u00e4chenebenheit<br \/>\nStabile Leitf\u00e4higkeit<br \/>\nZuverl\u00e4ssige Hochtemperaturleistung<br \/>\nStarke Verarbeitungsanpassungsf\u00e4higkeit<\/p>\n<h2><span style=\"font-size: 14pt;\">Anwendungen von Nickel-Metallfolie<\/span><\/h2>\n<p>Elektronische und Halbleiterbauelemente: Nickel-Metallfolie kann als leitf\u00e4hige Schicht, Abschirmschicht oder Strukturmaterial in elektronischen und Halbleiterbauelementen verwendet werden, um die Anforderungen an D\u00fcnne und Stabilit\u00e4t zu erf\u00fcllen.<\/p>\n<p>Batterien und Energiespeicherstrukturen: In einigen Batteriesystemen kann Nickel-Folie als Stromkollektor oder funktionelle Tr\u00e4gerschicht verwendet werden, um die Konsistenz und Zuverl\u00e4ssigkeit der Gesamtstruktur zu verbessern.<\/p>\n<p>Funktionelle D\u00fcnnschichten und Verbundwerkstoffe: Nickel-Metallfolie eignet sich f\u00fcr den Einsatz in mehrschichtigen Verbundwerkstoffen oder funktionellen D\u00fcnnschichtstrukturen und erleichtert die anschlie\u00dfende Beschichtung, Laminierung oder Verbundverarbeitung.<\/p>\n<p>Wissenschaftliche Forschung und Materialentwicklung: Aufgrund ihrer kontrollierbaren Dicke und einfachen Verarbeitung bietet Nickelfolie eine hohe Flexibilit\u00e4t in der Materialforschung und Leistungspr\u00fcfung im Labor.<\/p>\n<h2><span style=\"color: #0000ff;\"><a style=\"color: #0000ff;\" href=\"https:\/\/ulpmat.com\/de\/unternehmen\/faqs\/\"><span style=\"font-size: 14pt;\">H\u00e4ufig gestellte Fragen<\/span><\/a><\/span><\/h2>\n<p>F1: In welchen Bereichen wird Nickelfolie im Allgemeinen verwendet?<\/p>\n<p>A1: Sie wird h\u00e4ufig in elektronischen Ger\u00e4ten, Batteriestrukturen, funktionalen D\u00fcnnschichten und wissenschaftlichen Forschungsexperimenten verwendet.<\/p>\n<p>F2: Kann die Dicke der Nickelfolie individuell angepasst werden?<\/p>\n<p>A2: Ja, wir k\u00f6nnen je nach Bedarf verschiedene Dickenbereiche und kundenspezifische Schnittl\u00e4ngen anbieten.<\/p>\n<p>F3: Muss Nickel-Folie vor der Verwendung speziell behandelt werden?<\/p>\n<p>A3: Im Allgemeinen ist keine spezielle Behandlung erforderlich. Je nach Prozessanforderungen kann eine spezielle Reinigung oder Oberfl\u00e4chenbehandlung durchgef\u00fchrt werden.<\/p>\n<p>F4: Wie sollte das Produkt gelagert werden?<\/p>\n<p>A4: Es wird empfohlen, es in einer versiegelten, trockenen Umgebung zu lagern und Falten und Kratzer auf der Oberfl\u00e4che zu vermeiden, um die Materialeigenschaften zu erhalten.<\/p>\n<h2><span style=\"font-size: 14pt;\">Bericht<\/span><\/h2>\n<p>Jede Charge wird mit folgenden<br \/>\n<span style=\"color: #0000ff;\"><a style=\"color: #0000ff;\" href=\"https:\/\/ulpmat.com\/de\/dokumente\/zertifikat-der-analyse\/\"><u>Unterlagen<\/u><\/a><\/span><br \/>\ngeliefert:<br \/>\n<span style=\"color: #0000ff;\"><a style=\"color: #0000ff;\" href=\"https:\/\/ulpmat.com\/de\/dokumente\/zertifikat-der-analyse\/\"><u>Analysezertifikat (COA)<\/u><\/a><\/span><\/p>\n<p><span style=\"color: #0000ff;\"><a style=\"color: #0000ff;\" href=\"https:\/\/ulpmat.com\/de\/dokumente\/technisches-datenblatt\/\"><u>Technisches Datenblatt (TDS)<\/u><\/a><\/span><\/p>\n<p><span style=\"color: #0000ff;\"><a style=\"color: #0000ff;\" href=\"https:\/\/ulpmat.com\/de\/dokumente\/sicherheitsdatenblatt\/\"><u>Sicherheitsdatenblatt (MSDS)<\/u><\/a><\/span><br \/>\nGr\u00f6\u00dfenpr\u00fcfbericht<br \/>\nPr\u00fcfberichte von Drittanbietern sind auf Anfrage erh\u00e4ltlich.<\/p>\n<h2><span style=\"font-size: 14pt;\">Warum sollten Sie sich f\u00fcr uns entscheiden?<\/span><\/h2>\n<p>Wir verf\u00fcgen \u00fcber umfangreiche Erfahrung in der Verarbeitung und Lieferung von d\u00fcnnen Nickelblechen, sodass wir flexible Spezifikationen und klare <span style=\"color: #0000ff;\"><a style=\"color: #0000ff;\" href=\"https:\/\/ulpmat.com\/de\/service\/technische-unterstuetzung\/\">technische<\/a><\/span><br \/>\nDokumentationen anbieten und gleichzeitig die Materialkonsistenz gew\u00e4hrleisten k\u00f6nnen. So helfen wir unseren Kunden, die Produktentwicklung und Anwendungspr\u00fcfung effizient abzuschlie\u00dfen.<\/p>\n","protected":false},"excerpt":{"rendered":"<p>Nickel-Metallfolie \u2013 \u00dcbersicht Nickel -Metal l folie ist ein ultrad\u00fcnnes metallisches Material, das durch Pr\u00e4zisionswalzen aus hochreinem Nickel hergestellt wird. Es wird h\u00e4ufig in elektronischen Ger\u00e4ten, funktionalen Strukturschichten sowie in der Materialforschung und -entwicklung verwendet. Wir bieten Nickel-Metallfolie in verschiedenen St\u00e4rken, Toleranzen und Oberfl\u00e4chenausf\u00fchrungen an und unterst\u00fctzen Sie bei der individuellen Zuschnitt und der Anpassung [&hellip;]<\/p>\n","protected":false},"featured_media":30377,"template":"","meta":{"_acf_changed":false},"product_brand":[132],"product_cat":[397],"product_tag":[2826],"class_list":{"0":"post-30376","1":"product","2":"type-product","3":"status-publish","4":"has-post-thumbnail","6":"product_brand-ulpmat","7":"product_cat-andere-materialien","8":"product_tag-nickel-metall-folie","10":"first","11":"instock","12":"shipping-taxable","13":"product-type-variable"},"acf":[],"_links":{"self":[{"href":"https:\/\/ulpmat.com\/de\/wp-json\/wp\/v2\/product\/30376","targetHints":{"allow":["GET"]}}],"collection":[{"href":"https:\/\/ulpmat.com\/de\/wp-json\/wp\/v2\/product"}],"about":[{"href":"https:\/\/ulpmat.com\/de\/wp-json\/wp\/v2\/types\/product"}],"wp:featuredmedia":[{"embeddable":true,"href":"https:\/\/ulpmat.com\/de\/wp-json\/wp\/v2\/media\/30377"}],"wp:attachment":[{"href":"https:\/\/ulpmat.com\/de\/wp-json\/wp\/v2\/media?parent=30376"}],"wp:term":[{"taxonomy":"product_brand","embeddable":true,"href":"https:\/\/ulpmat.com\/de\/wp-json\/wp\/v2\/product_brand?post=30376"},{"taxonomy":"product_cat","embeddable":true,"href":"https:\/\/ulpmat.com\/de\/wp-json\/wp\/v2\/product_cat?post=30376"},{"taxonomy":"product_tag","embeddable":true,"href":"https:\/\/ulpmat.com\/de\/wp-json\/wp\/v2\/product_tag?post=30376"}],"curies":[{"name":"wp","href":"https:\/\/api.w.org\/{rel}","templated":true}]}}