{"id":30265,"date":"2025-12-25T09:33:50","date_gmt":"2025-12-25T01:33:50","guid":{"rendered":"https:\/\/ulpmat.com\/product\/nickel-metall\/"},"modified":"2025-12-25T09:33:50","modified_gmt":"2025-12-25T01:33:50","slug":"nickel-metall","status":"publish","type":"product","link":"https:\/\/ulpmat.com\/de\/produkt\/nickel-metall\/","title":{"rendered":"Nickel-Metall"},"content":{"rendered":"<h2><span style=\"font-size: 14pt;\">\u00dcbersicht \u00fcber Nickel-Metall-Rotationsziele<\/span><\/h2>\n<p><span style=\"color: #0000ff;\"><a style=\"color: #0000ff;\" href=\"https:\/\/ulpmat.com\/de\/search\/?type=name&#038;keyword=Nickel+metal\">Nickel-Metall<\/a><\/span><br \/>\n-Rotationsziele sind hochreine Metallziele, die in kontinuierlichen Sputterbeschichtungsprozessen verwendet werden und sich f\u00fcr die Herstellung gro\u00dffl\u00e4chiger D\u00fcnnschichten und industrielle Produktionsanwendungen eignen.<\/p>\n<p>Wir bieten Nickel-Metall-Rotationsziele in verschiedenen L\u00e4ngen, Durchmessern und Verbindungsstrukturen an und unterst\u00fctzen Sie bei der <span style=\"color: #0000ff;\"><a style=\"color: #0000ff;\" href=\"https:\/\/ulpmat.com\/de\/service\/technische-unterstuetzung\/\">technischen<\/a><\/span><br \/>\n\u00dcberpr\u00fcfung der Ger\u00e4tekompatibilit\u00e4t. <span style=\"color: #0000ff;\"><a style=\"color: #0000ff;\" href=\"https:\/\/ulpmat.com\/de\/kontakt-us\/\">Kontaktieren Sie uns<\/a><\/span><br \/>\nf\u00fcr <span style=\"color: #0000ff;\"><a style=\"color: #0000ff;\" href=\"https:\/\/ulpmat.com\/de\/service\/personalisierung\/\">ma\u00dfgeschneiderte<\/a><\/span><br \/>\nL\u00f6sungen.<\/p>\n<h2><span style=\"font-size: 14pt;\">Produkt-Highlights<\/span><\/h2>\n<p>Geeignet f\u00fcr den kontinuierlichen Sputterbetrieb<br \/>\nHohe Zielausnutzung<br \/>\nGute Entladungsstabilit\u00e4t<br \/>\nHervorragende Filmgleichm\u00e4\u00dfigkeit<br \/>\nZuverl\u00e4ssige strukturelle Festigkeit<br \/>\nAnpassungsf\u00e4hig an Massenproduktionsprozesse<\/p>\n<h2><span style=\"font-size: 14pt;\">Anwendungen von Nickel-Metall-Rotationszielen<\/span><\/h2>\n<p>Herstellung gro\u00dffl\u00e4chiger funktionaler D\u00fcnnschichten: Bei Architekturglas oder industriellen Beschichtungen unterst\u00fctzen Nickel-Metall-Rotationsziele eine stabile Abscheidung \u00fcber lange Zeitr\u00e4ume und tragen so zur Erzielung funktionaler D\u00fcnnschichten mit gleichm\u00e4\u00dfiger Dicke bei.<br \/>\nElektronik- und Halbleiterfertigung: Bei der Herstellung elektronischer Ger\u00e4te eignet sich die Rotationszielstruktur f\u00fcr Anforderungen mit hohen Zyklen, wodurch die Produktionseffizienz verbessert und Ausfallzeiten reduziert werden.<br \/>\nOberfl\u00e4chentechnik und Schutzbeschichtungen: Nickelbasierte Rotationstargets k\u00f6nnen zur Bildung verschlei\u00dffester oder korrosionsbest\u00e4ndiger Beschichtungen verwendet werden, die f\u00fcr Anwendungen in der kontinuierlichen Oberfl\u00e4chentechnik geeignet sind.<br \/>\nForschung und Validierung der Prozessskalierung: Nickel-Metall-Rotationstargets eignen sich auch f\u00fcr die Validierung der Prozessskalierung von der Versuchs- bis zur Pilotphase und erleichtern die Bewertung der D\u00fcnnschichtleistung unter kontinuierlichen Abscheidungsbedingungen.<\/p>\n<h2><span style=\"color: #0000ff;\"><a style=\"color: #0000ff;\" href=\"https:\/\/ulpmat.com\/de\/unternehmen\/faqs\/\"><span style=\"font-size: 14pt;\">H\u00e4ufig gestellte Fragen<\/span><\/a><\/span><\/h2>\n<p>F1: Was sind die Vorteile von Rotationstargets gegen\u00fcber planaren Targets?<br \/>\nA1: Rotierende Targets haben eine h\u00f6here Auslastung, eignen sich f\u00fcr langfristiges kontinuierliches Sputtern und k\u00f6nnen die Produktionseffizienz effektiv verbessern.<\/p>\n<p>F2: Welche Ger\u00e4te sind mit rotierenden Nickel-Metall-Targets kompatibel?<br \/>\nA2: Gr\u00f6\u00dfe und Struktur k\u00f6nnen je nach Sputter-System angepasst werden, um den Anforderungen der Ger\u00e4teinstallation gerecht zu werden.<\/p>\n<p>F3: Beeinflusst ein rotierendes Target die Gleichm\u00e4\u00dfigkeit der D\u00fcnnschicht?<br \/>\nA3: Die rotierende Struktur tr\u00e4gt zu einem gleichm\u00e4\u00dfigen Verbrauch des Targetmaterials bei und verbessert so die Konsistenz der D\u00fcnnschichtabscheidung.<\/p>\n<p>F4: Welche Vorsichtsma\u00dfnahmen sollten beim Transport und bei der Lagerung des Produkts getroffen werden?<br \/>\nA4: Es wird empfohlen, eine sto\u00dffeste und feuchtigkeitsbest\u00e4ndige Verpackung zu verwenden und eine Verunreinigung oder mechanische Besch\u00e4digung der Targetoberfl\u00e4che zu vermeiden.<\/p>\n<h2><span style=\"font-size: 14pt;\">Bericht<\/span><\/h2>\n<p>Jede Charge wird mit folgenden Unterlagen geliefert:<br \/>\n<span style=\"color: #0000ff;\"><a style=\"color: #0000ff;\" href=\"https:\/\/ulpmat.com\/de\/dokumente\/zertifikat-der-analyse\/\"><u>Analysezertifikat (COA)<\/u><\/a><\/span><\/p>\n<p><span style=\"color: #0000ff;\"><a style=\"color: #0000ff;\" href=\"https:\/\/ulpmat.com\/de\/dokumente\/technisches-datenblatt\/\"><u>Technisches Datenblatt (TDS)<\/u><\/a><\/span><\/p>\n<p><span style=\"color: #0000ff;\"><a style=\"color: #0000ff;\" href=\"https:\/\/ulpmat.com\/de\/dokumente\/sicherheitsdatenblatt\/\"><u>Sicherheitsdatenblatt (MSDS)<\/u><\/a><\/span><br \/>\nGr\u00f6\u00dfenpr\u00fcfbericht<br \/>\nPr\u00fcfberichte von Drittanbietern sind auf Anfrage erh\u00e4ltlich<\/p>\n<h2><span style=\"font-size: 14pt;\">. Warum sollten Sie sich f\u00fcr uns entscheiden?<\/span><\/h2>\n<p>Wir verf\u00fcgen \u00fcber langj\u00e4hrige Erfahrung in der Herstellung und Lieferung von Spin-Sputter-Targets und sind in der Lage, ma\u00dfgeschneiderte L\u00f6sungen anzubieten, die in hohem Ma\u00dfe mit unseren Anlagen kompatibel sind und gleichzeitig die Stabilit\u00e4t der Targets gew\u00e4hrleisten, sodass unsere Kunden eine effiziente und nachhaltige D\u00fcnnschichtproduktion erzielen k\u00f6nnen.<\/p>\n","protected":false},"excerpt":{"rendered":"<p>\u00dcbersicht \u00fcber Nickel-Metall-Rotationsziele Nickel-Metall -Rotationsziele sind hochreine Metallziele, die in kontinuierlichen Sputterbeschichtungsprozessen verwendet werden und sich f\u00fcr die Herstellung gro\u00dffl\u00e4chiger D\u00fcnnschichten und industrielle Produktionsanwendungen eignen. Wir bieten Nickel-Metall-Rotationsziele in verschiedenen L\u00e4ngen, Durchmessern und Verbindungsstrukturen an und unterst\u00fctzen Sie bei der technischen \u00dcberpr\u00fcfung der Ger\u00e4tekompatibilit\u00e4t. Kontaktieren Sie uns f\u00fcr ma\u00dfgeschneiderte L\u00f6sungen. Produkt-Highlights Geeignet f\u00fcr den kontinuierlichen [&hellip;]<\/p>\n","protected":false},"featured_media":30266,"template":"","meta":{"_acf_changed":false},"product_brand":[132],"product_cat":[278,466],"product_tag":[2814],"class_list":{"0":"post-30265","1":"product","2":"type-product","3":"status-publish","4":"has-post-thumbnail","6":"product_brand-ulpmat","7":"product_cat-metall-sputtering-target","8":"product_cat-rotierende-zielscheiben","9":"product_tag-nickel-metall-drehscheibe","11":"first","12":"instock","13":"shipping-taxable","14":"product-type-variable"},"acf":[],"_links":{"self":[{"href":"https:\/\/ulpmat.com\/de\/wp-json\/wp\/v2\/product\/30265","targetHints":{"allow":["GET"]}}],"collection":[{"href":"https:\/\/ulpmat.com\/de\/wp-json\/wp\/v2\/product"}],"about":[{"href":"https:\/\/ulpmat.com\/de\/wp-json\/wp\/v2\/types\/product"}],"wp:featuredmedia":[{"embeddable":true,"href":"https:\/\/ulpmat.com\/de\/wp-json\/wp\/v2\/media\/30266"}],"wp:attachment":[{"href":"https:\/\/ulpmat.com\/de\/wp-json\/wp\/v2\/media?parent=30265"}],"wp:term":[{"taxonomy":"product_brand","embeddable":true,"href":"https:\/\/ulpmat.com\/de\/wp-json\/wp\/v2\/product_brand?post=30265"},{"taxonomy":"product_cat","embeddable":true,"href":"https:\/\/ulpmat.com\/de\/wp-json\/wp\/v2\/product_cat?post=30265"},{"taxonomy":"product_tag","embeddable":true,"href":"https:\/\/ulpmat.com\/de\/wp-json\/wp\/v2\/product_tag?post=30265"}],"curies":[{"name":"wp","href":"https:\/\/api.w.org\/{rel}","templated":true}]}}