{"id":30049,"date":"2025-12-25T09:33:53","date_gmt":"2025-12-25T01:33:53","guid":{"rendered":"https:\/\/ulpmat.com\/product\/nickelchlorid-hexahydrat\/"},"modified":"2025-12-25T09:33:53","modified_gmt":"2025-12-25T01:33:53","slug":"nickelchlorid-hexahydrat","status":"publish","type":"product","link":"https:\/\/ulpmat.com\/de\/produkt\/nickelchlorid-hexahydrat\/","title":{"rendered":"Nickelchlorid Hexahydrat"},"content":{"rendered":"<h2><span style=\"font-size: 14pt;\">Nickelchlorid-Hexahydrat-Pulver \u2013 \u00dcbersicht<\/span><\/h2>\n<p><span style=\"color: #0000ff;\"><a style=\"color: #0000ff;\" href=\"https:\/\/ulpmat.com\/de\/search\/?type=name&#038;keyword=Nickel+chloride+hexahydrate\">Nickelchlorid-Hexahydrat<\/a><\/span><br \/>\n-Pulver ist ein hydratisiertes Nickelhalogenid, das h\u00e4ufig in der chemischen Synthese, der Katalysatorherstellung und der Forschung im Bereich elektronischer Materialien verwendet wird.<\/p>\n<p>Wir bieten hochreines NiCl2-6H2O-Pulver in verschiedenen Partikelgr\u00f6\u00dfen an und unterst\u00fctzen Sie bei der Anpassung von Versuchsprozessen und der technischen Beratung. Bitte <span style=\"color: #0000ff;\"><a style=\"color: #0000ff;\" href=\"https:\/\/ulpmat.com\/de\/kontakt-us\/\">kontaktieren Sie uns<\/a><\/span><br \/>\nf\u00fcr detaillierte Spezifikationen und Angebote.<\/p>\n<h2><span style=\"font-size: 14pt;\">Produkt-Highlights<\/span><\/h2>\n<p>Hohe Reinheit und Stabilit\u00e4t<br \/>\nDefinierte Hydratationsstruktur<br \/>\nGleichm\u00e4\u00dfige Pulververteilung<br \/>\nLeicht l\u00f6slich und dispergierbar<br \/>\nHohe Chargenkonsistenz<br \/>\nKundenspezifische Produkte<br \/>\nGeringe Mindestbestellmenge<br \/>\nHohe Prozessanpassungsf\u00e4higkeit<\/p>\n<h2><span style=\"font-size: 14pt;\">Anwendungen von Nickelchlorid-Hexahydrat-Pulver<\/span><\/h2>\n<p>Katalysatorherstellung: NiCl2\u00b76H2O-Pulver kann in organischen oder anorganischen Katalysatorsystemen verwendet werden, um die katalytische Aktivit\u00e4t und Selektivit\u00e4t zu verbessern.<br \/>\nReagenz f\u00fcr die chemische Synthese: Geeignet f\u00fcr die Synthese von Nickelverbindungen oder Funktionsmaterialien, gew\u00e4hrleistet Reaktionsgleichm\u00e4\u00dfigkeit und -stabilit\u00e4t.<br \/>\nVorl\u00e4ufer f\u00fcr elektronische Materialien: Kann als Vorl\u00e4ufer f\u00fcr elektronische Materialien oder die Herstellung von D\u00fcnnschichten verwendet werden und gew\u00e4hrleistet eine gleichbleibende Materialleistung.<br \/>\nWissenschaftliche Forschung und Entwicklung neuer Materialien: Das Pulver eignet sich f\u00fcr die Laborforschung und die Entwicklung neuer Materialien und wird zur Leistungsbewertung und Prozessforschung verwendet.<\/p>\n<h2><span style=\"color: #0000ff;\"><a style=\"color: #0000ff;\" href=\"https:\/\/ulpmat.com\/de\/unternehmen\/faqs\/\"><span style=\"font-size: 14pt;\">H\u00e4ufig<\/span><\/a><\/span><\/h2>\n<h2><span style=\"color: #0000ff;\"><a style=\"color: #0000ff;\" href=\"https:\/\/ulpmat.com\/de\/unternehmen\/faqs\/\"><span style=\"font-size: 14pt;\">gestellte Fragen<\/span><\/a><\/span><\/h2>\n<p>F1: In welchen Bereichen wird <span style=\"color: #0000ff;\"><a style=\"color: #0000ff;\" href=\"https:\/\/ulpmat.com\/de\/search\/?type=name&#038;keyword=Nickel+chloride+hexahydrate\">Nickelchlorid-Hexahydrat<\/a><\/span><br \/>\n-Pulver haupts\u00e4chlich verwendet?<br \/>\nA1: Es wird h\u00e4ufig in katalytischen Systemen, der chemischen Synthese, als Vorl\u00e4ufer f\u00fcr elektronische Materialien und in wissenschaftlichen Forschungsexperimenten verwendet.<\/p>\n<p>F2: Wie sollte das Pulver gelagert werden, um seine Stabilit\u00e4t zu erhalten?<br \/>\nA2: Es wird empfohlen, es in einem verschlossenen Beh\u00e4lter in einer trockenen Umgebung zu lagern und Feuchtigkeit und l\u00e4ngere Einwirkung von Luft zu vermeiden.<\/p>\n<p>F3: Muss NiCl2\u00b76H2O-Pulver vor der Verwendung behandelt werden?<br \/>\nA3: Es kann in der Regel direkt verwendet werden. Je nach Prozessanforderungen kann eine Aufl\u00f6sung oder Dispersion durchgef\u00fchrt werden.<\/p>\n<p>F4: Was ist der Unterschied zwischen <span style=\"color: #0000ff;\"><a style=\"color: #0000ff;\" href=\"https:\/\/ulpmat.com\/de\/search\/?type=name&#038;keyword=Nickel+chloride+hexahydrate\">Nickelchlorid-Hexahydrat<\/a><\/span><br \/>\nund wasserfreiem Nickelchlorid?<br \/>\nA4: Nickelchlorid-Hexahydrat ist ein Hydrat, dessen Struktur und L\u00f6slichkeit sich von wasserfreiem NiCl\u2082 unterscheiden, wodurch es f\u00fcr bestimmte Experimente und Prozesse geeignet ist.<\/p>\n<h2><span style=\"font-size: 14pt;\">Bericht<\/span><\/h2>\n<p>Jede Charge wird mit folgenden<br \/>\n<span style=\"color: #0000ff;\"><a style=\"color: #0000ff;\" href=\"https:\/\/ulpmat.com\/de\/dokumente\/zertifikat-der-analyse\/\"><u>Unterlagen<\/u><\/a><\/span><br \/>\ngeliefert:<br \/>\n<span style=\"color: #0000ff;\"><a style=\"color: #0000ff;\" href=\"https:\/\/ulpmat.com\/de\/dokumente\/zertifikat-der-analyse\/\"><u>Analysezertifikat (COA)<\/u><\/a><\/span><\/p>\n<p><span style=\"color: #0000ff;\"><a style=\"color: #0000ff;\" href=\"https:\/\/ulpmat.com\/de\/dokumente\/technisches-datenblatt\/\"><u>Technisches Datenblatt (TDS)<\/u><\/a><\/span><\/p>\n<p><span style=\"color: #0000ff;\"><a style=\"color: #0000ff;\" href=\"https:\/\/ulpmat.com\/de\/dokumente\/sicherheitsdatenblatt\/\"><u>Sicherheitsdatenblatt (MSDS)<\/u><\/a><\/span><br \/>\nTestberichte von Drittanbietern sind auf Anfrage erh\u00e4ltlich.<\/p>\n<h2><span style=\"font-size: 14pt;\">Warum sollten Sie sich f\u00fcr uns entscheiden?<\/span><\/h2>\n<p>Wir verf\u00fcgen \u00fcber umfangreiche Erfahrung in der Lieferung von Nickelhalogeniden und funktionellen Pulvermaterialien und bieten stabiles, hochreines NiCl\u2082\u00b76H\u2082O-Pulver mit flexiblen Spezifikationen und umfassendem technischen Support, um Kunden dabei zu helfen, zuverl\u00e4ssige und effiziente Ergebnisse in der Katalyse, bei elektronischen Materialien und wissenschaftlichen Forschungsexperimenten zu erzielen.<\/p>\n","protected":false},"excerpt":{"rendered":"<p>Nickelchlorid-Hexahydrat-Pulver \u2013 \u00dcbersicht Nickelchlorid-Hexahydrat -Pulver ist ein hydratisiertes Nickelhalogenid, das h\u00e4ufig in der chemischen Synthese, der Katalysatorherstellung und der Forschung im Bereich elektronischer Materialien verwendet wird. Wir bieten hochreines NiCl2-6H2O-Pulver in verschiedenen Partikelgr\u00f6\u00dfen an und unterst\u00fctzen Sie bei der Anpassung von Versuchsprozessen und der technischen Beratung. Bitte kontaktieren Sie uns f\u00fcr detaillierte Spezifikationen und Angebote. [&hellip;]<\/p>\n","protected":false},"featured_media":30050,"template":"","meta":{"_acf_changed":false},"product_brand":[132],"product_cat":[318],"product_tag":[2766],"class_list":{"0":"post-30049","1":"product","2":"type-product","3":"status-publish","4":"has-post-thumbnail","6":"product_brand-ulpmat","7":"product_cat-halogenid-materialien","8":"product_tag-nickelchlorid-hexahydrat-pulver","10":"first","11":"instock","12":"shipping-taxable","13":"product-type-variable"},"acf":[],"_links":{"self":[{"href":"https:\/\/ulpmat.com\/de\/wp-json\/wp\/v2\/product\/30049","targetHints":{"allow":["GET"]}}],"collection":[{"href":"https:\/\/ulpmat.com\/de\/wp-json\/wp\/v2\/product"}],"about":[{"href":"https:\/\/ulpmat.com\/de\/wp-json\/wp\/v2\/types\/product"}],"wp:featuredmedia":[{"embeddable":true,"href":"https:\/\/ulpmat.com\/de\/wp-json\/wp\/v2\/media\/30050"}],"wp:attachment":[{"href":"https:\/\/ulpmat.com\/de\/wp-json\/wp\/v2\/media?parent=30049"}],"wp:term":[{"taxonomy":"product_brand","embeddable":true,"href":"https:\/\/ulpmat.com\/de\/wp-json\/wp\/v2\/product_brand?post=30049"},{"taxonomy":"product_cat","embeddable":true,"href":"https:\/\/ulpmat.com\/de\/wp-json\/wp\/v2\/product_cat?post=30049"},{"taxonomy":"product_tag","embeddable":true,"href":"https:\/\/ulpmat.com\/de\/wp-json\/wp\/v2\/product_tag?post=30049"}],"curies":[{"name":"wp","href":"https:\/\/api.w.org\/{rel}","templated":true}]}}