{"id":29579,"date":"2025-12-25T09:34:03","date_gmt":"2025-12-25T01:34:03","guid":{"rendered":"https:\/\/ulpmat.com\/product\/nickelfluorid\/"},"modified":"2025-12-25T09:34:03","modified_gmt":"2025-12-25T01:34:03","slug":"nickelfluorid","status":"publish","type":"product","link":"https:\/\/ulpmat.com\/de\/produkt\/nickelfluorid\/","title":{"rendered":"Nickelfluorid"},"content":{"rendered":"<h2><span style=\"font-size: 14pt;\">Nickelfluoridpulver \u2013 \u00dcbersicht<\/span><\/h2>\n<p><span style=\"color: #0000ff;\"><a style=\"color: #0000ff;\" href=\"https:\/\/ulpmat.com\/de\/search\/?type=name&#038;keyword=Nickel+fluoride\">Nickelfluoridpulver<\/a><\/span><br \/>\nist ein wichtiges anorganisches Nickelsalz, das haupts\u00e4chlich bei der Herstellung von Funktionsmaterialien, chemischen Synthesen und fortschrittlichen Beschichtungsverfahren verwendet wird.<\/p>\n<p>Wir k\u00f6nnen Nickelfluoridpulver in verschiedenen Reinheitsgraden und Partikelgr\u00f6\u00dfen stabil liefern und unterst\u00fctzen kundenspezifische Anforderungen. F\u00fcr <span style=\"color: #0000ff;\"><a style=\"color: #0000ff;\" href=\"https:\/\/ulpmat.com\/de\/service\/technische-unterstuetzung\/\">technische<\/a><\/span><br \/>\nInformationen und Angebote stehen<span style=\"color: #0000ff;\"><a style=\"color: #0000ff;\" href=\"https:\/\/ulpmat.com\/de\/kontakt-us\/\"> wir Ihnen<\/a><\/span><br \/>\ngerne zur <span style=\"color: #0000ff;\"><a style=\"color: #0000ff;\" href=\"https:\/\/ulpmat.com\/de\/kontakt-us\/\">Verf\u00fcgung<\/a><\/span><br \/>\n.<\/p>\n<h2><span style=\"font-size: 14pt;\">Produkt-Highlights<\/span><\/h2>\n<p>Stabile chemische Zusammensetzung<br \/>\nGleichm\u00e4\u00dfige Partikelverteilung<br \/>\nStrenge Kontrolle metallischer Verunreinigungen<br \/>\nGeeignet f\u00fcr feinchemische Prozesse<br \/>\nGute Chargenkonsistenz<br \/>\nVerwendbar in verschiedenen Hochtemperatur- oder Reaktionssystemen<\/p>\n<h2><span style=\"font-size: 14pt;\">Anwendungen von Nickel-Fluorid-Pulver<\/span><\/h2>\n<p>Synthese von Funktionsmaterialien: Dieses Material wird h\u00e4ufig als Vorl\u00e4ufer f\u00fcr nickelhaltige Funktionsverbindungen verwendet, um anorganische Materialien mit spezifischen elektrischen oder magnetischen Eigenschaften herzustellen.<br \/>\nKatalyse chemischer Reaktionen und Zwischenprodukte: In verschiedenen Fluorierungs- oder nickelbasierten Reaktionssystemen kann es als stabiler Reaktant oder wichtiges Zwischenprodukt am Reaktionsprozess teilnehmen.<br \/>\nOberfl\u00e4chenbehandlung und Beschichtungsprozesse: In einigen Metalloberfl\u00e4chenmodifikations- und Spezialbeschichtungsprozessen wird es verwendet, um Nickel- und Fluorelemente einzuf\u00fchren und so die Korrosionsbest\u00e4ndigkeit oder die strukturellen Eigenschaften zu verbessern.<br \/>\nWissenschaftliche Forschung und Laboranwendungen: Weit verbreitet in der anorganischen Chemie, Materialwissenschaft und Reaktionsmechanismusforschung an Universit\u00e4ten und Forschungseinrichtungen.<\/p>\n<h2><span style=\"color: #0000ff;\"><a style=\"color: #0000ff;\" href=\"https:\/\/ulpmat.com\/de\/unternehmen\/faqs\/\"><span style=\"font-size: 14pt;\">H\u00e4ufig gestellte Fragen<\/span><\/a><\/span><\/h2>\n<p>F1: Ist Nickel-Fluorid-Pulver hygroskopisch?<br \/>\nA1: Dieses Produkt ist bei Raumtemperatur chemisch stabil, es wird jedoch empfohlen, es in einem verschlossenen Beh\u00e4lter in einer trockenen Umgebung zu lagern, um eine optimale Leistung zu gew\u00e4hrleisten.<\/p>\n<p>F2: Kann es in Hochtemperatur-Reaktionssystemen verwendet werden?<br \/>\nA2: Unter geeigneten Prozessbedingungen kann es in Hochtemperaturanwendungen verwendet werden. Der spezifische Temperaturbereich muss auf der Grundlage des tats\u00e4chlichen Reaktionssystems bewertet werden.<\/p>\n<p>F3: Unterst\u00fctzt das Produkt verschiedene Partikelgr\u00f6\u00dfen?<br \/>\nA3: Ja, wir k\u00f6nnen Produktl\u00f6sungen mit unterschiedlichen Partikelgr\u00f6\u00dfenbereichen entsprechend den Anwendungsanforderungen anbieten.<\/p>\n<p>F4: Ist es f\u00fcr den Einsatz in der Forschung geeignet?<br \/>\nA4: Ja, die Reinheit und Konsistenz des Produkts erf\u00fcllen die Anforderungen der meisten Labor- und F&amp;E-Anwendungen.<\/p>\n<h2><span style=\"font-size: 14pt;\">Berichte<\/span><\/h2>\n<p>Jede Charge wird mit folgenden Unterlagen geliefert:<br \/>\n<span style=\"color: #0000ff;\"><a style=\"color: #0000ff;\" href=\"https:\/\/ulpmat.com\/de\/dokumente\/zertifikat-der-analyse\/\"><u>Analysezertifikat (COA)<\/u><\/a><\/span><\/p>\n<p><span style=\"color: #0000ff;\"><a style=\"color: #0000ff;\" href=\"https:\/\/ulpmat.com\/de\/dokumente\/technisches-datenblatt\/\"><u>Technisches Datenblatt (TDS)<\/u><\/a><\/span><\/p>\n<p><span style=\"color: #0000ff;\"><a style=\"color: #0000ff;\" href=\"https:\/\/ulpmat.com\/de\/dokumente\/sicherheitsdatenblatt\/\"><u>Sicherheitsdatenblatt (MSDS)<\/u><\/a><\/span><br \/>\nPr\u00fcfberichte von Drittanbietern sind auf Anfrage erh\u00e4ltlich<\/p>\n<h2><span style=\"font-size: 14pt;\">Warum sollten Sie sich f\u00fcr uns entscheiden?<\/span><\/h2>\n<p>Wir konzentrieren uns auf die stabile Lieferung und Qualit\u00e4tskontrolle von anorganischen chemischen Rohstoffen, legen Wert auf die Transparenz der <span style=\"color: #0000ff;\"><a style=\"color: #0000ff;\" href=\"https:\/\/ulpmat.com\/de\/service\/technische-unterstuetzung\/\">technischen<\/a><\/span><br \/>\nParameter und das Management der Chargenkonsistenz und sind in der Lage, unseren Kunden m<\/p>\n","protected":false},"excerpt":{"rendered":"<p>Nickelfluoridpulver \u2013 \u00dcbersicht Nickelfluoridpulver ist ein wichtiges anorganisches Nickelsalz, das haupts\u00e4chlich bei der Herstellung von Funktionsmaterialien, chemischen Synthesen und fortschrittlichen Beschichtungsverfahren verwendet wird. Wir k\u00f6nnen Nickelfluoridpulver in verschiedenen Reinheitsgraden und Partikelgr\u00f6\u00dfen stabil liefern und unterst\u00fctzen kundenspezifische Anforderungen. F\u00fcr technische Informationen und Angebote stehen wir Ihnen gerne zur Verf\u00fcgung . Produkt-Highlights Stabile chemische Zusammensetzung Gleichm\u00e4\u00dfige Partikelverteilung [&hellip;]<\/p>\n","protected":false},"featured_media":29580,"template":"","meta":{"_acf_changed":false},"product_brand":[132],"product_cat":[318],"product_tag":[2652],"class_list":{"0":"post-29579","1":"product","2":"type-product","3":"status-publish","4":"has-post-thumbnail","6":"product_brand-ulpmat","7":"product_cat-halogenid-materialien","8":"product_tag-nickel-fluorid-pulver","10":"first","11":"instock","12":"shipping-taxable","13":"product-type-variable"},"acf":[],"_links":{"self":[{"href":"https:\/\/ulpmat.com\/de\/wp-json\/wp\/v2\/product\/29579","targetHints":{"allow":["GET"]}}],"collection":[{"href":"https:\/\/ulpmat.com\/de\/wp-json\/wp\/v2\/product"}],"about":[{"href":"https:\/\/ulpmat.com\/de\/wp-json\/wp\/v2\/types\/product"}],"wp:featuredmedia":[{"embeddable":true,"href":"https:\/\/ulpmat.com\/de\/wp-json\/wp\/v2\/media\/29580"}],"wp:attachment":[{"href":"https:\/\/ulpmat.com\/de\/wp-json\/wp\/v2\/media?parent=29579"}],"wp:term":[{"taxonomy":"product_brand","embeddable":true,"href":"https:\/\/ulpmat.com\/de\/wp-json\/wp\/v2\/product_brand?post=29579"},{"taxonomy":"product_cat","embeddable":true,"href":"https:\/\/ulpmat.com\/de\/wp-json\/wp\/v2\/product_cat?post=29579"},{"taxonomy":"product_tag","embeddable":true,"href":"https:\/\/ulpmat.com\/de\/wp-json\/wp\/v2\/product_tag?post=29579"}],"curies":[{"name":"wp","href":"https:\/\/api.w.org\/{rel}","templated":true}]}}