{"id":29507,"date":"2025-12-25T09:34:04","date_gmt":"2025-12-25T01:34:04","guid":{"rendered":"https:\/\/ulpmat.com\/product\/nickel-eisen-legierung-2\/"},"modified":"2025-12-25T09:34:04","modified_gmt":"2025-12-25T01:34:04","slug":"nickel-eisen-legierung-2","status":"publish","type":"product","link":"https:\/\/ulpmat.com\/de\/produkt\/nickel-eisen-legierung-2\/","title":{"rendered":"Nickel-Eisen-Legierung"},"content":{"rendered":"<h2><span style=\"font-size: 14pt;\">\u00dcbersicht \u00fcber Sputtertargets aus Nickel-Eisen-Legierung<\/span><\/h2>\n<p>Sputtertargets<br \/>\n<span style=\"color: #0000ff;\"><a style=\"color: #0000ff;\" href=\"https:\/\/ulpmat.com\/de\/search\/?type=name&#038;keyword=Nickel+iron\">aus Nickel-Eisen<\/a><\/span><br \/>\n-Legierung sind Legierungstargets, die in D\u00fcnnschicht-Abscheidungsprozessen verwendet werden, vor allem bei der Herstellung von magnetischen Funktionsd\u00fcnnschichten und verwandten Bauelementen.<\/p>\n<p>Wir k\u00f6nnen Sputtertargets aus Nickel-Eisen-Legierung in verschiedenen Spezifikationen liefern, um unterschiedlichen Anforderungen an Sputteranlagen und D\u00fcnnschichten gerecht zu werden. Eine kundenspezifische Bearbeitung ist m\u00f6glich. Bitte <span style=\"color: #0000ff;\"><a style=\"color: #0000ff;\" href=\"https:\/\/ulpmat.com\/de\/kontakt-us\/\">kontaktieren Sie uns<\/a><\/span><br \/>\nf\u00fcr detaillierte Informationen.<\/p>\n<h2><span style=\"font-size: 14pt;\">Produkt-Highlights<\/span><\/h2>\n<p>Kontrollierbares Legierungsverh\u00e4ltnis<br \/>\nGleichm\u00e4\u00dfige Mikrostruktur<br \/>\nStabile D\u00fcnnschichtzusammensetzung<br \/>\nKompatibel mit verschiedenen Sputteranlagen<br \/>\nHohe Targetdichte<br \/>\nStabiler Betrieb<\/p>\n<h2><span style=\"font-size: 14pt;\">Anwendungen von Sputtertargets aus Nickel-Eisen-Legierungen<\/span><\/h2>\n<p>Herstellung magnetischer Funktionsd\u00fcnnschichten: Wird h\u00e4ufig f\u00fcr die Abscheidung weichmagnetischer oder funktionaler magnetischer D\u00fcnnschichten verwendet und eignet sich f\u00fcr Anwendungen, die eine hohe Konsistenz und Wiederholbarkeit der magnetischen Reaktion erfordern.<br \/>\n<span style=\"color: #0000ff;\"><a style=\"color: #0000ff;\" href=\"https:\/\/ulpmat.com\/de\/anwendung\/halbleiter-materialien\/\">Halbleiter-<\/a><\/span><br \/>\nund Mikrostrukturbauelemente: Wird in einigen Halbleiterprozessen und Mikrostrukturbauelementen zur Bildung wichtiger Metall- oder Legierungsfunktionsschichten verwendet und erf\u00fcllt die Anforderungen an die Prozessstabilit\u00e4t.<br \/>\nElektronik und elektromagnetische Materialien: Kann zur Herstellung von D\u00fcnnschichtstrukturen mit spezifischen elektromagnetischen Eigenschaften verwendet werden, die in der elektromagnetischen Steuerung und verwandten Funktionsmaterialbereichen eingesetzt werden.<br \/>\nForschung und Prozessvalidierung: Geeignet f\u00fcr den experimentellen Einsatz durch Forschungseinrichtungen und F&amp;E-Abteilungen bei neuartigen Legierungsd\u00fcnnschichten, der Erforschung von Prozessfenstern und der Parametervalidierung.<\/p>\n<h2><span style=\"color: #0000ff;\"><a style=\"color: #0000ff;\" href=\"https:\/\/ulpmat.com\/de\/unternehmen\/faqs\/\"><span style=\"font-size: 14pt;\">H\u00e4ufig gestellte Fragen<\/span><\/a><\/span><\/h2>\n<p>F1: Welche Sputterprozesse eignen sich f\u00fcr Sputtertargets aus Nickel-Eisen-Legierungen?<br \/>\nA1: Sie k\u00f6nnen in herk\u00f6mmlichen DC-Sputter- und Magnetron-Sputterprozessen verwendet werden. Die spezifischen Prozessbedingungen m\u00fcssen in Verbindung mit den Ger\u00e4teparametern eingestellt werden.<\/p>\n<p>F2: Kann das Nickel-Eisen-Verh\u00e4ltnis des Targets angepasst werden?<br \/>\nA2: Ja, je nach den Leistungszielen f\u00fcr die D\u00fcnnschicht k\u00f6nnen Legierungsl\u00f6sungen mit unterschiedlichen Zusammensetzungsverh\u00e4ltnissen bereitgestellt werden.<\/p>\n<p>F3: Wie stabil ist das Target bei langfristiger Verwendung?<br \/>\nA3: Unter angemessenen Leistungs- und K\u00fchlbedingungen ist die Targetstruktur stabil, was zur Aufrechterhaltung der Konsistenz des Abscheidungsprozesses beitr\u00e4gt.<\/p>\n<p>F4: Unterst\u00fctzen Sie kleine Gr\u00f6\u00dfen oder nicht standardm\u00e4\u00dfige Spezifikationen?<br \/>\nA4: Ja, wir k\u00f6nnen die Gr\u00f6\u00dfen- und Formvorgaben der <span style=\"color: #0000ff;\"><a style=\"color: #0000ff;\" href=\"https:\/\/ulpmat.com\/de\/unternehmen\/fe\/\">Forschungs-<\/a> <a style=\"color: #0000ff;\" href=\"https:\/\/ulpmat.com\/de\/unternehmen\/fe\/\">und<\/a><\/span><br \/>\nEntwicklungsphase oder von Spezialger\u00e4ten erf\u00fcllen.<\/p>\n<h2><span style=\"font-size: 14pt;\">Berichte<\/span><\/h2>\n<p>Jede Charge wird mit folgenden Unterlagen geliefert:<br \/>\n<span style=\"color: #0000ff;\"><a style=\"color: #0000ff;\" href=\"https:\/\/ulpmat.com\/de\/dokumente\/zertifikat-der-analyse\/\"><u>Analysezertifikat (COA)<\/u><\/a><\/span><\/p>\n<p><span style=\"color: #0000ff;\"><a style=\"color: #0000ff;\" href=\"https:\/\/ulpmat.com\/de\/dokumente\/technisches-datenblatt\/\"><u>Technisches Datenblatt (TDS)<\/u><\/a><\/span><\/p>\n<p><span style=\"color: #0000ff;\"><a style=\"color: #0000ff;\" href=\"https:\/\/ulpmat.com\/de\/dokumente\/sicherheitsdatenblatt\/\"><u>Sicherheitsdatenblatt (MSDS)<\/u><\/a><\/span><br \/>\nGr\u00f6\u00dfenpr\u00fcfbericht<br \/>\nPr\u00fcfberichte von Drittanbietern sind auf Anfrage erh\u00e4ltlich<\/p>\n<h2><span style=\"font-size: 14pt;\">. Warum sollten Sie sich f\u00fcr uns entscheiden?<\/span><\/h2>\n<p>Wir konzentrieren uns seit langem auf die Herstellung und Verarbeitung von Legierungssputtertargets und legen dabei besonderen Wert auf die Kontrolle der Zusammensetzung, die strukturelle Stabilit\u00e4t und die Prozessanpassung, sodass wir unseren Kunden zuverl\u00e4ssigere Materialien f\u00fcr die D\u00fcnnschichtabscheidung anbieten k\u00f6nnen.<\/p>\n","protected":false},"excerpt":{"rendered":"<p>\u00dcbersicht \u00fcber Sputtertargets aus Nickel-Eisen-Legierung Sputtertargets aus Nickel-Eisen -Legierung sind Legierungstargets, die in D\u00fcnnschicht-Abscheidungsprozessen verwendet werden, vor allem bei der Herstellung von magnetischen Funktionsd\u00fcnnschichten und verwandten Bauelementen. Wir k\u00f6nnen Sputtertargets aus Nickel-Eisen-Legierung in verschiedenen Spezifikationen liefern, um unterschiedlichen Anforderungen an Sputteranlagen und D\u00fcnnschichten gerecht zu werden. Eine kundenspezifische Bearbeitung ist m\u00f6glich. Bitte kontaktieren Sie uns [&hellip;]<\/p>\n","protected":false},"featured_media":29508,"template":"","meta":{"_acf_changed":false},"product_brand":[132],"product_cat":[562],"product_tag":[2640],"class_list":{"0":"post-29507","1":"product","2":"type-product","3":"status-publish","4":"has-post-thumbnail","6":"product_brand-ulpmat","7":"product_cat-legierung-sputtering-target","8":"product_tag-nickel-eisen-legierung-sputtering-target","10":"first","11":"instock","12":"shipping-taxable","13":"product-type-variable"},"acf":[],"_links":{"self":[{"href":"https:\/\/ulpmat.com\/de\/wp-json\/wp\/v2\/product\/29507","targetHints":{"allow":["GET"]}}],"collection":[{"href":"https:\/\/ulpmat.com\/de\/wp-json\/wp\/v2\/product"}],"about":[{"href":"https:\/\/ulpmat.com\/de\/wp-json\/wp\/v2\/types\/product"}],"wp:featuredmedia":[{"embeddable":true,"href":"https:\/\/ulpmat.com\/de\/wp-json\/wp\/v2\/media\/29508"}],"wp:attachment":[{"href":"https:\/\/ulpmat.com\/de\/wp-json\/wp\/v2\/media?parent=29507"}],"wp:term":[{"taxonomy":"product_brand","embeddable":true,"href":"https:\/\/ulpmat.com\/de\/wp-json\/wp\/v2\/product_brand?post=29507"},{"taxonomy":"product_cat","embeddable":true,"href":"https:\/\/ulpmat.com\/de\/wp-json\/wp\/v2\/product_cat?post=29507"},{"taxonomy":"product_tag","embeddable":true,"href":"https:\/\/ulpmat.com\/de\/wp-json\/wp\/v2\/product_tag?post=29507"}],"curies":[{"name":"wp","href":"https:\/\/api.w.org\/{rel}","templated":true}]}}