{"id":26417,"date":"2025-07-18T17:14:34","date_gmt":"2025-07-18T09:14:34","guid":{"rendered":"https:\/\/ulpmat.com\/product\/aluminium-metall-8\/"},"modified":"2025-07-18T17:14:34","modified_gmt":"2025-07-18T09:14:34","slug":"aluminium-metall-8","status":"publish","type":"product","link":"https:\/\/ulpmat.com\/de\/produkt\/aluminium-metall-8\/","title":{"rendered":"Aluminium-Metall"},"content":{"rendered":"<h2><span style=\"font-size: 14pt;\">Aluminium-Metall-Drehscheibe \u00dcbersicht<\/span><\/h2>\n<p><strong><span style=\"color: #3366ff;\"><a style=\"color: #3366ff;\" href=\"https:\/\/ulpmat.com\/de\/search\/?type=element&#038;keyword=AL\">Aluminium <\/a><\/span><\/strong>rotationstargets sind Hochleistungsmaterialien, die speziell f\u00fcr kontinuierliche D\u00fcnnschichtabscheidungsprozesse entwickelt wurden. Mit einer Reinheit von bis zu 99,999 % und einer ausgezeichneten Dichte gew\u00e4hrleisten sie eine gleichm\u00e4\u00dfige Filmbildung, starke Haftung und minimale Verunreinigungen.<\/p>\n<p>Unsere hochreinen Aluminium-Rotations-Sputter-Targets sind in verschiedenen Gr\u00f6\u00dfen erh\u00e4ltlich und k\u00f6nnen vollst\u00e4ndig an die jeweiligen Anforderungen angepasst werden. Wir bieten auch eine umfassende After-Sales-Unterst\u00fctzung &#8211; bitte z\u00f6gern Sie nicht <span style=\"color: #3366ff;\"><a style=\"color: #3366ff;\" href=\"https:\/\/ulpmat.com\/de\/kontakt-us\/\">kontaktieren Sie uns<\/a><\/span> wenn Sie Fragen zu deren Verwendung haben.<\/p>\n<h2><span style=\"font-size: 14pt;\">Produkt-Highlights:<\/span><\/h2>\n<p>Reinheit: \u226599,99% bis 99,999%<br \/>\nHohe Dichte f\u00fcr gleichm\u00e4\u00dfige Schichtabscheidung<br \/>\nAnpassbare Gr\u00f6\u00dfen und Formen<\/p>\n<h2><span style=\"font-size: 14pt;\">Anwendungen von Aluminium-Rotations-Targets<\/span><\/h2>\n<p>Halbleiter: Aufgrund der ausgezeichneten Leitf\u00e4higkeit und Prozesskompatibilit\u00e4t werden sie f\u00fcr Zwischenverbindungen und Kontaktschichten verwendet.<br \/>\nFlachbildschirme: Anwendung als Reflexions- oder Elektrodenschichten in LCD- und OLED-Displays.<br \/>\nPhotovoltaik: Dient als R\u00fcckelektrode in D\u00fcnnschicht-Solarzellen und bietet hohe Reflektivit\u00e4t und Stabilit\u00e4t.<br \/>\nOptische Beschichtungen: Bildet hochreflektierende oder funktionelle Beschichtungen auf Linsen, Spiegeln und optischen Komponenten.<\/p>\n<h2><span style=\"font-size: 14pt;\">Berichte<\/span><\/h2>\n<p>Wir liefern mit jeder Lieferung ein Analysezertifikat (COA), ein Sicherheitsdatenblatt (MSDS) und andere relevante Berichte. Dar\u00fcber hinaus unterst\u00fctzen wir Pr\u00fcfungen durch Dritte zur zus\u00e4tzlichen Qualit\u00e4tssicherung.<\/p>\n","protected":false},"excerpt":{"rendered":"<p>Aluminium-Metall-Drehscheibe \u00dcbersicht Aluminium rotationstargets sind Hochleistungsmaterialien, die speziell f\u00fcr kontinuierliche D\u00fcnnschichtabscheidungsprozesse entwickelt wurden. Mit einer Reinheit von bis zu 99,999 % und einer ausgezeichneten Dichte gew\u00e4hrleisten sie eine gleichm\u00e4\u00dfige Filmbildung, starke Haftung und minimale Verunreinigungen. Unsere hochreinen Aluminium-Rotations-Sputter-Targets sind in verschiedenen Gr\u00f6\u00dfen erh\u00e4ltlich und k\u00f6nnen vollst\u00e4ndig an die jeweiligen Anforderungen angepasst werden. Wir bieten auch [&hellip;]<\/p>\n","protected":false},"featured_media":54427,"template":"","meta":{"_acf_changed":false},"product_brand":[],"product_cat":[278,466],"product_tag":[],"class_list":{"0":"post-26417","1":"product","2":"type-product","3":"status-publish","4":"has-post-thumbnail","6":"product_cat-metall-sputtering-target","7":"product_cat-rotierende-zielscheiben","9":"first","10":"instock","11":"shipping-taxable","12":"product-type-variable"},"acf":[],"_links":{"self":[{"href":"https:\/\/ulpmat.com\/de\/wp-json\/wp\/v2\/product\/26417","targetHints":{"allow":["GET"]}}],"collection":[{"href":"https:\/\/ulpmat.com\/de\/wp-json\/wp\/v2\/product"}],"about":[{"href":"https:\/\/ulpmat.com\/de\/wp-json\/wp\/v2\/types\/product"}],"wp:featuredmedia":[{"embeddable":true,"href":"https:\/\/ulpmat.com\/de\/wp-json\/wp\/v2\/media\/54427"}],"wp:attachment":[{"href":"https:\/\/ulpmat.com\/de\/wp-json\/wp\/v2\/media?parent=26417"}],"wp:term":[{"taxonomy":"product_brand","embeddable":true,"href":"https:\/\/ulpmat.com\/de\/wp-json\/wp\/v2\/product_brand?post=26417"},{"taxonomy":"product_cat","embeddable":true,"href":"https:\/\/ulpmat.com\/de\/wp-json\/wp\/v2\/product_cat?post=26417"},{"taxonomy":"product_tag","embeddable":true,"href":"https:\/\/ulpmat.com\/de\/wp-json\/wp\/v2\/product_tag?post=26417"}],"curies":[{"name":"wp","href":"https:\/\/api.w.org\/{rel}","templated":true}]}}