{"id":26352,"date":"2025-09-30T16:33:17","date_gmt":"2025-09-30T08:33:17","guid":{"rendered":"https:\/\/ulpmat.com\/product\/bismut-oxid-2\/"},"modified":"2025-09-30T16:33:17","modified_gmt":"2025-09-30T08:33:17","slug":"bismut-oxid-2","status":"publish","type":"product","link":"https:\/\/ulpmat.com\/de\/produkt\/bismut-oxid-2\/","title":{"rendered":"Bismut-Oxid"},"content":{"rendered":"<h2><span style=\"font-size: 14pt;\">Bismutoxidpulver \u00dcbersicht<\/span><\/h2>\n<p><span style=\"color: #0000ff;\"><a style=\"color: #0000ff;\" href=\"https:\/\/ulpmat.com\/de\/search\/?type=name&#038;keyword=BI2o3\">Bismutoxid<\/a> <\/span>pulver ist ein hochleistungsf\u00e4higes Funktionsmaterial, das in der Elektronik, Keramik, Katalyse und anderen Bereichen weit verbreitet ist. Aufgrund seiner einzigartigen chemischen und physikalischen Eigenschaften eignet sich Bismutoxidpulver hervorragend f\u00fcr technische Anwendungen wie D\u00fcnnschichtabscheidung, Katalyse, Gassensoren usw. Es zeichnet sich durch hohe Reinheit, ausgezeichnete Stabilit\u00e4t und einstellbare elektronische Eigenschaften aus und eignet sich f\u00fcr eine Vielzahl von Anforderungen der High-Tech-Industrie.<\/p>\n<p>Wir sind bestrebt, unseren Kunden hochleistungsf\u00e4higes, ma\u00dfgeschneidertes Wismutoxid-Pulver zu liefern, das den Anforderungen verschiedener industrieller Anwendungen gerecht wird. Wir bieten auch eine umfassende After-Sales-Unterst\u00fctzung, wenn Sie irgendwelche Fragen \u00fcber die Verwendung haben, wenden Sie sich bitte an<span style=\"color: #0000ff;\"><a style=\"color: #0000ff;\" href=\"https:\/\/ulpmat.com\/de\/kontakt-us\/\"> kontaktieren Sie uns.<\/a><\/span><\/p>\n<h2><span style=\"font-size: 14pt;\">Produkt-Highlights<\/span><\/h2>\n<p>Reinheit: 99,9% bis 99,9995%<br \/>\nPartikelgr\u00f6\u00dfe: feines Pulver zur Gew\u00e4hrleistung einer gleichm\u00e4\u00dfigen Dispersion<br \/>\nChemische Stabilit\u00e4t: sehr stabil bei hohen Temperaturen und in chemischer Umgebung, geeignet f\u00fcr verschiedene anspruchsvolle Anwendungen<br \/>\nVerpackung: <span style=\"color: #0000ff;\"><a style=\"color: #0000ff;\" href=\"https:\/\/ulpmat.com\/de\/service\/personalisierung\/\">anpassbar<\/a><\/span><br \/>\nAusgezeichnete Leitf\u00e4higkeit und optische Eigenschaften: bietet gute optoelektronische Eigenschaften, geeignet f\u00fcr optische Beschichtungen und elektronische Ger\u00e4te<br \/>\nHohe spezifische Oberfl\u00e4che: f\u00f6rderlich f\u00fcr katalytische Reaktionen und Gasadsorption<\/p>\n<h2><span style=\"font-size: 14pt;\">Anwendungen von Bismutoxidpulver<\/span><\/h2>\n<p><span style=\"color: #0000ff;\"><a style=\"color: #0000ff;\" href=\"https:\/\/ulpmat.com\/de\/anwendung\/halbleiter-materialien\/\">Halbleiter<\/a><\/span>: Wismutoxid-Pulver weist eine gute Leitf\u00e4higkeit und Stabilit\u00e4t bei der Abscheidung von D\u00fcnnschichten auf und wird h\u00e4ufig f\u00fcr optoelektronische Ger\u00e4te und Halbleitermaterialien verwendet.<\/p>\n<p><span style=\"color: #0000ff;\"><a style=\"color: #0000ff;\" href=\"https:\/\/ulpmat.com\/de\/anwendung\/materialien-fuer-die-optik\/\">Optische Beschichtung:<\/a><\/span> Als optisches Beschichtungsmaterial hat es hervorragende optische Eigenschaften, insbesondere in der Reflexionsschicht und der Filterschicht von Linsen und optischen Komponenten.<\/p>\n<p>Katalysator: Bi2O3 hat hervorragende katalytische Eigenschaften und wird h\u00e4ufig in der Abgasreinigung von Autos, im Umweltschutz, in Gassensoren und anderen Bereichen eingesetzt.<\/p>\n<p>Gassensor: Aufgrund seiner guten elektrischen Eigenschaften und seines Ansprechverhaltens wird Bismutoxid-Pulver h\u00e4ufig in hochempfindlichen Gassensoren verwendet, insbesondere zum Nachweis von giftigen Gasen und Schadstoffen.<\/p>\n<p>Keramische Werkstoffe: In Hochleistungskeramiken kann Bismutoxid die thermische Stabilit\u00e4t, die mechanische Festigkeit und die chemische Korrosionsbest\u00e4ndigkeit von Keramiken erheblich verbessern und wird in Hochtemperaturkeramiken und Elektrokeramiken verwendet.<\/p>\n<h2><span style=\"font-size: 14pt;\">Bericht<\/span><\/h2>\n<p>Wir stellen Analysezertifikate (COA), Sicherheitsdatenbl\u00e4tter (MSDS) und andere relevante Berichte f\u00fcr jede Charge von Waren zur Verf\u00fcgung. Dar\u00fcber hinaus unterst\u00fctzen wir auch Pr\u00fcfungen durch Dritte, um die Qualit\u00e4tssicherung zu verbessern.<\/p>\n","protected":false},"excerpt":{"rendered":"<p>Bismutoxidpulver \u00dcbersicht Bismutoxid pulver ist ein hochleistungsf\u00e4higes Funktionsmaterial, das in der Elektronik, Keramik, Katalyse und anderen Bereichen weit verbreitet ist. Aufgrund seiner einzigartigen chemischen und physikalischen Eigenschaften eignet sich Bismutoxidpulver hervorragend f\u00fcr technische Anwendungen wie D\u00fcnnschichtabscheidung, Katalyse, Gassensoren usw. Es zeichnet sich durch hohe Reinheit, ausgezeichnete Stabilit\u00e4t und einstellbare elektronische Eigenschaften aus und eignet sich [&hellip;]<\/p>\n","protected":false},"featured_media":13761,"template":"","meta":{"_acf_changed":false},"product_brand":[132],"product_cat":[336],"product_tag":[],"class_list":{"0":"post-26352","1":"product","2":"type-product","3":"status-publish","4":"has-post-thumbnail","6":"product_brand-ulpmat","7":"product_cat-oxide","9":"first","10":"instock","11":"shipping-taxable","12":"product-type-variable"},"acf":[],"_links":{"self":[{"href":"https:\/\/ulpmat.com\/de\/wp-json\/wp\/v2\/product\/26352","targetHints":{"allow":["GET"]}}],"collection":[{"href":"https:\/\/ulpmat.com\/de\/wp-json\/wp\/v2\/product"}],"about":[{"href":"https:\/\/ulpmat.com\/de\/wp-json\/wp\/v2\/types\/product"}],"wp:featuredmedia":[{"embeddable":true,"href":"https:\/\/ulpmat.com\/de\/wp-json\/wp\/v2\/media\/13761"}],"wp:attachment":[{"href":"https:\/\/ulpmat.com\/de\/wp-json\/wp\/v2\/media?parent=26352"}],"wp:term":[{"taxonomy":"product_brand","embeddable":true,"href":"https:\/\/ulpmat.com\/de\/wp-json\/wp\/v2\/product_brand?post=26352"},{"taxonomy":"product_cat","embeddable":true,"href":"https:\/\/ulpmat.com\/de\/wp-json\/wp\/v2\/product_cat?post=26352"},{"taxonomy":"product_tag","embeddable":true,"href":"https:\/\/ulpmat.com\/de\/wp-json\/wp\/v2\/product_tag?post=26352"}],"curies":[{"name":"wp","href":"https:\/\/api.w.org\/{rel}","templated":true}]}}