{"id":26324,"date":"2025-09-30T16:33:23","date_gmt":"2025-09-30T08:33:23","guid":{"rendered":"https:\/\/ulpmat.com\/product\/bismut-iodid\/"},"modified":"2025-09-30T16:33:23","modified_gmt":"2025-09-30T08:33:23","slug":"bismut-iodid","status":"publish","type":"product","link":"https:\/\/ulpmat.com\/de\/produkt\/bismut-iodid\/","title":{"rendered":"Bismut-Iodid"},"content":{"rendered":"<h2><span style=\"font-size: 14pt;\">Bismutjodidpulver \u00dcbersicht<\/span><\/h2>\n<p><span style=\"color: #0000ff;\"><a style=\"color: #0000ff;\" href=\"https:\/\/ulpmat.com\/de\/search\/?type=name&#038;keyword=Bismuth+iodide\">Wismutjodid<\/a><\/span> pulver ist eine wichtige hochreine anorganische Verbindung, die in optoelektronischen Materialien, R\u00f6ntgendetektoren, Halbleitern und der chemischen Gasphasenabscheidung weit verbreitet ist. Unser Bismut-Jodid-Pulver wird mit fortschrittlicher Technologie hergestellt und zeichnet sich durch hohe Reinheit und einheitliche Partikel aus, was seine hervorragende optoelektronische Leistung und Stabilit\u00e4t in verschiedenen Anwendungen gew\u00e4hrleistet.<\/p>\n<p>Wir bieten Wismut-Jodid-Pulver mit unterschiedlichen Spezifikationen und kontrollierbarer Partikelgr\u00f6\u00dfe an, wobei wir die Verpackung und die Partikelgr\u00f6\u00dfenabstufung je nach Kundenwunsch anpassen. Gleichzeitig verf\u00fcgen wir \u00fcber ein professionelles technisches Team, das vor und nach dem Verkauf<span style=\"color: #0000ff;\"><a style=\"color: #0000ff;\" href=\"https:\/\/ulpmat.com\/de\/service\/service-nach-dem-verkauf\/\"> nach dem Verkauf<\/a><\/span> und After-Sales-Support, um die Effizienz und Sicherheit der Kunden bei der Verwendung zu gew\u00e4hrleisten.<\/p>\n<h2><span style=\"font-size: 14pt;\">Produkt-Highlights<\/span><\/h2>\n<p>Reinheit: 99,99%<br \/>\nPartikelgr\u00f6\u00dfenbereich: kontrollierbare Verteilung, anpassbar<br \/>\nStabilit\u00e4t: empfindlich gegen\u00fcber Luft, muss versiegelt und gelagert werden<br \/>\nUnterst\u00fctzung kundenspezifischer Verpackungen, Kontrolle der Partikelgr\u00f6\u00dfe und Anpassung der technischen Parameter<\/p>\n<h2><span style=\"font-size: 14pt;\">Anwendung von Bismutjodidpulver<\/span><\/h2>\n<p>Materialien f\u00fcr Strahlungsdetektoren: BiI3 hat einen hohen Z-Wert und eine gute Bandstruktur und kann zur Herstellung von R\u00f6ntgen- und Gammastrahlendetektoren verwendet werden.<br \/>\nOptoelektronische Ger\u00e4te: Es kann f\u00fcr die n\u00e4chste Generation von Fotovoltaikzellen und anderen Halbleitermaterialien f\u00fcr die fotoelektrische Umwandlung verwendet werden und verf\u00fcgt \u00fcber hervorragende Absorptions- und Ladungs\u00fcbertragungseigenschaften.<br \/>\nVorl\u00e4ufer f\u00fcr die chemische Gasphasenabscheidung (CVD): Aufgrund seiner m\u00e4\u00dfigen Fl\u00fcchtigkeit kann es als Verdampfungsausgangsmaterial f\u00fcr die Herstellung bestimmter funktioneller d\u00fcnner Schichten verwendet werden.<br \/>\nLehre und wissenschaftliche Forschung: Es wird h\u00e4ufig in experimentellen Forschungsbereichen wie der anorganischen Synthese, dem Kristallwachstum und der Pr\u00fcfung der elektrischen Leistung verwendet.<\/p>\n<h2><span style=\"font-size: 14pt;\">Bericht<\/span><\/h2>\n<p>Wir stellen f\u00fcr jede Produktcharge einen vollst\u00e4ndigen Satz von Qualit\u00e4tsdokumenten zur Verf\u00fcgung, einschlie\u00dflich eines Analysezertifikats (COA), eines Sicherheitsdatenblatts (MSDS) und zugeh\u00f6riger Dokumente. Wir unterst\u00fctzen die von Kunden vorgeschlagenen Pr\u00fcfungen durch Dritte, um sicherzustellen, dass die Produkte strenge technische und sicherheitstechnische Normen erf\u00fcllen.<\/p>\n","protected":false},"excerpt":{"rendered":"<p>Bismutjodidpulver \u00dcbersicht Wismutjodid pulver ist eine wichtige hochreine anorganische Verbindung, die in optoelektronischen Materialien, R\u00f6ntgendetektoren, Halbleitern und der chemischen Gasphasenabscheidung weit verbreitet ist. Unser Bismut-Jodid-Pulver wird mit fortschrittlicher Technologie hergestellt und zeichnet sich durch hohe Reinheit und einheitliche Partikel aus, was seine hervorragende optoelektronische Leistung und Stabilit\u00e4t in verschiedenen Anwendungen gew\u00e4hrleistet. Wir bieten Wismut-Jodid-Pulver mit [&hellip;]<\/p>\n","protected":false},"featured_media":13845,"template":"","meta":{"_acf_changed":false},"product_brand":[132],"product_cat":[318],"product_tag":[],"class_list":{"0":"post-26324","1":"product","2":"type-product","3":"status-publish","4":"has-post-thumbnail","6":"product_brand-ulpmat","7":"product_cat-halogenid-materialien","9":"first","10":"instock","11":"shipping-taxable","12":"product-type-variable"},"acf":[],"_links":{"self":[{"href":"https:\/\/ulpmat.com\/de\/wp-json\/wp\/v2\/product\/26324","targetHints":{"allow":["GET"]}}],"collection":[{"href":"https:\/\/ulpmat.com\/de\/wp-json\/wp\/v2\/product"}],"about":[{"href":"https:\/\/ulpmat.com\/de\/wp-json\/wp\/v2\/types\/product"}],"wp:featuredmedia":[{"embeddable":true,"href":"https:\/\/ulpmat.com\/de\/wp-json\/wp\/v2\/media\/13845"}],"wp:attachment":[{"href":"https:\/\/ulpmat.com\/de\/wp-json\/wp\/v2\/media?parent=26324"}],"wp:term":[{"taxonomy":"product_brand","embeddable":true,"href":"https:\/\/ulpmat.com\/de\/wp-json\/wp\/v2\/product_brand?post=26324"},{"taxonomy":"product_cat","embeddable":true,"href":"https:\/\/ulpmat.com\/de\/wp-json\/wp\/v2\/product_cat?post=26324"},{"taxonomy":"product_tag","embeddable":true,"href":"https:\/\/ulpmat.com\/de\/wp-json\/wp\/v2\/product_tag?post=26324"}],"curies":[{"name":"wp","href":"https:\/\/api.w.org\/{rel}","templated":true}]}}