{"id":26240,"date":"2025-09-30T16:33:17","date_gmt":"2025-09-30T08:33:17","guid":{"rendered":"https:\/\/ulpmat.com\/product\/bismuthydroxid\/"},"modified":"2025-09-30T16:33:17","modified_gmt":"2025-09-30T08:33:17","slug":"bismuthydroxid","status":"publish","type":"product","link":"https:\/\/ulpmat.com\/de\/produkt\/bismuthydroxid\/","title":{"rendered":"Bismuthydroxid"},"content":{"rendered":"<h2><span style=\"font-size: 14pt;\">Bismuthydroxid-Pulver \u00dcbersicht<\/span><\/h2>\n<p><span style=\"color: #0000ff;\"><a style=\"color: #0000ff;\" href=\"https:\/\/ulpmat.com\/de\/search\/?type=name&#038;keyword=Bismuth+Hydroxide\">Bismuthydroxid<\/a><\/span> pulver ist ein Hochleistungsmaterial, das f\u00fcr hochreine chemische Anwendungen entwickelt wurde und in Katalyse, Umweltschutz, Wasseraufbereitung und anderen Bereichen weit verbreitet ist. Es verf\u00fcgt \u00fcber eine ausgezeichnete Stabilit\u00e4t und eine effiziente Adsorptionskapazit\u00e4t und kann verschiedene industrielle Anforderungen erf\u00fcllen.<\/p>\n<p>Wir bieten Bismuthydroxid-Pulver in verschiedenen Spezifikationen an und k\u00f6nnen es entsprechend Ihren spezifischen Anforderungen anpassen. Wir bieten auch umfassende<span style=\"color: #0000ff;\"><a style=\"color: #0000ff;\" href=\"https:\/\/ulpmat.com\/de\/service\/service-nach-dem-verkauf\/\"> after-Sales-Unterst\u00fctzung<\/a><\/span>. Wenn Sie Fragen zur Verwendung haben, wenden Sie sich bitte an <span style=\"color: #0000ff;\"><a style=\"color: #0000ff;\" href=\"https:\/\/ulpmat.com\/de\/kontakt-us\/\">kontaktieren Sie uns.<\/a><\/span><\/p>\n<h2><span style=\"font-size: 14pt;\">Produkt-Highlights<\/span><\/h2>\n<p>Reinheit: 99,9%<br \/>\nHohe spezifische Oberfl\u00e4che: Optimierung der katalytischen Reaktion und der Adsorptionswirkung<br \/>\nAnpassbare Spezifikationen: Partikelgr\u00f6\u00dfenbereich kann je nach Bedarf bereitgestellt werden, um spezifische Anwendungsanforderungen zu erf\u00fcllen<br \/>\nAnpassungsf\u00e4hige Verpackung: Kann entsprechend den Kundenanforderungen angepasst werden<br \/>\nBreite Anwendbarkeit: Geeignet f\u00fcr Katalysatoren, pharmazeutische Pr\u00e4parate, Beschichtungen, Umweltschutz, Wasseraufbereitung und andere Bereiche<\/p>\n<h2><span style=\"font-size: 14pt;\">Anwendung von Bismuthydroxid-Pulver <\/span><\/h2>\n<p>Katalysator: Als Katalysator in der chemischen Synthese spielt es eine wichtige Rolle in der organischen Synthese und bei Arzneimittelreaktionen.<br \/>\nWasseraufbereitung: Es kann Schwermetallionen wie Blei und Arsen im Wasser wirksam entfernen und die Wasserqualit\u00e4t reinigen.<br \/>\nUmweltfreundliche Materialien: Sie werden zur Entfernung von Schadstoffen aus Abw\u00e4ssern verwendet und finden breite Anwendung bei der Bek\u00e4mpfung der Wasserverschmutzung.<br \/>\nBeschichtungen: Werden als Inhaltsstoffe f\u00fcr umweltfreundliche Beschichtungen verwendet, um die Umweltverschmutzung zu verringern.<br \/>\nPharmazeutische Pr\u00e4parate: Sie werden als Magenmittel und antibakterielle Medikamente verwendet und haben wichtige Anwendungen im medizinischen Bereich.<\/p>\n<h2><span style=\"font-size: 14pt;\">Berichte<\/span><\/h2>\n<p>Wir stellen Analysezertifikate (COA), Sicherheitsdatenbl\u00e4tter (MSDS) und andere relevante Berichte f\u00fcr jede Sendung zur Verf\u00fcgung. Dar\u00fcber hinaus unterst\u00fctzen wir auch Pr\u00fcfungen durch Dritte, um die Qualit\u00e4tssicherung zu verbessern.<\/p>\n","protected":false},"excerpt":{"rendered":"<p>Bismuthydroxid-Pulver \u00dcbersicht Bismuthydroxid pulver ist ein Hochleistungsmaterial, das f\u00fcr hochreine chemische Anwendungen entwickelt wurde und in Katalyse, Umweltschutz, Wasseraufbereitung und anderen Bereichen weit verbreitet ist. Es verf\u00fcgt \u00fcber eine ausgezeichnete Stabilit\u00e4t und eine effiziente Adsorptionskapazit\u00e4t und kann verschiedene industrielle Anforderungen erf\u00fcllen. Wir bieten Bismuthydroxid-Pulver in verschiedenen Spezifikationen an und k\u00f6nnen es entsprechend Ihren spezifischen Anforderungen [&hellip;]<\/p>\n","protected":false},"featured_media":13899,"template":"","meta":{"_acf_changed":false},"product_brand":[132],"product_cat":[336],"product_tag":[],"class_list":{"0":"post-26240","1":"product","2":"type-product","3":"status-publish","4":"has-post-thumbnail","6":"product_brand-ulpmat","7":"product_cat-oxide","9":"first","10":"instock","11":"shipping-taxable","12":"product-type-variable"},"acf":[],"_links":{"self":[{"href":"https:\/\/ulpmat.com\/de\/wp-json\/wp\/v2\/product\/26240","targetHints":{"allow":["GET"]}}],"collection":[{"href":"https:\/\/ulpmat.com\/de\/wp-json\/wp\/v2\/product"}],"about":[{"href":"https:\/\/ulpmat.com\/de\/wp-json\/wp\/v2\/types\/product"}],"wp:featuredmedia":[{"embeddable":true,"href":"https:\/\/ulpmat.com\/de\/wp-json\/wp\/v2\/media\/13899"}],"wp:attachment":[{"href":"https:\/\/ulpmat.com\/de\/wp-json\/wp\/v2\/media?parent=26240"}],"wp:term":[{"taxonomy":"product_brand","embeddable":true,"href":"https:\/\/ulpmat.com\/de\/wp-json\/wp\/v2\/product_brand?post=26240"},{"taxonomy":"product_cat","embeddable":true,"href":"https:\/\/ulpmat.com\/de\/wp-json\/wp\/v2\/product_cat?post=26240"},{"taxonomy":"product_tag","embeddable":true,"href":"https:\/\/ulpmat.com\/de\/wp-json\/wp\/v2\/product_tag?post=26240"}],"curies":[{"name":"wp","href":"https:\/\/api.w.org\/{rel}","templated":true}]}}