{"id":26216,"date":"2025-10-10T15:22:58","date_gmt":"2025-10-10T07:22:58","guid":{"rendered":"https:\/\/ulpmat.com\/product\/bleioxyd\/"},"modified":"2025-10-10T15:22:58","modified_gmt":"2025-10-10T07:22:58","slug":"bleioxyd","status":"publish","type":"product","link":"https:\/\/ulpmat.com\/de\/produkt\/bleioxyd\/","title":{"rendered":"Bleioxyd"},"content":{"rendered":"<h2><span style=\"font-size: 14pt;\">Bleioxidpulver \u00dcbersicht<\/span><\/h2>\n<p><span style=\"color: #0000ff;\"><a style=\"color: #0000ff;\" href=\"https:\/\/ulpmat.com\/de\/search\/?type=name&#038;keyword=Lead+oxide\">Blei-O<\/a><\/span><span style=\"color: #0000ff;\"><a style=\"color: #0000ff;\" href=\"https:\/\/ulpmat.com\/de\/search\/?type=name&#038;keyword=Lead+oxide\">xid<\/a> <\/span>pulver ist ein hochleistungsf\u00e4higes Bleioxidmaterial, das in der Keramik-, Beschichtungs-, Gummi-, Glas- und anderen chemischen Industrien weit verbreitet ist. Seine stabilen physikalischen und chemischen Eigenschaften machen es zu einem wichtigen Rohstoff in vielen Bereichen.<\/p>\n<p>Wir bieten Bleimonoxidpulver mit unterschiedlichen Spezifikationen und Partikelgr\u00f6\u00dfenverteilungen an, um sicherzustellen, dass die verschiedenen technischen Anforderungen erf\u00fcllt werden. Je nach Ihren spezifischen Anforderungen k\u00f6nnen wir auch Folgendes anbieten <span style=\"color: #0000ff;\"><a style=\"color: #0000ff;\" href=\"https:\/\/ulpmat.com\/de\/service\/personalisierung\/\">ma\u00dfgeschneiderte Dienstleistungen<\/a> <\/span>um die beste <span style=\"color: #0000ff;\"><a style=\"color: #0000ff;\" href=\"https:\/\/ulpmat.com\/de\/service\/technische-unterstuetzung\/\">leistung.<\/a><\/span><\/p>\n<h2><span style=\"font-size: 14pt;\">Produkt-Highlights<\/span><\/h2>\n<p>Reinheit: 99,9%<br \/>\nHohe chemische Stabilit\u00e4t, geeignet f\u00fcr verschiedene industrielle Anwendungen<br \/>\nAnpassbare Verpackung<br \/>\nIndividuell anpassbare Pulverpartikelgr\u00f6\u00dfe und -verteilung<br \/>\nGeeignet f\u00fcr Keramik, Beschichtungen, Gummi, Glas und andere Bereiche<\/p>\n<h2><span style=\"font-size: 14pt;\">Anwendungen von Bleioxidpulver<\/span><\/h2>\n<p>Keramik: wird in Glasuren, keramischen Beschichtungen usw. in der Keramikproduktion verwendet, um deren H\u00e4rte und Verschlei\u00dffestigkeit zu erh\u00f6hen.<br \/>\nBeschichtungen: Als Pigmente und Additive in Beschichtungen sorgt es f\u00fcr ausgezeichnete Farbe und Haftung.<br \/>\nGummi: Wird in der Gummiindustrie als Vulkanisiermittel und Stabilisator verwendet, um die Haltbarkeit und Festigkeit von Gummi zu verbessern.<br \/>\nGlas: Wird bei der Herstellung von Spezialglas verwendet und sorgt f\u00fcr hervorragende optische Eigenschaften und thermische Stabilit\u00e4t.<br \/>\nChemische Industrie: Als chemisches Zwischenprodukt, das bei anderen chemischen Reaktionen und Synthesen verwendet wird.<\/p>\n<h2><span style=\"font-size: 14pt;\">Berichte<\/span><\/h2>\n<p>Wir liefern <span style=\"color: #0000ff;\"><a style=\"color: #0000ff;\" href=\"https:\/\/ulpmat.com\/de\/service\/chemische-analyse\/\">Analysezertifikat (COA),<\/a><\/span> Sicherheitsdatenblatt (MSDS) und andere relevante Berichte f\u00fcr jede Charge von PbO-Pulver. Dar\u00fcber hinaus unterst\u00fctzen wir auch Pr\u00fcfungen durch Dritte, um die Qualit\u00e4tssicherung zu verbessern und die Stabilit\u00e4t und Zuverl\u00e4ssigkeit des Produkts zu gew\u00e4hrleisten.<\/p>\n","protected":false},"excerpt":{"rendered":"<p>Bleioxidpulver \u00dcbersicht Blei-Oxid pulver ist ein hochleistungsf\u00e4higes Bleioxidmaterial, das in der Keramik-, Beschichtungs-, Gummi-, Glas- und anderen chemischen Industrien weit verbreitet ist. Seine stabilen physikalischen und chemischen Eigenschaften machen es zu einem wichtigen Rohstoff in vielen Bereichen. Wir bieten Bleimonoxidpulver mit unterschiedlichen Spezifikationen und Partikelgr\u00f6\u00dfenverteilungen an, um sicherzustellen, dass die verschiedenen technischen Anforderungen erf\u00fcllt werden. [&hellip;]<\/p>\n","protected":false},"featured_media":14200,"template":"","meta":{"_acf_changed":false},"product_brand":[132],"product_cat":[336],"product_tag":[],"class_list":{"0":"post-26216","1":"product","2":"type-product","3":"status-publish","4":"has-post-thumbnail","6":"product_brand-ulpmat","7":"product_cat-oxide","9":"first","10":"instock","11":"shipping-taxable","12":"product-type-variable"},"acf":[],"_links":{"self":[{"href":"https:\/\/ulpmat.com\/de\/wp-json\/wp\/v2\/product\/26216","targetHints":{"allow":["GET"]}}],"collection":[{"href":"https:\/\/ulpmat.com\/de\/wp-json\/wp\/v2\/product"}],"about":[{"href":"https:\/\/ulpmat.com\/de\/wp-json\/wp\/v2\/types\/product"}],"wp:featuredmedia":[{"embeddable":true,"href":"https:\/\/ulpmat.com\/de\/wp-json\/wp\/v2\/media\/14200"}],"wp:attachment":[{"href":"https:\/\/ulpmat.com\/de\/wp-json\/wp\/v2\/media?parent=26216"}],"wp:term":[{"taxonomy":"product_brand","embeddable":true,"href":"https:\/\/ulpmat.com\/de\/wp-json\/wp\/v2\/product_brand?post=26216"},{"taxonomy":"product_cat","embeddable":true,"href":"https:\/\/ulpmat.com\/de\/wp-json\/wp\/v2\/product_cat?post=26216"},{"taxonomy":"product_tag","embeddable":true,"href":"https:\/\/ulpmat.com\/de\/wp-json\/wp\/v2\/product_tag?post=26216"}],"curies":[{"name":"wp","href":"https:\/\/api.w.org\/{rel}","templated":true}]}}