{"id":26193,"date":"2025-10-10T15:22:58","date_gmt":"2025-10-10T07:22:58","guid":{"rendered":"https:\/\/ulpmat.com\/product\/blei-jodid\/"},"modified":"2025-10-10T15:22:58","modified_gmt":"2025-10-10T07:22:58","slug":"blei-jodid","status":"publish","type":"product","link":"https:\/\/ulpmat.com\/de\/produkt\/blei-jodid\/","title":{"rendered":"Blei-Jodid"},"content":{"rendered":"<h2><span style=\"font-size: 14pt;\">Blei-Iodid-Sputtertarget \u00dcbersicht<\/span><\/h2>\n<p><span style=\"color: #0000ff;\"><a style=\"color: #0000ff;\" href=\"https:\/\/ulpmat.com\/de\/search\/?type=name&#038;keyword=Lead+Iodide\">Blei-Iodid<\/a> <\/span>sputtertargets sind Hochleistungsmaterialien f\u00fcr die Abscheidung von D\u00fcnnschichten, die sich durch hervorragende Leitf\u00e4higkeit, thermische Stabilit\u00e4t und gute chemische Best\u00e4ndigkeit auszeichnen. Mit einer Reinheit von bis zu 99,99 % gew\u00e4hrleistet es die Gleichm\u00e4\u00dfigkeit und starke Haftung von D\u00fcnnschichten und wird h\u00e4ufig in der Optoelektronik und im Halbleiterbereich eingesetzt.<\/p>\n<p>Wir bieten Blei-Iodid-Sputter-Targets in verschiedenen Formen und Gr\u00f6\u00dfen an, einschlie\u00dflich runder und rechteckiger Targets, die entsprechend Ihren spezifischen Anforderungen angepasst werden k\u00f6nnen. Wir bieten auch eine umfassende After-Sales-Unterst\u00fctzung, wenn Sie Fragen zur Verwendung haben, wenden Sie sich bitte an <span style=\"color: #0000ff;\"><a style=\"color: #0000ff;\" href=\"https:\/\/ulpmat.com\/de\/kontakt-us\/\">kontaktieren Sie uns<\/a><\/span>.<\/p>\n<h2><span style=\"font-size: 14pt;\">Produkt-Highlights<\/span><\/h2>\n<p>Reinheit: 99,99%<br \/>\nHohe Dichte, die eine gleichm\u00e4\u00dfige D\u00fcnnschichtabscheidung gew\u00e4hrleistet<br \/>\n<span style=\"color: #0000ff;\"><a style=\"color: #0000ff;\" href=\"https:\/\/ulpmat.com\/de\/service\/ziel-bindung\/\">Target-Bonding-Service verf\u00fcgbar<\/a><\/span><br \/>\n<span style=\"color: #0000ff;\"><a style=\"color: #0000ff;\" href=\"https:\/\/ulpmat.com\/de\/service\/personalisierung\/\">Gr\u00f6\u00dfe und Form anpassbar<\/a><\/span><br \/>\nGeeignet f\u00fcr optoelektronische Materialien, D\u00fcnnschichtsolarzellen, elektronische Ger\u00e4te usw.<\/p>\n<h2><span style=\"font-size: 14pt;\">Anwendungen von Blei-Iodid-Sputter-Targets<\/span><\/h2>\n<p>Halbleiter: Aufgrund ihrer hervorragenden Leitf\u00e4higkeit und ihrer optoelektronischen Eigenschaften werden sie h\u00e4ufig in Halbleiterbauelementen verwendet.<br \/>\nOptoelektronische Materialien: Sie werden als D\u00fcnnschicht-Solarzellenmaterialien verwendet und bieten eine hohe Effizienz bei der photoelektrischen Umwandlung.<br \/>\nElektronische Ger\u00e4te: In der Verpackung und als Elektrodenmaterial f\u00fcr elektronische Ger\u00e4te haben sie eine gute Leitf\u00e4higkeit und Stabilit\u00e4t.<br \/>\nD\u00fcnnschichtabscheidung: In der optoelektronischen und optischen Beschichtung sorgen sie f\u00fcr hochwertige D\u00fcnnschichtbel\u00e4ge.<\/p>\n<h2><span style=\"font-size: 14pt;\">Berichte<\/span><\/h2>\n<p>Wir liefern<span style=\"color: #0000ff;\"><a style=\"color: #0000ff;\" href=\"https:\/\/ulpmat.com\/de\/service\/chemische-analyse\/\"> Analysezertifikat (COA)<\/a><\/span>, Sicherheitsdatenblatt (MSDS) und andere relevante Berichte f\u00fcr jede Charge von PbI2-Sputtertargets. Dar\u00fcber hinaus unterst\u00fctzen wir auch Pr\u00fcfungen durch Dritte, um die Qualit\u00e4tssicherung zu verbessern und die Produktstabilit\u00e4t und -zuverl\u00e4ssigkeit zu gew\u00e4hrleisten.<\/p>\n","protected":false},"excerpt":{"rendered":"<p>Blei-Iodid-Sputtertarget \u00dcbersicht Blei-Iodid sputtertargets sind Hochleistungsmaterialien f\u00fcr die Abscheidung von D\u00fcnnschichten, die sich durch hervorragende Leitf\u00e4higkeit, thermische Stabilit\u00e4t und gute chemische Best\u00e4ndigkeit auszeichnen. Mit einer Reinheit von bis zu 99,99 % gew\u00e4hrleistet es die Gleichm\u00e4\u00dfigkeit und starke Haftung von D\u00fcnnschichten und wird h\u00e4ufig in der Optoelektronik und im Halbleiterbereich eingesetzt. Wir bieten Blei-Iodid-Sputter-Targets in verschiedenen [&hellip;]<\/p>\n","protected":false},"featured_media":14193,"template":"","meta":{"_acf_changed":false},"product_brand":[132],"product_cat":[451],"product_tag":[2046,2041,2042,2043,2047,2044,2045,2040,2039],"class_list":{"0":"post-26193","1":"product","2":"type-product","3":"status-publish","4":"has-post-thumbnail","6":"product_brand-ulpmat","7":"product_cat-keramisches-sputtering-target","8":"product_tag-blei-iodid-zu-verkaufen","9":"product_tag-blei-iodid-hersteller-china","10":"product_tag-blei-jodid-kaufen","11":"product_tag-china-blei-jodid","12":"product_tag-hersteller-von-blei-iodid","13":"product_tag-kundenspezifisches-blei-jodid","14":"product_tag-lieferanten-von-blei-jodid","15":"product_tag-pbi2","16":"product_tag-preis-von-blei-jodid","18":"first","19":"instock","20":"shipping-taxable","21":"product-type-variable"},"acf":[],"_links":{"self":[{"href":"https:\/\/ulpmat.com\/de\/wp-json\/wp\/v2\/product\/26193","targetHints":{"allow":["GET"]}}],"collection":[{"href":"https:\/\/ulpmat.com\/de\/wp-json\/wp\/v2\/product"}],"about":[{"href":"https:\/\/ulpmat.com\/de\/wp-json\/wp\/v2\/types\/product"}],"wp:featuredmedia":[{"embeddable":true,"href":"https:\/\/ulpmat.com\/de\/wp-json\/wp\/v2\/media\/14193"}],"wp:attachment":[{"href":"https:\/\/ulpmat.com\/de\/wp-json\/wp\/v2\/media?parent=26193"}],"wp:term":[{"taxonomy":"product_brand","embeddable":true,"href":"https:\/\/ulpmat.com\/de\/wp-json\/wp\/v2\/product_brand?post=26193"},{"taxonomy":"product_cat","embeddable":true,"href":"https:\/\/ulpmat.com\/de\/wp-json\/wp\/v2\/product_cat?post=26193"},{"taxonomy":"product_tag","embeddable":true,"href":"https:\/\/ulpmat.com\/de\/wp-json\/wp\/v2\/product_tag?post=26193"}],"curies":[{"name":"wp","href":"https:\/\/api.w.org\/{rel}","templated":true}]}}