{"id":25877,"date":"2025-10-16T13:56:03","date_gmt":"2025-10-16T05:56:03","guid":{"rendered":"https:\/\/ulpmat.com\/product\/wolfram-metall-8\/"},"modified":"2025-10-16T13:56:03","modified_gmt":"2025-10-16T05:56:03","slug":"wolfram-metall-8","status":"publish","type":"product","link":"https:\/\/ulpmat.com\/de\/produkt\/wolfram-metall-8\/","title":{"rendered":"Wolfram-Metall"},"content":{"rendered":"<h2><span style=\"font-size: 14pt;\">Wolfram-Metallgranulat \u00dcbersicht<\/span><\/h2>\n<p><span style=\"color: #0000ff;\"><a style=\"color: #0000ff;\" href=\"https:\/\/ulpmat.com\/de\/search\/?type=name&#038;keyword=Tungsten+metal\">Wolfram-Metall<\/a><\/span> granulate sind hochreine metallische Werkstoffe, die f\u00fcr Hochtemperaturprozesse, Aufdampfbeschichtungen und die Herstellung von Legierungen entwickelt wurden. Sie haben einen extrem hohen Schmelzpunkt (ca. 3420 \u00b0C), eine ausgezeichnete thermische Stabilit\u00e4t und Korrosionsbest\u00e4ndigkeit, k\u00f6nnen die physikalische und chemische Stabilit\u00e4t in extremen Umgebungen lange aufrechterhalten und sind besonders f\u00fcr den Betrieb im Vakuum und in inerten Atmosph\u00e4ren geeignet.<\/p>\n<p>Wir bieten Wolfram-Metallgranulat in verschiedenen Spezifikationen an und k\u00f6nnen die Spezifikationen und den Reinheitsgrad je nach Kundenwunsch anpassen. Wir bieten auch umfassende technische Unterst\u00fctzung. Wenn Sie irgendwelche Fragen w\u00e4hrend Ihrer Nutzung haben, wenden Sie sich bitte an <span style=\"color: #0000ff;\"><a style=\"color: #0000ff;\" href=\"https:\/\/ulpmat.com\/de\/kontakt-us\/\">kontaktieren Sie uns<\/a><\/span>.<\/p>\n<h2><span style=\"font-size: 14pt;\">Produkt-Highlights<\/span><\/h2>\n<p>Reinheit: 99,95%<br \/>\nSchmelzpunkt bis zu 3420\u00b0C, geeignet f\u00fcr extrem hohe Temperaturbereiche<br \/>\nGeringer Gasgehalt, geeignet f\u00fcr Vakuumverdampfung und thermisches Plasmaspritzen<br \/>\nAnpassbare Partikelgr\u00f6\u00dfe, Morphologie und Verpackung<br \/>\nGute W\u00e4rmeleitf\u00e4higkeit und chemische Stabilit\u00e4t<\/p>\n<h2><span style=\"font-size: 14pt;\">Anwendung von Wolfram-Metallgranulat<\/span><\/h2>\n<p>Vakuum-Beschichtung: Die Wolfram-Aufdampfquelle eignet sich f\u00fcr die Elektronenstrahlverdampfung oder den thermischen Verdampfungsprozess, um dichte und stark haftende Funktionsschichten zu bilden.<br \/>\nMetall-Legierungen: Als wichtiger Bestandteil von Legierungen mit hohem Schmelzpunkt finden sie breite Anwendung in der Luft- und Raumfahrt, der Nuklearindustrie und bei hochtemperaturbest\u00e4ndigen Legierungen.<br \/>\nElektronische Ger\u00e4te: Wolframgranulat hat einen wichtigen Anwendungswert in Hochleistungsger\u00e4ten, Gl\u00fchf\u00e4den und Strahlern.<br \/>\nMaterialien f\u00fcr Hochtemperatur\u00f6fen: Geeignet f\u00fcr Verdampfungsmaterialien in Vakuum-Hochtemperaturanlagen wie MOCVD und PECVD.<\/p>\n<h2><span style=\"font-size: 14pt;\">Berichte<\/span><\/h2>\n<p>Wir bieten ein <span style=\"color: #0000ff;\"><a style=\"color: #0000ff;\" href=\"https:\/\/ulpmat.com\/de\/service\/chemische-analyse\/\">analysezertifikat (COA),<\/a><\/span> sicherheitsdatenblatt (MSDS) und ein Partikelgr\u00f6\u00dfenverteilungsdiagramm f\u00fcr jede Charge von Wolframmetallgranulat. Falls erforderlich, k\u00f6nnen auch Pr\u00fcfberichte von Dritten zur Verf\u00fcgung gestellt werden, um sicherzustellen, dass das Produkt Ihren Qualit\u00e4tsstandards entspricht.<\/p>\n","protected":false},"excerpt":{"rendered":"<p>Wolfram-Metallgranulat \u00dcbersicht Wolfram-Metall granulate sind hochreine metallische Werkstoffe, die f\u00fcr Hochtemperaturprozesse, Aufdampfbeschichtungen und die Herstellung von Legierungen entwickelt wurden. Sie haben einen extrem hohen Schmelzpunkt (ca. 3420 \u00b0C), eine ausgezeichnete thermische Stabilit\u00e4t und Korrosionsbest\u00e4ndigkeit, k\u00f6nnen die physikalische und chemische Stabilit\u00e4t in extremen Umgebungen lange aufrechterhalten und sind besonders f\u00fcr den Betrieb im Vakuum und in [&hellip;]<\/p>\n","protected":false},"featured_media":19101,"template":"","meta":{"_acf_changed":false},"product_brand":[132],"product_cat":[1143,397],"product_tag":[],"class_list":{"0":"post-25877","1":"product","2":"type-product","3":"status-publish","4":"has-post-thumbnail","6":"product_brand-ulpmat","7":"product_cat-3d-druck-von-kugelformigem-pulver","8":"product_cat-andere-materialien","10":"first","11":"instock","12":"shipping-taxable","13":"product-type-variable"},"acf":[],"_links":{"self":[{"href":"https:\/\/ulpmat.com\/de\/wp-json\/wp\/v2\/product\/25877","targetHints":{"allow":["GET"]}}],"collection":[{"href":"https:\/\/ulpmat.com\/de\/wp-json\/wp\/v2\/product"}],"about":[{"href":"https:\/\/ulpmat.com\/de\/wp-json\/wp\/v2\/types\/product"}],"wp:featuredmedia":[{"embeddable":true,"href":"https:\/\/ulpmat.com\/de\/wp-json\/wp\/v2\/media\/19101"}],"wp:attachment":[{"href":"https:\/\/ulpmat.com\/de\/wp-json\/wp\/v2\/media?parent=25877"}],"wp:term":[{"taxonomy":"product_brand","embeddable":true,"href":"https:\/\/ulpmat.com\/de\/wp-json\/wp\/v2\/product_brand?post=25877"},{"taxonomy":"product_cat","embeddable":true,"href":"https:\/\/ulpmat.com\/de\/wp-json\/wp\/v2\/product_cat?post=25877"},{"taxonomy":"product_tag","embeddable":true,"href":"https:\/\/ulpmat.com\/de\/wp-json\/wp\/v2\/product_tag?post=25877"}],"curies":[{"name":"wp","href":"https:\/\/api.w.org\/{rel}","templated":true}]}}