{"id":25595,"date":"2025-10-16T13:56:07","date_gmt":"2025-10-16T05:56:07","guid":{"rendered":"https:\/\/ulpmat.com\/product\/wolframkarbid\/"},"modified":"2025-10-16T13:56:07","modified_gmt":"2025-10-16T05:56:07","slug":"wolframkarbid","status":"publish","type":"product","link":"https:\/\/ulpmat.com\/de\/produkt\/wolframkarbid\/","title":{"rendered":"Wolframkarbid"},"content":{"rendered":"<h2><span style=\"font-size: 14pt;\">Sputtertargets aus Wolframkarbid \u00dcbersicht<\/span><\/h2>\n<p><span style=\"color: #0000ff;\"><a style=\"color: #0000ff;\" href=\"https:\/\/ulpmat.com\/de\/search\/?type=name&#038;keyword=Tungsten+Carbide\"> Wolframkarbid<\/a> <\/span>sputtertargets sind Hochleistungsmaterialien, die f\u00fcr Hartbeschichtungen und funktionelle Beschichtungsprozesse entwickelt wurden. Mit einem Reinheitsgrad von bis zu 99,9 % weisen sie eine hervorragende Dichte und mechanische Festigkeit auf und gew\u00e4hrleisten eine gleichm\u00e4\u00dfige Filmbildung, starke Haftung und einen \u00e4u\u00dferst geringen Gehalt an Verunreinigungen.<\/p>\n<p>Wir bieten Sputtertargets aus Wolframkarbid in einer Vielzahl von Formen und Gr\u00f6\u00dfen an, einschlie\u00dflich runder und rechteckiger Targets, die an Ihre spezifischen Anforderungen angepasst werden k\u00f6nnen. Wir bieten auch einen umfassenden Kundendienst an &#8211; wenn Sie Fragen zur Verwendung haben, k\u00f6nnen Sie sich gerne an <span style=\"color: #0000ff;\"><a style=\"color: #0000ff;\" href=\"https:\/\/ulpmat.com\/de\/kontakt-us\/\">kontaktieren Sie uns<\/a><\/span>.<\/p>\n<h2><span style=\"font-size: 14pt;\">Produkt-Highlights<\/span><\/h2>\n<p>Reinheit: 99,9%<br \/>\nHohe Dichte, die eine gleichm\u00e4\u00dfige Schichtabscheidung gew\u00e4hrleistet<br \/>\nAusgezeichnete H\u00e4rte und Verschlei\u00dffestigkeit<br \/>\n<span style=\"color: #0000ff;\"><a style=\"color: #0000ff;\" href=\"https:\/\/ulpmat.com\/de\/service\/personalisierung\/\">Anpassbar<\/a> <\/span>gr\u00f6\u00dfe und Form<br \/>\nTarget-Bonding-Service verf\u00fcgbar<br \/>\nGeeignet f\u00fcr harte Beschichtungen, elektronische Ger\u00e4te und verschlei\u00dffeste Folien<\/p>\n<h2><span style=\"font-size: 14pt;\">Anwendungen von Sputtertargets aus Wolframkarbid<\/span><\/h2>\n<p>Harte Beschichtungen: Werden auf den Oberfl\u00e4chen von mechanischen Teilen, Schneidwerkzeugen und Formen verwendet, um die Verschlei\u00dffestigkeit und Lebensdauer erheblich zu verbessern.<br \/>\nElektronik: Herstellung hochharter, gut leitender Funktionsschichten in Halbleitern und elektronischen Bauteilen.<br \/>\nVerschlei\u00dffeste Filme: Geeignet f\u00fcr verschlei\u00dffeste Schutzschichten f\u00fcr Automobil-, Luftfahrt- und Industrieausr\u00fcstungen.<br \/>\nDekorative Beschichtungen: Sch\u00f6ne und haltbare Beschichtungen f\u00fcr Schmuck, Uhren und Elektronik.<\/p>\n<h2><span style=\"font-size: 14pt;\">Berichte<\/span><\/h2>\n<p>Wir bieten <span style=\"color: #0000ff;\"><a style=\"color: #0000ff;\" href=\"https:\/\/ulpmat.com\/de\/service\/chemische-analyse\/\">Analysezertifikate (COA<\/a><\/span>), Materialsicherheitsdatenbl\u00e4tter (MSDS) und andere relevante Berichte f\u00fcr jede Sendung. Dar\u00fcber hinaus unterst\u00fctzen wir auch Pr\u00fcfungen durch Dritte f\u00fcr eine verbesserte Qualit\u00e4tssicherung.<\/p>\n","protected":false},"excerpt":{"rendered":"<p>Sputtertargets aus Wolframkarbid \u00dcbersicht Wolframkarbid sputtertargets sind Hochleistungsmaterialien, die f\u00fcr Hartbeschichtungen und funktionelle Beschichtungsprozesse entwickelt wurden. Mit einem Reinheitsgrad von bis zu 99,9 % weisen sie eine hervorragende Dichte und mechanische Festigkeit auf und gew\u00e4hrleisten eine gleichm\u00e4\u00dfige Filmbildung, starke Haftung und einen \u00e4u\u00dferst geringen Gehalt an Verunreinigungen. Wir bieten Sputtertargets aus Wolframkarbid in einer Vielzahl [&hellip;]<\/p>\n","protected":false},"featured_media":18662,"template":"","meta":{"_acf_changed":false},"product_brand":[132],"product_cat":[451],"product_tag":[],"class_list":{"0":"post-25595","1":"product","2":"type-product","3":"status-publish","4":"has-post-thumbnail","6":"product_brand-ulpmat","7":"product_cat-keramisches-sputtering-target","9":"first","10":"instock","11":"shipping-taxable","12":"product-type-variable"},"acf":[],"_links":{"self":[{"href":"https:\/\/ulpmat.com\/de\/wp-json\/wp\/v2\/product\/25595","targetHints":{"allow":["GET"]}}],"collection":[{"href":"https:\/\/ulpmat.com\/de\/wp-json\/wp\/v2\/product"}],"about":[{"href":"https:\/\/ulpmat.com\/de\/wp-json\/wp\/v2\/types\/product"}],"wp:featuredmedia":[{"embeddable":true,"href":"https:\/\/ulpmat.com\/de\/wp-json\/wp\/v2\/media\/18662"}],"wp:attachment":[{"href":"https:\/\/ulpmat.com\/de\/wp-json\/wp\/v2\/media?parent=25595"}],"wp:term":[{"taxonomy":"product_brand","embeddable":true,"href":"https:\/\/ulpmat.com\/de\/wp-json\/wp\/v2\/product_brand?post=25595"},{"taxonomy":"product_cat","embeddable":true,"href":"https:\/\/ulpmat.com\/de\/wp-json\/wp\/v2\/product_cat?post=25595"},{"taxonomy":"product_tag","embeddable":true,"href":"https:\/\/ulpmat.com\/de\/wp-json\/wp\/v2\/product_tag?post=25595"}],"curies":[{"name":"wp","href":"https:\/\/api.w.org\/{rel}","templated":true}]}}