{"id":25489,"date":"2025-10-16T13:56:08","date_gmt":"2025-10-16T05:56:08","guid":{"rendered":"https:\/\/ulpmat.com\/product\/wolframchlorid-2\/"},"modified":"2025-10-16T13:56:08","modified_gmt":"2025-10-16T05:56:08","slug":"wolframchlorid-2","status":"publish","type":"product","link":"https:\/\/ulpmat.com\/de\/produkt\/wolframchlorid-2\/","title":{"rendered":"Wolframchlorid"},"content":{"rendered":"<h2><span style=\"font-size: 14pt;\">Wolframchloridpulver \u00dcbersicht<\/span><\/h2>\n<p><span style=\"color: #0000ff;\"><a style=\"color: #0000ff;\" href=\"https:\/\/ulpmat.com\/de\/search\/?type=name&#038;keyword=Tungsten+Chloride\">Wolframchlorid<\/a><\/span> pulver ist eine wichtige hochreine anorganische Verbindung, die h\u00e4ufig f\u00fcr die chemische Gasphasenabscheidung (CVD), das Plasma\u00e4tzen, die Materialmodifikation und die metallorganische Synthese verwendet wird. Es zeichnet sich durch eine hohe Fl\u00fcchtigkeit und Reaktivit\u00e4t aus und eignet sich besonders f\u00fcr die Herstellung hochreiner Wolframfilme oder als Ausgangsstoff f\u00fcr die Herstellung von Hochleistungswerkstoffen.<\/p>\n<p>Wir bieten hochreines Wolframchloridpulver an, das dunkelviolett oder blau-violett kristallin, versiegelt und feuchtigkeitsdicht ist. Unterschiedliche Spezifikationen und Verpackungsmethoden k\u00f6nnen je nach Kundenwunsch angeboten werden.<\/p>\n<h2><span style=\"font-size: 14pt;\">Produkt-Highlights<\/span><\/h2>\n<p>Reinheit: 99,9%<br \/>\nStarke Fl\u00fcchtigkeit, geeignet f\u00fcr den Aufdampfungsprozess<br \/>\nHohe chemische Reaktivit\u00e4t, geeignet f\u00fcr eine Vielzahl von metallorganischen Synthesereaktionen<br \/>\n<span style=\"color: #0000ff;\"><a style=\"color: #0000ff;\" href=\"https:\/\/ulpmat.com\/de\/service\/personalisierung\/\">Kundenspezifische<\/a><\/span> verpackungsformen (Glasflaschen, fluorierte Kunststoffverschl\u00fcsse, etc.) k\u00f6nnen je nach Bedarf bereitgestellt werden<\/p>\n<h2><span style=\"font-size: 14pt;\">Anwendungen von Wolframchloridpulver <\/span><\/h2>\n<p><span style=\"color: #0000ff;\"><a style=\"color: #0000ff;\" href=\"https:\/\/ulpmat.com\/de\/anwendung\/halbleiter-materialien\/\">Halbleiter<\/a><\/span> herstellung: Als Wolframvorl\u00e4ufer wird es zur Herstellung von Metall-Wolfram-Schichten in Niederdruck- oder plasmaunterst\u00fctzten CVD-Verfahren verwendet.<br \/>\nOberfl\u00e4chentechnik: Zur Herstellung von korrosionsbest\u00e4ndigen und hochtemperaturbest\u00e4ndigen Beschichtungen auf Wolframbasis.<br \/>\nChemische Synthese: Verwendung als starke Lewis-S\u00e4ure oder Wolframkomplex-Vorl\u00e4ufer in der metallorganischen Chemie.<br \/>\nWissenschaftliche Forschungsmaterialien: Weit verbreitet in der anorganischen Chemie und in der materialwissenschaftlichen Forschung, insbesondere auf dem Gebiet der \u00dcbergangsmetallhalogenide.<\/p>\n<h2><span style=\"font-size: 14pt;\">Bericht<\/span><\/h2>\n<p>Wir bieten vollst\u00e4ndige <span style=\"color: #0000ff;\"><a style=\"color: #0000ff;\" href=\"https:\/\/ulpmat.com\/de\/service\/chemische-analyse\/\">Analysezertifikat (COA)<\/a><\/span>, Sicherheitsdatenbl\u00e4tter (MSDS) und andere erforderliche Berichte \u00fcber technische Parameter f\u00fcr jede Charge von Waren. Falls erforderlich, k\u00f6nnen wir bei der Pr\u00fcfung durch Dritte helfen, um zuverl\u00e4ssige Qualit\u00e4t und transparente Daten zu gew\u00e4hrleisten.<\/p>\n","protected":false},"excerpt":{"rendered":"<p>Wolframchloridpulver \u00dcbersicht Wolframchlorid pulver ist eine wichtige hochreine anorganische Verbindung, die h\u00e4ufig f\u00fcr die chemische Gasphasenabscheidung (CVD), das Plasma\u00e4tzen, die Materialmodifikation und die metallorganische Synthese verwendet wird. Es zeichnet sich durch eine hohe Fl\u00fcchtigkeit und Reaktivit\u00e4t aus und eignet sich besonders f\u00fcr die Herstellung hochreiner Wolframfilme oder als Ausgangsstoff f\u00fcr die Herstellung von Hochleistungswerkstoffen. Wir [&hellip;]<\/p>\n","protected":false},"featured_media":18602,"template":"","meta":{"_acf_changed":false},"product_brand":[132],"product_cat":[318],"product_tag":[],"class_list":{"0":"post-25489","1":"product","2":"type-product","3":"status-publish","4":"has-post-thumbnail","6":"product_brand-ulpmat","7":"product_cat-halogenid-materialien","9":"first","10":"instock","11":"shipping-taxable","12":"product-type-variable"},"acf":[],"_links":{"self":[{"href":"https:\/\/ulpmat.com\/de\/wp-json\/wp\/v2\/product\/25489","targetHints":{"allow":["GET"]}}],"collection":[{"href":"https:\/\/ulpmat.com\/de\/wp-json\/wp\/v2\/product"}],"about":[{"href":"https:\/\/ulpmat.com\/de\/wp-json\/wp\/v2\/types\/product"}],"wp:featuredmedia":[{"embeddable":true,"href":"https:\/\/ulpmat.com\/de\/wp-json\/wp\/v2\/media\/18602"}],"wp:attachment":[{"href":"https:\/\/ulpmat.com\/de\/wp-json\/wp\/v2\/media?parent=25489"}],"wp:term":[{"taxonomy":"product_brand","embeddable":true,"href":"https:\/\/ulpmat.com\/de\/wp-json\/wp\/v2\/product_brand?post=25489"},{"taxonomy":"product_cat","embeddable":true,"href":"https:\/\/ulpmat.com\/de\/wp-json\/wp\/v2\/product_cat?post=25489"},{"taxonomy":"product_tag","embeddable":true,"href":"https:\/\/ulpmat.com\/de\/wp-json\/wp\/v2\/product_tag?post=25489"}],"curies":[{"name":"wp","href":"https:\/\/api.w.org\/{rel}","templated":true}]}}