{"id":25179,"date":"2025-10-30T11:35:51","date_gmt":"2025-10-30T03:35:51","guid":{"rendered":"https:\/\/ulpmat.com\/product\/caesiumhydroxidhydrat\/"},"modified":"2025-10-30T11:35:51","modified_gmt":"2025-10-30T03:35:51","slug":"caesiumhydroxidhydrat","status":"publish","type":"product","link":"https:\/\/ulpmat.com\/de\/produkt\/caesiumhydroxidhydrat\/","title":{"rendered":"C\u00e4siumhydroxidhydrat"},"content":{"rendered":"<h2><span style=\"font-family: georgia, palatino, serif; font-size: 14pt;\">C\u00e4siumhydroxidhydratpulver \u00dcbersicht<\/span><\/h2>\n<p><span style=\"font-family: georgia, palatino, serif;\"><span style=\"color: #0000ff;\"><a style=\"color: #0000ff;\" href=\"https:\/\/ulpmat.com\/de\/search\/?type=name&#038;keyword=Cesium+hydroxide+hydrate\">C\u00e4siumhydroxidhydrat<\/a> <\/span>pulver ist eine hochreine anorganische Verbindung, die h\u00e4ufig in modernen Anwendungen wie Synthese, Katalyse und Elektrolytforschung eingesetzt wird. Unser C\u00e4siumhydroxidhydrat-Pulver zeichnet sich durch einen extrem niedrigen Verunreinigungsgrad und hervorragende Stabilit\u00e4t aus und erf\u00fcllt die Anforderungen wissenschaftlicher und industrieller Anwender in einer Vielzahl extremer Umgebungen.<\/span><\/p>\n<p><span style=\"font-family: georgia, palatino, serif;\">Wir bieten verschiedene Qualit\u00e4ten von CsOH-H\u2082O-Pulver an und k\u00f6nnen die Verpackungsspezifikationen an die Kundenbed\u00fcrfnisse anpassen. Alle Produkte werden mit entsprechenden Qualit\u00e4tspr\u00fcfungsberichten geliefert, um R\u00fcckverfolgbarkeit und Stabilit\u00e4t zu gew\u00e4hrleisten.<\/span><\/p>\n<h2><span style=\"font-family: georgia, palatino, serif; font-size: 14pt;\">Produkt-Highlights<\/span><\/h2>\n<p><span style=\"font-family: georgia, palatino, serif;\">Reinheit: 99,9%<\/span><br \/>\n<span style=\"font-family: georgia, palatino, serif;\">C\u00e4siumhydroxid mit einem Kristallisationshydrat<\/span><br \/>\n<span style=\"font-family: georgia, palatino, serif;\">Stark hygroskopisch und hochreaktiv<\/span><br \/>\n<span style=\"font-family: georgia, palatino, serif;\">Anpassbare Verpackung<\/span><br \/>\n<span style=\"font-family: georgia, palatino, serif;\">Bietet ein stabiles Produkt mit geringer Reinheit.<\/span><\/p>\n<h2><span style=\"font-family: georgia, palatino, serif; font-size: 14pt;\">Anwendungen von C\u00e4siumhydroxidhydratpulver<\/span><\/h2>\n<p><span style=\"font-family: georgia, palatino, serif;\">Anorganische Synthese und Katalysatorherstellung: Verwendung bei der Synthese von Verbindungen auf C\u00e4siumbasis und \u00dcbergangsmetallkatalysatoren.<\/span><br \/>\n<span style=\"font-family: georgia, palatino, serif;\">Elektrochemie und Energiespeichermaterialien: F\u00fcr die Entwicklung von Elektrolyten f\u00fcr Alkalibatterien und neuartige Natrium-Ionen\/C\u00e4sium-Ionen-Batterien.<\/span><br \/>\n<span style=\"font-family: georgia, palatino, serif;\">Analytische Chemie und Laborreagenzien: Hochreines CsOH-H\u2082O ist hocheffektiv in der Spurenelementanalyse sowie bei der Trennung und Reinigung. Modifizierung von Materialien: Wird zur Beeinflussung der Eigenschaften bestimmter Keramik- und Glasmaterialien verwendet, um deren thermische und elektrische Eigenschaften zu verbessern.<\/span><\/p>\n<h2><span style=\"font-family: georgia, palatino, serif; font-size: 14pt;\">Berichte<\/span><\/h2>\n<p><span style=\"font-family: georgia, palatino, serif;\">Wir liefern ein <span style=\"color: #0000ff;\"><a style=\"color: #0000ff;\" href=\"https:\/\/ulpmat.com\/de\/service\/chemische-analyse\/\">Analysezertifikat (COA),<\/a><\/span> Sicherheitsdatenblatt (MSDS) und relevante Berichte wie Partikelgr\u00f6\u00dfe und XRD-Muster f\u00fcr jede Charge von CsOH-H\u2082O-Pulver. Wir unterst\u00fctzen auch von unseren Kunden in Auftrag gegebene Pr\u00fcfungen durch Dritte, um die Qualit\u00e4tskontrolle der Produkte weiter zu verbessern.<\/span><\/p>\n","protected":false},"excerpt":{"rendered":"<p>C\u00e4siumhydroxidhydratpulver \u00dcbersicht C\u00e4siumhydroxidhydrat pulver ist eine hochreine anorganische Verbindung, die h\u00e4ufig in modernen Anwendungen wie Synthese, Katalyse und Elektrolytforschung eingesetzt wird. Unser C\u00e4siumhydroxidhydrat-Pulver zeichnet sich durch einen extrem niedrigen Verunreinigungsgrad und hervorragende Stabilit\u00e4t aus und erf\u00fcllt die Anforderungen wissenschaftlicher und industrieller Anwender in einer Vielzahl extremer Umgebungen. Wir bieten verschiedene Qualit\u00e4ten von CsOH-H\u2082O-Pulver an und [&hellip;]<\/p>\n","protected":false},"featured_media":15376,"template":"","meta":{"_acf_changed":false},"product_brand":[132],"product_cat":[336],"product_tag":[],"class_list":{"0":"post-25179","1":"product","2":"type-product","3":"status-publish","4":"has-post-thumbnail","6":"product_brand-ulpmat","7":"product_cat-oxide","9":"first","10":"instock","11":"shipping-taxable","12":"product-type-variable"},"acf":[],"_links":{"self":[{"href":"https:\/\/ulpmat.com\/de\/wp-json\/wp\/v2\/product\/25179","targetHints":{"allow":["GET"]}}],"collection":[{"href":"https:\/\/ulpmat.com\/de\/wp-json\/wp\/v2\/product"}],"about":[{"href":"https:\/\/ulpmat.com\/de\/wp-json\/wp\/v2\/types\/product"}],"wp:featuredmedia":[{"embeddable":true,"href":"https:\/\/ulpmat.com\/de\/wp-json\/wp\/v2\/media\/15376"}],"wp:attachment":[{"href":"https:\/\/ulpmat.com\/de\/wp-json\/wp\/v2\/media?parent=25179"}],"wp:term":[{"taxonomy":"product_brand","embeddable":true,"href":"https:\/\/ulpmat.com\/de\/wp-json\/wp\/v2\/product_brand?post=25179"},{"taxonomy":"product_cat","embeddable":true,"href":"https:\/\/ulpmat.com\/de\/wp-json\/wp\/v2\/product_cat?post=25179"},{"taxonomy":"product_tag","embeddable":true,"href":"https:\/\/ulpmat.com\/de\/wp-json\/wp\/v2\/product_tag?post=25179"}],"curies":[{"name":"wp","href":"https:\/\/api.w.org\/{rel}","templated":true}]}}