{"id":24557,"date":"2025-11-10T14:59:23","date_gmt":"2025-11-10T06:59:23","guid":{"rendered":"https:\/\/ulpmat.com\/product\/indiumfluorid-2\/"},"modified":"2025-11-10T14:59:23","modified_gmt":"2025-11-10T06:59:23","slug":"indiumfluorid-2","status":"publish","type":"product","link":"https:\/\/ulpmat.com\/de\/produkt\/indiumfluorid-2\/","title":{"rendered":"Indiumfluorid"},"content":{"rendered":"<h2><span style=\"font-size: 14pt;\">Indiumfluoridpulver \u00dcbersicht<\/span><\/h2>\n<p><span style=\"color: #0000ff;\"><a style=\"color: #0000ff;\" href=\"https:\/\/ulpmat.com\/de\/search\/?type=name&#038;keyword=Indium+Fluoride\">Indiumfluorid<\/a><\/span> (InF\u2083)-Pulver ist eine hochreine chemische Verbindung, die in der Halbleiterindustrie, der Optoelektronik und als Flussmittel weit verbreitet ist. Mit einem hohen Reinheitsgrad (99,995 %) ist unser InF\u2083-Pulver perfekt f\u00fcr Branchen geeignet, die Pr\u00e4zision und Zuverl\u00e4ssigkeit bei ihren Materialien ben\u00f6tigen.<\/p>\n<p>Wir liefern hochwertiges InF3-Pulver,<span style=\"color: #0000ff;\"><a style=\"color: #0000ff;\" href=\"https:\/\/ulpmat.com\/de\/kontakt-us\/\">Kontaktieren Sie uns<\/a><\/span> jetzt, um ein spezielles Angebot zu erhalten.<\/p>\n<h2><span style=\"font-size: 14pt;\">Produkt-Highlights von Indiumfluorid-Pulver<\/span><\/h2>\n<p>H\u00f6chste Reinheit: 99,995% Reinheit f\u00fcr fortgeschrittene industrielle Anwendungen.<br \/>\nAnpassbare Partikelgr\u00f6\u00dfen: Ma\u00dfgeschneidert f\u00fcr Ihre spezifischen Anwendungsanforderungen.<br \/>\nHohe Leistung: Ausgezeichnete Leistung in empfindlichen Anwendungen wie Halbleitern und Elektronik.<br \/>\nStabil und sicher: Chemisch stabil und sicher in der Handhabung bei entsprechenden Vorsichtsma\u00dfnahmen.<\/p>\n<h2><span style=\"font-size: 14pt;\">Anwendungen von Indiumfluoridpulver<\/span><\/h2>\n<p><span style=\"color: #0000ff;\"><a style=\"color: #0000ff;\" href=\"https:\/\/ulpmat.com\/de\/anwendung\/halbleiter-materialien\/\">Halbleiter:<\/a><\/span> Wird bei der D\u00fcnnschichtabscheidung f\u00fcr Halbleiterbauelemente verwendet, um die Leistungsf\u00e4higkeit und Zuverl\u00e4ssigkeit elektronischer Komponenten zu gew\u00e4hrleisten.<br \/>\n<span style=\"color: #0000ff;\"><a style=\"color: #0000ff;\" href=\"https:\/\/ulpmat.com\/de\/anwendung\/materialien-fuer-die-optik\/\">Optoelektronik:<\/a><\/span> Verbessert die optischen Eigenschaften und ist daher ideal f\u00fcr die Herstellung von LEDs, Solarzellen und Displaytechnologien.<br \/>\nFlussmittel: Dient als wirksames Flussmittel beim L\u00f6ten und Schwei\u00dfen, verbessert die Verbindungsfestigkeit und reduziert die Oxidation.<br \/>\nThermische Beschichtungen: Werden in Hochleistungsbeschichtungen verwendet, die eine ausgezeichnete thermische Stabilit\u00e4t und Best\u00e4ndigkeit gegen extreme Bedingungen erfordern.<br \/>\nLasertechnik: Wird in Laseranwendungen eingesetzt, da es den Brechungsindex von Materialien f\u00fcr eine pr\u00e4zise Steuerung des Laserstrahls beeinflussen kann.<\/p>\n<h2><span style=\"font-size: 14pt;\">Warum uns w\u00e4hlen?<\/span><\/h2>\n<p>Branchenkenntnis: Dank unserer langj\u00e4hrigen Erfahrung kennen wir die besonderen Anforderungen unserer Kunden und liefern Materialien, die den h\u00f6chsten Standards entsprechen.<br \/>\nMa\u00dfgeschneiderte L\u00f6sungen: Wir bieten ma\u00dfgeschneiderte L\u00f6sungen, die den spezifischen Anforderungen Ihres Projekts entsprechen und optimale Ergebnisse gew\u00e4hrleisten.<br \/>\nSchnelle Lieferung: Wir sorgen f\u00fcr eine schnelle und zuverl\u00e4ssige Lieferung, damit Sie Ihre Projekttermine einhalten k\u00f6nnen.<br \/>\nUmfassende Unterst\u00fctzung: Von technischen Fragen bis hin zum After-Sales-Support &#8211; unser Team steht Ihnen in jeder Phase zur Seite.<\/p>\n<h2><span style=\"color: #0000ff;\"><a style=\"color: #0000ff;\" href=\"https:\/\/ulpmat.com\/de\/unternehmen\/faqs\/\"><span style=\"font-size: 14pt;\">FAQs<\/span><\/a><\/span><\/h2>\n<p>F1. Wie hoch ist der Reinheitsgrad Ihres Indiumfluorid-Pulvers?<br \/>\nA1.Unser Indiumfluorid (InF\u2083)-Pulver ist 99,99% rein und ideal f\u00fcr Hochleistungsanwendungen in der Elektronik und Halbleiterindustrie.<\/p>\n<p>F2: Kann ich die Partikelgr\u00f6\u00dfe von InF\u2083-Pulver individuell anpassen?<br \/>\nA2.Ja, wir bieten die Anpassung der Partikelgr\u00f6\u00dfe an spezifische Anwendungen an.<\/p>\n<p>F3.Wie sollte InF\u2083-Pulver gelagert werden?<br \/>\nA3.Lagern Sie es an einem k\u00fchlen, trockenen Ort, gesch\u00fctzt vor Feuchtigkeit und direkter Sonneneinstrahlung, um seine Stabilit\u00e4t zu erhalten.<\/p>\n<p>F4.Welche Branchen verwenden Indiumfluoridpulver?<br \/>\nA4.Indiumfluoridpulver wird h\u00e4ufig in der Halbleiterindustrie, der Optoelektronik, als Flussmittel beim Schwei\u00dfen und in anderen Bereichen verwendet.<\/p>\n<h2><span style=\"font-size: 14pt;\">Berichte<\/span><\/h2>\n<p>Jede Charge von Produkten wird mit einem <span style=\"color: #0000ff;\"><a style=\"color: #0000ff;\" href=\"https:\/\/ulpmat.com\/de\/dokumente\/zertifikat-der-analyse\/\">Analysezertifikat (COA)<\/a><\/span>, <span style=\"color: #0000ff;\"><a style=\"color: #0000ff;\" href=\"https:\/\/ulpmat.com\/de\/dokumente\/technisches-datenblatt\/\">Technischem Datenblatt (TDS),<\/a> <a style=\"color: #0000ff;\" href=\"https:\/\/ulpmat.com\/de\/dokumente\/sicherheitsdatenblatt\/\">Sicherheitsdatenblatt (MSDS),<\/a><\/span> und einem Bericht zur Versandkennzeichnung. Pr\u00fcfberichte von Dritten sind auf Anfrage ebenfalls erh\u00e4ltlich.<\/p>\n","protected":false},"excerpt":{"rendered":"<p>Indiumfluoridpulver \u00dcbersicht Indiumfluorid (InF\u2083)-Pulver ist eine hochreine chemische Verbindung, die in der Halbleiterindustrie, der Optoelektronik und als Flussmittel weit verbreitet ist. Mit einem hohen Reinheitsgrad (99,995 %) ist unser InF\u2083-Pulver perfekt f\u00fcr Branchen geeignet, die Pr\u00e4zision und Zuverl\u00e4ssigkeit bei ihren Materialien ben\u00f6tigen. Wir liefern hochwertiges InF3-Pulver,Kontaktieren Sie uns jetzt, um ein spezielles Angebot zu erhalten. [&hellip;]<\/p>\n","protected":false},"featured_media":24558,"template":"","meta":{"_acf_changed":false},"product_brand":[132],"product_cat":[318],"product_tag":[2012],"class_list":{"0":"post-24557","1":"product","2":"type-product","3":"status-publish","4":"has-post-thumbnail","6":"product_brand-ulpmat","7":"product_cat-halogenid-materialien","8":"product_tag-indiumfluorid-pulver","10":"first","11":"instock","12":"shipping-taxable","13":"product-type-variable"},"acf":[],"_links":{"self":[{"href":"https:\/\/ulpmat.com\/de\/wp-json\/wp\/v2\/product\/24557","targetHints":{"allow":["GET"]}}],"collection":[{"href":"https:\/\/ulpmat.com\/de\/wp-json\/wp\/v2\/product"}],"about":[{"href":"https:\/\/ulpmat.com\/de\/wp-json\/wp\/v2\/types\/product"}],"wp:featuredmedia":[{"embeddable":true,"href":"https:\/\/ulpmat.com\/de\/wp-json\/wp\/v2\/media\/24558"}],"wp:attachment":[{"href":"https:\/\/ulpmat.com\/de\/wp-json\/wp\/v2\/media?parent=24557"}],"wp:term":[{"taxonomy":"product_brand","embeddable":true,"href":"https:\/\/ulpmat.com\/de\/wp-json\/wp\/v2\/product_brand?post=24557"},{"taxonomy":"product_cat","embeddable":true,"href":"https:\/\/ulpmat.com\/de\/wp-json\/wp\/v2\/product_cat?post=24557"},{"taxonomy":"product_tag","embeddable":true,"href":"https:\/\/ulpmat.com\/de\/wp-json\/wp\/v2\/product_tag?post=24557"}],"curies":[{"name":"wp","href":"https:\/\/api.w.org\/{rel}","templated":true}]}}