{"id":24521,"date":"2025-11-10T14:59:24","date_gmt":"2025-11-10T06:59:24","guid":{"rendered":"https:\/\/ulpmat.com\/product\/indiumjodid\/"},"modified":"2025-11-10T14:59:24","modified_gmt":"2025-11-10T06:59:24","slug":"indiumjodid","status":"publish","type":"product","link":"https:\/\/ulpmat.com\/de\/produkt\/indiumjodid\/","title":{"rendered":"Indiumjodid"},"content":{"rendered":"<h2><span style=\"font-size: 14pt;\">Indiumjodid-Pulver \u00dcbersicht<\/span><\/h2>\n<p><span style=\"color: #0000ff;\"><a style=\"color: #0000ff;\" href=\"https:\/\/ulpmat.com\/de\/search\/?type=name&#038;keyword=Indium+Iodide\">Indiumjodid<\/a> <\/span>(InI)-Pulver ist eine hochreine anorganische Verbindung, die in der Elektronik, Optoelektronik, Halbleitertechnik und Materialwissenschaft weit verbreitet ist. Als wichtiges seltenes Metallhalogenid wird InI-Pulver h\u00e4ufig f\u00fcr Sputtertargets, D\u00fcnnschichtwachstum und die Herstellung von Halbleiterbauelementen verwendet. Aufgrund seiner ausgezeichneten chemischen Stabilit\u00e4t und hohen L\u00f6slichkeit spielt InI-Pulver eine wichtige Rolle bei hocheffizienten optoelektronischen Ger\u00e4ten und in der Optoelektronik.<\/p>\n<h2><span style=\"font-size: 14pt;\">Produkt-Highlights von Indiumjodid-Pulver<\/span><\/h2>\n<p>Garantiert hohe Reinheit: Durch die Verwendung von 99,999% reinen Rohstoffen gew\u00e4hrleisten wir eine ausgezeichnete Stabilit\u00e4t und elektrische Eigenschaften.<br \/>\nHohe L\u00f6slichkeit: InI-Pulver hat eine gute L\u00f6slichkeit in Wasser und Alkohol, so dass es geeignet f\u00fcr verschiedene L\u00f6sung Vorbereitung und L\u00f6sung Abscheidung Prozesse.<br \/>\nBreite Anwendungen: InI-Pulver eignet sich nicht nur f\u00fcr optoelektronische High-Tech-Ger\u00e4te, sondern findet auch in einer Vielzahl von Bereichen Anwendung, darunter Halbleiter und D\u00fcnnschichtabscheidung.<br \/>\n<span style=\"color: #0000ff;\"><a style=\"color: #0000ff;\" href=\"https:\/\/ulpmat.com\/de\/service\/anpassung\/\">Kundenspezifische Anpassung:<\/a><\/span> Kundenspezifische Optionen mit unterschiedlicher Partikelgr\u00f6\u00dfe, Reinheit und Sputterverfahren sind verf\u00fcgbar, um verschiedene technische Anforderungen zu erf\u00fcllen.<\/p>\n<h2><span style=\"font-size: 14pt;\">Anwendungen von Indiumiodid-Pulver<\/span><\/h2>\n<p><span style=\"color: #0000ff;\"><a style=\"color: #0000ff;\" href=\"https:\/\/ulpmat.com\/de\/anwendung\/halbleiter-materialien\/\">Halbleiter<\/a> <\/span>Ger\u00e4te: Indiumjodidpulver wird bei der Herstellung von Halbleitermaterialien und -ger\u00e4ten verwendet, insbesondere in Sputtertargets f\u00fcr die D\u00fcnnschichtabscheidung und die Herstellung optoelektronischer Ger\u00e4te.<\/p>\n<p><span style=\"color: #0000ff;\"><a style=\"color: #0000ff;\" href=\"https:\/\/ulpmat.com\/de\/anwendung\/materialien-fuer-die-optik\/\">Optoelektronische<\/a> <\/span>Ger\u00e4te: In der Optoelektronik kann Indiumjodid-Pulver zur Herstellung von Hochleistungs-Photodetektoren, LEDs, Laserdioden und mehr verwendet werden.<\/p>\n<p>D\u00fcnnschichtwachstum: Indiumjodidpulver spielt eine wichtige Rolle bei der Herstellung von D\u00fcnnschichten, z. B. f\u00fcr optoelektronische Komponenten, Solarzellen und andere High-Tech-Materialien.<\/p>\n<p>Sputtering-Targets: Bei Sputtering-Beschichtungen f\u00fcr elektronische Produkte, insbesondere bei der Herstellung von mikroelektronischen Ger\u00e4ten, liefern Indiumjodid-Targets eine hochwertige D\u00fcnnschichtabscheidung.<\/p>\n<h2><span style=\"font-size: 14pt;\">Warum sollten Sie uns w\u00e4hlen?<\/span><\/h2>\n<p>Garantiert hohe Reinheit: Wir bieten 99,999% reines Indiumjodid (InI)-Pulver, das eine stabile Leistung in High-End-Anwendungen gew\u00e4hrleistet.<br \/>\nAnpassungsm\u00f6glichkeiten: Wir bieten kundenspezifische Optionen wie Partikelgr\u00f6\u00dfe, Reinheit, und Sputtering-Methode, um die Bed\u00fcrfnisse der verschiedenen Anwendungsszenarien zu erf\u00fcllen.<br \/>\nEffiziente Lieferung: Wir garantieren eine p\u00fcnktliche Lieferung und unterst\u00fctzen dringende Bestellungen, um sicherzustellen, dass die Kunden ihre Produktionsanforderungen zeitnah erf\u00fcllen k\u00f6nnen.<br \/>\nProfessionelle technische Unterst\u00fctzung: Unser technisches Team bietet umfassende technische Unterst\u00fctzung, um Ihnen bei der L\u00f6sung von Problemen w\u00e4hrend der Produktanwendung zu helfen.<\/p>\n<h2><span style=\"font-size: 14pt;\">Berichte<\/span><\/h2>\n<p>Jede Charge von Produkten wird mit einem<span style=\"color: #0000ff;\"><a style=\"color: #0000ff;\" href=\"https:\/\/ulpmat.com\/de\/dokumente\/zertifikat-der-analyse\/\"> Analysezertifikat (COA),<\/a><\/span> <span style=\"color: #0000ff;\"><a style=\"color: #0000ff;\" href=\"https:\/\/ulpmat.com\/de\/dokumente\/technisches-datenblatt\/\">Technischem Datenblatt (TDS)<\/a><\/span>, <span style=\"color: #0000ff;\"><a style=\"color: #0000ff;\" href=\"https:\/\/ulpmat.com\/de\/dokumente\/sicherheitsdatenblatt\/\">Materialsicherheitsdatenblatt (MSDS<\/a><\/span>), und Versandidentifikationsbericht. Pr\u00fcfberichte von Dritten sind auf Anfrage ebenfalls erh\u00e4ltlich.<\/p>\n","protected":false},"excerpt":{"rendered":"<p>Indiumjodid-Pulver \u00dcbersicht Indiumjodid (InI)-Pulver ist eine hochreine anorganische Verbindung, die in der Elektronik, Optoelektronik, Halbleitertechnik und Materialwissenschaft weit verbreitet ist. Als wichtiges seltenes Metallhalogenid wird InI-Pulver h\u00e4ufig f\u00fcr Sputtertargets, D\u00fcnnschichtwachstum und die Herstellung von Halbleiterbauelementen verwendet. Aufgrund seiner ausgezeichneten chemischen Stabilit\u00e4t und hohen L\u00f6slichkeit spielt InI-Pulver eine wichtige Rolle bei hocheffizienten optoelektronischen Ger\u00e4ten und in [&hellip;]<\/p>\n","protected":false},"featured_media":24522,"template":"","meta":{"_acf_changed":false},"product_brand":[132],"product_cat":[318],"product_tag":[2006],"class_list":{"0":"post-24521","1":"product","2":"type-product","3":"status-publish","4":"has-post-thumbnail","6":"product_brand-ulpmat","7":"product_cat-halogenid-materialien","8":"product_tag-indiumjodid-pulver","10":"first","11":"instock","12":"shipping-taxable","13":"product-type-variable"},"acf":[],"_links":{"self":[{"href":"https:\/\/ulpmat.com\/de\/wp-json\/wp\/v2\/product\/24521","targetHints":{"allow":["GET"]}}],"collection":[{"href":"https:\/\/ulpmat.com\/de\/wp-json\/wp\/v2\/product"}],"about":[{"href":"https:\/\/ulpmat.com\/de\/wp-json\/wp\/v2\/types\/product"}],"wp:featuredmedia":[{"embeddable":true,"href":"https:\/\/ulpmat.com\/de\/wp-json\/wp\/v2\/media\/24522"}],"wp:attachment":[{"href":"https:\/\/ulpmat.com\/de\/wp-json\/wp\/v2\/media?parent=24521"}],"wp:term":[{"taxonomy":"product_brand","embeddable":true,"href":"https:\/\/ulpmat.com\/de\/wp-json\/wp\/v2\/product_brand?post=24521"},{"taxonomy":"product_cat","embeddable":true,"href":"https:\/\/ulpmat.com\/de\/wp-json\/wp\/v2\/product_cat?post=24521"},{"taxonomy":"product_tag","embeddable":true,"href":"https:\/\/ulpmat.com\/de\/wp-json\/wp\/v2\/product_tag?post=24521"}],"curies":[{"name":"wp","href":"https:\/\/api.w.org\/{rel}","templated":true}]}}