{"id":24341,"date":"2025-11-17T09:36:53","date_gmt":"2025-11-17T01:36:53","guid":{"rendered":"https:\/\/ulpmat.com\/product\/cadmiumstannat-cadmium-zinn-oxid\/"},"modified":"2025-11-17T09:36:53","modified_gmt":"2025-11-17T01:36:53","slug":"cadmiumstannat-cadmium-zinn-oxid","status":"publish","type":"product","link":"https:\/\/ulpmat.com\/de\/produkt\/cadmiumstannat-cadmium-zinn-oxid\/","title":{"rendered":"Cadmiumstannat (Cadmium-Zinn-Oxid)"},"content":{"rendered":"<h2><span style=\"font-size: 14pt;\">Cadmium-Zinn-Oxid-Pulver \u00dcbersicht<\/span><\/h2>\n<p><span style=\"color: #0000ff;\"><a style=\"color: #0000ff;\" href=\"https:\/\/ulpmat.com\/de\/search\/?type=name&#038;keyword=Cadmium+Tin+Oxide\">Kadmium-Zinn-Oxid<\/a><\/span> pulver ist ein hervorragendes transparentes leitf\u00e4higes Oxid (TCO) mit niedrigem spezifischen Widerstand und hoher Durchl\u00e4ssigkeit f\u00fcr sichtbares Licht, das h\u00e4ufig zur Herstellung von transparenten Elektroden, D\u00fcnnschicht-Solarger\u00e4ten und optoelektronischen Materialien verwendet wird. Seine stabilen chemischen Eigenschaften und seine hervorragende Leitf\u00e4higkeit machen es zu einem wichtigen Material f\u00fcr optoelektronische Displays, photovoltaische Ger\u00e4te und funktionelle Beschichtungen.<\/p>\n<p>Wir bieten hochreines Cadmium-Zinn-Oxid-Pulver mit anpassbaren Partikelgr\u00f6\u00dfen und bedarfsgerechter Verpackung. Wir unterst\u00fctzen die Massenproduktion, kundenspezifische Pr\u00fcfberichte und laufende technische Dienstleistungen. <span style=\"color: #0000ff;\"><a style=\"color: #0000ff;\" href=\"https:\/\/ulpmat.com\/de\/kontakt-us\/\">Kontaktieren Sie uns.<\/a><\/span><\/p>\n<h2><span style=\"font-size: 14pt;\">Produkt-Highlights von <\/span><span style=\"font-size: 14pt;\">Cadmium-Zinn-Oxid-Pulver<\/span><\/h2>\n<p>Hohe Reinheit und geringe Verunreinigungen<br \/>\nAusgezeichnete Transparenz und Leitf\u00e4higkeit<br \/>\nGleichm\u00e4\u00dfige Partikelgr\u00f6\u00dfe, anpassbare Partikelgr\u00f6\u00dfe<br \/>\nHohe Stabilit\u00e4t, einfache Verarbeitung und gute Konsistenz<br \/>\nKundenspezifische Verpackung und Unterst\u00fctzung bei Modifikationen<br \/>\nUmfassende technische Unterst\u00fctzung und After-Sales-Garantie<br \/>\nGlobales Angebot, kurze Vorlaufzeit und gro\u00dfer Produktbestand<br \/>\nGeeignet f\u00fcr verschiedene D\u00fcnnschicht-Herstellungsprozesse<\/p>\n<h2><span style=\"font-size: 14pt;\">Anwendungen von Cadmium-Zinn-Oxid-Pulver<\/span><\/h2>\n<p>Zur Herstellung transparenter Elektrodenfilme zur Verbesserung der photoelektrischen Umwandlungseffizienz.<br \/>\nVerwendung als TCO-Funktionsschicht in photovoltaischen Ger\u00e4ten und Solarzellen.<br \/>\nAnwendungen in Flachbildschirmen, optischen Beschichtungen und optoelektronischen Sensoren.<\/p>\n<h2><span style=\"color: #0000ff;\"><a style=\"color: #0000ff;\" href=\"https:\/\/ulpmat.com\/de\/unternehmen\/faqs\/\"><span style=\"font-size: 14pt;\">H\u00e4ufig gestellte Fragen<\/span><\/a><\/span><\/h2>\n<p>Q1: Wie wird das Produkt verpackt, um einen sicheren Transport zu gew\u00e4hrleisten?<br \/>\nA1: Wir verwenden doppellagige antistatische Beutel mit Vakuumversiegelung und einen sto\u00dffesten Umkarton, um sicherzustellen, dass das Pulver w\u00e4hrend des Transports stabil und sicher bleibt.<\/p>\n<p>Q2: Welche Versandmethoden gibt es f\u00fcr dieses Produkt?<br \/>\nA2: Je nach Kundenwunsch k\u00f6nnen wir den internationalen Expressversand, Luftfracht oder Seefracht w\u00e4hlen und chemische Transportdokumente bereitstellen, die den lokalen Vorschriften entsprechen.<\/p>\n<p>Q3: K\u00f6nnen der Reinheitsgrad und die Verarbeitungsmethode des Produkts angepasst werden?<br \/>\nA3: Ja, wir k\u00f6nnen verschiedene Reinheitsgrade und Verarbeitungsmethoden anbieten, wie z. B. ultrafeines Pulver, sph\u00e4rische Verarbeitung und Oberfl\u00e4chenmodifikation.<\/p>\n<p>F4: Welche Dienstleistungen oder technische Unterst\u00fctzung gibt es nach dem Kauf?<br \/>\nA4: Wir bieten Anwendungsberatung, Datenanalyse, Produktr\u00fcckverfolgbarkeit, technische Beratung und Kundendienst, um einen reibungslosen Einsatz in den Prozessen der Kunden zu gew\u00e4hrleisten.<\/p>\n<h2><span style=\"font-size: 14pt;\">Berichte<\/span><\/h2>\n<p>Jede Charge wird geliefert mit:<br \/>\n<span style=\"color: #0000ff;\"><a style=\"color: #0000ff;\" href=\"https:\/\/ulpmat.com\/de\/service\/chemische-analyse\/\">Zertifikat der Analyse (COA)<\/a><\/span><br \/>\n<span style=\"color: #0000ff;\"><a style=\"color: #0000ff;\" href=\"https:\/\/ulpmat.com\/de\/dokumente\/technisches-datenblatt\/\">Technisches Datenblatt (TDS)<\/a><\/span><br \/>\n<span style=\"color: #0000ff;\"><a style=\"color: #0000ff;\" href=\"https:\/\/ulpmat.com\/de\/dokumente\/sicherheitsdatenblatt\/\">Sicherheitsdatenblatt (MSDS)<\/a><\/span><br \/>\nPr\u00fcfberichte von Dritten auf Anfrage erh\u00e4ltlich<\/p>\n<h2><span style=\"font-size: 14pt;\">Warum uns w\u00e4hlen?<\/span><\/h2>\n<p>Wir haben stabile Produktionskapazit\u00e4ten, ein strenges Qualit\u00e4tskontrollsystem, einen professionellen <span style=\"color: #0000ff;\"><a style=\"color: #0000ff;\" href=\"https:\/\/ulpmat.com\/de\/service\/technische-unterstuetzung\/\">technische Unterst\u00fctzung<\/a><\/span> und k\u00f6nnen flexible Anpassungsdienste anbieten, um sicherzustellen, dass unsere Kunden eine zuverl\u00e4ssige, effiziente und stabile Versorgung mit Materialien haben.<\/p>\n","protected":false},"excerpt":{"rendered":"<p>Cadmium-Zinn-Oxid-Pulver \u00dcbersicht Kadmium-Zinn-Oxid pulver ist ein hervorragendes transparentes leitf\u00e4higes Oxid (TCO) mit niedrigem spezifischen Widerstand und hoher Durchl\u00e4ssigkeit f\u00fcr sichtbares Licht, das h\u00e4ufig zur Herstellung von transparenten Elektroden, D\u00fcnnschicht-Solarger\u00e4ten und optoelektronischen Materialien verwendet wird. Seine stabilen chemischen Eigenschaften und seine hervorragende Leitf\u00e4higkeit machen es zu einem wichtigen Material f\u00fcr optoelektronische Displays, photovoltaische Ger\u00e4te und funktionelle [&hellip;]<\/p>\n","protected":false},"featured_media":24342,"template":"","meta":{"_acf_changed":false},"product_brand":[132],"product_cat":[1185],"product_tag":[],"class_list":{"0":"post-24341","1":"product","2":"type-product","3":"status-publish","4":"has-post-thumbnail","6":"product_brand-ulpmat","7":"product_cat-andere-saeuren","9":"first","10":"instock","11":"shipping-taxable","12":"product-type-variable"},"acf":[],"_links":{"self":[{"href":"https:\/\/ulpmat.com\/de\/wp-json\/wp\/v2\/product\/24341","targetHints":{"allow":["GET"]}}],"collection":[{"href":"https:\/\/ulpmat.com\/de\/wp-json\/wp\/v2\/product"}],"about":[{"href":"https:\/\/ulpmat.com\/de\/wp-json\/wp\/v2\/types\/product"}],"wp:featuredmedia":[{"embeddable":true,"href":"https:\/\/ulpmat.com\/de\/wp-json\/wp\/v2\/media\/24342"}],"wp:attachment":[{"href":"https:\/\/ulpmat.com\/de\/wp-json\/wp\/v2\/media?parent=24341"}],"wp:term":[{"taxonomy":"product_brand","embeddable":true,"href":"https:\/\/ulpmat.com\/de\/wp-json\/wp\/v2\/product_brand?post=24341"},{"taxonomy":"product_cat","embeddable":true,"href":"https:\/\/ulpmat.com\/de\/wp-json\/wp\/v2\/product_cat?post=24341"},{"taxonomy":"product_tag","embeddable":true,"href":"https:\/\/ulpmat.com\/de\/wp-json\/wp\/v2\/product_tag?post=24341"}],"curies":[{"name":"wp","href":"https:\/\/api.w.org\/{rel}","templated":true}]}}