{"id":24323,"date":"2025-11-17T09:36:53","date_gmt":"2025-11-17T01:36:53","guid":{"rendered":"https:\/\/ulpmat.com\/product\/kadmiumarsenid\/"},"modified":"2025-11-17T09:36:53","modified_gmt":"2025-11-17T01:36:53","slug":"kadmiumarsenid","status":"publish","type":"product","link":"https:\/\/ulpmat.com\/de\/produkt\/kadmiumarsenid\/","title":{"rendered":"Kadmiumarsenid"},"content":{"rendered":"<h2><span style=\"font-size: 14pt;\">Kadmiumarsenid-Granulat \u00dcbersicht<\/span><\/h2>\n<p><span style=\"color: #0000ff;\"><a style=\"color: #0000ff;\" href=\"https:\/\/ulpmat.com\/de\/search\/?type=name&#038;keyword=Cadmium+Arsenide\">Kadmiumarsenid<\/a><\/span> granulate sind Halbleitermaterialien mit hoher Elektronenbeweglichkeit und einzigartigen topologischen Eigenschaften, die h\u00e4ufig in Infrarotdetektoren, optoelektronischen Ger\u00e4ten, Hochgeschwindigkeitselektronik und in der wissenschaftlichen Forschung eingesetzt werden. Ihre ausgezeichneten optoelektronischen Eigenschaften und ihre Stabilit\u00e4t machen sie zu einem wichtigen Ausgangsmaterial f\u00fcr neuartige optoelektronische Materialien und die moderne Halbleiterforschung.<\/p>\n<p>Wir sind in der Lage, hochreine Cd3As2-Partikel zu liefern und unterst\u00fctzen kundenspezifische Partikelgr\u00f6\u00dfen, Massenproduktion und schnelle Lieferung. Wir bieten auch umfassende<span style=\"color: #0000ff;\"><a style=\"color: #0000ff;\" href=\"https:\/\/ulpmat.com\/de\/service\/technische-unterstuetzung\/\"> technische Unterst\u00fctzung<\/a> <\/span>f\u00fcr Forschungseinrichtungen und Unternehmen an. Bitte z\u00f6gern Sie nicht <span style=\"color: #0000ff;\"><a style=\"color: #0000ff;\" href=\"https:\/\/ulpmat.com\/de\/kontakt-us\/\">kontaktieren Sie uns<\/a><\/span> f\u00fcr Anfragen oder <span style=\"color: #0000ff;\"><a style=\"color: #0000ff;\" href=\"https:\/\/ulpmat.com\/de\/service\/technische-unterstuetzung\/\">technischen<\/a><\/span> informationen.<\/p>\n<h2><span style=\"font-size: 14pt;\">Produkt-Highlights<\/span><\/h2>\n<p>Hohe Reinheit, geringer Gehalt an Verunreinigungen<br \/>\n<span style=\"color: #0000ff;\"><a style=\"color: #0000ff;\" href=\"https:\/\/ulpmat.com\/de\/service\/anpassung\/\">Anpassbar<\/a><\/span> partikelgr\u00f6\u00dfe, einheitliche Partikelgr\u00f6\u00dfe<br \/>\nAusgezeichnete optoelektronische Eigenschaften<br \/>\nAnpassbare Verpackung, kleine Verpackungen verf\u00fcgbar, geringe Mindestbestellmenge<br \/>\nGeeignet f\u00fcr verschiedene Materialaufbereitungsprozesse<br \/>\nGeeignet sowohl f\u00fcr Forschung als auch f\u00fcr Industrialisierung<br \/>\nStabile Versorgung, unterst\u00fctzt Massenlieferungen<\/p>\n<h2><span style=\"font-size: 14pt;\">Anwendungen von Kadmiumarsenid-Granulat<\/span><\/h2>\n<p>Verwendung bei der Herstellung optoelektronischer Funktionskomponenten wie Infrarotdetektoren.<br \/>\nAnwendung bei topologischen Materialien, elektronischen Hochgeschwindigkeitsger\u00e4ten und wissenschaftlichen Forschungsexperimenten.<br \/>\nVerwendung beim Aufdampfen, Sintern, der Vorbereitung von Targets und der Entwicklung von Hochleistungsd\u00fcnnschichten.<\/p>\n<h2><span style=\"font-size: 14pt;\">FAQs<\/span><\/h2>\n<p>Q1: Wie wird Ihr Cd3As2-Granulat verpackt?<br \/>\nA1: Wir verwenden eine Inertgasverkapselung, eine doppellagige Beutelversiegelung und verst\u00e4rkte sto\u00dffeste Boxen, um die Stabilit\u00e4t und Sicherheit des Produkts w\u00e4hrend des weltweiten Transports zu gew\u00e4hrleisten.<\/p>\n<p>Q2: Ist der internationale Versand sicher? K\u00f6nnen Sie entsprechende Unterlagen zur Verf\u00fcgung stellen?<br \/>\nA2: Wir stellen Verpackungen und Unterlagen zur Verf\u00fcgung, die den internationalen Versandvorschriften entsprechen. Wir k\u00f6nnen Ihr Produkt mit DHL, FedEx usw. versenden und f\u00fcgen ein Sicherheitsdatenblatt und die erforderlichen Versandinformationen f\u00fcr Chemikalien bei.<\/p>\n<p>F3: K\u00f6nnen Produktreinheit und Partikelgr\u00f6\u00dfe angepasst werden?<br \/>\nA3: Ja, wir bieten eine Reinheitsoption von 99,999 % und unterst\u00fctzen verschiedene Partikelgr\u00f6\u00dfenbereiche.<\/p>\n<p>F4: Wie sollte das Produkt gelagert werden, um seine Leistung zu erhalten?<br \/>\nA4: Cd3As2 sollte in einer k\u00fchlen, trockenen, lichtgesch\u00fctzten Umgebung gelagert und versiegelt werden, um Oxidation zu verhindern. F\u00fcr eine langfristige Lagerung kann es in einer Inertgasatmosph\u00e4re gelagert werden.<\/p>\n<h2><span style=\"font-size: 14pt;\">Berichte<\/span><\/h2>\n<p>Jede Charge wird geliefert mit:<br \/>\n<span style=\"color: #0000ff;\"><a style=\"color: #0000ff;\" href=\"https:\/\/ulpmat.com\/de\/service\/chemische-analyse\/\">Zertifikat der Analyse (COA)<\/a><\/span><br \/>\n<span style=\"color: #0000ff;\"><a style=\"color: #0000ff;\" href=\"https:\/\/ulpmat.com\/de\/dokumente\/technisches-datenblatt\/\">Technisches Datenblatt (TDS)<\/a><\/span><br \/>\n<span style=\"color: #0000ff;\"><a style=\"color: #0000ff;\" href=\"https:\/\/ulpmat.com\/de\/dokumente\/sicherheitsdatenblatt\/\">Sicherheitsdatenblatt (MSDS)<\/a><\/span><br \/>\nPr\u00fcfberichte von Dritten auf Anfrage erh\u00e4ltlich<\/p>\n<h2><span style=\"font-size: 14pt;\">Warum uns w\u00e4hlen?<\/span><\/h2>\n<p>Wir verf\u00fcgen \u00fcber ein komplettes Materialproduktions- und Qualit\u00e4tskontrollsystem, das stabile, hochreine Cd3As2-Produkte liefert. Wir unterst\u00fctzen kundenspezifische Dienstleistungen und technische Beratung und bieten schnelle Reaktion, zuverl\u00e4ssige Lieferung und umfassenden <span style=\"color: #0000ff;\"><a style=\"color: #0000ff;\" href=\"https:\/\/ulpmat.com\/de\/service\/service-nach-dem-verkauf\/\">after-Sales-Unterst\u00fctzung<\/a> <\/span>f\u00fcr Kunden weltweit. Wir sind ein vertrauensw\u00fcrdiger Materiallieferant f\u00fcr Forschungseinrichtungen und <span style=\"color: #0000ff;\"><a style=\"color: #0000ff;\" href=\"https:\/\/ulpmat.com\/de\/anwendung\/halbleiter-materialien\/\">halbleiter<\/a><\/span> unternehmen.<\/p>\n","protected":false},"excerpt":{"rendered":"<p>Kadmiumarsenid-Granulat \u00dcbersicht Kadmiumarsenid granulate sind Halbleitermaterialien mit hoher Elektronenbeweglichkeit und einzigartigen topologischen Eigenschaften, die h\u00e4ufig in Infrarotdetektoren, optoelektronischen Ger\u00e4ten, Hochgeschwindigkeitselektronik und in der wissenschaftlichen Forschung eingesetzt werden. Ihre ausgezeichneten optoelektronischen Eigenschaften und ihre Stabilit\u00e4t machen sie zu einem wichtigen Ausgangsmaterial f\u00fcr neuartige optoelektronische Materialien und die moderne Halbleiterforschung. Wir sind in der Lage, hochreine Cd3As2-Partikel [&hellip;]<\/p>\n","protected":false},"featured_media":24324,"template":"","meta":{"_acf_changed":false},"product_brand":[132],"product_cat":[299],"product_tag":[],"class_list":{"0":"post-24323","1":"product","2":"type-product","3":"status-publish","4":"has-post-thumbnail","6":"product_brand-ulpmat","7":"product_cat-verdampfen-von-materialien","9":"first","10":"instock","11":"shipping-taxable","12":"product-type-variable"},"acf":[],"_links":{"self":[{"href":"https:\/\/ulpmat.com\/de\/wp-json\/wp\/v2\/product\/24323","targetHints":{"allow":["GET"]}}],"collection":[{"href":"https:\/\/ulpmat.com\/de\/wp-json\/wp\/v2\/product"}],"about":[{"href":"https:\/\/ulpmat.com\/de\/wp-json\/wp\/v2\/types\/product"}],"wp:featuredmedia":[{"embeddable":true,"href":"https:\/\/ulpmat.com\/de\/wp-json\/wp\/v2\/media\/24324"}],"wp:attachment":[{"href":"https:\/\/ulpmat.com\/de\/wp-json\/wp\/v2\/media?parent=24323"}],"wp:term":[{"taxonomy":"product_brand","embeddable":true,"href":"https:\/\/ulpmat.com\/de\/wp-json\/wp\/v2\/product_brand?post=24323"},{"taxonomy":"product_cat","embeddable":true,"href":"https:\/\/ulpmat.com\/de\/wp-json\/wp\/v2\/product_cat?post=24323"},{"taxonomy":"product_tag","embeddable":true,"href":"https:\/\/ulpmat.com\/de\/wp-json\/wp\/v2\/product_tag?post=24323"}],"curies":[{"name":"wp","href":"https:\/\/api.w.org\/{rel}","templated":true}]}}