{"id":24120,"date":"2025-11-17T09:36:58","date_gmt":"2025-11-17T01:36:58","guid":{"rendered":"https:\/\/ulpmat.com\/product\/kadmiumselenid-3\/"},"modified":"2025-11-17T09:36:58","modified_gmt":"2025-11-17T01:36:58","slug":"kadmiumselenid-3","status":"publish","type":"product","link":"https:\/\/ulpmat.com\/de\/produkt\/kadmiumselenid-3\/","title":{"rendered":"Kadmiumselenid"},"content":{"rendered":"<h2><span style=\"font-size: 14pt;\">Kadmiumselenid-Granulat \u00dcbersicht<\/span><\/h2>\n<p><span style=\"color: #0000ff;\"><a style=\"color: #0000ff;\" href=\"https:\/\/ulpmat.com\/de\/search\/?type=name&#038;keyword=Cadmium+Selenide\">Kadmiumselenid<\/a> <\/span>granulate sind ein wichtiges Halbleitermaterial der Gruppe II-VI mit einer abstimmbaren Bandstruktur und hervorragenden optoelektronischen Eigenschaften. Sie finden breite Anwendung in optoelektronischen Quantenpunkt-Bauelementen, Infrarot-Detektoren, photovoltaischen Materialien und in der Nano-Optik-Forschung und bilden eine stabile und zuverl\u00e4ssige Grundlage f\u00fcr die Herstellung und Erprobung fortschrittlicher optoelektronischer Materialien.<\/p>\n<p>Wir bieten hochreines CdSe-Granulat in einheitlicher Gr\u00f6\u00dfe an und unterst\u00fctzen die kundenspezifische Anpassung der Partikelgr\u00f6\u00dfe, des Reinheitsgrads und der Verpackungsspezifikationen, um die unterschiedlichen Anforderungen von Forschungseinrichtungen und industriellen Anwendern zu erf\u00fcllen. F\u00fcr Angebote, technische Daten oder Musteranfragen, bitte <span style=\"color: #0000ff;\"><a style=\"color: #0000ff;\" href=\"https:\/\/ulpmat.com\/de\/kontakt-us\/\">kontaktieren Sie uns.<\/a><\/span> Unser professionelles Team wird Ihnen schnell antworten und Ihnen umfassende <span style=\"color: #0000ff;\"><a style=\"color: #0000ff;\" href=\"https:\/\/ulpmat.com\/de\/service\/technische-unterstuetzung\/\">technische Unterst\u00fctzung<\/a><\/span> f\u00fcr Ihre optoelektronischen Projekte und Ihre D\u00fcnnschichtpr\u00e4paration.<\/p>\n<h2><span style=\"font-size: 14pt;\">Produkt-Highlights<\/span><\/h2>\n<p>Hohe Reinheit, geringer Gehalt an Verunreinigungen<br \/>\nGleichm\u00e4\u00dfige Partikelgr\u00f6\u00dfe, starke Kontrollierbarkeit<br \/>\nStabile optoelektronische Eigenschaften, hohe Quanteneffizienz<br \/>\nEinfache D\u00fcnnschichtabscheidung und -verarbeitung<br \/>\nAusgezeichnete chemische Stabilit\u00e4t, hohe Temperaturbest\u00e4ndigkeit<br \/>\nMa\u00dfgeschneiderte Verpackung und Partikelgr\u00f6\u00dfe<br \/>\nHohe Chargenkonsistenz, geeignet f\u00fcr Forschung und Industrialisierung<\/p>\n<h2><span style=\"font-size: 14pt;\">Anwendungen von Cadmiumselenid-Granulat<\/span><\/h2>\n<p>Verwendung bei der Herstellung von optoelektronischen Quantenpunkt-Bauelementen und Infrarot-Detektoren.<br \/>\nGeeignet f\u00fcr photovoltaische Materialien, lichtemittierende Dioden und optoelektronische D\u00fcnnschichtger\u00e4te.<br \/>\nEs kann als grundlegendes <span style=\"color: #0000ff;\"><a style=\"color: #0000ff;\" href=\"https:\/\/ulpmat.com\/de\/anwendung\/halbleiter-materialien\/\">halbleitermaterial<\/a><\/span> f\u00fcr die nanooptische Forschung und wissenschaftliche Experimente dienen.<\/p>\n<h2><span style=\"font-size: 14pt;\">FAQs<\/span><\/h2>\n<p>Q1: Wie wird das CdSe-Granulat verpackt, um einen sicheren Transport zu gew\u00e4hrleisten?<br \/>\nA1: Eine vakuumversiegelte Verpackung mit einer sto\u00dffesten Au\u00dfenbox sorgt daf\u00fcr, dass die Partikel w\u00e4hrend des Transports trocken und nicht kontaminiert bleiben.<\/p>\n<p>F2: Welche Verarbeitungsmethoden sind f\u00fcr CdSe-Granulat geeignet?<br \/>\nA2: CdSe-Granulate weisen eine gute Dispergierbarkeit und thermische Stabilit\u00e4t auf und eignen sich daher f\u00fcr die Verarbeitung von L\u00f6sungen, die Abscheidung von D\u00fcnnschichten, die Herstellung von Quantenpunkten und die Herstellung von Nanokompositen. Dar\u00fcber hinaus f\u00fchren ihre einheitliche Partikelgr\u00f6\u00dfe und hohe Reinheit zu einer ausgezeichneten Leistung bei der Schleuderbeschichtung, Spr\u00fchbeschichtung und Aufdampfung und gew\u00e4hrleisten eine stabile Leistung in optoelektronischen Ger\u00e4ten oder D\u00fcnnschichtanwendungen.<\/p>\n<p>F3: K\u00f6nnen die Reinheit und die Partikelgr\u00f6\u00dfe des Granulats individuell angepasst werden?<br \/>\nA3: Ja, wir bieten eine hohe Reinheit von 99,99%-99,999% an, und die Partikelgr\u00f6\u00dfe kann je nach Kundenbedarf angepasst werden, was f\u00fcr verschiedene wissenschaftliche Forschungs- und Industrieanwendungen geeignet ist.<\/p>\n<p>Q4: Wie sollte das CdSe-Granulat gelagert werden, um seine Leistung zu erhalten?<br \/>\nA4: Es wird empfohlen, das CdSe-Granulat in einer trockenen, k\u00fchlen und dunklen Umgebung zu lagern und es versiegelt zu halten, um Feuchtigkeit oder Oxidation zu vermeiden und stabile optoelektronische Eigenschaften zu gew\u00e4hrleisten.<\/p>\n<h2><span style=\"font-size: 14pt;\">Berichte<\/span><\/h2>\n<p>Jede Charge wird geliefert mit:<br \/>\n<span style=\"color: #0000ff;\"><a style=\"color: #0000ff;\" href=\"https:\/\/ulpmat.com\/de\/service\/chemische-analyse\/\">Zertifikat der Analyse (COA)<\/a><\/span><br \/>\n<span style=\"color: #0000ff;\"><a style=\"color: #0000ff;\" href=\"https:\/\/ulpmat.com\/de\/dokumente\/technisches-datenblatt\/\">Technisches Datenblatt (TDS)<\/a><\/span><br \/>\n<span style=\"color: #0000ff;\"><a style=\"color: #0000ff;\" href=\"https:\/\/ulpmat.com\/de\/dokumente\/sicherheitsdatenblatt\/\">Sicherheitsdatenblatt (MSDS)<\/a><\/span><br \/>\nPr\u00fcfberichte von Dritten auf Anfrage erh\u00e4ltlich<\/p>\n<h2><span style=\"font-size: 14pt;\">Warum uns w\u00e4hlen?<\/span><\/h2>\n<p>Wir verf\u00fcgen \u00fcber eine ausgereifte CdSe-Granulat-Produktionstechnologie, ein strenges Qualit\u00e4tsmanagementsystem und stabile Lieferkapazit\u00e4ten, die es uns erm\u00f6glichen, hochreine, gleichm\u00e4\u00dfig gro\u00dfe und optoelektronisch stabile Produkte zu liefern. In Kombination mit reaktionsschnellen technischen Dienstleistungen, kundenspezifischer Produktion und weltweiten Versandm\u00f6glichkeiten bieten wir zuverl\u00e4ssige, effiziente und nachhaltige Materiall\u00f6sungen f\u00fcr Forschungseinrichtungen und Kunden aus der optoelektronischen Industrie und sind damit ein idealer Partner f\u00fcr Quantenpunkte und<span style=\"color: #0000ff;\"><a style=\"color: #0000ff;\" href=\"https:\/\/ulpmat.com\/de\/anwendung\/materialien-fuer-die-optik\/\"> optoelektronische<\/a> <\/span>materialforschung und -entwicklung.<\/p>\n","protected":false},"excerpt":{"rendered":"<p>Kadmiumselenid-Granulat \u00dcbersicht Kadmiumselenid granulate sind ein wichtiges Halbleitermaterial der Gruppe II-VI mit einer abstimmbaren Bandstruktur und hervorragenden optoelektronischen Eigenschaften. Sie finden breite Anwendung in optoelektronischen Quantenpunkt-Bauelementen, Infrarot-Detektoren, photovoltaischen Materialien und in der Nano-Optik-Forschung und bilden eine stabile und zuverl\u00e4ssige Grundlage f\u00fcr die Herstellung und Erprobung fortschrittlicher optoelektronischer Materialien. Wir bieten hochreines CdSe-Granulat in einheitlicher Gr\u00f6\u00dfe [&hellip;]<\/p>\n","protected":false},"featured_media":24121,"template":"","meta":{"_acf_changed":false},"product_brand":[132],"product_cat":[299],"product_tag":[],"class_list":{"0":"post-24120","1":"product","2":"type-product","3":"status-publish","4":"has-post-thumbnail","6":"product_brand-ulpmat","7":"product_cat-verdampfen-von-materialien","9":"first","10":"instock","11":"shipping-taxable","12":"product-type-variable"},"acf":[],"_links":{"self":[{"href":"https:\/\/ulpmat.com\/de\/wp-json\/wp\/v2\/product\/24120","targetHints":{"allow":["GET"]}}],"collection":[{"href":"https:\/\/ulpmat.com\/de\/wp-json\/wp\/v2\/product"}],"about":[{"href":"https:\/\/ulpmat.com\/de\/wp-json\/wp\/v2\/types\/product"}],"wp:featuredmedia":[{"embeddable":true,"href":"https:\/\/ulpmat.com\/de\/wp-json\/wp\/v2\/media\/24121"}],"wp:attachment":[{"href":"https:\/\/ulpmat.com\/de\/wp-json\/wp\/v2\/media?parent=24120"}],"wp:term":[{"taxonomy":"product_brand","embeddable":true,"href":"https:\/\/ulpmat.com\/de\/wp-json\/wp\/v2\/product_brand?post=24120"},{"taxonomy":"product_cat","embeddable":true,"href":"https:\/\/ulpmat.com\/de\/wp-json\/wp\/v2\/product_cat?post=24120"},{"taxonomy":"product_tag","embeddable":true,"href":"https:\/\/ulpmat.com\/de\/wp-json\/wp\/v2\/product_tag?post=24120"}],"curies":[{"name":"wp","href":"https:\/\/api.w.org\/{rel}","templated":true}]}}