{"id":23862,"date":"2025-11-18T17:58:30","date_gmt":"2025-11-18T09:58:30","guid":{"rendered":"https:\/\/ulpmat.com\/product\/silbernes-metall-3\/"},"modified":"2025-11-18T17:58:30","modified_gmt":"2025-11-18T09:58:30","slug":"silbernes-metall-3","status":"publish","type":"product","link":"https:\/\/ulpmat.com\/de\/produkt\/silbernes-metall-3\/","title":{"rendered":"Silbernes Metall"},"content":{"rendered":"<h2><span style=\"font-size: 14pt;\">Silberne Metallfolien \u00dcbersicht<\/span><\/h2>\n<p><span style=\"color: #0000ff;\"><a style=\"color: #0000ff;\" href=\"https:\/\/ulpmat.com\/de\/search\/?type=name&#038;keyword=Silver+metal\">Silbermetall<\/a><\/span> ist ein hochreines, sehr dehnbares metallisches Material mit ausgezeichneter elektrischer und thermischer Leitf\u00e4higkeit und chemischer Stabilit\u00e4t. Es ist weit verbreitet in der Herstellung von elektronischen Ger\u00e4ten, Batterien und leitf\u00e4higen Filmen, chemischen Experimenten, dekorativem Kunsthandwerk und hochwertiger industrieller Verarbeitung, was es zu einem wichtigen Material f\u00fcr wissenschaftliche Forschung und industrielle Produktion macht.<\/p>\n<p>Wir bieten Silberfolie in verschiedenen St\u00e4rken, Gr\u00f6\u00dfen und Reinheitsgraden an und k\u00f6nnen je nach Kundenwunsch ma\u00dfgeschneiderte Verarbeitungsdienstleistungen wie Schneiden, Walzen oder Lagenverpackung anbieten. Bitte <span style=\"color: #0000ff;\"><a style=\"color: #0000ff;\" href=\"https:\/\/ulpmat.com\/de\/kontakt-us\/\">kontaktieren Sie uns<\/a><\/span> noch heute.<\/p>\n<h2><span style=\"font-size: 14pt;\">Produkt-Highlights<\/span><\/h2>\n<p>Garantiert hohe Reinheit (99,999%)<br \/>\nAusgezeichnete Duktilit\u00e4t und Verarbeitbarkeit<br \/>\nAusgezeichnete elektrische und thermische Leitf\u00e4higkeit<br \/>\nGlatte Oberfl\u00e4che, keine Poren<br \/>\nMehrere Dicken verf\u00fcgbar<br \/>\nKundenspezifische Gr\u00f6\u00dfen und Walzen unterst\u00fctzt<br \/>\nAnti-Oxidations-Behandlung verl\u00e4ngert die Lebensdauer<\/p>\n<h2><span style=\"font-size: 14pt;\">Anwendungen von Silbermetallfolien<\/span><\/h2>\n<p>Leitf\u00e4higes Schichtmaterial in elektronischen Komponenten und Batterien.<br \/>\nTr\u00e4germaterial in chemischen Experimenten und katalytischen Reaktionen.<br \/>\nGeeignet f\u00fcr dekorative und reflektierende Materialien in High-End-Prozessen.<br \/>\nSpielt eine Schl\u00fcsselrolle bei der Vakuumverdampfung und <span style=\"color: #0000ff;\"><a style=\"color: #0000ff;\" href=\"https:\/\/ulpmat.com\/de\/anwendung\/materialien-fuer-die-optik\/\">optischen<\/a> <\/span>d\u00fcnnschichtpr\u00e4paration.<\/p>\n<h2><span style=\"color: #0000ff;\"><a style=\"color: #0000ff;\" href=\"https:\/\/ulpmat.com\/de\/unternehmen\/faqs\/\"><span style=\"font-size: 14pt;\">FAQs<\/span><\/a><\/span><\/h2>\n<p>Q1: Wie wird die Silbermetallfolie verpackt, um einen sicheren Transport zu gew\u00e4hrleisten?<br \/>\nA1: Silberfolie wird mit feuchtigkeitsdichter Folie und Papph\u00fclsen oder Holzkisten verpackt, um ein Verbiegen und Kratzer auf der Oberfl\u00e4che zu verhindern.<\/p>\n<p>Q2: Kann die Dicke und Gr\u00f6\u00dfe der Silbermetallfolie individuell angepasst werden?<br \/>\nA2: Ja, die Breite und L\u00e4nge kann je nach Kundenwunsch angepasst werden.<\/p>\n<p>Q3: Wie sind die Lagerungsanforderungen f\u00fcr Silbermetallfolie?<br \/>\nA3: Bitte lagern Sie sie in einer trockenen, k\u00fchlen und dunklen Umgebung und vermeiden Sie den Kontakt mit S\u00e4uren, Laugen und \u00e4tzenden Substanzen.<\/p>\n<p>Q4: Welche Dienstleistungen bietet Ihr Unternehmen nach dem Verkauf an?<br \/>\nA4: Wir bieten technische Beratung, kundenspezifische Verarbeitung, Lieferung in gro\u00dfen Mengen, \u00dcberwachung der Produktqualit\u00e4t und schnelle Reaktion auf Problemr\u00fcckmeldungen.<\/p>\n<h2><span style=\"font-size: 14pt;\">Berichte<\/span><\/h2>\n<p>Jede Charge wird geliefert mit:<br \/>\n<span style=\"color: #0000ff;\"><a style=\"color: #0000ff;\" href=\"https:\/\/ulpmat.com\/de\/service\/chemische-analyse\/\">Zertifikat der Analyse (COA)<\/a><\/span><br \/>\n<span style=\"color: #0000ff;\"><a style=\"color: #0000ff;\" href=\"https:\/\/ulpmat.com\/de\/dokumente\/technisches-datenblatt\/\">Technisches Datenblatt (TDS)<\/a><\/span><br \/>\n<span style=\"color: #0000ff;\"><a style=\"color: #0000ff;\" href=\"https:\/\/ulpmat.com\/de\/dokumente\/sicherheitsdatenblatt\/\">Sicherheitsdatenblatt (MSDS)<\/a><\/span><br \/>\nPr\u00fcfberichte von Dritten auf Anfrage erh\u00e4ltlich<\/p>\n<h2><span style=\"font-size: 14pt;\">Warum w\u00e4hlen Sie uns?<\/span><\/h2>\n<p>Wir sind auf die Erforschung und Lieferung von hochreinen Silberfolien spezialisiert und kontrollieren streng die Dicke, die Oberfl\u00e4chengl\u00e4tte und die Chargenkonsistenz, um sicherzustellen, dass wir die Anforderungen der Elektronikfertigung, der chemischen Experimente und der industriellen Verarbeitung im oberen Bereich erf\u00fcllen. Wenn Sie sich f\u00fcr uns entscheiden, erhalten Sie hochwertige, individuell anpassbare Silberfolienprodukte und einen professionellen Kundendienst, was uns zu einem idealen Partner f\u00fcr Forschungslabors, die Elektronikindustrie und High-End-Prozesse macht.<\/p>\n","protected":false},"excerpt":{"rendered":"<p>Silberne Metallfolien \u00dcbersicht Silbermetall ist ein hochreines, sehr dehnbares metallisches Material mit ausgezeichneter elektrischer und thermischer Leitf\u00e4higkeit und chemischer Stabilit\u00e4t. Es ist weit verbreitet in der Herstellung von elektronischen Ger\u00e4ten, Batterien und leitf\u00e4higen Filmen, chemischen Experimenten, dekorativem Kunsthandwerk und hochwertiger industrieller Verarbeitung, was es zu einem wichtigen Material f\u00fcr wissenschaftliche Forschung und industrielle Produktion macht. [&hellip;]<\/p>\n","protected":false},"featured_media":23864,"template":"","meta":{"_acf_changed":false},"product_brand":[132],"product_cat":[397],"product_tag":[1976],"class_list":{"0":"post-23862","1":"product","2":"type-product","3":"status-publish","4":"has-post-thumbnail","6":"product_brand-ulpmat","7":"product_cat-andere-materialien","8":"product_tag-silberne-metall-folie","10":"first","11":"instock","12":"shipping-taxable","13":"product-type-variable"},"acf":[],"_links":{"self":[{"href":"https:\/\/ulpmat.com\/de\/wp-json\/wp\/v2\/product\/23862","targetHints":{"allow":["GET"]}}],"collection":[{"href":"https:\/\/ulpmat.com\/de\/wp-json\/wp\/v2\/product"}],"about":[{"href":"https:\/\/ulpmat.com\/de\/wp-json\/wp\/v2\/types\/product"}],"wp:featuredmedia":[{"embeddable":true,"href":"https:\/\/ulpmat.com\/de\/wp-json\/wp\/v2\/media\/23864"}],"wp:attachment":[{"href":"https:\/\/ulpmat.com\/de\/wp-json\/wp\/v2\/media?parent=23862"}],"wp:term":[{"taxonomy":"product_brand","embeddable":true,"href":"https:\/\/ulpmat.com\/de\/wp-json\/wp\/v2\/product_brand?post=23862"},{"taxonomy":"product_cat","embeddable":true,"href":"https:\/\/ulpmat.com\/de\/wp-json\/wp\/v2\/product_cat?post=23862"},{"taxonomy":"product_tag","embeddable":true,"href":"https:\/\/ulpmat.com\/de\/wp-json\/wp\/v2\/product_tag?post=23862"}],"curies":[{"name":"wp","href":"https:\/\/api.w.org\/{rel}","templated":true}]}}