{"id":23799,"date":"2025-11-18T17:58:30","date_gmt":"2025-11-18T09:58:30","guid":{"rendered":"https:\/\/ulpmat.com\/product\/silbernes-metall-2\/"},"modified":"2025-11-18T17:58:30","modified_gmt":"2025-11-18T09:58:30","slug":"silbernes-metall-2","status":"publish","type":"product","link":"https:\/\/ulpmat.com\/de\/produkt\/silbernes-metall-2\/","title":{"rendered":"Silbernes Metall"},"content":{"rendered":"<h2><span style=\"font-size: 14pt;\">Silbermetallsputtertarget \u00dcbersicht<\/span><\/h2>\n<p><span style=\"color: #0000ff;\"><a style=\"color: #0000ff;\" href=\"https:\/\/ulpmat.com\/de\/search\/?type=name&#038;keyword=Silver+metal\">Silbermetall <\/a><\/span>sputtertargets sind hochreine metallische Werkstoffe mit hervorragender elektrischer und thermischer Leitf\u00e4higkeit, die sich leicht und gleichm\u00e4\u00dfig zu Schichten zerst\u00e4uben lassen. Sie finden breite Anwendung bei der Herstellung von elektronischen Komponenten, optischen D\u00fcnnschichten, Sensoren, Solarenergieger\u00e4ten und anderen hochpr\u00e4zisen industriellen D\u00fcnnschichten.<\/p>\n<p>Wir bieten Silbermetall-Sputtertargets in verschiedenen Spezifikationen, Gr\u00f6\u00dfen und Dicken an und <span style=\"color: #0000ff;\"><a style=\"color: #0000ff;\" href=\"https:\/\/ulpmat.com\/de\/service\/technische-unterstuetzung\/\">unterst\u00fctzen<\/a> <\/span>wir unterst\u00fctzen die kundenspezifische Verarbeitung und spezielle Oberfl\u00e4chenbehandlungen, um die vielf\u00e4ltigen Anforderungen unserer Kunden in der wissenschaftlichen Forschung und der industriellen Produktion zu erf\u00fcllen. Bitte <span style=\"color: #0000ff;\"><a style=\"color: #0000ff;\" href=\"https:\/\/ulpmat.com\/de\/kontakt-us\/\">kontaktieren Sie<\/a> <\/span>unser professionelles Team f\u00fcr hochwertige L\u00f6sungen.<\/p>\n<h2><span style=\"font-size: 14pt;\">Produkt-Highlights<\/span><\/h2>\n<p>Garantiert hohe Reinheit (99,999%)<br \/>\nGleichm\u00e4\u00dfige und dichte Struktur f\u00fcr hohe Sputtering-Effizienz<br \/>\nAusgezeichnete elektrische und thermische Leitf\u00e4higkeit<br \/>\nKann zu verschiedenen Formen und Gr\u00f6\u00dfen verarbeitet werden<br \/>\nGlatte Oberfl\u00e4che, frei von Poren und Rissen<br \/>\n<span style=\"color: #0000ff;\"><a style=\"color: #0000ff;\" href=\"https:\/\/ulpmat.com\/de\/service\/ziel-bindung\/\">Kleben von Zielen<\/a> <\/span>dienstleistungen verf\u00fcgbar<br \/>\nGeeignet f\u00fcr DC- und RF-Sputtering<br \/>\nMa\u00dfgeschneiderte Produktion zur Erf\u00fcllung spezieller Prozessanforderungen<\/p>\n<h2><span style=\"font-size: 14pt;\">Anwendungen von Silbermetallsputtertargets<\/span><\/h2>\n<p>F\u00fcr die Sputterherstellung von D\u00fcnnschichten in elektronischen Ger\u00e4ten und Halbleitern.<br \/>\nAls leitf\u00e4higes D\u00fcnnschichtmaterial in <span style=\"color: #0000ff;\"><a style=\"color: #0000ff;\" href=\"https:\/\/ulpmat.com\/de\/anwendung\/photovoltaische-solaranlagen\/\">solarzellen<\/a> <\/span>und photovoltaischen Ger\u00e4ten.<br \/>\nGeeignet f\u00fcr die Abscheidung leitender Schichten in Hochleistungssensoren.<br \/>\nF\u00fcr die Herstellung von optisch reflektierenden Schichten und dekorativen Metallschichten.<\/p>\n<h2><span style=\"color: #0000ff;\"><a style=\"color: #0000ff;\" href=\"https:\/\/ulpmat.com\/de\/unternehmen\/faqs\/\"><span style=\"font-size: 14pt;\">FAQs<\/span><\/a><\/span><\/h2>\n<p>Q1: Wie wird das Silbersputtertarget verpackt und versandt?<br \/>\nA1: Es wird eine sto\u00dffeste und feuchtigkeitsbest\u00e4ndige Verpackung verwendet, die mit Schaumstoff oder Holzkisten gesichert ist, um sicherzustellen, dass das Target beim Transport nicht besch\u00e4digt wird.<\/p>\n<p>F2: K\u00f6nnen der Reinheitsgrad und die Spezifikationen des Silber-Targets individuell angepasst werden?<br \/>\nA2: Ja, der Reinheitsgrad reicht von 99,99% bis 99,999%, und Gr\u00f6\u00dfe und Dicke k\u00f6nnen entsprechend den Prozessanforderungen des Kunden angepasst werden.<\/p>\n<p>Q3: Wie sollte das Sputtertarget gelagert werden, um seine Leistung zu erhalten?<br \/>\nA3: Bitte lagern Sie es in einer trockenen, k\u00fchlen und dunklen Umgebung und vermeiden Sie den Kontakt mit \u00e4tzenden Chemikalien und Luft mit hoher Feuchtigkeit.<\/p>\n<p>F4: Welche <span style=\"color: #0000ff;\"><a style=\"color: #0000ff;\" href=\"https:\/\/ulpmat.com\/de\/service\/service-nach-dem-verkauf\/\">after-Sales-Dienstleistungen<\/a><\/span> bietet Ihr Unternehmen an?<br \/>\nA4: Wir bieten <span style=\"color: #0000ff;\"><a style=\"color: #0000ff;\" href=\"https:\/\/ulpmat.com\/de\/service\/technische-unterstuetzung\/\">technische Unterst\u00fctzung,<\/a> <\/span>kundenspezifische Verarbeitung, Lieferung von Massenware, Verfolgung der Zielvorgaben und schnelle Reaktion auf Probleme.<\/p>\n<h2><span style=\"font-size: 14pt;\">Berichte<\/span><\/h2>\n<p>Jede Charge wird geliefert mit:<br \/>\n<span style=\"color: #0000ff;\"><a style=\"color: #0000ff;\" href=\"https:\/\/ulpmat.com\/de\/service\/chemische-analyse\/\">Zertifikat der Analyse (COA)<\/a><\/span><br \/>\n<span style=\"color: #0000ff;\"><a style=\"color: #0000ff;\" href=\"https:\/\/ulpmat.com\/de\/dokumente\/technisches-datenblatt\/\">Technisches Datenblatt (TDS)<\/a><\/span><br \/>\n<span style=\"color: #0000ff;\"><a style=\"color: #0000ff;\" href=\"https:\/\/ulpmat.com\/de\/dokumente\/sicherheitsdatenblatt\/\">Sicherheitsdatenblatt (MSDS)<\/a><\/span><br \/>\nPr\u00fcfberichte von Dritten auf Anfrage erh\u00e4ltlich<\/p>\n<h2><span style=\"font-size: 14pt;\">Warum uns w\u00e4hlen?<\/span><\/h2>\n<p>Wir haben uns auf die Erforschung und Lieferung von hochreinen Silbermetall-Sputter-Targets spezialisiert und kontrollieren streng die Reinheit, Dichte und Oberfl\u00e4chengl\u00e4tte der Targets, um gleichm\u00e4\u00dfige und stabile Sputterfilme zu gew\u00e4hrleisten. Wenn Sie sich f\u00fcr uns entscheiden, erhalten Sie eine zuverl\u00e4ssige Produktleistung, ma\u00dfgeschneiderte Dienstleistungen und professionellen technischen Support. Das macht uns zu einem erstklassigen Partner f\u00fcr die Elektronikfertigung, optische D\u00fcnnschichten und hochpr\u00e4zise industrielle Anwendungen.<\/p>\n","protected":false},"excerpt":{"rendered":"<p>Silbermetallsputtertarget \u00dcbersicht Silbermetall sputtertargets sind hochreine metallische Werkstoffe mit hervorragender elektrischer und thermischer Leitf\u00e4higkeit, die sich leicht und gleichm\u00e4\u00dfig zu Schichten zerst\u00e4uben lassen. Sie finden breite Anwendung bei der Herstellung von elektronischen Komponenten, optischen D\u00fcnnschichten, Sensoren, Solarenergieger\u00e4ten und anderen hochpr\u00e4zisen industriellen D\u00fcnnschichten. Wir bieten Silbermetall-Sputtertargets in verschiedenen Spezifikationen, Gr\u00f6\u00dfen und Dicken an und unterst\u00fctzen wir [&hellip;]<\/p>\n","protected":false},"featured_media":23800,"template":"","meta":{"_acf_changed":false},"product_brand":[132],"product_cat":[278],"product_tag":[1970],"class_list":{"0":"post-23799","1":"product","2":"type-product","3":"status-publish","4":"has-post-thumbnail","6":"product_brand-ulpmat","7":"product_cat-metall-sputtering-target","8":"product_tag-silbermetall-sputtering-target","10":"first","11":"instock","12":"shipping-taxable","13":"product-type-variable"},"acf":[],"_links":{"self":[{"href":"https:\/\/ulpmat.com\/de\/wp-json\/wp\/v2\/product\/23799","targetHints":{"allow":["GET"]}}],"collection":[{"href":"https:\/\/ulpmat.com\/de\/wp-json\/wp\/v2\/product"}],"about":[{"href":"https:\/\/ulpmat.com\/de\/wp-json\/wp\/v2\/types\/product"}],"wp:featuredmedia":[{"embeddable":true,"href":"https:\/\/ulpmat.com\/de\/wp-json\/wp\/v2\/media\/23800"}],"wp:attachment":[{"href":"https:\/\/ulpmat.com\/de\/wp-json\/wp\/v2\/media?parent=23799"}],"wp:term":[{"taxonomy":"product_brand","embeddable":true,"href":"https:\/\/ulpmat.com\/de\/wp-json\/wp\/v2\/product_brand?post=23799"},{"taxonomy":"product_cat","embeddable":true,"href":"https:\/\/ulpmat.com\/de\/wp-json\/wp\/v2\/product_cat?post=23799"},{"taxonomy":"product_tag","embeddable":true,"href":"https:\/\/ulpmat.com\/de\/wp-json\/wp\/v2\/product_tag?post=23799"}],"curies":[{"name":"wp","href":"https:\/\/api.w.org\/{rel}","templated":true}]}}