{"id":23385,"date":"2025-10-31T11:38:13","date_gmt":"2025-10-31T03:38:13","guid":{"rendered":"https:\/\/ulpmat.com\/product\/zinnii-fluorid\/"},"modified":"2025-10-31T11:38:13","modified_gmt":"2025-10-31T03:38:13","slug":"zinnii-fluorid","status":"publish","type":"product","link":"https:\/\/ulpmat.com\/de\/produkt\/zinnii-fluorid\/","title":{"rendered":"Zinn(II)-fluorid"},"content":{"rendered":"<h2><span style=\"font-family: georgia, palatino, serif; font-size: 14pt;\">Zinn(II)-fluoridpulver \u00dcbersicht<\/span><\/h2>\n<p><span style=\"font-family: georgia, palatino, serif;\"><span style=\"color: #0000ff;\"><a style=\"color: #0000ff;\" href=\"https:\/\/ulpmat.com\/de\/search\/?type=name&#038;keyword=Tin%28II%29+Fluoride\"> Zinn(II)-Fluorid<\/a><\/span> pulver ist ein hochreines, stabiles anorganisches Fluoridmaterial, das in elektronischen Materialien, Funktionskeramiken, Katalysatortr\u00e4gern und in der chemischen Synthese weit verbreitet ist. Seine hervorragenden elektrochemischen Eigenschaften und seine Reaktivit\u00e4t machen es zu einem wichtigen Rohstoff f\u00fcr neue Energien und Feinchemikalien.<\/span><\/p>\n<p><span style=\"font-family: georgia, palatino, serif;\">Wir bieten Zinn(II)-fluoridpulver in verschiedenen Partikelgr\u00f6\u00dfen und Reinheitsgraden an und unterst\u00fctzen kundenspezifische Verpackungen. Unser technisches Team kann Kunden bei der Materialauswahl, Leistungsbewertung und Anwendungsentwicklung unterst\u00fctzen. Wenn Sie technische oder anwendungstechnische Fragen haben, k\u00f6nnen Sie sich gerne<span style=\"color: #0000ff;\"><a style=\"color: #0000ff;\" href=\"https:\/\/ulpmat.com\/de\/kontakt-us\/\"> kontaktieren Sie uns.<\/a><\/span><\/span><\/p>\n<h2><span style=\"font-family: georgia, palatino, serif; font-size: 14pt;\">Produkt-Highlights<\/span><\/h2>\n<p><span style=\"font-family: georgia, palatino, serif;\">Reinheit: 99,9%<\/span><br \/>\n<span style=\"font-family: georgia, palatino, serif;\">Hohe chemische Stabilit\u00e4t: Widerstandsf\u00e4hig gegen Zersetzung, geringe Hygroskopizit\u00e4t<\/span><br \/>\n<span style=\"font-family: georgia, palatino, serif;\">Feine Partikelstruktur: Erleichtert die Reaktionskontrolle und gleichm\u00e4\u00dfige Dispersion<\/span><br \/>\n<span style=\"font-family: georgia, palatino, serif;\">Verschiedene Partikelgr\u00f6\u00dfen verf\u00fcgbar: Unterst\u00fctzt die Verteilung von Nanometern bis Mikrometern<\/span><br \/>\n<span style=\"font-family: georgia, palatino, serif;\">Geeignet f\u00fcr Batteriematerialien, Funktionsglas, chemische Gasphasenabscheidung und andere Anwendungen<\/span><\/p>\n<h2><span style=\"font-family: georgia, palatino, serif; font-size: 14pt;\">Anwendungen von Zinn(II)-fluoridpulver<\/span><\/h2>\n<p><span style=\"font-family: georgia, palatino, serif;\">Materialien f\u00fcr Lithiumbatterien: Verwendung als Anodenvorbehandlungsmittel und Grenzfl\u00e4chenstabilisator<\/span><br \/>\n<span style=\"font-family: georgia, palatino, serif;\">Zahnpasta\/chemische Produkte f\u00fcr den t\u00e4glichen Gebrauch: Wird als Fluoridzusatz zur Verbesserung der Antikaries-Eigenschaften verwendet<\/span><br \/>\n<span style=\"font-family: georgia, palatino, serif;\">Funktionskeramik\/Glas: Verbessert das Schmelzverhalten und die optischen Eigenschaften<\/span><br \/>\n<span style=\"font-family: georgia, palatino, serif;\">Elektronische Chemikalien: Verwendung als fluorhaltiger Reaktant oder Galvanisierungszusatz<\/span><br \/>\n<span style=\"font-family: georgia, palatino, serif;\">D\u00fcnnschichtabscheidung: Wird als Vorl\u00e4ufer f\u00fcr fluorierte Schichten in CVD- oder Sputterverfahren verwendet<\/span><\/p>\n<h2><span style=\"font-family: georgia, palatino, serif; font-size: 14pt;\">Berichte<\/span><\/h2>\n<p><span style=\"font-family: georgia, palatino, serif;\">Wir liefern ein <span style=\"color: #0000ff;\"><a style=\"color: #0000ff;\" href=\"https:\/\/ulpmat.com\/de\/service\/chemische-analyse\/\">Analysezertifikat (COA)<\/a><\/span>, Sicherheitsdatenblatt (MSDS) und andere relevante Berichte mit jeder Lieferung. Wir unterst\u00fctzen auch Pr\u00fcfungen durch Dritte f\u00fcr eine verbesserte Qualit\u00e4tssicherung.<\/span><\/p>\n","protected":false},"excerpt":{"rendered":"<p>Zinn(II)-fluoridpulver \u00dcbersicht Zinn(II)-Fluorid pulver ist ein hochreines, stabiles anorganisches Fluoridmaterial, das in elektronischen Materialien, Funktionskeramiken, Katalysatortr\u00e4gern und in der chemischen Synthese weit verbreitet ist. Seine hervorragenden elektrochemischen Eigenschaften und seine Reaktivit\u00e4t machen es zu einem wichtigen Rohstoff f\u00fcr neue Energien und Feinchemikalien. Wir bieten Zinn(II)-fluoridpulver in verschiedenen Partikelgr\u00f6\u00dfen und Reinheitsgraden an und unterst\u00fctzen kundenspezifische Verpackungen. [&hellip;]<\/p>\n","protected":false},"featured_media":23386,"template":"","meta":{"_acf_changed":false},"product_brand":[132],"product_cat":[318],"product_tag":[],"class_list":{"0":"post-23385","1":"product","2":"type-product","3":"status-publish","4":"has-post-thumbnail","6":"product_brand-ulpmat","7":"product_cat-halogenid-materialien","9":"first","10":"instock","11":"shipping-taxable","12":"product-type-variable"},"acf":[],"_links":{"self":[{"href":"https:\/\/ulpmat.com\/de\/wp-json\/wp\/v2\/product\/23385","targetHints":{"allow":["GET"]}}],"collection":[{"href":"https:\/\/ulpmat.com\/de\/wp-json\/wp\/v2\/product"}],"about":[{"href":"https:\/\/ulpmat.com\/de\/wp-json\/wp\/v2\/types\/product"}],"wp:featuredmedia":[{"embeddable":true,"href":"https:\/\/ulpmat.com\/de\/wp-json\/wp\/v2\/media\/23386"}],"wp:attachment":[{"href":"https:\/\/ulpmat.com\/de\/wp-json\/wp\/v2\/media?parent=23385"}],"wp:term":[{"taxonomy":"product_brand","embeddable":true,"href":"https:\/\/ulpmat.com\/de\/wp-json\/wp\/v2\/product_brand?post=23385"},{"taxonomy":"product_cat","embeddable":true,"href":"https:\/\/ulpmat.com\/de\/wp-json\/wp\/v2\/product_cat?post=23385"},{"taxonomy":"product_tag","embeddable":true,"href":"https:\/\/ulpmat.com\/de\/wp-json\/wp\/v2\/product_tag?post=23385"}],"curies":[{"name":"wp","href":"https:\/\/api.w.org\/{rel}","templated":true}]}}