{"id":23058,"date":"2025-10-31T11:38:16","date_gmt":"2025-10-31T03:38:16","guid":{"rendered":"https:\/\/ulpmat.com\/product\/zinnsulfid-5\/"},"modified":"2025-10-31T11:38:16","modified_gmt":"2025-10-31T03:38:16","slug":"zinnsulfid-5","status":"publish","type":"product","link":"https:\/\/ulpmat.com\/de\/produkt\/zinnsulfid-5\/","title":{"rendered":"Zinnsulfid"},"content":{"rendered":"<h2><span style=\"font-family: georgia, palatino, serif; font-size: 14pt;\">Zinnsulfidpulver \u00dcbersicht<\/span><\/h2>\n<p><span style=\"font-family: georgia, palatino, serif;\"><span style=\"color: #0000ff;\"><a style=\"color: #0000ff;\" href=\"https:\/\/ulpmat.com\/de\/search\/?type=name&#038;keyword=Tin+Sulfide\">Zinnsulfid<\/a> <\/span>pulver ist ein hochreines Funktionsmaterial, das speziell f\u00fcr die Entwicklung von elektronischen Ger\u00e4ten und optoelektronischen Materialien entwickelt wurde. Seine Reinheit erreicht bis zu 99,999% und seine einheitliche Partikelgr\u00f6\u00dfe macht es geeignet f\u00fcr hochwertige D\u00fcnnschichtabscheidung und Ger\u00e4teherstellung.<\/span><\/p>\n<p><span style=\"font-family: georgia, palatino, serif;\">Wir bieten Zinnsulfidpulver in verschiedenen Spezifikationen an und k\u00f6nnen die Partikelgr\u00f6\u00dfe und die Verpackungsspezifikationen an die Kundenbed\u00fcrfnisse anpassen. Wir bieten auch professionelle<span style=\"color: #0000ff;\"><a style=\"color: #0000ff;\" href=\"https:\/\/ulpmat.com\/de\/service\/technische-unterstuetzung\/\"> technische Unterst\u00fctzung<\/a><\/span> und <span style=\"color: #0000ff;\"><a style=\"color: #0000ff;\" href=\"https:\/\/ulpmat.com\/de\/service\/service-nach-dem-verkauf\/\">after-Sales-Service<\/a><\/span> um einen reibungslosen Einsatz zu gew\u00e4hrleisten.<\/span><\/p>\n<h2><span style=\"font-family: georgia, palatino, serif; font-size: 14pt;\">Produkt-Highlights<\/span><\/h2>\n<p><span style=\"font-family: georgia, palatino, serif;\">Reinheit: 99,99% bis 99,999%<\/span><br \/>\n<span style=\"font-family: georgia, palatino, serif;\">Gleichm\u00e4\u00dfige Partikelgr\u00f6\u00dfe und ausgezeichnete Dispersion<\/span><br \/>\n<span style=\"font-family: georgia, palatino, serif;\">Geeignet f\u00fcr verschiedene D\u00fcnnschicht-Herstellungsprozesse<\/span><br \/>\n<span style=\"font-family: georgia, palatino, serif;\"><span style=\"color: #0000ff;\"><a style=\"color: #0000ff;\" href=\"https:\/\/ulpmat.com\/de\/service\/anpassung\/\">Anpassbar<\/a><\/span> verpackung<\/span><br \/>\n<span style=\"font-family: georgia, palatino, serif;\">Hohe Stabilit\u00e4t, geeignet f\u00fcr Langzeitlagerung<\/span><\/p>\n<h2><span style=\"font-family: georgia, palatino, serif; font-size: 14pt;\">Anwendungen von Zinnsulfidpulver<\/span><\/h2>\n<p><span style=\"font-family: georgia, palatino, serif;\"><span style=\"color: #0000ff;\"><a style=\"color: #0000ff;\" href=\"https:\/\/ulpmat.com\/de\/anwendung\/halbleiter-materialien\/\">Halbleiterger\u00e4te<\/a><\/span>: Zur Herstellung von leistungsstarken optoelektronischen Ger\u00e4ten und D\u00fcnnschichttransistoren.<\/span><br \/>\n<span style=\"font-family: georgia, palatino, serif;\">Photovoltaische Materialien: Verwendung als lichtabsorbierende Schicht in Solarzellen zur Verbesserung der Umwandlungseffizienz.<\/span><br \/>\n<span style=\"font-family: georgia, palatino, serif;\"><span style=\"color: #0000ff;\"><a style=\"color: #0000ff;\" href=\"https:\/\/ulpmat.com\/de\/anwendung\/materialien-fuer-die-optik\/\">Optoelektronische Bauelemente<\/a><\/span>: Geeignet f\u00fcr die Herstellung von Photodetektoren und Photosensoren.<\/span><br \/>\n<span style=\"font-family: georgia, palatino, serif;\">Andere Funktionsmaterialien: Zeigt Potenzial f\u00fcr thermoelektrische Materialien und Katalysatoren.<\/span><\/p>\n<h2><span style=\"font-family: georgia, palatino, serif; font-size: 14pt;\">Berichte<\/span><\/h2>\n<p><span style=\"font-family: georgia, palatino, serif;\">Wir bieten ein<span style=\"color: #0000ff;\"><a style=\"color: #0000ff;\" href=\"https:\/\/ulpmat.com\/de\/service\/chemische-analyse\/\"> Analysezertifikat (COA)<\/a><\/span>, Sicherheitsdatenblatt (MSDS) und andere relevante technische Berichte f\u00fcr jede Charge SnS-Pulver. Dies unterst\u00fctzt ma\u00dfgebliche Pr\u00fcfungen durch Dritte, um die Produktqualit\u00e4t und das Vertrauen der Kunden zu gew\u00e4hrleisten.<\/span><\/p>\n","protected":false},"excerpt":{"rendered":"<p>Zinnsulfidpulver \u00dcbersicht Zinnsulfid pulver ist ein hochreines Funktionsmaterial, das speziell f\u00fcr die Entwicklung von elektronischen Ger\u00e4ten und optoelektronischen Materialien entwickelt wurde. Seine Reinheit erreicht bis zu 99,999% und seine einheitliche Partikelgr\u00f6\u00dfe macht es geeignet f\u00fcr hochwertige D\u00fcnnschichtabscheidung und Ger\u00e4teherstellung. Wir bieten Zinnsulfidpulver in verschiedenen Spezifikationen an und k\u00f6nnen die Partikelgr\u00f6\u00dfe und die Verpackungsspezifikationen an die [&hellip;]<\/p>\n","protected":false},"featured_media":23059,"template":"","meta":{"_acf_changed":false},"product_brand":[132],"product_cat":[670,1090],"product_tag":[],"class_list":{"0":"post-23058","1":"product","2":"type-product","3":"status-publish","4":"has-post-thumbnail","6":"product_brand-ulpmat","7":"product_cat-chalkogenid-materialien","8":"product_cat-chalkogenid-materialien-de","10":"first","11":"instock","12":"shipping-taxable","13":"product-type-variable"},"acf":[],"_links":{"self":[{"href":"https:\/\/ulpmat.com\/de\/wp-json\/wp\/v2\/product\/23058","targetHints":{"allow":["GET"]}}],"collection":[{"href":"https:\/\/ulpmat.com\/de\/wp-json\/wp\/v2\/product"}],"about":[{"href":"https:\/\/ulpmat.com\/de\/wp-json\/wp\/v2\/types\/product"}],"wp:featuredmedia":[{"embeddable":true,"href":"https:\/\/ulpmat.com\/de\/wp-json\/wp\/v2\/media\/23059"}],"wp:attachment":[{"href":"https:\/\/ulpmat.com\/de\/wp-json\/wp\/v2\/media?parent=23058"}],"wp:term":[{"taxonomy":"product_brand","embeddable":true,"href":"https:\/\/ulpmat.com\/de\/wp-json\/wp\/v2\/product_brand?post=23058"},{"taxonomy":"product_cat","embeddable":true,"href":"https:\/\/ulpmat.com\/de\/wp-json\/wp\/v2\/product_cat?post=23058"},{"taxonomy":"product_tag","embeddable":true,"href":"https:\/\/ulpmat.com\/de\/wp-json\/wp\/v2\/product_tag?post=23058"}],"curies":[{"name":"wp","href":"https:\/\/api.w.org\/{rel}","templated":true}]}}