{"id":22742,"date":"2025-10-31T11:38:18","date_gmt":"2025-10-31T03:38:18","guid":{"rendered":"https:\/\/ulpmat.com\/product\/zinn-tellurid\/"},"modified":"2025-10-31T11:38:18","modified_gmt":"2025-10-31T03:38:18","slug":"zinn-tellurid","status":"publish","type":"product","link":"https:\/\/ulpmat.com\/de\/produkt\/zinn-tellurid\/","title":{"rendered":"Zinn-Tellurid"},"content":{"rendered":"<h2><span style=\"font-family: georgia, palatino, serif; font-size: 14pt;\">Zinntellurid-Sputtertargets \u00dcbersicht<\/span><\/h2>\n<p><span style=\"font-family: georgia, palatino, serif;\"><span style=\"color: #0000ff;\"><a style=\"color: #0000ff;\" href=\"https:\/\/ulpmat.com\/de\/search\/?type=name&#038;keyword=Tin+Telluride\">Zinn-Tellurid<\/a><\/span> sputtertargets sind Hochleistungsmaterialien, die speziell f\u00fcr D\u00fcnnschichtabscheidungsprozesse entwickelt wurden. Sie werden aus einer Legierung aus Zinn (Sn) und Tellur (Te) hergestellt. Aufgrund ihrer hervorragenden Leitf\u00e4higkeit, thermischen Stabilit\u00e4t und Zuverl\u00e4ssigkeit eignen sie sich ideal f\u00fcr Anwendungen in den Bereichen Elektronik, Optik und Energie.<\/span><\/p>\n<p><span style=\"font-family: georgia, palatino, serif;\">Wir bieten Zinn-Tellurid-Sputter-Targets in verschiedenen Formen und Gr\u00f6\u00dfen an, einschlie\u00dflich runder und rechteckiger Formen, die an Ihre speziellen Anforderungen angepasst werden k\u00f6nnen. Au\u00dferdem bieten wir umfassenden <span style=\"color: #0000ff;\"><a style=\"color: #0000ff;\" href=\"https:\/\/ulpmat.com\/de\/service\/service-nach-dem-verkauf\/\">after-Sales-Unterst\u00fctzung<\/a><\/span>; bitte z\u00f6gern Sie nicht<span style=\"color: #0000ff;\"><a style=\"color: #0000ff;\" href=\"https:\/\/ulpmat.com\/de\/kontakt-us\/\"> kontaktieren Sie uns<\/a><\/span> wenn Sie irgendwelche Fragen haben.<\/span><\/p>\n<h2><span style=\"font-family: georgia, palatino, serif; font-size: 14pt;\">Produkt-Highlights<\/span><\/h2>\n<p><span style=\"font-family: georgia, palatino, serif;\">Reinheit: 99,99%<\/span><br \/>\n<span style=\"font-family: georgia, palatino, serif;\">Hohe Dichte gew\u00e4hrleistet gleichm\u00e4\u00dfige D\u00fcnnschichtabscheidung<\/span><br \/>\n<span style=\"font-family: georgia, palatino, serif;\">Anpassbare Gr\u00f6\u00dfen und Formen<\/span><br \/>\n<span style=\"font-family: georgia, palatino, serif;\"><span style=\"color: #0000ff;\"><a style=\"color: #0000ff;\" href=\"https:\/\/ulpmat.com\/de\/service\/ziel-bindung\/\">Zielgerichtete Verklebung<\/a><\/span> dienstleistungen verf\u00fcgbar<\/span><br \/>\n<span style=\"font-family: georgia, palatino, serif;\">Geeignet f\u00fcr Halbleiter, optische Beschichtungen, Solarzellen und andere hochpr\u00e4zise Anwendungen<\/span><\/p>\n<h2><span style=\"font-family: georgia, palatino, serif; font-size: 14pt;\">Anwendungen von Zinntellurid-Sputter-Targets<\/span><\/h2>\n<p><span style=\"font-family: georgia, palatino, serif;\"><span style=\"color: #0000ff;\"><a style=\"color: #0000ff;\" href=\"https:\/\/ulpmat.com\/de\/anwendung\/halbleiter-materialien\/\">Halbleiter<\/a><\/span>: Bei der Herstellung von Halbleiterbauelementen werden SnTe-Targets als D\u00fcnnschichtabscheidungsmaterialien f\u00fcr Verbindungs- und Kontaktschichten verwendet.<\/span><br \/>\n<span style=\"font-family: georgia, palatino, serif;\">Photovoltaik: In Solarzellen werden sie als transparente leitf\u00e4hige Schichten (TCFs) verwendet, um die photoelektrische Umwandlungseffizienz zu verbessern.<\/span><br \/>\n<span style=\"font-family: georgia, palatino, serif;\"><span style=\"color: #0000ff;\"><a style=\"color: #0000ff;\" href=\"https:\/\/ulpmat.com\/de\/anwendung\/materialien-fuer-die-optik\/\">Optische Beschichtungen:<\/a> <\/span>Sie k\u00f6nnen f\u00fcr Spiegelbeschichtungen, reflektierende Schichten und Beschichtungen auf optischen Komponenten verwendet werden und bieten hervorragende optische Leistung und Stabilit\u00e4t. Elektronische Verpackungen: Als leitf\u00e4higes und w\u00e4rmeableitendes Material spielt es eine wichtige Rolle bei hochpr\u00e4zisen elektronischen Verpackungen.<\/span><\/p>\n<h2><span style=\"font-family: georgia, palatino, serif; font-size: 14pt;\">Berichte<\/span><\/h2>\n<p><span style=\"font-family: georgia, palatino, serif;\">Wir bieten ein <span style=\"color: #0000ff;\"><a style=\"color: #0000ff;\" href=\"https:\/\/ulpmat.com\/de\/service\/chemische-analyse\/\">Analysezertifikat (COA),<\/a><\/span> Materialsicherheitsdatenblatt (MSDS) und andere relevante Berichte mit jeder Lieferung. Wir unterst\u00fctzen auch Pr\u00fcfungen durch Dritte f\u00fcr eine verbesserte Qualit\u00e4tssicherung.<\/span><\/p>\n","protected":false},"excerpt":{"rendered":"<p>Zinntellurid-Sputtertargets \u00dcbersicht Zinn-Tellurid sputtertargets sind Hochleistungsmaterialien, die speziell f\u00fcr D\u00fcnnschichtabscheidungsprozesse entwickelt wurden. Sie werden aus einer Legierung aus Zinn (Sn) und Tellur (Te) hergestellt. Aufgrund ihrer hervorragenden Leitf\u00e4higkeit, thermischen Stabilit\u00e4t und Zuverl\u00e4ssigkeit eignen sie sich ideal f\u00fcr Anwendungen in den Bereichen Elektronik, Optik und Energie. Wir bieten Zinn-Tellurid-Sputter-Targets in verschiedenen Formen und Gr\u00f6\u00dfen an, einschlie\u00dflich [&hellip;]<\/p>\n","protected":false},"featured_media":22743,"template":"","meta":{"_acf_changed":false},"product_brand":[132],"product_cat":[451],"product_tag":[],"class_list":{"0":"post-22742","1":"product","2":"type-product","3":"status-publish","4":"has-post-thumbnail","6":"product_brand-ulpmat","7":"product_cat-keramisches-sputtering-target","9":"first","10":"instock","11":"shipping-taxable","12":"product-type-variable"},"acf":[],"_links":{"self":[{"href":"https:\/\/ulpmat.com\/de\/wp-json\/wp\/v2\/product\/22742","targetHints":{"allow":["GET"]}}],"collection":[{"href":"https:\/\/ulpmat.com\/de\/wp-json\/wp\/v2\/product"}],"about":[{"href":"https:\/\/ulpmat.com\/de\/wp-json\/wp\/v2\/types\/product"}],"wp:featuredmedia":[{"embeddable":true,"href":"https:\/\/ulpmat.com\/de\/wp-json\/wp\/v2\/media\/22743"}],"wp:attachment":[{"href":"https:\/\/ulpmat.com\/de\/wp-json\/wp\/v2\/media?parent=22742"}],"wp:term":[{"taxonomy":"product_brand","embeddable":true,"href":"https:\/\/ulpmat.com\/de\/wp-json\/wp\/v2\/product_brand?post=22742"},{"taxonomy":"product_cat","embeddable":true,"href":"https:\/\/ulpmat.com\/de\/wp-json\/wp\/v2\/product_cat?post=22742"},{"taxonomy":"product_tag","embeddable":true,"href":"https:\/\/ulpmat.com\/de\/wp-json\/wp\/v2\/product_tag?post=22742"}],"curies":[{"name":"wp","href":"https:\/\/api.w.org\/{rel}","templated":true}]}}