{"id":22073,"date":"2025-11-10T14:59:14","date_gmt":"2025-11-10T06:59:14","guid":{"rendered":"https:\/\/ulpmat.com\/product\/indium-zinn-oxid-ito\/"},"modified":"2025-11-10T14:59:14","modified_gmt":"2025-11-10T06:59:14","slug":"indium-zinn-oxid-ito","status":"publish","type":"product","link":"https:\/\/ulpmat.com\/de\/produkt\/indium-zinn-oxid-ito\/","title":{"rendered":"Indium-Zinn-Oxid (ITO)"},"content":{"rendered":"<h2><span style=\"font-size: 14pt;\">Indium-Zinn-Oxid Drehscheibe<\/span><\/h2>\n<p><span style=\"color: #0000ff;\"><a style=\"color: #0000ff;\" href=\"https:\/\/ulpmat.com\/de\/search\/?type=name&#038;keyword=Indium+Tin+Oxide\">Indium-Zinn-Oxid<\/a> <\/span>Rotationstargets (ITO) sind hochleistungsf\u00e4hige, transparente, leitf\u00e4hige Oxidtargets, die haupts\u00e4chlich aus Indiumoxid (In2O3) und Zinnoxid (SnO2) bestehen. Sie werden durch hei\u00dfes isostatisches Pressen (HIP) oder Sintern zu hochdichten zylindrischen Targets geformt und dann mit Titan- oder Edelstahlrohren zu einer rotierenden Struktur verbunden. ITO-D\u00fcnnschichten finden breite Anwendung in Flachbildschirmen (LCD, OLED), Touchscreens, energiesparendem Low-E-Architekturglas, D\u00fcnnschicht-Solarzellen und optoelektronischen Ger\u00e4ten, was sie zu einem der wichtigsten transparenten, leitf\u00e4higen Schichtmaterialien in der modernen optoelektronischen Industrie macht.<\/p>\n<p>Unsere ITO-Rotations-Targets haben Vorteile wie eine hohe Nutzungsrate, gute Sputterstabilit\u00e4t und eine ausgezeichnete Schichtgleichm\u00e4\u00dfigkeit. Ihre hervorragende elektrische Leitf\u00e4higkeit und optische Durchl\u00e4ssigkeit machen sie zu den wichtigsten transparenten leitf\u00e4higen Schichten in der modernen optoelektronischen Industrie. Wir bieten einen umfassenden Kundendienst. Bitte <span style=\"color: #0000ff;\"><a style=\"color: #0000ff;\" href=\"https:\/\/ulpmat.com\/de\/kontakt-us\/\">kontaktieren Sie uns<\/a><\/span> f\u00fcr weitere Informationen.<\/p>\n<h2><span style=\"font-size: 14pt;\">Produkt-Highlights von Indium-Zinn-Oxid Rotations-Sputter-Targets (ITO)<\/span><\/h2>\n<p>Transparentes, leitf\u00e4higes Hochleistungsmaterial<br \/>\nAusgezeichnete Targetausnutzung<br \/>\nStabiles Sputtern und gleichm\u00e4\u00dfige Schichtabscheidung<br \/>\nHervorragende Schichtleistung<br \/>\nBreites Spektrum an Anwendungen<br \/>\nUmfassende Dienstleistungen f\u00fcr das Bonden<br \/>\n<span style=\"color: #0000ff;\"><a style=\"color: #0000ff;\" href=\"https:\/\/ulpmat.com\/de\/service\/anpassung\/\">Anpassbare<\/a> <\/span>l\u00f6sungen<\/p>\n<h2><span style=\"font-size: 14pt;\">Anwendungen von Indium-Zinn-Oxid-Drehtargets (ITO)<\/span><\/h2>\n<p>Display- und Touch-Technologie: Wird bei der Herstellung von LCD-, OLED- und Touch-Panels als transparente, leitf\u00e4hige Elektrode verwendet, die eine hervorragende elektrische Leitf\u00e4higkeit und optische Durchl\u00e4ssigkeit bietet.<br \/>\nPhotovoltaische Ger\u00e4te: Dient als transparente Elektrodenschicht in D\u00fcnnschicht-Solarzellen wie CIGS, CdTe und Perowskit-Typen und verbessert die Lichtdurchl\u00e4ssigkeit und Umwandlungseffizienz.<br \/>\n<span style=\"color: #0000ff;\"><a style=\"color: #0000ff;\" href=\"https:\/\/ulpmat.com\/de\/anwendung\/materialien-fuer-die-optik\/\">Optoelektronische<\/a> <\/span>und Forschungsanwendungen: Wird in Fotodetektoren, elektrochromen Ger\u00e4ten und F&amp;E-Beschichtungssystemen f\u00fcr die Entwicklung fortschrittlicher transparenter leitf\u00e4higer Schichten verwendet.<\/p>\n<h2><span style=\"font-size: 14pt;\">Warum uns w\u00e4hlen\uff1f<\/span><\/h2>\n<p>Jahrelange Erfahrung in der Branche<br \/>\nErfahrung in der Verarbeitung hochreiner, hochwertiger Materialien<br \/>\nUmfassende <span style=\"color: #0000ff;\"><a style=\"color: #0000ff;\" href=\"https:\/\/ulpmat.com\/de\/service\/ziel-bindung\/\">verklebungen<\/a><\/span> l\u00f6sungen<br \/>\nStabile D\u00fcnnschichtleistung<br \/>\nProfessionelle Anpassungsm\u00f6glichkeiten<br \/>\nWeltweiter Service und Support<\/p>\n<h2><span style=\"color: #0000ff;\"><a style=\"color: #0000ff;\" href=\"https:\/\/ulpmat.com\/de\/unternehmen\/faqs\/\"><span style=\"font-size: 14pt;\">FAQ<\/span><\/a><\/span><\/h2>\n<p>Q1: Wie ist die Zusammensetzung des ITO-Drehtargets?<\/p>\n<p>A1: Das ITO-Target besteht aus Indiumoxid (In\u2082O\u2083) und Zinnoxid (SnO\u2082), typischerweise in einem Gewichtsverh\u00e4ltnis von 90:10.<\/p>\n<p>F2: Welche Tr\u00e4gerrohrmaterialien und Klebeverfahren gibt es?<\/p>\n<p>A2: Es sind Rohre aus Titan und Edelstahl erh\u00e4ltlich. Zu den Klebeoptionen geh\u00f6ren Explosionskleben, Diffusionskleben und HIP-Kleben f\u00fcr hervorragende mechanische und thermische Leistungen.<\/p>\n<p>F3: Welche Sputtering-Bedingungen werden f\u00fcr ITO-Targets empfohlen?<\/p>\n<p>A3: Die typische Abscheidung erfolgt durch Gleichstrom- oder Mittelfrequenz-Magnetron-Sputtern mit kontrolliertem Sauerstoffpartialdruck, um ein Gleichgewicht zwischen Leitf\u00e4higkeit und Transparenz herzustellen.<\/p>\n<p>F4: Wie hoch ist die erwartete Lebensdauer oder Nutzungsrate eines Rotationstargets?<\/p>\n<p>A4: Drehbare Targets k\u00f6nnen je nach Systemdesign eine Auslastung von 75-90 % erreichen, deutlich mehr als planare Targets (30-40 %).<\/p>\n<p>F5: Kann das Target f\u00fcr bestimmte Sputtering-Systeme angepasst werden?<\/p>\n<p>A5: Ja. Die Abmessungen, die Zusammensetzung, die Rohrmaterialien und die Bindungsarten k\u00f6nnen entsprechend den Anlagen- und Prozessanforderungen des Kunden angepasst werden.<\/p>\n<h2><span style=\"font-size: 14pt;\">Berichte<\/span><\/h2>\n<p>Jede Produktcharge wird mit einem Bericht geliefert:<br \/>\n<span style=\"color: #0000ff;\"><a style=\"color: #0000ff;\" href=\"https:\/\/ulpmat.com\/de\/dokumente\/zertifikat-der-analyse\/\">Zertifikat der Analyse (COA)<\/a><\/span><br \/>\n<a href=\"https:\/\/ulpmat.com\/de\/dokumente\/technisches-datenblatt\/\"><span style=\"color: #0000ff;\">Technisches Datenblatt (TDS)<\/span><\/a><br \/>\n<span style=\"color: #0000ff;\"><a style=\"color: #0000ff;\" href=\"https:\/\/ulpmat.com\/de\/dokumente\/sicherheitsdatenblatt\/\">Sicherheitsdatenblatt (MSDS)<\/a><\/span><br \/>\nPr\u00fcfberichte von Dritten sind auf Anfrage erh\u00e4ltlich, um Industrie- und Forschungsstandards zu erf\u00fcllen.<\/p>\n","protected":false},"excerpt":{"rendered":"<p>Indium-Zinn-Oxid Drehscheibe Indium-Zinn-Oxid Rotationstargets (ITO) sind hochleistungsf\u00e4hige, transparente, leitf\u00e4hige Oxidtargets, die haupts\u00e4chlich aus Indiumoxid (In2O3) und Zinnoxid (SnO2) bestehen. Sie werden durch hei\u00dfes isostatisches Pressen (HIP) oder Sintern zu hochdichten zylindrischen Targets geformt und dann mit Titan- oder Edelstahlrohren zu einer rotierenden Struktur verbunden. ITO-D\u00fcnnschichten finden breite Anwendung in Flachbildschirmen (LCD, OLED), Touchscreens, energiesparendem Low-E-Architekturglas, [&hellip;]<\/p>\n","protected":false},"featured_media":22074,"template":"","meta":{"_acf_changed":false},"product_brand":[132],"product_cat":[451,466],"product_tag":[],"class_list":{"0":"post-22073","1":"product","2":"type-product","3":"status-publish","4":"has-post-thumbnail","6":"product_brand-ulpmat","7":"product_cat-keramisches-sputtering-target","8":"product_cat-rotierende-zielscheiben","10":"first","11":"instock","12":"shipping-taxable","13":"product-type-variable"},"acf":[],"_links":{"self":[{"href":"https:\/\/ulpmat.com\/de\/wp-json\/wp\/v2\/product\/22073","targetHints":{"allow":["GET"]}}],"collection":[{"href":"https:\/\/ulpmat.com\/de\/wp-json\/wp\/v2\/product"}],"about":[{"href":"https:\/\/ulpmat.com\/de\/wp-json\/wp\/v2\/types\/product"}],"wp:featuredmedia":[{"embeddable":true,"href":"https:\/\/ulpmat.com\/de\/wp-json\/wp\/v2\/media\/22074"}],"wp:attachment":[{"href":"https:\/\/ulpmat.com\/de\/wp-json\/wp\/v2\/media?parent=22073"}],"wp:term":[{"taxonomy":"product_brand","embeddable":true,"href":"https:\/\/ulpmat.com\/de\/wp-json\/wp\/v2\/product_brand?post=22073"},{"taxonomy":"product_cat","embeddable":true,"href":"https:\/\/ulpmat.com\/de\/wp-json\/wp\/v2\/product_cat?post=22073"},{"taxonomy":"product_tag","embeddable":true,"href":"https:\/\/ulpmat.com\/de\/wp-json\/wp\/v2\/product_tag?post=22073"}],"curies":[{"name":"wp","href":"https:\/\/api.w.org\/{rel}","templated":true}]}}