{"id":21658,"date":"2025-10-31T11:38:11","date_gmt":"2025-10-31T03:38:11","guid":{"rendered":"https:\/\/ulpmat.com\/product\/zinn-metall\/"},"modified":"2025-10-31T11:38:11","modified_gmt":"2025-10-31T03:38:11","slug":"zinn-metall","status":"publish","type":"product","link":"https:\/\/ulpmat.com\/de\/produkt\/zinn-metall\/","title":{"rendered":"Zinn-Metall"},"content":{"rendered":"<h2><span style=\"font-family: georgia, palatino, serif; font-size: 14pt;\">Zinn-Metall-Pulver \u00dcbersicht<\/span><\/h2>\n<p><span style=\"font-family: georgia, palatino, serif;\"><span style=\"color: #0000ff;\"><a style=\"color: #0000ff;\" href=\"https:\/\/ulpmat.com\/de\/search\/?type=name&#038;keyword=Tin+Metal\">Zinn-Metall<\/a> <\/span>Zinnpulver ist eine hochreine, fein verteilte Form von Zinnmetall, ideal f\u00fcr eine Vielzahl von Anwendungen in der Elektronik-, Automobil- und Fertigungsindustrie. Zinnpulver wird h\u00e4ufig zum L\u00f6ten, f\u00fcr Beschichtungen und als Bestandteil von Legierungen verwendet und bietet eine ausgezeichnete Korrosionsbest\u00e4ndigkeit, elektrische Leitf\u00e4higkeit und thermische Stabilit\u00e4t.<\/span><\/p>\n<p><span style=\"font-family: georgia, palatino, serif;\">Wir bieten Zinnmetallpulver in verschiedenen Partikelgr\u00f6\u00dfen und Reinheitsgraden an, die auf die spezifischen Anforderungen der Industrie zugeschnitten sind. Unser technisches Team kann Sie bei der Materialauswahl, Leistungsbewertung und Anwendungsentwicklung unterst\u00fctzen. Bitte z\u00f6gern Sie nicht<span style=\"color: #0000ff;\"><a style=\"color: #0000ff;\" href=\"https:\/\/ulpmat.com\/de\/kontakt-us\/\"> kontaktieren Sie uns<\/a><\/span> f\u00fcr alle Anfragen oder <span style=\"color: #0000ff;\"><a style=\"color: #0000ff;\" href=\"https:\/\/ulpmat.com\/de\/service\/technische-unterstuetzung\/\">technische Unterst\u00fctzung.<\/a><\/span><\/span><\/p>\n<h2><span style=\"font-family: georgia, palatino, serif; font-size: 14pt;\">Produkt-Highlights<\/span><\/h2>\n<p><span style=\"font-family: georgia, palatino, serif;\">Reinheit: 99,995%<\/span><br \/>\n<span style=\"font-family: georgia, palatino, serif;\">Feine Partikelgr\u00f6\u00dfe: Gleichm\u00e4\u00dfige Partikelgr\u00f6\u00dfenverteilung f\u00fcr gleichbleibende Leistung in verschiedenen Anwendungen<\/span><br \/>\n<span style=\"font-family: georgia, palatino, serif;\">Ausgezeichnete elektrische Leitf\u00e4higkeit: Ideal f\u00fcr den Einsatz in elektronischen Komponenten und beim L\u00f6ten<\/span><br \/>\n<span style=\"font-family: georgia, palatino, serif;\">Korrosionsbest\u00e4ndigkeit: Bietet hervorragende Oxidations- und Korrosionsbest\u00e4ndigkeit und verl\u00e4ngert die Lebensdauer des Materials<\/span><br \/>\n<span style=\"font-family: georgia, palatino, serif;\">Thermische Stabilit\u00e4t: Geeignet f\u00fcr Hochtemperaturanwendungen<\/span><br \/>\n<span style=\"font-family: georgia, palatino, serif;\"><span style=\"color: #0000ff;\"><a style=\"color: #0000ff;\" href=\"https:\/\/ulpmat.com\/de\/service\/anpassung\/\">Anpassbar<\/a><\/span> partikelgr\u00f6\u00dfen: Erh\u00e4ltlich von feinem Pulver bis hin zu gr\u00f6beren Sorten je nach Kundenwunsch<\/span><\/p>\n<h2><span style=\"font-family: georgia, palatino, serif;\"><span style=\"font-size: 14pt;\">Anwendungen von Zinn-Metall-Pulver<\/span> <\/span><\/h2>\n<p><span style=\"font-family: georgia, palatino, serif;\"><span style=\"color: #0000ff;\"><a style=\"color: #0000ff;\" href=\"https:\/\/ulpmat.com\/de\/anwendung\/photovoltaische-solaranlagen\/\">Materialien zum L\u00f6ten:<\/a><\/span> Einsatz bei der Herstellung von Hochleistungsloten mit hervorragenden Benetzungs- und Haftungseigenschaften<\/span><br \/>\n<span style=\"font-family: georgia, palatino, serif;\">Beschichtungen: Anwendung bei der Abscheidung von Zinnbeschichtungen zum Korrosionsschutz in der Automobil-, Elektronik- und Industrieanlagenindustrie<\/span><br \/>\n<span style=\"font-family: georgia, palatino, serif;\"><a href=\"https:\/\/ulpmat.com\/de\/anwendung\/batterie-materialien\/\"><span style=\"color: #0000ff;\">Herstellung von Batterien<\/span>:<\/a> Zinnpulver wird bei der Herstellung von Anodenmaterialien f\u00fcr Lithium-Ionen-Batterien und andere Energiespeicherger\u00e4te verwendet<\/span><br \/>\n<span style=\"font-family: georgia, palatino, serif;\">Herstellung von Legierungen: Zinnpulver wird mit anderen Metallen kombiniert, um Legierungen f\u00fcr verschiedene industrielle Anwendungen herzustellen<\/span><br \/>\n<span style=\"font-family: georgia, palatino, serif;\"><span style=\"color: #0000ff;\"><a style=\"color: #0000ff;\" href=\"https:\/\/ulpmat.com\/de\/anwendung\/3d-druck\/\">3D-Druck:<\/a><\/span> Wird in 3D-Druckverfahren aus Metall f\u00fcr die Herstellung komplexer Teile in der Automobil-, Luft- und Raumfahrtindustrie sowie in der Elektronik verwendet<\/span><\/p>\n<h2><span style=\"font-family: georgia, palatino, serif; font-size: 14pt;\">Berichte<\/span><\/h2>\n<p><span style=\"font-family: georgia, palatino, serif;\">Jede Lieferung von Zinn-Metallpulver wird begleitet von:<\/span><br \/>\n<span style=\"font-family: georgia, palatino, serif;\">Analysezertifikat (COA)<\/span><br \/>\n<span style=\"color: #0000ff;\"><a style=\"color: #0000ff;\" href=\"https:\/\/ulpmat.com\/de\/service\/chemische-analyse\/\"><span style=\"font-family: georgia, palatino, serif;\">Material-Sicherheitsdatenblatt (MSDS)<\/span><\/a><\/span><br \/>\n<span style=\"font-family: georgia, palatino, serif;\">Optionale Pr\u00fcfberichte Dritter f\u00fcr eine verbesserte Qualit\u00e4tssicherung<\/span><\/p>\n<h2><span style=\"font-family: georgia, palatino, serif; font-size: 14pt;\">FAQ<\/span><\/h2>\n<p><span style=\"font-family: georgia, palatino, serif;\">Q1: Welche Reinheitsgrade sind f\u00fcr Zinnmetallpulver erh\u00e4ltlich?<\/span><br \/>\n<span style=\"font-family: georgia, palatino, serif;\">A1: Wir bieten hochreines Pulver mit einem Reinheitsgrad von 99,9 % an, das eine hochwertige Leistung f\u00fcr verschiedene Anwendungen wie L\u00f6ten, Beschichtungen und die Herstellung von Legierungen gew\u00e4hrleistet.<\/span><\/p>\n<p><span style=\"font-family: georgia, palatino, serif;\">Q2: Kann Zinnmetallpulver f\u00fcr den 3D-Druck verwendet werden?<\/span><br \/>\n<span style=\"font-family: georgia, palatino, serif;\">A2: Ja, Zinnpulver eignet sich f\u00fcr 3D-Druckanwendungen aus Metall und bietet hervorragende Abscheidungs- und Verbindungseigenschaften f\u00fcr komplexe Teile in verschiedenen Branchen.<\/span><\/p>\n<p><span style=\"font-family: georgia, palatino, serif;\">Q3: Wie sollte Zinn-Metallpulver gelagert werden?<\/span><br \/>\n<span style=\"font-family: georgia, palatino, serif;\">A3: Lagern Sie Zinnpulver in einem versiegelten, feuchtigkeitsbest\u00e4ndigen Beh\u00e4lter an einem k\u00fchlen und trockenen Ort. Vermeiden Sie es, \u00fcberm\u00e4\u00dfiger Hitze, Feuchtigkeit oder Luft ausgesetzt zu werden, um die Stabilit\u00e4t des Materials zu erhalten.<\/span><\/p>\n<p><span style=\"font-family: georgia, palatino, serif;\">F4: Kann Zinnpulver f\u00fcr Batterieanwendungen verwendet werden?<\/span><br \/>\n<span style=\"font-family: georgia, palatino, serif;\">A4: Ja, Zinnpulver wird bei der Herstellung von Anodenmaterialien f\u00fcr Lithium-Ionen-Batterien verwendet und bietet hervorragende elektrochemische Eigenschaften und Leistungen.<\/span><\/p>\n","protected":false},"excerpt":{"rendered":"<p>Zinn-Metall-Pulver \u00dcbersicht Zinn-Metall Zinnpulver ist eine hochreine, fein verteilte Form von Zinnmetall, ideal f\u00fcr eine Vielzahl von Anwendungen in der Elektronik-, Automobil- und Fertigungsindustrie. Zinnpulver wird h\u00e4ufig zum L\u00f6ten, f\u00fcr Beschichtungen und als Bestandteil von Legierungen verwendet und bietet eine ausgezeichnete Korrosionsbest\u00e4ndigkeit, elektrische Leitf\u00e4higkeit und thermische Stabilit\u00e4t. Wir bieten Zinnmetallpulver in verschiedenen Partikelgr\u00f6\u00dfen und Reinheitsgraden [&hellip;]<\/p>\n","protected":false},"featured_media":21659,"template":"","meta":{"_acf_changed":false},"product_brand":[132],"product_cat":[280],"product_tag":[],"class_list":{"0":"post-21658","1":"product","2":"type-product","3":"status-publish","4":"has-post-thumbnail","6":"product_brand-ulpmat","7":"product_cat-reine-metalle-legierungen","9":"first","10":"instock","11":"shipping-taxable","12":"product-type-variable"},"acf":[],"_links":{"self":[{"href":"https:\/\/ulpmat.com\/de\/wp-json\/wp\/v2\/product\/21658","targetHints":{"allow":["GET"]}}],"collection":[{"href":"https:\/\/ulpmat.com\/de\/wp-json\/wp\/v2\/product"}],"about":[{"href":"https:\/\/ulpmat.com\/de\/wp-json\/wp\/v2\/types\/product"}],"wp:featuredmedia":[{"embeddable":true,"href":"https:\/\/ulpmat.com\/de\/wp-json\/wp\/v2\/media\/21659"}],"wp:attachment":[{"href":"https:\/\/ulpmat.com\/de\/wp-json\/wp\/v2\/media?parent=21658"}],"wp:term":[{"taxonomy":"product_brand","embeddable":true,"href":"https:\/\/ulpmat.com\/de\/wp-json\/wp\/v2\/product_brand?post=21658"},{"taxonomy":"product_cat","embeddable":true,"href":"https:\/\/ulpmat.com\/de\/wp-json\/wp\/v2\/product_cat?post=21658"},{"taxonomy":"product_tag","embeddable":true,"href":"https:\/\/ulpmat.com\/de\/wp-json\/wp\/v2\/product_tag?post=21658"}],"curies":[{"name":"wp","href":"https:\/\/api.w.org\/{rel}","templated":true}]}}