{"id":20879,"date":"2025-09-30T16:33:15","date_gmt":"2025-09-30T08:33:15","guid":{"rendered":"https:\/\/ulpmat.com\/product\/wismut-metall-4\/"},"modified":"2025-09-30T16:33:15","modified_gmt":"2025-09-30T08:33:15","slug":"wismut-metall-4","status":"publish","type":"product","link":"https:\/\/ulpmat.com\/de\/produkt\/wismut-metall-4\/","title":{"rendered":"Wismut-Metall"},"content":{"rendered":"<h2><span style=\"font-size: 14pt;\">Wismut-Metallgranulat \u00dcbersicht<\/span><\/h2>\n<p><span style=\"color: #0000ff;\"><a style=\"color: #0000ff;\" href=\"https:\/\/ulpmat.com\/de\/search\/?type=formula&#038;keyword=Bi\">Wismut-Metall<\/a> <\/span>granulat ist ein hochreines Metallmaterial, das f\u00fcr die Pr\u00e4zisionsfertigung, Legierungszus\u00e4tze und Hochleistungsanwendungen entwickelt wurde. Mit seiner ausgezeichneten elektrischen Leitf\u00e4higkeit, W\u00e4rmeleitf\u00e4higkeit und guten chemischen Stabilit\u00e4t findet es breite Anwendung in der Elektronik, Metallurgie, Chemie und im Strahlenschutz.<\/p>\n<p>Wir bieten Wismut-Metallgranulat mit unterschiedlichen Spezifikationen und Partikelgr\u00f6\u00dfen an, um den verschiedenen industriellen Anforderungen gerecht zu werden, und k\u00f6nnen es entsprechend Ihren speziellen Anforderungen anpassen. Wir bieten auch einen umfassenden Kundendienst. Wenn Sie Fragen zur Verwendung haben, k\u00f6nnen Sie sich gerne <span style=\"color: #0000ff;\"><a style=\"color: #0000ff;\" href=\"https:\/\/ulpmat.com\/de\/kontakt-us\/\">kontaktieren Sie uns.<\/a><\/span><\/p>\n<h2><span style=\"font-size: 14pt;\"><strong>Produkt-Highlights<\/strong><\/span><\/h2>\n<p>Reinheit: 99,99% bis 99,9999%<br \/>\nAusgezeichnete elektrische und thermische Leitf\u00e4higkeit, geeignet f\u00fcr effiziente W\u00e4rmeableitung<br \/>\nGleichm\u00e4\u00dfige Partikelverteilung, leicht zu verarbeiten und zu formen<br \/>\nAnpassbare Partikelgr\u00f6\u00dfe und -form f\u00fcr eine Vielzahl von industriellen Anforderungen<br \/>\nAnpassbare Zielbindung<\/p>\n<h2><span style=\"font-size: 14pt;\">Anwendungen von Bismut-Metallgranulat<\/span><\/h2>\n<p>Elektronikindustrie: f\u00fcr Materialien zur W\u00e4rmeableitung, zur Herstellung von Batterien und f\u00fcr leitende Schichten von elektronischen Bauteilen.<br \/>\nHerstellung von Legierungen: Als Legierungszusatz verbessert es die Korrosionsbest\u00e4ndigkeit und die Verarbeitungsleistung von Metallen.<br \/>\nChemische Industrie: Verwendung bei der Herstellung von Katalysatoren und chemischen Reaktionsprozessen, mit stabilen chemischen Eigenschaften.<br \/>\nStrahlenschutz: Wismut hat gute Strahlenschutzeigenschaften und wird h\u00e4ufig zum Schutz vor R\u00f6ntgenstrahlen und in der Nuklearmedizin eingesetzt.<\/p>\n<h2><span style=\"font-size: 14pt;\">Berichte<\/span><\/h2>\n<p>Wir stellen Analysezertifikate (COA), Sicherheitsdatenbl\u00e4tter (MSDS) und andere relevante Berichte f\u00fcr jede Charge von Bismut-Metallpartikeln zur Verf\u00fcgung, um sicherzustellen, dass die Produktqualit\u00e4t den Industriestandards entspricht. Dar\u00fcber hinaus unterst\u00fctzen wir auch Pr\u00fcfungen durch Dritte, um die Qualit\u00e4tssicherung weiter zu verbessern.<\/p>\n","protected":false},"excerpt":{"rendered":"<p>Wismut-Metallgranulat \u00dcbersicht Wismut-Metall granulat ist ein hochreines Metallmaterial, das f\u00fcr die Pr\u00e4zisionsfertigung, Legierungszus\u00e4tze und Hochleistungsanwendungen entwickelt wurde. Mit seiner ausgezeichneten elektrischen Leitf\u00e4higkeit, W\u00e4rmeleitf\u00e4higkeit und guten chemischen Stabilit\u00e4t findet es breite Anwendung in der Elektronik, Metallurgie, Chemie und im Strahlenschutz. Wir bieten Wismut-Metallgranulat mit unterschiedlichen Spezifikationen und Partikelgr\u00f6\u00dfen an, um den verschiedenen industriellen Anforderungen gerecht zu [&hellip;]<\/p>\n","protected":false},"featured_media":13733,"template":"","meta":{"_acf_changed":false},"product_brand":[132],"product_cat":[299],"product_tag":[],"class_list":{"0":"post-20879","1":"product","2":"type-product","3":"status-publish","4":"has-post-thumbnail","6":"product_brand-ulpmat","7":"product_cat-verdampfen-von-materialien","9":"first","10":"instock","11":"shipping-taxable","12":"product-type-variable"},"acf":[],"_links":{"self":[{"href":"https:\/\/ulpmat.com\/de\/wp-json\/wp\/v2\/product\/20879","targetHints":{"allow":["GET"]}}],"collection":[{"href":"https:\/\/ulpmat.com\/de\/wp-json\/wp\/v2\/product"}],"about":[{"href":"https:\/\/ulpmat.com\/de\/wp-json\/wp\/v2\/types\/product"}],"wp:featuredmedia":[{"embeddable":true,"href":"https:\/\/ulpmat.com\/de\/wp-json\/wp\/v2\/media\/13733"}],"wp:attachment":[{"href":"https:\/\/ulpmat.com\/de\/wp-json\/wp\/v2\/media?parent=20879"}],"wp:term":[{"taxonomy":"product_brand","embeddable":true,"href":"https:\/\/ulpmat.com\/de\/wp-json\/wp\/v2\/product_brand?post=20879"},{"taxonomy":"product_cat","embeddable":true,"href":"https:\/\/ulpmat.com\/de\/wp-json\/wp\/v2\/product_cat?post=20879"},{"taxonomy":"product_tag","embeddable":true,"href":"https:\/\/ulpmat.com\/de\/wp-json\/wp\/v2\/product_tag?post=20879"}],"curies":[{"name":"wp","href":"https:\/\/api.w.org\/{rel}","templated":true}]}}