{"id":20726,"date":"2025-09-30T16:33:17","date_gmt":"2025-09-30T08:33:17","guid":{"rendered":"https:\/\/ulpmat.com\/product\/bismut-oxid-3\/"},"modified":"2025-09-30T16:33:17","modified_gmt":"2025-09-30T08:33:17","slug":"bismut-oxid-3","status":"publish","type":"product","link":"https:\/\/ulpmat.com\/de\/produkt\/bismut-oxid-3\/","title":{"rendered":"Bismut-Oxid"},"content":{"rendered":"<h2><span style=\"font-size: 14pt;\">Bismutoxid-Granulat \u00dcbersicht<\/span><\/h2>\n<p><span style=\"color: #0000ff;\"><a style=\"color: #0000ff;\" href=\"https:\/\/ulpmat.com\/de\/search\/?type=name&#038;keyword=Bi2O3\">Bismutoxid-Granulat<\/a><\/span> ist ein Hochleistungsmaterial, das in Katalysatoren, Keramiken, Gassensoren und anderen Bereichen weit verbreitet ist. Es verf\u00fcgt \u00fcber eine ausgezeichnete chemische Stabilit\u00e4t, thermische Stabilit\u00e4t und elektrische Eigenschaften und eignet sich f\u00fcr verschiedene Anforderungen der High-Tech-Industrie.<\/p>\n<p>Wir bieten Wismutoxid-Granulat in verschiedenen Spezifikationen und Partikelgr\u00f6\u00dfen an, die je nach den spezifischen Anforderungen der Kunden angepasst werden k\u00f6nnen. Au\u00dferdem bieten wir einen umfassenden Kundendienst an, um sicherzustellen, dass jede Charge von Waren den Anforderungen der Kunden entspricht <span style=\"color: #0000ff;\"><a style=\"color: #0000ff;\" href=\"https:\/\/ulpmat.com\/de\/service\/anpassung\/\">kunden erf\u00fcllen kann<\/a><\/span>.<\/p>\n<h2><span style=\"font-size: 14pt;\">Produkt-Highlights<\/span><\/h2>\n<p>Reinheit: 99,999%<br \/>\nHohe Stabilit\u00e4t: Hohe Temperatur- und chemische Stabilit\u00e4t, geeignet f\u00fcr raue Arbeitsumgebungen<br \/>\nVerpackung: <span style=\"color: #0000ff;\"><a style=\"color: #0000ff;\" href=\"https:\/\/ulpmat.com\/de\/service\/anpassung\/\">Anpassbar<\/a><\/span><br \/>\nBreite Anwendung: Geeignet f\u00fcr katalytische Reaktionen, keramische Materialien, Gassensoren und andere Bereiche<\/p>\n<h2><span style=\"font-size: 14pt;\">Anwendungen von Bismutoxid-Granulat<\/span><\/h2>\n<p>Katalysator: Als katalytisches Material kann Bi2O3 die Reaktionsgeschwindigkeit erh\u00f6hen und wird weithin in der Abgasreinigung von Kraftfahrzeugen, in der chemischen Industrie und in anderen Bereichen eingesetzt.<br \/>\nGassensor: Wismutoxid-Granulat hat hervorragende elektrische Eigenschaften und wird zur Erkennung von Gasen, wie z. B. giftigen Gasen, Luftschadstoffen usw., verwendet.<br \/>\nKeramische Werkstoffe: Seine ausgezeichnete Hochtemperaturstabilit\u00e4t und Korrosionsbest\u00e4ndigkeit machen es zu einer idealen Wahl f\u00fcr keramische Hochleistungswerkstoffe.<br \/>\nElektronik: Verwendung in optoelektronischen Ger\u00e4ten und Sensoren, insbesondere in Hochleistungsdisplays und photovoltaischen Komponenten.<\/p>\n<h2><span style=\"font-size: 14pt;\">Berichte<\/span><\/h2>\n<p>Wir stellen Analysezertifikate (COA), Sicherheitsdatenbl\u00e4tter (MSDS) und andere relevante Berichte f\u00fcr jede Sendung zur Verf\u00fcgung. Dar\u00fcber hinaus unterst\u00fctzen wir auch Pr\u00fcfungen durch Dritte f\u00fcr eine verbesserte Qualit\u00e4tssicherung.<\/p>\n","protected":false},"excerpt":{"rendered":"<p>Bismutoxid-Granulat \u00dcbersicht Bismutoxid-Granulat ist ein Hochleistungsmaterial, das in Katalysatoren, Keramiken, Gassensoren und anderen Bereichen weit verbreitet ist. Es verf\u00fcgt \u00fcber eine ausgezeichnete chemische Stabilit\u00e4t, thermische Stabilit\u00e4t und elektrische Eigenschaften und eignet sich f\u00fcr verschiedene Anforderungen der High-Tech-Industrie. Wir bieten Wismutoxid-Granulat in verschiedenen Spezifikationen und Partikelgr\u00f6\u00dfen an, die je nach den spezifischen Anforderungen der Kunden angepasst [&hellip;]<\/p>\n","protected":false},"featured_media":13754,"template":"","meta":{"_acf_changed":false},"product_brand":[132],"product_cat":[299],"product_tag":[],"class_list":{"0":"post-20726","1":"product","2":"type-product","3":"status-publish","4":"has-post-thumbnail","6":"product_brand-ulpmat","7":"product_cat-verdampfen-von-materialien","9":"first","10":"instock","11":"shipping-taxable","12":"product-type-variable"},"acf":[],"_links":{"self":[{"href":"https:\/\/ulpmat.com\/de\/wp-json\/wp\/v2\/product\/20726","targetHints":{"allow":["GET"]}}],"collection":[{"href":"https:\/\/ulpmat.com\/de\/wp-json\/wp\/v2\/product"}],"about":[{"href":"https:\/\/ulpmat.com\/de\/wp-json\/wp\/v2\/types\/product"}],"wp:featuredmedia":[{"embeddable":true,"href":"https:\/\/ulpmat.com\/de\/wp-json\/wp\/v2\/media\/13754"}],"wp:attachment":[{"href":"https:\/\/ulpmat.com\/de\/wp-json\/wp\/v2\/media?parent=20726"}],"wp:term":[{"taxonomy":"product_brand","embeddable":true,"href":"https:\/\/ulpmat.com\/de\/wp-json\/wp\/v2\/product_brand?post=20726"},{"taxonomy":"product_cat","embeddable":true,"href":"https:\/\/ulpmat.com\/de\/wp-json\/wp\/v2\/product_cat?post=20726"},{"taxonomy":"product_tag","embeddable":true,"href":"https:\/\/ulpmat.com\/de\/wp-json\/wp\/v2\/product_tag?post=20726"}],"curies":[{"name":"wp","href":"https:\/\/api.w.org\/{rel}","templated":true}]}}